{"id":22145,"date":"2023-08-21T15:36:34","date_gmt":"2023-08-21T15:36:34","guid":{"rendered":"https:\/\/www.ticket-isladelobos.es\/?post_type=product&#038;p=22145"},"modified":"2025-03-11T02:08:53","modified_gmt":"2025-03-11T02:08:53","slug":"catamaran-de-lujo-privado-lobos-20-pax","status":"publish","type":"product","link":"https:\/\/www.ticket-isladelobos.es\/en\/what-to-do-how-to-get-there\/catamaran-de-lujo-privado-lobos-20-pax\/","title":{"rendered":"Catamar\u00e1n de Lujo Privado Lobos 20 pax"},"content":{"rendered":"<h2 class=\"elementor-heading-title elementor-size-default\">D\u00eda a bordo de nuestro\u00a0 Catamar\u00e1n Luxury<\/h2>\n<p><img loading=\"lazy\" decoding=\"async\" class=\"alignnone wp-image-22146 size-medium\" src=\"https:\/\/www.ticket-isladelobos.es\/wp-content\/uploads\/2023\/08\/barco-a-lobos-1-300x200.jpg\" alt=\"\" width=\"300\" height=\"200\" srcset=\"https:\/\/www.ticket-isladelobos.es\/wp-content\/uploads\/2023\/08\/barco-a-lobos-1.jpg 300w, https:\/\/www.ticket-isladelobos.es\/wp-content\/uploads\/2023\/08\/barco-a-lobos-1.jpg 1024w, https:\/\/www.ticket-isladelobos.es\/wp-content\/uploads\/2023\/08\/barco-a-lobos-1.jpg 768w, https:\/\/www.ticket-isladelobos.es\/wp-content\/uploads\/2023\/08\/barco-a-lobos-1.jpg 531w, https:\/\/www.ticket-isladelobos.es\/wp-content\/uploads\/2023\/08\/barco-a-lobos-1.jpg 600w, https:\/\/www.ticket-isladelobos.es\/wp-content\/uploads\/2023\/08\/barco-a-lobos-1.jpg 180w, https:\/\/www.ticket-isladelobos.es\/wp-content\/uploads\/2023\/08\/barco-a-lobos-1.jpg 270w, https:\/\/www.ticket-isladelobos.es\/wp-content\/uploads\/2023\/08\/barco-a-lobos-1.jpg 1200w\" sizes=\"auto, (max-width: 300px) 100vw, 300px\" \/><\/p>\n<p>Navegamos rumbo a Lobos para fondear en sus aguas cristalinas, d\u00f3nde podr\u00e1 disfrutar de las diferentes actividades y un almuerzo exquisito.<\/p>\n<p><img loading=\"lazy\" decoding=\"async\" class=\"alignnone wp-image-22150 size-medium\" src=\"https:\/\/www.ticket-isladelobos.es\/wp-content\/uploads\/2023\/08\/barco-a-lobos-6-300x200.jpg\" alt=\"\" width=\"300\" height=\"200\" srcset=\"https:\/\/www.ticket-isladelobos.es\/wp-content\/uploads\/2023\/08\/barco-a-lobos-6.jpg 300w, https:\/\/www.ticket-isladelobos.es\/wp-content\/uploads\/2023\/08\/barco-a-lobos-6.jpg 1024w, https:\/\/www.ticket-isladelobos.es\/wp-content\/uploads\/2023\/08\/barco-a-lobos-6.jpg 768w, https:\/\/www.ticket-isladelobos.es\/wp-content\/uploads\/2023\/08\/barco-a-lobos-6.jpg 531w, https:\/\/www.ticket-isladelobos.es\/wp-content\/uploads\/2023\/08\/barco-a-lobos-6.jpg 600w, https:\/\/www.ticket-isladelobos.es\/wp-content\/uploads\/2023\/08\/barco-a-lobos-6.jpg 180w, https:\/\/www.ticket-isladelobos.es\/wp-content\/uploads\/2023\/08\/barco-a-lobos-6.jpg 1200w\" sizes=\"auto, (max-width: 300px) 100vw, 300px\" \/><\/p>\n<p>Adem\u00e1s nuestros catamaranes disponen a su servicio de todo lo necesario para realizar actividades acu\u00e1ticas como Snorkel, Kayak o Paddle Surf, toda esta experiencia inolvidable.<\/p>\n<p><img loading=\"lazy\" decoding=\"async\" class=\"alignnone wp-image-22154 size-medium\" src=\"https:\/\/www.ticket-isladelobos.es\/wp-content\/uploads\/2023\/08\/barco-a-lobos-5-300x200.jpg\" alt=\"\" width=\"300\" height=\"200\" srcset=\"https:\/\/www.ticket-isladelobos.es\/wp-content\/uploads\/2023\/08\/barco-a-lobos-5.jpg 300w, https:\/\/www.ticket-isladelobos.es\/wp-content\/uploads\/2023\/08\/barco-a-lobos-5.jpg 1024w, https:\/\/www.ticket-isladelobos.es\/wp-content\/uploads\/2023\/08\/barco-a-lobos-5.jpg 768w, https:\/\/www.ticket-isladelobos.es\/wp-content\/uploads\/2023\/08\/barco-a-lobos-5.jpg 531w, https:\/\/www.ticket-isladelobos.es\/wp-content\/uploads\/2023\/08\/barco-a-lobos-5.jpg 600w, https:\/\/www.ticket-isladelobos.es\/wp-content\/uploads\/2023\/08\/barco-a-lobos-5.jpg 180w, https:\/\/www.ticket-isladelobos.es\/wp-content\/uploads\/2023\/08\/barco-a-lobos-5.jpg 1200w\" sizes=\"auto, (max-width: 300px) 100vw, 300px\" \/><\/p>\n<h4>Precio: 1498\u20ac 4 horas (m\u00e1ximo 20 personas)<\/h4>\n<p><!--more--><\/p>\n<p>&nbsp;<\/p>\n<table class=\"table table-bordered tours-tabs__table\" style=\"height: 267px; width: 80.7181%;\" width=\"862\">\n<tbody>\n<tr style=\"height: 44px;\">\n<td style=\"height: 44px;\"><strong><\/strong><strong>LUGAR DE SALIDA\/REGRESO<\/strong><\/td>\n<td style=\"height: 44px;\">Muelle de Corralejo<\/td>\n<\/tr>\n<tr style=\"height: 22px;\">\n<td style=\"height: 22px;\"><strong><\/strong><strong><span lang=\"es\">HORA DE SALIDA<\/span><\/strong><\/td>\n<td style=\"height: 22px;\">\n<div>10:00 y 14:30<\/div>\n<\/td>\n<\/tr>\n<tr style=\"height: 139px;\">\n<td style=\"height: 139px;\"><strong><\/strong><strong>INCLUYE<\/strong><\/td>\n<td style=\"height: 139px;\">\n<table class=\"table table-bordered\" style=\"height: 99px; width: 84.9802%;\" width=\"300\">\n<tbody>\n<tr style=\"height: 44px;\">\n<td style=\"height: 44px; width: 44.5783%;\"><i class=\"fa fa-check icon-tick icon-tick--on\"><\/i>Navegacion<strong>\u00a0<\/strong><\/td>\n<td style=\"height: 44px; width: 54.0448%;\"><i class=\"fa fa-check icon-tick icon-tick--on\"><\/i>Actividades de agua (kayak, paddle surf y snorkell)<\/td>\n<\/tr>\n<tr style=\"height: 66px;\">\n<td style=\"height: 66px; width: 44.5783%;\"><i class=\"fa fa-check icon-tick icon-tick--on\"><\/i>Almuerzo de paella, frutas\n<p><i class=\"fa fa-check icon-tick icon-tick--on\"><\/i>Seguro de viaje<\/p><\/td>\n<td style=\"height: 66px; width: 54.0448%;\"><i class=\"fa fa-check icon-tick icon-tick--on\"><\/i>Bebidas (agua, refrescos, Sangria Cerveza, )\n<p><i class=\"fa fa-check icon-tick icon-tick--on\"><\/i>Traslados ida y vuelta (zona Corralejo)<\/p><\/td>\n<\/tr>\n<\/tbody>\n<\/table>\n<\/td>\n<\/tr>\n<tr style=\"height: 62px;\">\n<td style=\"height: 62px;\"><\/td>\n<td style=\"height: 62px;\"><\/td>\n<\/tr>\n<\/tbody>\n<\/table>\n<p>&nbsp;<\/p>\n","protected":false},"excerpt":{"rendered":"<p>D\u00eda a bordo de nuestro\u00a0 Catamar\u00e1n Luxury Navegamos rumbo a Lobos para fondear en sus aguas cristalinas, d\u00f3nde podr\u00e1 disfrutar de las diferentes actividades y un almuerzo exquisito. Adem\u00e1s nuestros catamaranes disponen a su servicio de todo lo necesario para realizar actividades acu\u00e1ticas como Snorkel, Kayak o Paddle Surf, toda esta experiencia inolvidable. Precio: 1498\u20ac<\/p>\n<div class=\"padding-top text-center\"><a href=\"https:\/\/www.ticket-isladelobos.es\/en\/what-to-do-how-to-get-there\/catamaran-de-lujo-privado-lobos-20-pax\/\" class=\"atbtn atbtn--medium atbtn--rounded atbtn--transparent\">Lee Mas<i class=\"atbtn__icon atbtn__icon--right fa fa-long-arrow-right\"><\/i><\/a><\/div>\n","protected":false},"featured_media":22146,"comment_status":"open","ping_status":"closed","template":"","meta":{"jetpack_publicize_message":"","jetpack_publicize_feature_enabled":true,"jetpack_social_post_already_shared":true,"jetpack_social_options":{"image_generator_settings":{"template":"highway","default_image_id":0,"font":"","enabled":false},"version":2}},"product_brand":[],"product_cat":[15],"product_tag":[],"class_list":{"0":"post-22145","1":"product","2":"type-product","3":"status-publish","4":"has-post-thumbnail","6":"product_cat-sin-categorizar","7":"tour_category-isla-de-lobos-catamaran-corralejo","9":"first","10":"instock","11":"sale","12":"sold-individually","13":"shipping-taxable","14":"purchasable","15":"product-type-tour"},"yoast_head":"<!-- This site is optimized with the Yoast SEO plugin v23.4 - https:\/\/yoast.com\/wordpress\/plugins\/seo\/ -->\n<title>Catamar\u00e1n de Lujo Privado Lobos 20 pax - \u2705Isla de Lobos Fuerteventura Tickets Ferry WaterTaxi Excursiones Reservas<\/title>\n<meta name=\"description\" content=\"Catamar\u00e1n Privado isla de lobos fuerteventura corralejo\" \/>\n<meta name=\"robots\" content=\"index, follow, max-snippet:-1, max-image-preview:large, max-video-preview:-1\" \/>\n<link rel=\"canonical\" href=\"https:\/\/www.ticket-isladelobos.es\/es\/tours\/catamaran-de-lujo-privado-lobos-20-pax\/\" \/>\n<meta property=\"og:locale\" content=\"en_US\" \/>\n<meta property=\"og:type\" content=\"article\" \/>\n<meta property=\"og:title\" content=\"Catamar\u00e1n de Lujo Privado Lobos 20 pax - \u2705Isla de Lobos Fuerteventura Tickets Ferry WaterTaxi Excursiones Reservas\" \/>\n<meta property=\"og:description\" content=\"Catamar\u00e1n Privado isla de lobos fuerteventura corralejo\" \/>\n<meta property=\"og:url\" content=\"https:\/\/www.ticket-isladelobos.es\/es\/tours\/catamaran-de-lujo-privado-lobos-20-pax\/\" \/>\n<meta property=\"og:site_name\" content=\"\u2705Isla de Lobos Fuerteventura Tickets Ferry WaterTaxi Excursiones Reservas\" \/>\n<meta property=\"article:publisher\" content=\"https:\/\/www.facebook.com\/ticketisladelobos\" \/>\n<meta property=\"article:modified_time\" content=\"2025-03-11T02:08:53+00:00\" \/>\n<meta property=\"og:image\" content=\"https:\/\/www.ticket-isladelobos.es\/wp-content\/uploads\/2023\/08\/barco-a-lobos-1.jpg\" \/>\n\t<meta property=\"og:image:width\" content=\"1200\" \/>\n\t<meta property=\"og:image:height\" content=\"800\" \/>\n\t<meta property=\"og:image:type\" content=\"image\/jpeg\" \/>\n<meta name=\"twitter:card\" content=\"summary_large_image\" \/>\n<meta name=\"twitter:label1\" content=\"Est. reading time\" \/>\n\t<meta name=\"twitter:data1\" content=\"2 minutes\" \/>\n<script type=\"application\/ld+json\" class=\"yoast-schema-graph\">{\"@context\":\"https:\/\/schema.org\",\"@graph\":[{\"@type\":\"WebPage\",\"@id\":\"https:\/\/www.ticket-isladelobos.es\/es\/tours\/catamaran-de-lujo-privado-lobos-20-pax\/\",\"url\":\"https:\/\/www.ticket-isladelobos.es\/es\/tours\/catamaran-de-lujo-privado-lobos-20-pax\/\",\"name\":\"Catamar\u00e1n de Lujo Privado Lobos 20 pax - \u2705Isla de Lobos Fuerteventura Tickets Ferry WaterTaxi Excursiones Reservas\",\"isPartOf\":{\"@id\":\"https:\/\/www.ticket-isladelobos.es\/es\/#website\"},\"primaryImageOfPage\":{\"@id\":\"https:\/\/www.ticket-isladelobos.es\/es\/tours\/catamaran-de-lujo-privado-lobos-20-pax\/#primaryimage\"},\"image\":{\"@id\":\"https:\/\/www.ticket-isladelobos.es\/es\/tours\/catamaran-de-lujo-privado-lobos-20-pax\/#primaryimage\"},\"thumbnailUrl\":\"https:\/\/www.ticket-isladelobos.es\/wp-content\/uploads\/2023\/08\/barco-a-lobos-1.jpg\",\"datePublished\":\"2023-08-21T15:36:34+00:00\",\"dateModified\":\"2025-03-11T02:08:53+00:00\",\"description\":\"Catamar\u00e1n Privado isla de lobos fuerteventura corralejo\",\"breadcrumb\":{\"@id\":\"https:\/\/www.ticket-isladelobos.es\/es\/tours\/catamaran-de-lujo-privado-lobos-20-pax\/#breadcrumb\"},\"inLanguage\":\"en-US\",\"potentialAction\":[{\"@type\":\"ReadAction\",\"target\":[\"https:\/\/www.ticket-isladelobos.es\/es\/tours\/catamaran-de-lujo-privado-lobos-20-pax\/\"]}]},{\"@type\":\"ImageObject\",\"inLanguage\":\"en-US\",\"@id\":\"https:\/\/www.ticket-isladelobos.es\/es\/tours\/catamaran-de-lujo-privado-lobos-20-pax\/#primaryimage\",\"url\":\"https:\/\/www.ticket-isladelobos.es\/wp-content\/uploads\/2023\/08\/barco-a-lobos-1.jpg\",\"contentUrl\":\"https:\/\/www.ticket-isladelobos.es\/wp-content\/uploads\/2023\/08\/barco-a-lobos-1.jpg\",\"width\":1200,\"height\":800},{\"@type\":\"BreadcrumbList\",\"@id\":\"https:\/\/www.ticket-isladelobos.es\/es\/tours\/catamaran-de-lujo-privado-lobos-20-pax\/#breadcrumb\",\"itemListElement\":[{\"@type\":\"ListItem\",\"position\":1,\"name\":\"Portada\",\"item\":\"https:\/\/www.ticket-isladelobos.es\/en\/\"},{\"@type\":\"ListItem\",\"position\":2,\"name\":\"Tienda\",\"item\":\"https:\/\/www.ticket-isladelobos.es\/es\/tienda\/\"},{\"@type\":\"ListItem\",\"position\":3,\"name\":\"Catamar\u00e1n de Lujo Privado Lobos 20 pax\"}]},{\"@type\":\"WebSite\",\"@id\":\"https:\/\/www.ticket-isladelobos.es\/es\/#website\",\"url\":\"https:\/\/www.ticket-isladelobos.es\/es\/\",\"name\":\"\u2705Isla de Lobos Fuerteventura Tickets Ferry WaterTaxi Excursiones Reservas\",\"description\":\"\u00bfQuieres hacer un viaje completamente inolvidable? Reserva hoy! Todo sobre la Isla de Lobos en un sitio!\",\"publisher\":{\"@id\":\"https:\/\/www.ticket-isladelobos.es\/es\/#organization\"},\"potentialAction\":[{\"@type\":\"SearchAction\",\"target\":{\"@type\":\"EntryPoint\",\"urlTemplate\":\"https:\/\/www.ticket-isladelobos.es\/es\/?s={search_term_string}\"},\"query-input\":{\"@type\":\"PropertyValueSpecification\",\"valueRequired\":true,\"valueName\":\"search_term_string\"}}],\"inLanguage\":\"en-US\"},{\"@type\":\"Organization\",\"@id\":\"https:\/\/www.ticket-isladelobos.es\/es\/#organization\",\"name\":\"Ticket Isla-de-lobos\",\"url\":\"https:\/\/www.ticket-isladelobos.es\/es\/\",\"logo\":{\"@type\":\"ImageObject\",\"inLanguage\":\"en-US\",\"@id\":\"https:\/\/www.ticket-isladelobos.es\/es\/#\/schema\/logo\/image\/\",\"url\":\"https:\/\/www.ticket-isladelobos.es\/wp-content\/uploads\/2021\/04\/Photo_1614613341266.jpg\",\"contentUrl\":\"https:\/\/www.ticket-isladelobos.es\/wp-content\/uploads\/2021\/04\/Photo_1614613341266.jpg\",\"width\":720,\"height\":720,\"caption\":\"Ticket Isla-de-lobos\"},\"image\":{\"@id\":\"https:\/\/www.ticket-isladelobos.es\/es\/#\/schema\/logo\/image\/\"},\"sameAs\":[\"https:\/\/www.facebook.com\/ticketisladelobos\"]}]}<\/script>\n<!-- \/ Yoast SEO plugin. -->","yoast_head_json":{"title":"Catamar\u00e1n de Lujo Privado Lobos 20 pax - \u2705Isla de Lobos Fuerteventura Tickets Ferry WaterTaxi Excursiones Reservas","description":"Catamar\u00e1n Privado isla de lobos fuerteventura corralejo","robots":{"index":"index","follow":"follow","max-snippet":"max-snippet:-1","max-image-preview":"max-image-preview:large","max-video-preview":"max-video-preview:-1"},"canonical":"https:\/\/www.ticket-isladelobos.es\/es\/tours\/catamaran-de-lujo-privado-lobos-20-pax\/","og_locale":"en_US","og_type":"article","og_title":"Catamar\u00e1n de Lujo Privado Lobos 20 pax - \u2705Isla de Lobos Fuerteventura Tickets Ferry WaterTaxi Excursiones Reservas","og_description":"Catamar\u00e1n Privado isla de lobos fuerteventura corralejo","og_url":"https:\/\/www.ticket-isladelobos.es\/es\/tours\/catamaran-de-lujo-privado-lobos-20-pax\/","og_site_name":"\u2705Isla de Lobos Fuerteventura Tickets Ferry WaterTaxi Excursiones Reservas","article_publisher":"https:\/\/www.facebook.com\/ticketisladelobos","article_modified_time":"2025-03-11T02:08:53+00:00","og_image":[{"width":1200,"height":800,"url":"https:\/\/www.ticket-isladelobos.es\/wp-content\/uploads\/2023\/08\/barco-a-lobos-1.jpg","type":"image\/jpeg"}],"twitter_card":"summary_large_image","twitter_misc":{"Est. reading time":"2 minutes"},"schema":{"@context":"https:\/\/schema.org","@graph":[{"@type":"WebPage","@id":"https:\/\/www.ticket-isladelobos.es\/es\/tours\/catamaran-de-lujo-privado-lobos-20-pax\/","url":"https:\/\/www.ticket-isladelobos.es\/es\/tours\/catamaran-de-lujo-privado-lobos-20-pax\/","name":"Catamar\u00e1n de Lujo Privado Lobos 20 pax - \u2705Isla de Lobos Fuerteventura Tickets Ferry WaterTaxi Excursiones Reservas","isPartOf":{"@id":"https:\/\/www.ticket-isladelobos.es\/es\/#website"},"primaryImageOfPage":{"@id":"https:\/\/www.ticket-isladelobos.es\/es\/tours\/catamaran-de-lujo-privado-lobos-20-pax\/#primaryimage"},"image":{"@id":"https:\/\/www.ticket-isladelobos.es\/es\/tours\/catamaran-de-lujo-privado-lobos-20-pax\/#primaryimage"},"thumbnailUrl":"https:\/\/www.ticket-isladelobos.es\/wp-content\/uploads\/2023\/08\/barco-a-lobos-1.jpg","datePublished":"2023-08-21T15:36:34+00:00","dateModified":"2025-03-11T02:08:53+00:00","description":"Catamar\u00e1n Privado isla de lobos fuerteventura corralejo","breadcrumb":{"@id":"https:\/\/www.ticket-isladelobos.es\/es\/tours\/catamaran-de-lujo-privado-lobos-20-pax\/#breadcrumb"},"inLanguage":"en-US","potentialAction":[{"@type":"ReadAction","target":["https:\/\/www.ticket-isladelobos.es\/es\/tours\/catamaran-de-lujo-privado-lobos-20-pax\/"]}]},{"@type":"ImageObject","inLanguage":"en-US","@id":"https:\/\/www.ticket-isladelobos.es\/es\/tours\/catamaran-de-lujo-privado-lobos-20-pax\/#primaryimage","url":"https:\/\/www.ticket-isladelobos.es\/wp-content\/uploads\/2023\/08\/barco-a-lobos-1.jpg","contentUrl":"https:\/\/www.ticket-isladelobos.es\/wp-content\/uploads\/2023\/08\/barco-a-lobos-1.jpg","width":1200,"height":800},{"@type":"BreadcrumbList","@id":"https:\/\/www.ticket-isladelobos.es\/es\/tours\/catamaran-de-lujo-privado-lobos-20-pax\/#breadcrumb","itemListElement":[{"@type":"ListItem","position":1,"name":"Portada","item":"https:\/\/www.ticket-isladelobos.es\/en\/"},{"@type":"ListItem","position":2,"name":"Tienda","item":"https:\/\/www.ticket-isladelobos.es\/es\/tienda\/"},{"@type":"ListItem","position":3,"name":"Catamar\u00e1n de Lujo Privado Lobos 20 pax"}]},{"@type":"WebSite","@id":"https:\/\/www.ticket-isladelobos.es\/es\/#website","url":"https:\/\/www.ticket-isladelobos.es\/es\/","name":"\u2705Isla de Lobos Fuerteventura Tickets Ferry WaterTaxi Excursiones Reservas","description":"\u00bfQuieres hacer un viaje completamente inolvidable? Reserva hoy! Todo sobre la Isla de Lobos en un sitio!","publisher":{"@id":"https:\/\/www.ticket-isladelobos.es\/es\/#organization"},"potentialAction":[{"@type":"SearchAction","target":{"@type":"EntryPoint","urlTemplate":"https:\/\/www.ticket-isladelobos.es\/es\/?s={search_term_string}"},"query-input":{"@type":"PropertyValueSpecification","valueRequired":true,"valueName":"search_term_string"}}],"inLanguage":"en-US"},{"@type":"Organization","@id":"https:\/\/www.ticket-isladelobos.es\/es\/#organization","name":"Ticket Isla-de-lobos","url":"https:\/\/www.ticket-isladelobos.es\/es\/","logo":{"@type":"ImageObject","inLanguage":"en-US","@id":"https:\/\/www.ticket-isladelobos.es\/es\/#\/schema\/logo\/image\/","url":"https:\/\/www.ticket-isladelobos.es\/wp-content\/uploads\/2021\/04\/Photo_1614613341266.jpg","contentUrl":"https:\/\/www.ticket-isladelobos.es\/wp-content\/uploads\/2021\/04\/Photo_1614613341266.jpg","width":720,"height":720,"caption":"Ticket Isla-de-lobos"},"image":{"@id":"https:\/\/www.ticket-isladelobos.es\/es\/#\/schema\/logo\/image\/"},"sameAs":["https:\/\/www.facebook.com\/ticketisladelobos"]}]}},"jetpack_publicize_connections":[],"jetpack_likes_enabled":true,"jetpack_sharing_enabled":true,"_links":{"self":[{"href":"https:\/\/www.ticket-isladelobos.es\/en\/wp-json\/wp\/v2\/product\/22145","targetHints":{"allow":["GET"]}}],"collection":[{"href":"https:\/\/www.ticket-isladelobos.es\/en\/wp-json\/wp\/v2\/product"}],"about":[{"href":"https:\/\/www.ticket-isladelobos.es\/en\/wp-json\/wp\/v2\/types\/product"}],"replies":[{"embeddable":true,"href":"https:\/\/www.ticket-isladelobos.es\/en\/wp-json\/wp\/v2\/comments?post=22145"}],"wp:featuredmedia":[{"embeddable":true,"href":"https:\/\/www.ticket-isladelobos.es\/en\/wp-json\/wp\/v2\/media\/22146"}],"wp:attachment":[{"href":"https:\/\/www.ticket-isladelobos.es\/en\/wp-json\/wp\/v2\/media?parent=22145"}],"wp:term":[{"taxonomy":"product_brand","embeddable":true,"href":"https:\/\/www.ticket-isladelobos.es\/en\/wp-json\/wp\/v2\/product_brand?post=22145"},{"taxonomy":"product_cat","embeddable":true,"href":"https:\/\/www.ticket-isladelobos.es\/en\/wp-json\/wp\/v2\/product_cat?post=22145"},{"taxonomy":"product_tag","embeddable":true,"href":"https:\/\/www.ticket-isladelobos.es\/en\/wp-json\/wp\/v2\/product_tag?post=22145"}],"curies":[{"name":"wp","href":"https:\/\/api.w.org\/{rel}","templated":true}]}}