{"id":7613,"date":"2021-10-18T18:21:46","date_gmt":"2021-10-18T18:21:46","guid":{"rendered":"https:\/\/www.ticket-isladelobos.es\/?post_type=product&#038;p=7613"},"modified":"2023-07-23T09:11:17","modified_gmt":"2023-07-23T09:11:17","slug":"buggy-safari-in-caleta-de-fuste","status":"publish","type":"product","link":"https:\/\/www.ticket-isladelobos.es\/en\/what-to-do-how-to-get-there\/buggy-safari-in-caleta-de-fuste\/","title":{"rendered":"Buggy Safari in Caleta de Fuste"},"content":{"rendered":"<h1>Buggy Safari in Caleta de Fuste<\/h1>\n<p>&nbsp;<\/p>\n<h3>Explore the fascinating rural area with its hidden valleys, passing through old Majorero villages, natural salt pans and local cheese farms.<\/h3>\n<p><img loading=\"lazy\" decoding=\"async\" data-attachment-id=\"4595\" data-permalink=\"https:\/\/www.ticket-isladelobos.es\/en\/?attachment_id=4595\" data-orig-file=\"https:\/\/www.ticket-isladelobos.es\/wp-content\/uploads\/2021\/07\/yellow-buggy.jpg\" data-orig-size=\"720,480\" data-comments-opened=\"1\" data-image-meta=\"{&quot;aperture&quot;:&quot;0&quot;,&quot;credit&quot;:&quot;&quot;,&quot;camera&quot;:&quot;&quot;,&quot;caption&quot;:&quot;&quot;,&quot;created_timestamp&quot;:&quot;0&quot;,&quot;copyright&quot;:&quot;&quot;,&quot;focal_length&quot;:&quot;0&quot;,&quot;iso&quot;:&quot;0&quot;,&quot;shutter_speed&quot;:&quot;0&quot;,&quot;title&quot;:&quot;&quot;,&quot;orientation&quot;:&quot;0&quot;}\" data-image-title=\"yellow buggy\" data-image-description=\"\" data-image-caption=\"\" data-medium-file=\"https:\/\/www.ticket-isladelobos.es\/wp-content\/uploads\/2021\/07\/yellow-buggy-300x200.jpg\" data-large-file=\"https:\/\/www.ticket-isladelobos.es\/wp-content\/uploads\/2021\/07\/yellow-buggy.jpg\" class=\"alignnone size-medium wp-image-4595\" src=\"https:\/\/www.ticket-isladelobos.es\/wp-content\/uploads\/2021\/07\/yellow-buggy-300x200.jpg\" alt=\"\" width=\"300\" height=\"200\" srcset=\"https:\/\/www.ticket-isladelobos.es\/wp-content\/uploads\/2021\/07\/yellow-buggy.jpg 300w, https:\/\/www.ticket-isladelobos.es\/wp-content\/uploads\/2021\/07\/yellow-buggy.jpg 20w, https:\/\/www.ticket-isladelobos.es\/wp-content\/uploads\/2021\/07\/yellow-buggy.jpg 531w, https:\/\/www.ticket-isladelobos.es\/wp-content\/uploads\/2021\/07\/yellow-buggy.jpg 600w, https:\/\/www.ticket-isladelobos.es\/wp-content\/uploads\/2021\/07\/yellow-buggy.jpg 180w, https:\/\/www.ticket-isladelobos.es\/wp-content\/uploads\/2021\/07\/yellow-buggy.jpg 720w\" sizes=\"auto, (max-width: 300px) 100vw, 300px\" \/><\/p>\n<p>Discover the heart of Fuerteventura with its ancient tradition visiting an old cheese farm where you can have a free tasting of the typical goat cheese with the possibility of purchasing this specialty.<\/p>\n<p><img loading=\"lazy\" decoding=\"async\" data-attachment-id=\"7592\" data-permalink=\"https:\/\/www.ticket-isladelobos.es\/en\/?attachment_id=7592\" data-orig-file=\"https:\/\/www.ticket-isladelobos.es\/wp-content\/uploads\/2021\/10\/buggy-and-kids.jpg\" data-orig-size=\"822,617\" data-comments-opened=\"1\" data-image-meta=\"{&quot;aperture&quot;:&quot;0&quot;,&quot;credit&quot;:&quot;&quot;,&quot;camera&quot;:&quot;&quot;,&quot;caption&quot;:&quot;&quot;,&quot;created_timestamp&quot;:&quot;0&quot;,&quot;copyright&quot;:&quot;&quot;,&quot;focal_length&quot;:&quot;0&quot;,&quot;iso&quot;:&quot;0&quot;,&quot;shutter_speed&quot;:&quot;0&quot;,&quot;title&quot;:&quot;&quot;,&quot;orientation&quot;:&quot;0&quot;}\" data-image-title=\"buggy-and-kids\" data-image-description=\"\" data-image-caption=\"\" data-medium-file=\"https:\/\/www.ticket-isladelobos.es\/wp-content\/uploads\/2021\/10\/buggy-and-kids-300x225.jpg\" data-large-file=\"https:\/\/www.ticket-isladelobos.es\/wp-content\/uploads\/2021\/10\/buggy-and-kids.jpg\" class=\"alignnone size-medium wp-image-7592\" src=\"https:\/\/www.ticket-isladelobos.es\/wp-content\/uploads\/2021\/10\/buggy-and-kids-300x225.jpg\" alt=\"\" width=\"300\" height=\"225\" srcset=\"https:\/\/www.ticket-isladelobos.es\/wp-content\/uploads\/2021\/10\/buggy-and-kids.jpg 300w, https:\/\/www.ticket-isladelobos.es\/wp-content\/uploads\/2021\/10\/buggy-and-kids.jpg 768w, https:\/\/www.ticket-isladelobos.es\/wp-content\/uploads\/2021\/10\/buggy-and-kids.jpg 20w, https:\/\/www.ticket-isladelobos.es\/wp-content\/uploads\/2021\/10\/buggy-and-kids.jpg 600w, https:\/\/www.ticket-isladelobos.es\/wp-content\/uploads\/2021\/10\/buggy-and-kids.jpg 822w\" sizes=\"auto, (max-width: 300px) 100vw, 300px\" \/><\/p>\n<p>Descubre el coraz\u00f3n de Fuerteventura con su antigua tradici\u00f3n visitando una antigua granja de quesos donde puedes probar gratis el t\u00edpico queso de cabra con la posibilidad de comprar esta especialidad. Habr\u00e1 una breve explicaci\u00f3n sobre c\u00f3mo producen los diferentes tipos de queso de cabra y podr\u00e1 observar odres, camellos, caballos y todos los animales t\u00edpicos de una granja.<\/p>\n<p><img loading=\"lazy\" decoding=\"async\" data-attachment-id=\"7594\" data-permalink=\"https:\/\/www.ticket-isladelobos.es\/en\/?attachment_id=7594\" data-orig-file=\"https:\/\/www.ticket-isladelobos.es\/wp-content\/uploads\/2021\/10\/La-salina.jpg\" data-orig-size=\"1200,800\" data-comments-opened=\"1\" data-image-meta=\"{&quot;aperture&quot;:&quot;0&quot;,&quot;credit&quot;:&quot;&quot;,&quot;camera&quot;:&quot;&quot;,&quot;caption&quot;:&quot;&quot;,&quot;created_timestamp&quot;:&quot;0&quot;,&quot;copyright&quot;:&quot;&quot;,&quot;focal_length&quot;:&quot;0&quot;,&quot;iso&quot;:&quot;0&quot;,&quot;shutter_speed&quot;:&quot;0&quot;,&quot;title&quot;:&quot;&quot;,&quot;orientation&quot;:&quot;0&quot;}\" data-image-title=\"La salina\" data-image-description=\"\" data-image-caption=\"\" data-medium-file=\"https:\/\/www.ticket-isladelobos.es\/wp-content\/uploads\/2021\/10\/La-salina-300x200.jpg\" data-large-file=\"https:\/\/www.ticket-isladelobos.es\/wp-content\/uploads\/2021\/10\/La-salina-1024x683.jpg\" class=\"alignnone size-medium wp-image-7594\" src=\"https:\/\/www.ticket-isladelobos.es\/wp-content\/uploads\/2021\/10\/La-salina-300x200.jpg\" alt=\"\" width=\"300\" height=\"200\" srcset=\"https:\/\/www.ticket-isladelobos.es\/wp-content\/uploads\/2021\/10\/La-salina.jpg 300w, https:\/\/www.ticket-isladelobos.es\/wp-content\/uploads\/2021\/10\/La-salina.jpg 1024w, https:\/\/www.ticket-isladelobos.es\/wp-content\/uploads\/2021\/10\/La-salina.jpg 768w, https:\/\/www.ticket-isladelobos.es\/wp-content\/uploads\/2021\/10\/La-salina.jpg 531w, https:\/\/www.ticket-isladelobos.es\/wp-content\/uploads\/2021\/10\/La-salina.jpg 600w, https:\/\/www.ticket-isladelobos.es\/wp-content\/uploads\/2021\/10\/La-salina.jpg 180w, https:\/\/www.ticket-isladelobos.es\/wp-content\/uploads\/2021\/10\/La-salina.jpg 1200w\" sizes=\"auto, (max-width: 300px) 100vw, 300px\" \/><\/p>\n<p>There will be a short explanation on how they produce the different types of goat cheese and you will be able to observe wineskins, camels, horses and all the typical animals of a farm<\/p>\n<p><img loading=\"lazy\" decoding=\"async\" data-attachment-id=\"7596\" data-permalink=\"https:\/\/www.ticket-isladelobos.es\/en\/?attachment_id=7596\" data-orig-file=\"https:\/\/www.ticket-isladelobos.es\/wp-content\/uploads\/2021\/10\/mappa-caleta-de-fuste-copia.jpg\" data-orig-size=\"738,714\" data-comments-opened=\"1\" data-image-meta=\"{&quot;aperture&quot;:&quot;0&quot;,&quot;credit&quot;:&quot;&quot;,&quot;camera&quot;:&quot;&quot;,&quot;caption&quot;:&quot;&quot;,&quot;created_timestamp&quot;:&quot;0&quot;,&quot;copyright&quot;:&quot;&quot;,&quot;focal_length&quot;:&quot;0&quot;,&quot;iso&quot;:&quot;0&quot;,&quot;shutter_speed&quot;:&quot;0&quot;,&quot;title&quot;:&quot;&quot;,&quot;orientation&quot;:&quot;0&quot;}\" data-image-title=\"mappa caleta de fuste copia\" data-image-description=\"\" data-image-caption=\"\" data-medium-file=\"https:\/\/www.ticket-isladelobos.es\/wp-content\/uploads\/2021\/10\/mappa-caleta-de-fuste-copia-300x290.jpg\" data-large-file=\"https:\/\/www.ticket-isladelobos.es\/wp-content\/uploads\/2021\/10\/mappa-caleta-de-fuste-copia.jpg\" class=\"alignnone size-medium wp-image-7596\" src=\"https:\/\/www.ticket-isladelobos.es\/wp-content\/uploads\/2021\/10\/mappa-caleta-de-fuste-copia-300x290.jpg\" alt=\"\" width=\"300\" height=\"290\" srcset=\"https:\/\/www.ticket-isladelobos.es\/wp-content\/uploads\/2021\/10\/mappa-caleta-de-fuste-copia.jpg 300w, https:\/\/www.ticket-isladelobos.es\/wp-content\/uploads\/2021\/10\/mappa-caleta-de-fuste-copia.jpg 600w, https:\/\/www.ticket-isladelobos.es\/wp-content\/uploads\/2021\/10\/mappa-caleta-de-fuste-copia.jpg 738w\" sizes=\"auto, (max-width: 300px) 100vw, 300px\" \/><\/p>\n<p>From the center of the island you will return to the coast and stop near the Fuerteventura airport where you will see live airplane landing and takeoff and snap some fantastic photos. Continuing with a panoramic path along the ocean, we will return to Caleta de Fuste. It is an unforgettable experience!<\/p>\n<p>The excursion is scheduled on Tuesday, Thursday, Friday and Saturday.<\/p>\n<p>* On\/off road activity regulated by the Canarian Government in respect and protection of the environment and territory of Fuerteventura.<\/p>\n<p>* The Sand Dunes of Corralejo are protected area. The vehicles will be parked in the designated area. We cannot ride on the dunes.<\/p>\n<p>*Children welcomed as passengers, minimum age to participate: 4 years old for buggy and 12 years old for quad.<\/p>\n<p>* What to bring: driving license, comfortable clothing, closed shoes, water, sun protector and.. a spirit of adventure \ud83d\ude42<\/p>\n<p>&nbsp;<\/p>\n<h2>Price: 95\u20ac for 2 Pax (1 driver and 1 pasanger en 1 buggy)<\/h2>\n<p>&nbsp;<\/p>\n","protected":false},"excerpt":{"rendered":"<p>Buggy Safari in Caleta de Fuste &nbsp; Explore the fascinating rural area with its hidden valleys, passing through old Majorero villages, natural salt pans and local cheese farms. Discover the heart of Fuerteventura with its ancient tradition visiting an old cheese farm where you can have a free tasting of the typical goat cheese with<\/p>\n<div class=\"padding-top text-center\"><a href=\"https:\/\/www.ticket-isladelobos.es\/en\/what-to-do-how-to-get-there\/buggy-safari-in-caleta-de-fuste\/\" class=\"atbtn atbtn--medium atbtn--rounded atbtn--transparent\">Lee Mas<i class=\"atbtn__icon atbtn__icon--right fa fa-long-arrow-right\"><\/i><\/a><\/div>\n","protected":false},"featured_media":7592,"comment_status":"open","ping_status":"closed","template":"","meta":{"jetpack_publicize_message":"","jetpack_publicize_feature_enabled":true,"jetpack_social_post_already_shared":true,"jetpack_social_options":{"image_generator_settings":{"template":"highway","default_image_id":0,"font":"","enabled":false},"version":2}},"product_brand":[],"product_cat":[196],"product_tag":[],"class_list":{"0":"post-7613","1":"product","2":"type-product","3":"status-publish","4":"has-post-thumbnail","6":"product_cat-sin-categorizar-en","8":"first","9":"instock","10":"sale","11":"shipping-taxable","12":"purchasable","13":"product-type-tour"},"yoast_head":"<!-- This site is optimized with the Yoast SEO plugin v23.4 - https:\/\/yoast.com\/wordpress\/plugins\/seo\/ -->\n<title>Buggy Safari in Caleta de Fuste - \u2705Isla de Lobos Fuerteventura Tickets Ferry WaterTaxi Excursiones Reservas<\/title>\n<meta name=\"robots\" content=\"index, follow, max-snippet:-1, max-image-preview:large, max-video-preview:-1\" \/>\n<link rel=\"canonical\" href=\"https:\/\/www.ticket-isladelobos.es\/es\/?post_type=product&p=7590\" \/>\n<meta property=\"og:locale\" content=\"en_US\" \/>\n<meta property=\"og:type\" content=\"article\" \/>\n<meta property=\"og:title\" content=\"Buggy Safari in Caleta de Fuste - \u2705Isla de Lobos Fuerteventura Tickets Ferry WaterTaxi Excursiones Reservas\" \/>\n<meta property=\"og:description\" content=\"Buggy Safari in Caleta de Fuste &nbsp; Explore the fascinating rural area with its hidden valleys, passing through old Majorero villages, natural salt pans and local cheese farms. Discover the heart of Fuerteventura with its ancient tradition visiting an old cheese farm where you can have a free tasting of the typical goat cheese withLee Mas\" \/>\n<meta property=\"og:url\" content=\"https:\/\/www.ticket-isladelobos.es\/es\/?post_type=product&amp;p=7590\" \/>\n<meta property=\"og:site_name\" content=\"\u2705Isla de Lobos Fuerteventura Tickets Ferry WaterTaxi Excursiones Reservas\" \/>\n<meta property=\"article:publisher\" content=\"https:\/\/www.facebook.com\/ticketisladelobos\" \/>\n<meta property=\"article:modified_time\" content=\"2023-07-23T09:11:17+00:00\" \/>\n<meta property=\"og:image\" content=\"https:\/\/www.ticket-isladelobos.es\/wp-content\/uploads\/2021\/10\/buggy-and-kids.jpg\" \/>\n\t<meta property=\"og:image:width\" content=\"822\" \/>\n\t<meta property=\"og:image:height\" content=\"617\" \/>\n\t<meta property=\"og:image:type\" content=\"image\/jpeg\" \/>\n<meta name=\"twitter:card\" content=\"summary_large_image\" \/>\n<meta name=\"twitter:label1\" content=\"Est. reading time\" \/>\n\t<meta name=\"twitter:data1\" content=\"3 minutes\" \/>\n<script type=\"application\/ld+json\" class=\"yoast-schema-graph\">{\"@context\":\"https:\/\/schema.org\",\"@graph\":[{\"@type\":\"WebPage\",\"@id\":\"https:\/\/www.ticket-isladelobos.es\/es\/?post_type=product&p=7590\",\"url\":\"https:\/\/www.ticket-isladelobos.es\/es\/?post_type=product&p=7590\",\"name\":\"Buggy Safari in Caleta de Fuste - \u2705Isla de Lobos Fuerteventura Tickets Ferry WaterTaxi Excursiones Reservas\",\"isPartOf\":{\"@id\":\"https:\/\/www.ticket-isladelobos.es\/es\/#website\"},\"primaryImageOfPage\":{\"@id\":\"https:\/\/www.ticket-isladelobos.es\/es\/?post_type=product&p=7590#primaryimage\"},\"image\":{\"@id\":\"https:\/\/www.ticket-isladelobos.es\/es\/?post_type=product&p=7590#primaryimage\"},\"thumbnailUrl\":\"https:\/\/www.ticket-isladelobos.es\/wp-content\/uploads\/2021\/10\/buggy-and-kids.jpg\",\"datePublished\":\"2021-10-18T18:21:46+00:00\",\"dateModified\":\"2023-07-23T09:11:17+00:00\",\"breadcrumb\":{\"@id\":\"https:\/\/www.ticket-isladelobos.es\/es\/?post_type=product&p=7590#breadcrumb\"},\"inLanguage\":\"en-US\",\"potentialAction\":[{\"@type\":\"ReadAction\",\"target\":[\"https:\/\/www.ticket-isladelobos.es\/es\/?post_type=product&p=7590\"]}]},{\"@type\":\"ImageObject\",\"inLanguage\":\"en-US\",\"@id\":\"https:\/\/www.ticket-isladelobos.es\/es\/?post_type=product&p=7590#primaryimage\",\"url\":\"https:\/\/www.ticket-isladelobos.es\/wp-content\/uploads\/2021\/10\/buggy-and-kids.jpg\",\"contentUrl\":\"https:\/\/www.ticket-isladelobos.es\/wp-content\/uploads\/2021\/10\/buggy-and-kids.jpg\",\"width\":822,\"height\":617},{\"@type\":\"BreadcrumbList\",\"@id\":\"https:\/\/www.ticket-isladelobos.es\/es\/?post_type=product&p=7590#breadcrumb\",\"itemListElement\":[{\"@type\":\"ListItem\",\"position\":1,\"name\":\"Portada\",\"item\":\"https:\/\/www.ticket-isladelobos.es\/en\/\"},{\"@type\":\"ListItem\",\"position\":2,\"name\":\"Tienda\",\"item\":\"https:\/\/www.ticket-isladelobos.es\/es\/tienda\/\"},{\"@type\":\"ListItem\",\"position\":3,\"name\":\"Buggy Safari in Caleta de Fuste\"}]},{\"@type\":\"WebSite\",\"@id\":\"https:\/\/www.ticket-isladelobos.es\/es\/#website\",\"url\":\"https:\/\/www.ticket-isladelobos.es\/es\/\",\"name\":\"\u2705Isla de Lobos Fuerteventura Tickets Ferry WaterTaxi Excursiones Reservas\",\"description\":\"\u00bfQuieres hacer un viaje completamente inolvidable? Reserva hoy! Todo sobre la Isla de Lobos en un sitio!\",\"publisher\":{\"@id\":\"https:\/\/www.ticket-isladelobos.es\/es\/#organization\"},\"potentialAction\":[{\"@type\":\"SearchAction\",\"target\":{\"@type\":\"EntryPoint\",\"urlTemplate\":\"https:\/\/www.ticket-isladelobos.es\/es\/?s={search_term_string}\"},\"query-input\":{\"@type\":\"PropertyValueSpecification\",\"valueRequired\":true,\"valueName\":\"search_term_string\"}}],\"inLanguage\":\"en-US\"},{\"@type\":\"Organization\",\"@id\":\"https:\/\/www.ticket-isladelobos.es\/es\/#organization\",\"name\":\"Ticket Isla-de-lobos\",\"url\":\"https:\/\/www.ticket-isladelobos.es\/es\/\",\"logo\":{\"@type\":\"ImageObject\",\"inLanguage\":\"en-US\",\"@id\":\"https:\/\/www.ticket-isladelobos.es\/es\/#\/schema\/logo\/image\/\",\"url\":\"https:\/\/www.ticket-isladelobos.es\/wp-content\/uploads\/2021\/04\/Photo_1614613341266.jpg\",\"contentUrl\":\"https:\/\/www.ticket-isladelobos.es\/wp-content\/uploads\/2021\/04\/Photo_1614613341266.jpg\",\"width\":720,\"height\":720,\"caption\":\"Ticket Isla-de-lobos\"},\"image\":{\"@id\":\"https:\/\/www.ticket-isladelobos.es\/es\/#\/schema\/logo\/image\/\"},\"sameAs\":[\"https:\/\/www.facebook.com\/ticketisladelobos\"]}]}<\/script>\n<!-- \/ Yoast SEO plugin. -->","yoast_head_json":{"title":"Buggy Safari in Caleta de Fuste - \u2705Isla de Lobos Fuerteventura Tickets Ferry WaterTaxi Excursiones Reservas","robots":{"index":"index","follow":"follow","max-snippet":"max-snippet:-1","max-image-preview":"max-image-preview:large","max-video-preview":"max-video-preview:-1"},"canonical":"https:\/\/www.ticket-isladelobos.es\/es\/?post_type=product&p=7590","og_locale":"en_US","og_type":"article","og_title":"Buggy Safari in Caleta de Fuste - \u2705Isla de Lobos Fuerteventura Tickets Ferry WaterTaxi Excursiones Reservas","og_description":"Buggy Safari in Caleta de Fuste &nbsp; Explore the fascinating rural area with its hidden valleys, passing through old Majorero villages, natural salt pans and local cheese farms. Discover the heart of Fuerteventura with its ancient tradition visiting an old cheese farm where you can have a free tasting of the typical goat cheese withLee Mas","og_url":"https:\/\/www.ticket-isladelobos.es\/es\/?post_type=product&p=7590","og_site_name":"\u2705Isla de Lobos Fuerteventura Tickets Ferry WaterTaxi Excursiones Reservas","article_publisher":"https:\/\/www.facebook.com\/ticketisladelobos","article_modified_time":"2023-07-23T09:11:17+00:00","og_image":[{"width":822,"height":617,"url":"https:\/\/www.ticket-isladelobos.es\/wp-content\/uploads\/2021\/10\/buggy-and-kids.jpg","type":"image\/jpeg"}],"twitter_card":"summary_large_image","twitter_misc":{"Est. reading time":"3 minutes"},"schema":{"@context":"https:\/\/schema.org","@graph":[{"@type":"WebPage","@id":"https:\/\/www.ticket-isladelobos.es\/es\/?post_type=product&p=7590","url":"https:\/\/www.ticket-isladelobos.es\/es\/?post_type=product&p=7590","name":"Buggy Safari in Caleta de Fuste - \u2705Isla de Lobos Fuerteventura Tickets Ferry WaterTaxi Excursiones Reservas","isPartOf":{"@id":"https:\/\/www.ticket-isladelobos.es\/es\/#website"},"primaryImageOfPage":{"@id":"https:\/\/www.ticket-isladelobos.es\/es\/?post_type=product&p=7590#primaryimage"},"image":{"@id":"https:\/\/www.ticket-isladelobos.es\/es\/?post_type=product&p=7590#primaryimage"},"thumbnailUrl":"https:\/\/www.ticket-isladelobos.es\/wp-content\/uploads\/2021\/10\/buggy-and-kids.jpg","datePublished":"2021-10-18T18:21:46+00:00","dateModified":"2023-07-23T09:11:17+00:00","breadcrumb":{"@id":"https:\/\/www.ticket-isladelobos.es\/es\/?post_type=product&p=7590#breadcrumb"},"inLanguage":"en-US","potentialAction":[{"@type":"ReadAction","target":["https:\/\/www.ticket-isladelobos.es\/es\/?post_type=product&p=7590"]}]},{"@type":"ImageObject","inLanguage":"en-US","@id":"https:\/\/www.ticket-isladelobos.es\/es\/?post_type=product&p=7590#primaryimage","url":"https:\/\/www.ticket-isladelobos.es\/wp-content\/uploads\/2021\/10\/buggy-and-kids.jpg","contentUrl":"https:\/\/www.ticket-isladelobos.es\/wp-content\/uploads\/2021\/10\/buggy-and-kids.jpg","width":822,"height":617},{"@type":"BreadcrumbList","@id":"https:\/\/www.ticket-isladelobos.es\/es\/?post_type=product&p=7590#breadcrumb","itemListElement":[{"@type":"ListItem","position":1,"name":"Portada","item":"https:\/\/www.ticket-isladelobos.es\/en\/"},{"@type":"ListItem","position":2,"name":"Tienda","item":"https:\/\/www.ticket-isladelobos.es\/es\/tienda\/"},{"@type":"ListItem","position":3,"name":"Buggy Safari in Caleta de Fuste"}]},{"@type":"WebSite","@id":"https:\/\/www.ticket-isladelobos.es\/es\/#website","url":"https:\/\/www.ticket-isladelobos.es\/es\/","name":"\u2705Isla de Lobos Fuerteventura Tickets Ferry WaterTaxi Excursiones Reservas","description":"\u00bfQuieres hacer un viaje completamente inolvidable? Reserva hoy! Todo sobre la Isla de Lobos en un sitio!","publisher":{"@id":"https:\/\/www.ticket-isladelobos.es\/es\/#organization"},"potentialAction":[{"@type":"SearchAction","target":{"@type":"EntryPoint","urlTemplate":"https:\/\/www.ticket-isladelobos.es\/es\/?s={search_term_string}"},"query-input":{"@type":"PropertyValueSpecification","valueRequired":true,"valueName":"search_term_string"}}],"inLanguage":"en-US"},{"@type":"Organization","@id":"https:\/\/www.ticket-isladelobos.es\/es\/#organization","name":"Ticket Isla-de-lobos","url":"https:\/\/www.ticket-isladelobos.es\/es\/","logo":{"@type":"ImageObject","inLanguage":"en-US","@id":"https:\/\/www.ticket-isladelobos.es\/es\/#\/schema\/logo\/image\/","url":"https:\/\/www.ticket-isladelobos.es\/wp-content\/uploads\/2021\/04\/Photo_1614613341266.jpg","contentUrl":"https:\/\/www.ticket-isladelobos.es\/wp-content\/uploads\/2021\/04\/Photo_1614613341266.jpg","width":720,"height":720,"caption":"Ticket Isla-de-lobos"},"image":{"@id":"https:\/\/www.ticket-isladelobos.es\/es\/#\/schema\/logo\/image\/"},"sameAs":["https:\/\/www.facebook.com\/ticketisladelobos"]}]}},"jetpack_publicize_connections":[],"jetpack_likes_enabled":true,"jetpack_sharing_enabled":true,"_links":{"self":[{"href":"https:\/\/www.ticket-isladelobos.es\/en\/wp-json\/wp\/v2\/product\/7613","targetHints":{"allow":["GET"]}}],"collection":[{"href":"https:\/\/www.ticket-isladelobos.es\/en\/wp-json\/wp\/v2\/product"}],"about":[{"href":"https:\/\/www.ticket-isladelobos.es\/en\/wp-json\/wp\/v2\/types\/product"}],"replies":[{"embeddable":true,"href":"https:\/\/www.ticket-isladelobos.es\/en\/wp-json\/wp\/v2\/comments?post=7613"}],"wp:featuredmedia":[{"embeddable":true,"href":"https:\/\/www.ticket-isladelobos.es\/en\/wp-json\/wp\/v2\/media\/7592"}],"wp:attachment":[{"href":"https:\/\/www.ticket-isladelobos.es\/en\/wp-json\/wp\/v2\/media?parent=7613"}],"wp:term":[{"taxonomy":"product_brand","embeddable":true,"href":"https:\/\/www.ticket-isladelobos.es\/en\/wp-json\/wp\/v2\/product_brand?post=7613"},{"taxonomy":"product_cat","embeddable":true,"href":"https:\/\/www.ticket-isladelobos.es\/en\/wp-json\/wp\/v2\/product_cat?post=7613"},{"taxonomy":"product_tag","embeddable":true,"href":"https:\/\/www.ticket-isladelobos.es\/en\/wp-json\/wp\/v2\/product_tag?post=7613"}],"curies":[{"name":"wp","href":"https:\/\/api.w.org\/{rel}","templated":true}]}}