{"id":2384,"date":"2021-03-13T20:16:17","date_gmt":"2021-03-13T20:16:17","guid":{"rendered":"https:\/\/www.ticket-isladelobos.es\/?page_id=2384"},"modified":"2021-03-13T20:25:11","modified_gmt":"2021-03-13T20:25:11","slug":"privacy-policy","status":"publish","type":"page","link":"https:\/\/www.ticket-isladelobos.es\/es\/privacy-policy\/","title":{"rendered":"privacy-policy"},"content":{"rendered":"<h2>Pol\u00edtica de Privacidad<\/h2>\n<p>De acuerdo con lo establecido en el Reglamento General de Proteccio\u0301n de Datos (RGPD), le informamos que trataremos sus datos personales con la finalidad de prestarle el servicio o actividad contratada en nuestra web.\u00a0<\/p>\n<p>Los datos personales proporcionados se conservara\u0301n, mientras se mantenga relacio\u0301n mercantil, no se solicite supresio\u0301n por el interesado, o durante 1 an\u0303o a partir de la u\u0301ltima confirmacio\u0301n de intere\u0301s, o durante el tiempo necesario para cumplir con las obligaciones legales. La empresa NO tomara\u0301 decisiones automatizadas. Los datos no se cedera\u0301n a terceros salvo en los casos en que exista una obligacio\u0301n legal y los trataremos en base a su consentimiento.<\/p>\n<p>Asimismo, le informamos de la posibilidad de ejercer los siguientes derechos sobre sus datos personales: derecho de acceso, rectificacio\u0301n, supresio\u0301n u olvido, limitacio\u0301n, oposicio\u0301n, portabilidad y a retirar el consentimiento prestado, para ello podra\u0301 enviar un email a: contact@ticket-isladelobos.es\u00a0<\/p>\n<p>Adema\u0301s, el interesado puede dirigirse a la Autoridad de Control en materia de Proteccio\u0301n de Datos competente para obtener informacio\u0301n adicional o presentar una reclamacio\u0301n.<\/p>\n<h2>ENVIO Y REGISTRO DE DATOS DE CAR\u00c1CTER PERSONAL<\/h2>\n<p>El env\u00edo de datos de car\u00e1cter personal es obligatorio para contactar y recibir informaci\u00f3n sobre los servicios prestados por \u00abTicket-Isla de Lobos\u00bb. Asimismo, el no facilitar los datos personales solicitados o el no aceptar la presente pol\u00edtica de protecci\u00f3n de datos supone la imposibilidad de suscribirse, registrarse o recibir informaci\u00f3n de dichos servicios.<\/p>\n<h2>EXACTITUD Y VERACIDAD DE LOS DATOS FACILITADOS<\/h2>\n<p>El Usuario que env\u00eda la informaci\u00f3n a \u00abTicket-Isla de Lobos\u00bb es el \u00fanico responsable de la veracidad y correcci\u00f3n de los datos incluidos, exoner\u00e1ndose \u00abTicket-Isla de Lobos\u00bb de cualquier responsabilidad al respecto. Los usuarios garantizan y responden, en cualquier caso, de la exactitud, vigencia y autenticidad de los datos personales facilitados.<\/p>\n<p>\u00abTicket-Isla de Lobos\u00bb no responde de la veracidad de las informaciones que no sean de elaboraci\u00f3n propia y de las que se indique otra fuente, por lo que tampoco asume responsabilidad alguna en cuanto a hipot\u00e9ticos perjuicios que pudieran originarse por el uso de dicha informaci\u00f3n. Se exonera a \u00abTicket-Isla de Lobos\u00bb de responsabilidad ante cualquier da\u00f1o o perjuicio que pudiera sufrir el Usuario como consecuencia de errores, defectos u omisiones, en la informaci\u00f3n facilitada por \u00abTicket-Isla de Lobos\u00bb siempre que proceda de fuentes ajenas a \u00abTicket-Isla de Lobos\u00bb<\/p>\n<h2>ACEPTACI\u00d3N Y CONSENTIMIENTO<\/h2>\n<p>El Usuario declara haber sido informado de las condiciones sobre protecci\u00f3n de datos de car\u00e1cter personal, aceptando y consintiendo el tratamiento de los mismos por parte de \u00abTicket-Isla de Lobos\u00bb, en la forma y para las finalidades indicadas en la presente Pol\u00edtica de Privacidad.<\/p>\n<h2>CAMBIOS EN LA PRESENTE POL\u00cdTICA DE PRIVACIDAD<\/h2>\n<p>\u00abTicket-Isla de Lobos\u00bb se reserva el derecho a modificar la presente pol\u00edtica para adaptarla a novedades legislativas o jurisprudenciales as\u00ed como a pr\u00e1cticas de la industria. En dichos supuestos, \u00abTicket-Isla de Lobos\u00bb anunciar\u00e1 en esta p\u00e1gina los cambios introducidos con razonable antelaci\u00f3n a su puesta en pr\u00e1ctica.<\/p>\n<p>Con la finalidad de ofrecerle el mejor servicio y con el objeto de facilitar el uso, se analizan el n\u00famero de p\u00e1ginas visitadas, el n\u00famero de visitas, as\u00ed como la actividad de los visitantes y su frecuencia de utilizaci\u00f3n. A estos efectos, \u00abTicket-Isla de Lobos\u00bb utiliza la informaci\u00f3n estad\u00edstica elaborada por el Proveedor de Servicios de Internet.<\/p>\n","protected":false},"excerpt":{"rendered":"<p>Pol\u00edtica de Privacidad De acuerdo con lo establecido en el Reglamento General de Proteccio\u0301n de Datos (RGPD), le informamos que trataremos sus datos personales con la finalidad de prestarle el servicio o actividad contratada en nuestra web.\u00a0 Los datos personales proporcionados se conservara\u0301n, mientras se mantenga relacio\u0301n mercantil, no se solicite supresio\u0301n por el interesado,<\/p>\n<div class=\"padding-top text-center\"><a href=\"https:\/\/www.ticket-isladelobos.es\/es\/privacy-policy\/\" class=\"atbtn atbtn--medium atbtn--rounded atbtn--transparent\">Lee Mas<i class=\"atbtn__icon atbtn__icon--right fa fa-long-arrow-right\"><\/i><\/a><\/div>\n","protected":false},"author":1,"featured_media":0,"parent":0,"menu_order":0,"comment_status":"closed","ping_status":"closed","template":"","meta":{"footnotes":""},"class_list":["post-2384","page","type-page","status-publish","hentry"],"yoast_head":"<!-- This site is optimized with the Yoast SEO plugin v23.4 - https:\/\/yoast.com\/wordpress\/plugins\/seo\/ -->\n<title>privacy-policy - \u2705Isla de Lobos Fuerteventura Tickets Ferry WaterTaxi Excursiones Reservas<\/title>\n<meta name=\"robots\" content=\"index, follow, max-snippet:-1, max-image-preview:large, max-video-preview:-1\" \/>\n<link rel=\"canonical\" href=\"https:\/\/www.ticket-isladelobos.es\/es\/privacy-policy\/\" \/>\n<meta property=\"og:locale\" content=\"es_ES\" \/>\n<meta property=\"og:type\" content=\"article\" \/>\n<meta property=\"og:title\" content=\"privacy-policy - \u2705Isla de Lobos Fuerteventura Tickets Ferry WaterTaxi Excursiones Reservas\" \/>\n<meta property=\"og:description\" content=\"Pol\u00edtica de Privacidad De acuerdo con lo establecido en el Reglamento General de Proteccio\u0301n de Datos (RGPD), le informamos que trataremos sus datos personales con la finalidad de prestarle el servicio o actividad contratada en nuestra web.\u00a0 Los datos personales proporcionados se conservara\u0301n, mientras se mantenga relacio\u0301n mercantil, no se solicite supresio\u0301n por el interesado,Lee Mas\" \/>\n<meta property=\"og:url\" content=\"https:\/\/www.ticket-isladelobos.es\/es\/privacy-policy\/\" \/>\n<meta property=\"og:site_name\" content=\"\u2705Isla de Lobos Fuerteventura Tickets Ferry WaterTaxi Excursiones Reservas\" \/>\n<meta property=\"article:publisher\" content=\"https:\/\/www.facebook.com\/ticketisladelobos\" \/>\n<meta property=\"article:modified_time\" content=\"2021-03-13T20:25:11+00:00\" \/>\n<meta property=\"og:image\" content=\"https:\/\/www.ticket-isladelobos.es\/wp-content\/uploads\/2021\/01\/lobospuertito-scaled.jpg\" \/>\n\t<meta property=\"og:image:width\" content=\"2560\" \/>\n\t<meta property=\"og:image:height\" content=\"1151\" \/>\n\t<meta property=\"og:image:type\" content=\"image\/jpeg\" \/>\n<meta name=\"twitter:card\" content=\"summary_large_image\" \/>\n<meta name=\"twitter:label1\" content=\"Tiempo de lectura\" \/>\n\t<meta name=\"twitter:data1\" content=\"3 minutos\" \/>\n<script type=\"application\/ld+json\" class=\"yoast-schema-graph\">{\"@context\":\"https:\/\/schema.org\",\"@graph\":[{\"@type\":\"WebPage\",\"@id\":\"https:\/\/www.ticket-isladelobos.es\/es\/privacy-policy\/\",\"url\":\"https:\/\/www.ticket-isladelobos.es\/es\/privacy-policy\/\",\"name\":\"privacy-policy - \u2705Isla de Lobos Fuerteventura Tickets Ferry WaterTaxi Excursiones Reservas\",\"isPartOf\":{\"@id\":\"https:\/\/www.ticket-isladelobos.es\/es\/#website\"},\"datePublished\":\"2021-03-13T20:16:17+00:00\",\"dateModified\":\"2021-03-13T20:25:11+00:00\",\"breadcrumb\":{\"@id\":\"https:\/\/www.ticket-isladelobos.es\/es\/privacy-policy\/#breadcrumb\"},\"inLanguage\":\"es\",\"potentialAction\":[{\"@type\":\"ReadAction\",\"target\":[\"https:\/\/www.ticket-isladelobos.es\/es\/privacy-policy\/\"]}]},{\"@type\":\"BreadcrumbList\",\"@id\":\"https:\/\/www.ticket-isladelobos.es\/es\/privacy-policy\/#breadcrumb\",\"itemListElement\":[{\"@type\":\"ListItem\",\"position\":1,\"name\":\"Portada\",\"item\":\"https:\/\/www.ticket-isladelobos.es\/es\/\"},{\"@type\":\"ListItem\",\"position\":2,\"name\":\"privacy-policy\"}]},{\"@type\":\"WebSite\",\"@id\":\"https:\/\/www.ticket-isladelobos.es\/es\/#website\",\"url\":\"https:\/\/www.ticket-isladelobos.es\/es\/\",\"name\":\"\u2705Isla de Lobos Fuerteventura Tickets Ferry WaterTaxi Excursiones Reservas\",\"description\":\"\u00bfQuieres hacer un viaje completamente inolvidable? Reserva hoy! Todo sobre la Isla de Lobos en un sitio!\",\"publisher\":{\"@id\":\"https:\/\/www.ticket-isladelobos.es\/es\/#organization\"},\"potentialAction\":[{\"@type\":\"SearchAction\",\"target\":{\"@type\":\"EntryPoint\",\"urlTemplate\":\"https:\/\/www.ticket-isladelobos.es\/es\/?s={search_term_string}\"},\"query-input\":{\"@type\":\"PropertyValueSpecification\",\"valueRequired\":true,\"valueName\":\"search_term_string\"}}],\"inLanguage\":\"es\"},{\"@type\":\"Organization\",\"@id\":\"https:\/\/www.ticket-isladelobos.es\/es\/#organization\",\"name\":\"Ticket Isla-de-lobos\",\"url\":\"https:\/\/www.ticket-isladelobos.es\/es\/\",\"logo\":{\"@type\":\"ImageObject\",\"inLanguage\":\"es\",\"@id\":\"https:\/\/www.ticket-isladelobos.es\/es\/#\/schema\/logo\/image\/\",\"url\":\"https:\/\/www.ticket-isladelobos.es\/wp-content\/uploads\/2021\/04\/Photo_1614613341266.jpg\",\"contentUrl\":\"https:\/\/www.ticket-isladelobos.es\/wp-content\/uploads\/2021\/04\/Photo_1614613341266.jpg\",\"width\":720,\"height\":720,\"caption\":\"Ticket Isla-de-lobos\"},\"image\":{\"@id\":\"https:\/\/www.ticket-isladelobos.es\/es\/#\/schema\/logo\/image\/\"},\"sameAs\":[\"https:\/\/www.facebook.com\/ticketisladelobos\"]}]}<\/script>\n<!-- \/ Yoast SEO plugin. -->","yoast_head_json":{"title":"privacy-policy - \u2705Isla de Lobos Fuerteventura Tickets Ferry WaterTaxi Excursiones Reservas","robots":{"index":"index","follow":"follow","max-snippet":"max-snippet:-1","max-image-preview":"max-image-preview:large","max-video-preview":"max-video-preview:-1"},"canonical":"https:\/\/www.ticket-isladelobos.es\/es\/privacy-policy\/","og_locale":"es_ES","og_type":"article","og_title":"privacy-policy - \u2705Isla de Lobos Fuerteventura Tickets Ferry WaterTaxi Excursiones Reservas","og_description":"Pol\u00edtica de Privacidad De acuerdo con lo establecido en el Reglamento General de Proteccio\u0301n de Datos (RGPD), le informamos que trataremos sus datos personales con la finalidad de prestarle el servicio o actividad contratada en nuestra web.\u00a0 Los datos personales proporcionados se conservara\u0301n, mientras se mantenga relacio\u0301n mercantil, no se solicite supresio\u0301n por el interesado,Lee Mas","og_url":"https:\/\/www.ticket-isladelobos.es\/es\/privacy-policy\/","og_site_name":"\u2705Isla de Lobos Fuerteventura Tickets Ferry WaterTaxi Excursiones Reservas","article_publisher":"https:\/\/www.facebook.com\/ticketisladelobos","article_modified_time":"2021-03-13T20:25:11+00:00","og_image":[{"width":2560,"height":1151,"url":"https:\/\/www.ticket-isladelobos.es\/wp-content\/uploads\/2021\/01\/lobospuertito-scaled.jpg","type":"image\/jpeg"}],"twitter_card":"summary_large_image","twitter_misc":{"Tiempo de lectura":"3 minutos"},"schema":{"@context":"https:\/\/schema.org","@graph":[{"@type":"WebPage","@id":"https:\/\/www.ticket-isladelobos.es\/es\/privacy-policy\/","url":"https:\/\/www.ticket-isladelobos.es\/es\/privacy-policy\/","name":"privacy-policy - \u2705Isla de Lobos Fuerteventura Tickets Ferry WaterTaxi Excursiones Reservas","isPartOf":{"@id":"https:\/\/www.ticket-isladelobos.es\/es\/#website"},"datePublished":"2021-03-13T20:16:17+00:00","dateModified":"2021-03-13T20:25:11+00:00","breadcrumb":{"@id":"https:\/\/www.ticket-isladelobos.es\/es\/privacy-policy\/#breadcrumb"},"inLanguage":"es","potentialAction":[{"@type":"ReadAction","target":["https:\/\/www.ticket-isladelobos.es\/es\/privacy-policy\/"]}]},{"@type":"BreadcrumbList","@id":"https:\/\/www.ticket-isladelobos.es\/es\/privacy-policy\/#breadcrumb","itemListElement":[{"@type":"ListItem","position":1,"name":"Portada","item":"https:\/\/www.ticket-isladelobos.es\/es\/"},{"@type":"ListItem","position":2,"name":"privacy-policy"}]},{"@type":"WebSite","@id":"https:\/\/www.ticket-isladelobos.es\/es\/#website","url":"https:\/\/www.ticket-isladelobos.es\/es\/","name":"\u2705Isla de Lobos Fuerteventura Tickets Ferry WaterTaxi Excursiones Reservas","description":"\u00bfQuieres hacer un viaje completamente inolvidable? Reserva hoy! Todo sobre la Isla de Lobos en un sitio!","publisher":{"@id":"https:\/\/www.ticket-isladelobos.es\/es\/#organization"},"potentialAction":[{"@type":"SearchAction","target":{"@type":"EntryPoint","urlTemplate":"https:\/\/www.ticket-isladelobos.es\/es\/?s={search_term_string}"},"query-input":{"@type":"PropertyValueSpecification","valueRequired":true,"valueName":"search_term_string"}}],"inLanguage":"es"},{"@type":"Organization","@id":"https:\/\/www.ticket-isladelobos.es\/es\/#organization","name":"Ticket Isla-de-lobos","url":"https:\/\/www.ticket-isladelobos.es\/es\/","logo":{"@type":"ImageObject","inLanguage":"es","@id":"https:\/\/www.ticket-isladelobos.es\/es\/#\/schema\/logo\/image\/","url":"https:\/\/www.ticket-isladelobos.es\/wp-content\/uploads\/2021\/04\/Photo_1614613341266.jpg","contentUrl":"https:\/\/www.ticket-isladelobos.es\/wp-content\/uploads\/2021\/04\/Photo_1614613341266.jpg","width":720,"height":720,"caption":"Ticket Isla-de-lobos"},"image":{"@id":"https:\/\/www.ticket-isladelobos.es\/es\/#\/schema\/logo\/image\/"},"sameAs":["https:\/\/www.facebook.com\/ticketisladelobos"]}]}},"jetpack_likes_enabled":true,"jetpack_sharing_enabled":true,"_links":{"self":[{"href":"https:\/\/www.ticket-isladelobos.es\/es\/wp-json\/wp\/v2\/pages\/2384","targetHints":{"allow":["GET"]}}],"collection":[{"href":"https:\/\/www.ticket-isladelobos.es\/es\/wp-json\/wp\/v2\/pages"}],"about":[{"href":"https:\/\/www.ticket-isladelobos.es\/es\/wp-json\/wp\/v2\/types\/page"}],"author":[{"embeddable":true,"href":"https:\/\/www.ticket-isladelobos.es\/es\/wp-json\/wp\/v2\/users\/1"}],"replies":[{"embeddable":true,"href":"https:\/\/www.ticket-isladelobos.es\/es\/wp-json\/wp\/v2\/comments?post=2384"}],"version-history":[{"count":3,"href":"https:\/\/www.ticket-isladelobos.es\/es\/wp-json\/wp\/v2\/pages\/2384\/revisions"}],"predecessor-version":[{"id":2387,"href":"https:\/\/www.ticket-isladelobos.es\/es\/wp-json\/wp\/v2\/pages\/2384\/revisions\/2387"}],"wp:attachment":[{"href":"https:\/\/www.ticket-isladelobos.es\/es\/wp-json\/wp\/v2\/media?parent=2384"}],"curies":[{"name":"wp","href":"https:\/\/api.w.org\/{rel}","templated":true}]}}