{"id":12800,"date":"2022-08-07T11:52:45","date_gmt":"2022-08-07T11:52:45","guid":{"rendered":"https:\/\/www.ticket-isladelobos.es\/?post_type=product&#038;p=12800"},"modified":"2026-04-24T15:16:03","modified_gmt":"2026-04-24T15:16:03","slug":"inmersion-de-buceo","status":"publish","type":"product","link":"https:\/\/www.ticket-isladelobos.es\/es\/tours\/inmersion-de-buceo\/","title":{"rendered":"Inmersione de Buceo con Equipo"},"content":{"rendered":"<p><strong>Fuerteventura<\/strong>, la zona de buceo de las Islas Canarias, cuyo mundo submarino de formaciones de lava y su gran variedad de peces, la convierten en uno de los destinos de buceo m\u00e1s bellos de Europa.<br \/>\nSus c\u00e1lidas aguas, el buen clima y sus hermosas playas la convierten en un destino vacacional durante todo el a\u00f1o!<\/p>\n<p><strong>Nuestro <\/strong><strong>centro de buceo<\/strong>\u00a0de referencia en Corralejo, en el Norte de Fuerteventura, que fue fundado en 1997.<br \/>\n<strong>Kristof y su equipo<\/strong>\u00a0cuidan desde entonces por proporcionar hermosas y seguras experiencias de buceo.<\/p>\n<p>Buceamos varias veces al d\u00eda en la reserva natural de \u201c<strong>ISLA DE LOBOS<\/strong>\u201c.<br \/>\nCon m\u00e1s de 20 puntos de buceo, Lobos es una de las zonas de buceo m\u00e1s espectaculares y variadas de las Islas Canarias.<br \/>\nTanto si eres buceador experimentado o principiante, tenemos algo que ofrecerte!<\/p>\n<p>Es garant\u00eda de hermosas y seguras experiencias ya que:<\/p>\n<ul>\n<li>Conocemos las aguas y los sitios de buceo alrededor de Lobos como la palma de nuestra mano.<\/li>\n<li>Somos una de las escuelas de buceo reconocidas por las autoridades de Canarias y cumplimos con todas las medidas de seguridad.<\/li>\n<li>Todas las inmersiones est\u00e1n acompa\u00f1adas exclusivamente por nuestros experimentados profesionales de SSI<\/li>\n<\/ul>\n<p>&nbsp;<\/p>\n<p><strong>Precio<\/strong><\/p>\n<p><strong>69\u20ac \/ inmersion \/ persona<\/strong><\/p>\n<p><strong><span style=\"color: #0000ff;\">Equipo, Seguro incluido!<\/span><\/strong><\/p>\n<p>&nbsp;<\/p>\n<p>&nbsp;<\/p>\n","protected":false},"excerpt":{"rendered":"<p>Tras una breve clase te\u00f3rica y pr\u00e1ctica en la piscina, se sale con el barco hacia Lobos para hacer una inmersi\u00f3n de entre 6 y 12m de profundidad.<\/p>\n","protected":false},"featured_media":3177,"comment_status":"open","ping_status":"closed","template":"","meta":{"jetpack_publicize_message":"","jetpack_publicize_feature_enabled":true,"jetpack_social_post_already_shared":true,"jetpack_social_options":{"image_generator_settings":{"template":"highway","default_image_id":0,"font":"","enabled":false},"version":2}},"product_brand":[],"product_cat":[15],"product_tag":[],"class_list":{"0":"post-12800","1":"product","2":"type-product","3":"status-publish","4":"has-post-thumbnail","6":"product_cat-sin-categorizar","7":"tour_category-fuerteventura","8":"tour_category-tours-nauticas","10":"first","11":"onbackorder","12":"sale","13":"shipping-taxable","14":"purchasable","15":"product-type-tour"},"yoast_head":"<!-- This site is optimized with the Yoast SEO plugin v23.4 - https:\/\/yoast.com\/wordpress\/plugins\/seo\/ -->\n<title>Inmersione de Buceo con Equipo - \u2705Isla de Lobos Fuerteventura Tickets Ferry WaterTaxi Excursiones Reservas<\/title>\n<meta name=\"description\" content=\"Fuerteventura, cuyo mundo submarino de formaciones de lava y su variedad de peces, la convierten en uno de los destinos de buceo m\u00e1s bellos.\" \/>\n<meta name=\"robots\" content=\"index, follow, max-snippet:-1, max-image-preview:large, max-video-preview:-1\" \/>\n<link rel=\"canonical\" href=\"https:\/\/www.ticket-isladelobos.es\/es\/tours\/inmersion-de-buceo\/\" \/>\n<meta property=\"og:locale\" content=\"es_ES\" \/>\n<meta property=\"og:type\" content=\"article\" \/>\n<meta property=\"og:title\" content=\"Inmersione de Buceo con Equipo - \u2705Isla de Lobos Fuerteventura Tickets Ferry WaterTaxi Excursiones Reservas\" \/>\n<meta property=\"og:description\" content=\"Fuerteventura, cuyo mundo submarino de formaciones de lava y su variedad de peces, la convierten en uno de los destinos de buceo m\u00e1s bellos.\" \/>\n<meta property=\"og:url\" content=\"https:\/\/www.ticket-isladelobos.es\/es\/tours\/inmersion-de-buceo\/\" \/>\n<meta property=\"og:site_name\" content=\"\u2705Isla de Lobos Fuerteventura Tickets Ferry WaterTaxi Excursiones Reservas\" \/>\n<meta property=\"article:publisher\" content=\"https:\/\/www.facebook.com\/ticketisladelobos\" \/>\n<meta property=\"article:modified_time\" content=\"2026-04-24T15:16:03+00:00\" \/>\n<meta property=\"og:image\" content=\"https:\/\/www.ticket-isladelobos.es\/wp-content\/uploads\/2019\/03\/og75ec-a_optimized.jpeg\" \/>\n\t<meta property=\"og:image:width\" content=\"900\" \/>\n\t<meta property=\"og:image:height\" content=\"600\" \/>\n\t<meta property=\"og:image:type\" content=\"image\/jpeg\" \/>\n<meta name=\"twitter:card\" content=\"summary_large_image\" \/>\n<meta name=\"twitter:label1\" content=\"Tiempo de lectura\" \/>\n\t<meta name=\"twitter:data1\" content=\"2 minutos\" \/>\n<script type=\"application\/ld+json\" class=\"yoast-schema-graph\">{\"@context\":\"https:\/\/schema.org\",\"@graph\":[{\"@type\":\"WebPage\",\"@id\":\"https:\/\/www.ticket-isladelobos.es\/es\/tours\/inmersion-de-buceo\/\",\"url\":\"https:\/\/www.ticket-isladelobos.es\/es\/tours\/inmersion-de-buceo\/\",\"name\":\"Inmersione de Buceo con Equipo - \u2705Isla de Lobos Fuerteventura Tickets Ferry WaterTaxi Excursiones Reservas\",\"isPartOf\":{\"@id\":\"https:\/\/www.ticket-isladelobos.es\/es\/#website\"},\"primaryImageOfPage\":{\"@id\":\"https:\/\/www.ticket-isladelobos.es\/es\/tours\/inmersion-de-buceo\/#primaryimage\"},\"image\":{\"@id\":\"https:\/\/www.ticket-isladelobos.es\/es\/tours\/inmersion-de-buceo\/#primaryimage\"},\"thumbnailUrl\":\"https:\/\/www.ticket-isladelobos.es\/wp-content\/uploads\/2019\/03\/og75ec-a_optimized.jpeg\",\"datePublished\":\"2022-08-07T11:52:45+00:00\",\"dateModified\":\"2026-04-24T15:16:03+00:00\",\"description\":\"Fuerteventura, cuyo mundo submarino de formaciones de lava y su variedad de peces, la convierten en uno de los destinos de buceo m\u00e1s bellos.\",\"breadcrumb\":{\"@id\":\"https:\/\/www.ticket-isladelobos.es\/es\/tours\/inmersion-de-buceo\/#breadcrumb\"},\"inLanguage\":\"es\",\"potentialAction\":[{\"@type\":\"ReadAction\",\"target\":[\"https:\/\/www.ticket-isladelobos.es\/es\/tours\/inmersion-de-buceo\/\"]}]},{\"@type\":\"ImageObject\",\"inLanguage\":\"es\",\"@id\":\"https:\/\/www.ticket-isladelobos.es\/es\/tours\/inmersion-de-buceo\/#primaryimage\",\"url\":\"https:\/\/www.ticket-isladelobos.es\/wp-content\/uploads\/2019\/03\/og75ec-a_optimized.jpeg\",\"contentUrl\":\"https:\/\/www.ticket-isladelobos.es\/wp-content\/uploads\/2019\/03\/og75ec-a_optimized.jpeg\",\"width\":900,\"height\":600,\"caption\":\"buceo isla de lobos\"},{\"@type\":\"BreadcrumbList\",\"@id\":\"https:\/\/www.ticket-isladelobos.es\/es\/tours\/inmersion-de-buceo\/#breadcrumb\",\"itemListElement\":[{\"@type\":\"ListItem\",\"position\":1,\"name\":\"Portada\",\"item\":\"https:\/\/www.ticket-isladelobos.es\/es\/\"},{\"@type\":\"ListItem\",\"position\":2,\"name\":\"Tienda\",\"item\":\"https:\/\/www.ticket-isladelobos.es\/es\/tienda\/\"},{\"@type\":\"ListItem\",\"position\":3,\"name\":\"Inmersione de Buceo con Equipo\"}]},{\"@type\":\"WebSite\",\"@id\":\"https:\/\/www.ticket-isladelobos.es\/es\/#website\",\"url\":\"https:\/\/www.ticket-isladelobos.es\/es\/\",\"name\":\"\u2705Isla de Lobos Fuerteventura Tickets Ferry WaterTaxi Excursiones Reservas\",\"description\":\"\u00bfQuieres hacer un viaje completamente inolvidable? Reserva hoy! Todo sobre la Isla de Lobos en un sitio!\",\"publisher\":{\"@id\":\"https:\/\/www.ticket-isladelobos.es\/es\/#organization\"},\"potentialAction\":[{\"@type\":\"SearchAction\",\"target\":{\"@type\":\"EntryPoint\",\"urlTemplate\":\"https:\/\/www.ticket-isladelobos.es\/es\/?s={search_term_string}\"},\"query-input\":{\"@type\":\"PropertyValueSpecification\",\"valueRequired\":true,\"valueName\":\"search_term_string\"}}],\"inLanguage\":\"es\"},{\"@type\":\"Organization\",\"@id\":\"https:\/\/www.ticket-isladelobos.es\/es\/#organization\",\"name\":\"Ticket Isla-de-lobos\",\"url\":\"https:\/\/www.ticket-isladelobos.es\/es\/\",\"logo\":{\"@type\":\"ImageObject\",\"inLanguage\":\"es\",\"@id\":\"https:\/\/www.ticket-isladelobos.es\/es\/#\/schema\/logo\/image\/\",\"url\":\"https:\/\/www.ticket-isladelobos.es\/wp-content\/uploads\/2021\/04\/Photo_1614613341266.jpg\",\"contentUrl\":\"https:\/\/www.ticket-isladelobos.es\/wp-content\/uploads\/2021\/04\/Photo_1614613341266.jpg\",\"width\":720,\"height\":720,\"caption\":\"Ticket Isla-de-lobos\"},\"image\":{\"@id\":\"https:\/\/www.ticket-isladelobos.es\/es\/#\/schema\/logo\/image\/\"},\"sameAs\":[\"https:\/\/www.facebook.com\/ticketisladelobos\"]}]}<\/script>\n<!-- \/ Yoast SEO plugin. -->","yoast_head_json":{"title":"Inmersione de Buceo con Equipo - \u2705Isla de Lobos Fuerteventura Tickets Ferry WaterTaxi Excursiones Reservas","description":"Fuerteventura, cuyo mundo submarino de formaciones de lava y su variedad de peces, la convierten en uno de los destinos de buceo m\u00e1s bellos.","robots":{"index":"index","follow":"follow","max-snippet":"max-snippet:-1","max-image-preview":"max-image-preview:large","max-video-preview":"max-video-preview:-1"},"canonical":"https:\/\/www.ticket-isladelobos.es\/es\/tours\/inmersion-de-buceo\/","og_locale":"es_ES","og_type":"article","og_title":"Inmersione de Buceo con Equipo - \u2705Isla de Lobos Fuerteventura Tickets Ferry WaterTaxi Excursiones Reservas","og_description":"Fuerteventura, cuyo mundo submarino de formaciones de lava y su variedad de peces, la convierten en uno de los destinos de buceo m\u00e1s bellos.","og_url":"https:\/\/www.ticket-isladelobos.es\/es\/tours\/inmersion-de-buceo\/","og_site_name":"\u2705Isla de Lobos Fuerteventura Tickets Ferry WaterTaxi Excursiones Reservas","article_publisher":"https:\/\/www.facebook.com\/ticketisladelobos","article_modified_time":"2026-04-24T15:16:03+00:00","og_image":[{"width":900,"height":600,"url":"https:\/\/www.ticket-isladelobos.es\/wp-content\/uploads\/2019\/03\/og75ec-a_optimized.jpeg","type":"image\/jpeg"}],"twitter_card":"summary_large_image","twitter_misc":{"Tiempo de lectura":"2 minutos"},"schema":{"@context":"https:\/\/schema.org","@graph":[{"@type":"WebPage","@id":"https:\/\/www.ticket-isladelobos.es\/es\/tours\/inmersion-de-buceo\/","url":"https:\/\/www.ticket-isladelobos.es\/es\/tours\/inmersion-de-buceo\/","name":"Inmersione de Buceo con Equipo - \u2705Isla de Lobos Fuerteventura Tickets Ferry WaterTaxi Excursiones Reservas","isPartOf":{"@id":"https:\/\/www.ticket-isladelobos.es\/es\/#website"},"primaryImageOfPage":{"@id":"https:\/\/www.ticket-isladelobos.es\/es\/tours\/inmersion-de-buceo\/#primaryimage"},"image":{"@id":"https:\/\/www.ticket-isladelobos.es\/es\/tours\/inmersion-de-buceo\/#primaryimage"},"thumbnailUrl":"https:\/\/www.ticket-isladelobos.es\/wp-content\/uploads\/2019\/03\/og75ec-a_optimized.jpeg","datePublished":"2022-08-07T11:52:45+00:00","dateModified":"2026-04-24T15:16:03+00:00","description":"Fuerteventura, cuyo mundo submarino de formaciones de lava y su variedad de peces, la convierten en uno de los destinos de buceo m\u00e1s bellos.","breadcrumb":{"@id":"https:\/\/www.ticket-isladelobos.es\/es\/tours\/inmersion-de-buceo\/#breadcrumb"},"inLanguage":"es","potentialAction":[{"@type":"ReadAction","target":["https:\/\/www.ticket-isladelobos.es\/es\/tours\/inmersion-de-buceo\/"]}]},{"@type":"ImageObject","inLanguage":"es","@id":"https:\/\/www.ticket-isladelobos.es\/es\/tours\/inmersion-de-buceo\/#primaryimage","url":"https:\/\/www.ticket-isladelobos.es\/wp-content\/uploads\/2019\/03\/og75ec-a_optimized.jpeg","contentUrl":"https:\/\/www.ticket-isladelobos.es\/wp-content\/uploads\/2019\/03\/og75ec-a_optimized.jpeg","width":900,"height":600,"caption":"buceo isla de lobos"},{"@type":"BreadcrumbList","@id":"https:\/\/www.ticket-isladelobos.es\/es\/tours\/inmersion-de-buceo\/#breadcrumb","itemListElement":[{"@type":"ListItem","position":1,"name":"Portada","item":"https:\/\/www.ticket-isladelobos.es\/es\/"},{"@type":"ListItem","position":2,"name":"Tienda","item":"https:\/\/www.ticket-isladelobos.es\/es\/tienda\/"},{"@type":"ListItem","position":3,"name":"Inmersione de Buceo con Equipo"}]},{"@type":"WebSite","@id":"https:\/\/www.ticket-isladelobos.es\/es\/#website","url":"https:\/\/www.ticket-isladelobos.es\/es\/","name":"\u2705Isla de Lobos Fuerteventura Tickets Ferry WaterTaxi Excursiones Reservas","description":"\u00bfQuieres hacer un viaje completamente inolvidable? Reserva hoy! Todo sobre la Isla de Lobos en un sitio!","publisher":{"@id":"https:\/\/www.ticket-isladelobos.es\/es\/#organization"},"potentialAction":[{"@type":"SearchAction","target":{"@type":"EntryPoint","urlTemplate":"https:\/\/www.ticket-isladelobos.es\/es\/?s={search_term_string}"},"query-input":{"@type":"PropertyValueSpecification","valueRequired":true,"valueName":"search_term_string"}}],"inLanguage":"es"},{"@type":"Organization","@id":"https:\/\/www.ticket-isladelobos.es\/es\/#organization","name":"Ticket Isla-de-lobos","url":"https:\/\/www.ticket-isladelobos.es\/es\/","logo":{"@type":"ImageObject","inLanguage":"es","@id":"https:\/\/www.ticket-isladelobos.es\/es\/#\/schema\/logo\/image\/","url":"https:\/\/www.ticket-isladelobos.es\/wp-content\/uploads\/2021\/04\/Photo_1614613341266.jpg","contentUrl":"https:\/\/www.ticket-isladelobos.es\/wp-content\/uploads\/2021\/04\/Photo_1614613341266.jpg","width":720,"height":720,"caption":"Ticket Isla-de-lobos"},"image":{"@id":"https:\/\/www.ticket-isladelobos.es\/es\/#\/schema\/logo\/image\/"},"sameAs":["https:\/\/www.facebook.com\/ticketisladelobos"]}]}},"jetpack_publicize_connections":[],"jetpack_likes_enabled":true,"jetpack_sharing_enabled":true,"_links":{"self":[{"href":"https:\/\/www.ticket-isladelobos.es\/es\/wp-json\/wp\/v2\/product\/12800","targetHints":{"allow":["GET"]}}],"collection":[{"href":"https:\/\/www.ticket-isladelobos.es\/es\/wp-json\/wp\/v2\/product"}],"about":[{"href":"https:\/\/www.ticket-isladelobos.es\/es\/wp-json\/wp\/v2\/types\/product"}],"replies":[{"embeddable":true,"href":"https:\/\/www.ticket-isladelobos.es\/es\/wp-json\/wp\/v2\/comments?post=12800"}],"wp:featuredmedia":[{"embeddable":true,"href":"https:\/\/www.ticket-isladelobos.es\/es\/wp-json\/wp\/v2\/media\/3177"}],"wp:attachment":[{"href":"https:\/\/www.ticket-isladelobos.es\/es\/wp-json\/wp\/v2\/media?parent=12800"}],"wp:term":[{"taxonomy":"product_brand","embeddable":true,"href":"https:\/\/www.ticket-isladelobos.es\/es\/wp-json\/wp\/v2\/product_brand?post=12800"},{"taxonomy":"product_cat","embeddable":true,"href":"https:\/\/www.ticket-isladelobos.es\/es\/wp-json\/wp\/v2\/product_cat?post=12800"},{"taxonomy":"product_tag","embeddable":true,"href":"https:\/\/www.ticket-isladelobos.es\/es\/wp-json\/wp\/v2\/product_tag?post=12800"}],"curies":[{"name":"wp","href":"https:\/\/api.w.org\/{rel}","templated":true}]}}