{"id":137,"date":"2021-03-16T08:33:25","date_gmt":"2021-03-16T08:33:25","guid":{"rendered":"http:\/\/adventure-tours.themedelight.com\/?post_type=product&#038;p=137"},"modified":"2026-01-13T11:44:35","modified_gmt":"2026-01-13T11:44:35","slug":"water-taxi","status":"publish","type":"product","link":"https:\/\/www.ticket-isladelobos.es\/es\/tours\/water-taxi\/","title":{"rendered":"WaterTaxi Corralejo Isla de Lobos"},"content":{"rendered":"<h2 id=\"tw-target-text\" class=\"tw-data-text tw-text-large XcVN5d tw-ta\" dir=\"ltr\" data-placeholder=\"Ford\u00edt\u00e1s\"><span lang=\"es\" style=\"font-family: arial, helvetica, sans-serif;\" tabindex=\"-1\">Visita la Isla de Lobos con nuestro Water-Taxi Super R\u00e1pido! <\/span><\/h2>\n<p class=\"tw-data-text tw-text-large XcVN5d tw-ta\" dir=\"ltr\" data-placeholder=\"Ford\u00edt\u00e1s\"><span lang=\"es\" style=\"font-family: arial, helvetica, sans-serif;\" tabindex=\"-1\">Partimos de nuestro puerto base en Corralejo (Fuerteventura) y cruzamos la ensenada que separa la isla del islote, que se denomina El R\u00edo (El R\u00edo), para llegar a las lagunas interiores en el sur de la Isla de Lobos.<\/span><\/p>\n<p dir=\"ltr\" data-placeholder=\"Ford\u00edt\u00e1s\"><span style=\"font-size: 18pt;\">Reserva ahora, paga m\u00e1s tarde!<\/span><\/p>\n<h4>Tarifas Billetes Ida y Vuelta:<\/h4>\n<p>Adulto Regular: 17\u20ac<\/p>\n<p>Ni\u00f1o Regular(3-11): 10\u20ac<\/p>\n<p>Adulto Residente en Canarias: 14\u20ac<\/p>\n<p>Ni\u00f1o Residente en Canarias (3-11): 10\u20ac<\/p>\n<p>Bebes (0-2): Gratis<\/p>\n<p><span style=\"font-size: 14pt;\"><strong>Para reservar hay que pagar solo un dep\u00f3sito. El resto se paga antes de embarcar al check-in!<\/strong><\/span><\/p>\n<p><iframe loading=\"lazy\" title=\"YouTube video player\" src=\"https:\/\/www.youtube.com\/embed\/Pqys4Eit2bo?si=S7BZ9LWfyTkEgzfP\" width=\"560\" height=\"315\" frameborder=\"0\" allowfullscreen=\"allowfullscreen\"><\/iframe><\/p>\n<p class=\"tw-data-text tw-text-large XcVN5d tw-ta\" dir=\"ltr\" data-placeholder=\"Ford\u00edt\u00e1s\"><span lang=\"es\" style=\"font-family: arial, helvetica, sans-serif;\" tabindex=\"-1\">Una vez all\u00ed, desembarcamos en El Muelle, para que nuestros clientes puedan disfrutar del islote, pasear por los senderos o relajarse en las tranquilas aguas de la playa de La Concha. A la hora indicada, regresamos de El Puertito a nuestro puerto base en Corralejo. Te recomendamos hacer snorkel en este parque natural donde podr\u00e1s disfrutar de sus aguas cristalinas y una gran variedad de vida marina.\u00a0<\/span><\/p>\n<h3 dir=\"ltr\" data-placeholder=\"Ford\u00edt\u00e1s\"><span lang=\"es\" tabindex=\"-1\">\u00a0\u00a1Env\u00edanos un <strong>WhatsApp!<\/strong><\/span><\/h3>\n<p><!--more--><\/p>\n<table class=\"table table-bordered tours-tabs__table\" style=\"height: 233px; width: 94.5584%;\" width=\"862\">\n<tbody>\n<tr>\n<td style=\"width: 42.4913%;\"><strong><\/strong><strong>LUGAR DE SALIDA \/ REGRESO<\/strong><\/td>\n<td style=\"width: 38.4168%;\">\u00a0Muelle de Corralejo<\/td>\n<\/tr>\n<tr>\n<td style=\"width: 42.4913%;\"><strong><\/strong><strong><span lang=\"es\">HORA DE SALIDA:<\/span><\/strong><\/td>\n<td style=\"width: 38.4168%;\">09:45 10:30 11:15 12:00\u00a0 14:10<\/td>\n<\/tr>\n<tr>\n<td style=\"width: 42.4913%;\"><strong><\/strong><strong><span lang=\"es\">HORA DE REGRESO:<\/span><\/strong><\/td>\n<td style=\"width: 38.4168%;\">13:00 14:30 16:00 17:00\n<h2 id=\"tw-target-text\" class=\"tw-data-text tw-text-large XcVN5d tw-ta\" dir=\"ltr\" data-placeholder=\"Ford\u00edt\u00e1s\"><span style=\"font-size: 12pt;\"><strong><span lang=\"es\">La hora de regreso se confirma al check-in:<\/span><\/strong><\/span><\/h2>\n<p><iframe loading=\"lazy\" style=\"border: 0;\" src=\"https:\/\/www.google.com\/maps\/embed?pb=!1m18!1m12!1m3!1d1132.414401499536!2d-13.865937579566213!3d28.740751975494362!2m3!1f0!2f0!3f0!3m2!1i1024!2i768!4f13.1!3m3!1m2!1s0xc46358a32eba38f%3A0xe5717aa2d3b8f37b!2sCorralejo%20Charter%20%26%20Fishing!5e1!3m2!1ses!2ses!4v1725619469522!5m2!1ses!2ses\" width=\"600\" height=\"450\" allowfullscreen=\"allowfullscreen\"><\/iframe><\/p><\/td>\n<\/tr>\n<tr>\n<td style=\"width: 42.4913%;\"><strong>INCLUYE<\/strong><\/td>\n<td style=\"width: 38.4168%;\">\n<table class=\"table table-bordered\" style=\"height: 62px;\" width=\"300\">\n<tbody>\n<tr>\n<td><i class=\"fa fa-check icon-tick icon-tick--on\"><\/i>Seguro Obligatorio de Viajeros<\/td>\n<td><i class=\"fa fa-check icon-tick icon-tick--on\"><\/i>Billete de barco ida y vuelta: Corralejo \u2013 Isla de Lobos \u2013 Corralejo<\/td>\n<td><\/td>\n<\/tr>\n<\/tbody>\n<\/table>\n<\/td>\n<\/tr>\n<tr>\n<td style=\"width: 42.4913%;\"><\/td>\n<td style=\"width: 38.4168%;\"><\/td>\n<\/tr>\n<\/tbody>\n<\/table>\n<h1>Importante llegar 20 minutos antes de la salida!<\/h1>\n","protected":false},"excerpt":{"rendered":"<p>Visita la Isla de Lobos con nuestro Water-Taxi Super R\u00e1pido! Partimos de nuestro puerto base en Corralejo (Fuerteventura) y cruzamos la ensenada que separa la isla del islote, que se denomina El R\u00edo (El R\u00edo), para llegar a las lagunas interiores en el sur de la Isla de Lobos. Reserva ahora, paga m\u00e1s tarde! Tarifas<\/p>\n<div class=\"padding-top text-center\"><a href=\"https:\/\/www.ticket-isladelobos.es\/es\/tours\/water-taxi\/\" class=\"atbtn atbtn--medium atbtn--rounded atbtn--transparent\">Lee Mas<i class=\"atbtn__icon atbtn__icon--right fa fa-long-arrow-right\"><\/i><\/a><\/div>\n","protected":false},"featured_media":23904,"comment_status":"open","ping_status":"closed","template":"","meta":{"jetpack_publicize_message":"","jetpack_publicize_feature_enabled":true,"jetpack_social_post_already_shared":false,"jetpack_social_options":{"image_generator_settings":{"template":"highway","default_image_id":0,"font":"","enabled":false},"version":2}},"product_brand":[],"product_cat":[15],"product_tag":[78],"class_list":{"0":"post-137","1":"product","2":"type-product","3":"status-publish","4":"has-post-thumbnail","6":"product_cat-sin-categorizar","7":"product_tag-comoiralobos","8":"tour_category-barco-ferry-water-taxi","10":"first","11":"instock","12":"shipping-taxable","13":"purchasable","14":"product-type-tour","15":"has-default-attributes"},"yoast_head":"<!-- This site is optimized with the Yoast SEO plugin v23.4 - https:\/\/yoast.com\/wordpress\/plugins\/seo\/ -->\n<title>WaterTaxi Corralejo Isla de Lobos - \u2705Isla de Lobos Fuerteventura Tickets Ferry WaterTaxi Excursiones Reservas<\/title>\n<meta name=\"description\" content=\"Water Taxi Fast Ferry El barco semirr\u00edgido m\u00e1s r\u00e1pido navegara sobre las olas con toda comodidad y seguridad, desde Corralejo Fuerteventura\" \/>\n<meta name=\"robots\" content=\"index, follow, max-snippet:-1, max-image-preview:large, max-video-preview:-1\" \/>\n<link rel=\"canonical\" href=\"https:\/\/www.ticket-isladelobos.es\/es\/tours\/water-taxi\/\" \/>\n<meta property=\"og:locale\" content=\"es_ES\" \/>\n<meta property=\"og:type\" content=\"article\" \/>\n<meta property=\"og:title\" content=\"WaterTaxi Corralejo Isla de Lobos - \u2705Isla de Lobos Fuerteventura Tickets Ferry WaterTaxi Excursiones Reservas\" \/>\n<meta property=\"og:description\" content=\"Water Taxi Fast Ferry El barco semirr\u00edgido m\u00e1s r\u00e1pido navegara sobre las olas con toda comodidad y seguridad, desde Corralejo Fuerteventura\" \/>\n<meta property=\"og:url\" content=\"https:\/\/www.ticket-isladelobos.es\/es\/tours\/water-taxi\/\" \/>\n<meta property=\"og:site_name\" content=\"\u2705Isla de Lobos Fuerteventura Tickets Ferry WaterTaxi Excursiones Reservas\" \/>\n<meta property=\"article:publisher\" content=\"https:\/\/www.facebook.com\/ticketisladelobos\" \/>\n<meta property=\"article:modified_time\" content=\"2026-01-13T11:44:35+00:00\" \/>\n<meta property=\"og:image\" content=\"https:\/\/www.ticket-isladelobos.es\/wp-content\/uploads\/2024\/01\/1694505893484-scaled.webp\" \/>\n\t<meta property=\"og:image:width\" content=\"2560\" \/>\n\t<meta property=\"og:image:height\" content=\"1707\" \/>\n\t<meta property=\"og:image:type\" content=\"image\/webp\" \/>\n<meta name=\"twitter:card\" content=\"summary_large_image\" \/>\n<meta name=\"twitter:label1\" content=\"Tiempo de lectura\" \/>\n\t<meta name=\"twitter:data1\" content=\"2 minutos\" \/>\n<script type=\"application\/ld+json\" class=\"yoast-schema-graph\">{\"@context\":\"https:\/\/schema.org\",\"@graph\":[{\"@type\":\"WebPage\",\"@id\":\"https:\/\/www.ticket-isladelobos.es\/es\/tours\/water-taxi\/\",\"url\":\"https:\/\/www.ticket-isladelobos.es\/es\/tours\/water-taxi\/\",\"name\":\"WaterTaxi Corralejo Isla de Lobos - \u2705Isla de Lobos Fuerteventura Tickets Ferry WaterTaxi Excursiones Reservas\",\"isPartOf\":{\"@id\":\"https:\/\/www.ticket-isladelobos.es\/es\/#website\"},\"primaryImageOfPage\":{\"@id\":\"https:\/\/www.ticket-isladelobos.es\/es\/tours\/water-taxi\/#primaryimage\"},\"image\":{\"@id\":\"https:\/\/www.ticket-isladelobos.es\/es\/tours\/water-taxi\/#primaryimage\"},\"thumbnailUrl\":\"https:\/\/www.ticket-isladelobos.es\/wp-content\/uploads\/2024\/01\/1694505893484-scaled.webp\",\"datePublished\":\"2021-03-16T08:33:25+00:00\",\"dateModified\":\"2026-01-13T11:44:35+00:00\",\"description\":\"Water Taxi Fast Ferry El barco semirr\u00edgido m\u00e1s r\u00e1pido navegara sobre las olas con toda comodidad y seguridad, desde Corralejo Fuerteventura\",\"breadcrumb\":{\"@id\":\"https:\/\/www.ticket-isladelobos.es\/es\/tours\/water-taxi\/#breadcrumb\"},\"inLanguage\":\"es\",\"potentialAction\":[{\"@type\":\"ReadAction\",\"target\":[\"https:\/\/www.ticket-isladelobos.es\/es\/tours\/water-taxi\/\"]}]},{\"@type\":\"ImageObject\",\"inLanguage\":\"es\",\"@id\":\"https:\/\/www.ticket-isladelobos.es\/es\/tours\/water-taxi\/#primaryimage\",\"url\":\"https:\/\/www.ticket-isladelobos.es\/wp-content\/uploads\/2024\/01\/1694505893484-scaled.webp\",\"contentUrl\":\"https:\/\/www.ticket-isladelobos.es\/wp-content\/uploads\/2024\/01\/1694505893484-scaled.webp\",\"width\":2560,\"height\":1707},{\"@type\":\"BreadcrumbList\",\"@id\":\"https:\/\/www.ticket-isladelobos.es\/es\/tours\/water-taxi\/#breadcrumb\",\"itemListElement\":[{\"@type\":\"ListItem\",\"position\":1,\"name\":\"Portada\",\"item\":\"https:\/\/www.ticket-isladelobos.es\/es\/\"},{\"@type\":\"ListItem\",\"position\":2,\"name\":\"Tienda\",\"item\":\"https:\/\/www.ticket-isladelobos.es\/es\/tienda\/\"},{\"@type\":\"ListItem\",\"position\":3,\"name\":\"WaterTaxi Corralejo Isla de Lobos\"}]},{\"@type\":\"WebSite\",\"@id\":\"https:\/\/www.ticket-isladelobos.es\/es\/#website\",\"url\":\"https:\/\/www.ticket-isladelobos.es\/es\/\",\"name\":\"\u2705Isla de Lobos Fuerteventura Tickets Ferry WaterTaxi Excursiones Reservas\",\"description\":\"\u00bfQuieres hacer un viaje completamente inolvidable? Reserva hoy! Todo sobre la Isla de Lobos en un sitio!\",\"publisher\":{\"@id\":\"https:\/\/www.ticket-isladelobos.es\/es\/#organization\"},\"potentialAction\":[{\"@type\":\"SearchAction\",\"target\":{\"@type\":\"EntryPoint\",\"urlTemplate\":\"https:\/\/www.ticket-isladelobos.es\/es\/?s={search_term_string}\"},\"query-input\":{\"@type\":\"PropertyValueSpecification\",\"valueRequired\":true,\"valueName\":\"search_term_string\"}}],\"inLanguage\":\"es\"},{\"@type\":\"Organization\",\"@id\":\"https:\/\/www.ticket-isladelobos.es\/es\/#organization\",\"name\":\"Ticket Isla-de-lobos\",\"url\":\"https:\/\/www.ticket-isladelobos.es\/es\/\",\"logo\":{\"@type\":\"ImageObject\",\"inLanguage\":\"es\",\"@id\":\"https:\/\/www.ticket-isladelobos.es\/es\/#\/schema\/logo\/image\/\",\"url\":\"https:\/\/www.ticket-isladelobos.es\/wp-content\/uploads\/2021\/04\/Photo_1614613341266.jpg\",\"contentUrl\":\"https:\/\/www.ticket-isladelobos.es\/wp-content\/uploads\/2021\/04\/Photo_1614613341266.jpg\",\"width\":720,\"height\":720,\"caption\":\"Ticket Isla-de-lobos\"},\"image\":{\"@id\":\"https:\/\/www.ticket-isladelobos.es\/es\/#\/schema\/logo\/image\/\"},\"sameAs\":[\"https:\/\/www.facebook.com\/ticketisladelobos\"]}]}<\/script>\n<!-- \/ Yoast SEO plugin. -->","yoast_head_json":{"title":"WaterTaxi Corralejo Isla de Lobos - \u2705Isla de Lobos Fuerteventura Tickets Ferry WaterTaxi Excursiones Reservas","description":"Water Taxi Fast Ferry El barco semirr\u00edgido m\u00e1s r\u00e1pido navegara sobre las olas con toda comodidad y seguridad, desde Corralejo Fuerteventura","robots":{"index":"index","follow":"follow","max-snippet":"max-snippet:-1","max-image-preview":"max-image-preview:large","max-video-preview":"max-video-preview:-1"},"canonical":"https:\/\/www.ticket-isladelobos.es\/es\/tours\/water-taxi\/","og_locale":"es_ES","og_type":"article","og_title":"WaterTaxi Corralejo Isla de Lobos - \u2705Isla de Lobos Fuerteventura Tickets Ferry WaterTaxi Excursiones Reservas","og_description":"Water Taxi Fast Ferry El barco semirr\u00edgido m\u00e1s r\u00e1pido navegara sobre las olas con toda comodidad y seguridad, desde Corralejo Fuerteventura","og_url":"https:\/\/www.ticket-isladelobos.es\/es\/tours\/water-taxi\/","og_site_name":"\u2705Isla de Lobos Fuerteventura Tickets Ferry WaterTaxi Excursiones Reservas","article_publisher":"https:\/\/www.facebook.com\/ticketisladelobos","article_modified_time":"2026-01-13T11:44:35+00:00","og_image":[{"width":2560,"height":1707,"url":"https:\/\/www.ticket-isladelobos.es\/wp-content\/uploads\/2024\/01\/1694505893484-scaled.webp","type":"image\/webp"}],"twitter_card":"summary_large_image","twitter_misc":{"Tiempo de lectura":"2 minutos"},"schema":{"@context":"https:\/\/schema.org","@graph":[{"@type":"WebPage","@id":"https:\/\/www.ticket-isladelobos.es\/es\/tours\/water-taxi\/","url":"https:\/\/www.ticket-isladelobos.es\/es\/tours\/water-taxi\/","name":"WaterTaxi Corralejo Isla de Lobos - \u2705Isla de Lobos Fuerteventura Tickets Ferry WaterTaxi Excursiones Reservas","isPartOf":{"@id":"https:\/\/www.ticket-isladelobos.es\/es\/#website"},"primaryImageOfPage":{"@id":"https:\/\/www.ticket-isladelobos.es\/es\/tours\/water-taxi\/#primaryimage"},"image":{"@id":"https:\/\/www.ticket-isladelobos.es\/es\/tours\/water-taxi\/#primaryimage"},"thumbnailUrl":"https:\/\/www.ticket-isladelobos.es\/wp-content\/uploads\/2024\/01\/1694505893484-scaled.webp","datePublished":"2021-03-16T08:33:25+00:00","dateModified":"2026-01-13T11:44:35+00:00","description":"Water Taxi Fast Ferry El barco semirr\u00edgido m\u00e1s r\u00e1pido navegara sobre las olas con toda comodidad y seguridad, desde Corralejo Fuerteventura","breadcrumb":{"@id":"https:\/\/www.ticket-isladelobos.es\/es\/tours\/water-taxi\/#breadcrumb"},"inLanguage":"es","potentialAction":[{"@type":"ReadAction","target":["https:\/\/www.ticket-isladelobos.es\/es\/tours\/water-taxi\/"]}]},{"@type":"ImageObject","inLanguage":"es","@id":"https:\/\/www.ticket-isladelobos.es\/es\/tours\/water-taxi\/#primaryimage","url":"https:\/\/www.ticket-isladelobos.es\/wp-content\/uploads\/2024\/01\/1694505893484-scaled.webp","contentUrl":"https:\/\/www.ticket-isladelobos.es\/wp-content\/uploads\/2024\/01\/1694505893484-scaled.webp","width":2560,"height":1707},{"@type":"BreadcrumbList","@id":"https:\/\/www.ticket-isladelobos.es\/es\/tours\/water-taxi\/#breadcrumb","itemListElement":[{"@type":"ListItem","position":1,"name":"Portada","item":"https:\/\/www.ticket-isladelobos.es\/es\/"},{"@type":"ListItem","position":2,"name":"Tienda","item":"https:\/\/www.ticket-isladelobos.es\/es\/tienda\/"},{"@type":"ListItem","position":3,"name":"WaterTaxi Corralejo Isla de Lobos"}]},{"@type":"WebSite","@id":"https:\/\/www.ticket-isladelobos.es\/es\/#website","url":"https:\/\/www.ticket-isladelobos.es\/es\/","name":"\u2705Isla de Lobos Fuerteventura Tickets Ferry WaterTaxi Excursiones Reservas","description":"\u00bfQuieres hacer un viaje completamente inolvidable? Reserva hoy! Todo sobre la Isla de Lobos en un sitio!","publisher":{"@id":"https:\/\/www.ticket-isladelobos.es\/es\/#organization"},"potentialAction":[{"@type":"SearchAction","target":{"@type":"EntryPoint","urlTemplate":"https:\/\/www.ticket-isladelobos.es\/es\/?s={search_term_string}"},"query-input":{"@type":"PropertyValueSpecification","valueRequired":true,"valueName":"search_term_string"}}],"inLanguage":"es"},{"@type":"Organization","@id":"https:\/\/www.ticket-isladelobos.es\/es\/#organization","name":"Ticket Isla-de-lobos","url":"https:\/\/www.ticket-isladelobos.es\/es\/","logo":{"@type":"ImageObject","inLanguage":"es","@id":"https:\/\/www.ticket-isladelobos.es\/es\/#\/schema\/logo\/image\/","url":"https:\/\/www.ticket-isladelobos.es\/wp-content\/uploads\/2021\/04\/Photo_1614613341266.jpg","contentUrl":"https:\/\/www.ticket-isladelobos.es\/wp-content\/uploads\/2021\/04\/Photo_1614613341266.jpg","width":720,"height":720,"caption":"Ticket Isla-de-lobos"},"image":{"@id":"https:\/\/www.ticket-isladelobos.es\/es\/#\/schema\/logo\/image\/"},"sameAs":["https:\/\/www.facebook.com\/ticketisladelobos"]}]}},"jetpack_publicize_connections":[],"jetpack_likes_enabled":true,"jetpack_sharing_enabled":true,"_links":{"self":[{"href":"https:\/\/www.ticket-isladelobos.es\/es\/wp-json\/wp\/v2\/product\/137","targetHints":{"allow":["GET"]}}],"collection":[{"href":"https:\/\/www.ticket-isladelobos.es\/es\/wp-json\/wp\/v2\/product"}],"about":[{"href":"https:\/\/www.ticket-isladelobos.es\/es\/wp-json\/wp\/v2\/types\/product"}],"replies":[{"embeddable":true,"href":"https:\/\/www.ticket-isladelobos.es\/es\/wp-json\/wp\/v2\/comments?post=137"}],"wp:featuredmedia":[{"embeddable":true,"href":"https:\/\/www.ticket-isladelobos.es\/es\/wp-json\/wp\/v2\/media\/23904"}],"wp:attachment":[{"href":"https:\/\/www.ticket-isladelobos.es\/es\/wp-json\/wp\/v2\/media?parent=137"}],"wp:term":[{"taxonomy":"product_brand","embeddable":true,"href":"https:\/\/www.ticket-isladelobos.es\/es\/wp-json\/wp\/v2\/product_brand?post=137"},{"taxonomy":"product_cat","embeddable":true,"href":"https:\/\/www.ticket-isladelobos.es\/es\/wp-json\/wp\/v2\/product_cat?post=137"},{"taxonomy":"product_tag","embeddable":true,"href":"https:\/\/www.ticket-isladelobos.es\/es\/wp-json\/wp\/v2\/product_tag?post=137"}],"curies":[{"name":"wp","href":"https:\/\/api.w.org\/{rel}","templated":true}]}}