{"id":20924,"date":"2023-06-24T14:19:19","date_gmt":"2023-06-24T14:19:19","guid":{"rendered":"https:\/\/www.ticket-isladelobos.es\/?post_type=product&#038;p=20924"},"modified":"2023-06-24T14:20:50","modified_gmt":"2023-06-24T14:20:50","slug":"moto-de-agua-lobos-safari-40min","status":"publish","type":"product","link":"https:\/\/www.ticket-isladelobos.es\/es\/tours\/moto-de-agua-lobos-safari-40min\/","title":{"rendered":"Moto de Agua Lobos Safari 40min"},"content":{"rendered":"<h1>Moto de Agua Lobos Safari 40min<\/h1>\n<p>&nbsp;<\/p>\n<p>\u00bfNuevo en el esqu\u00ed acu\u00e1tico o presionado por el tiempo? Este tour compacto en moto de agua le permite ver algunos de los lugares m\u00e1s destacados de Fuerteventura en 40 minutos.<\/p>\n<p><img loading=\"lazy\" decoding=\"async\" data-attachment-id=\"11161\" data-permalink=\"https:\/\/www.ticket-isladelobos.es\/es\/?attachment_id=11161\" data-orig-file=\"https:\/\/www.ticket-isladelobos.es\/wp-content\/uploads\/2022\/07\/jet-ski-double-trip-in-corralejo.jpg\" data-orig-size=\"1600,1200\" data-comments-opened=\"1\" data-image-meta=\"{&quot;aperture&quot;:&quot;0&quot;,&quot;credit&quot;:&quot;&quot;,&quot;camera&quot;:&quot;&quot;,&quot;caption&quot;:&quot;&quot;,&quot;created_timestamp&quot;:&quot;0&quot;,&quot;copyright&quot;:&quot;&quot;,&quot;focal_length&quot;:&quot;0&quot;,&quot;iso&quot;:&quot;0&quot;,&quot;shutter_speed&quot;:&quot;0&quot;,&quot;title&quot;:&quot;&quot;,&quot;orientation&quot;:&quot;0&quot;}\" data-image-title=\"jet-ski-double-trip-in-corralejo\" data-image-description=\"\" data-image-caption=\"\" data-medium-file=\"https:\/\/www.ticket-isladelobos.es\/wp-content\/uploads\/2022\/07\/jet-ski-double-trip-in-corralejo-300x225.jpg\" data-large-file=\"https:\/\/www.ticket-isladelobos.es\/wp-content\/uploads\/2022\/07\/jet-ski-double-trip-in-corralejo-1024x768.jpg\" class=\"alignnone size-medium wp-image-11161\" src=\"https:\/\/www.ticket-isladelobos.es\/wp-content\/uploads\/2022\/07\/jet-ski-double-trip-in-corralejo-300x225.jpg\" alt=\"\" width=\"300\" height=\"225\" srcset=\"https:\/\/www.ticket-isladelobos.es\/wp-content\/uploads\/2022\/07\/jet-ski-double-trip-in-corralejo.jpg 300w, https:\/\/www.ticket-isladelobos.es\/wp-content\/uploads\/2022\/07\/jet-ski-double-trip-in-corralejo.jpg 1024w, https:\/\/www.ticket-isladelobos.es\/wp-content\/uploads\/2022\/07\/jet-ski-double-trip-in-corralejo.jpg 768w, https:\/\/www.ticket-isladelobos.es\/wp-content\/uploads\/2022\/07\/jet-ski-double-trip-in-corralejo.jpg 1536w, https:\/\/www.ticket-isladelobos.es\/wp-content\/uploads\/2022\/07\/jet-ski-double-trip-in-corralejo.jpg 600w, https:\/\/www.ticket-isladelobos.es\/wp-content\/uploads\/2022\/07\/jet-ski-double-trip-in-corralejo.jpg 1600w\" sizes=\"auto, (max-width: 300px) 100vw, 300px\" \/><\/p>\n<p>Recorra la hermosa costa de Corralejo a su propio ritmo mientras se desliza por el agua y contempla las vistas.<\/p>\n<p>Llevamos mucho tiempo haciendo esto y podemos ofrecerle una experiencia memorable con nuestros viajes en Jet Ski Safari.<\/p>\n<p><img loading=\"lazy\" decoding=\"async\" data-attachment-id=\"11163\" data-permalink=\"https:\/\/www.ticket-isladelobos.es\/es\/?attachment_id=11163\" data-orig-file=\"https:\/\/www.ticket-isladelobos.es\/wp-content\/uploads\/2022\/07\/couple-on-jet-ski-safari-trip-fuerteventura.jpg\" data-orig-size=\"1600,1200\" data-comments-opened=\"1\" data-image-meta=\"{&quot;aperture&quot;:&quot;0&quot;,&quot;credit&quot;:&quot;&quot;,&quot;camera&quot;:&quot;&quot;,&quot;caption&quot;:&quot;&quot;,&quot;created_timestamp&quot;:&quot;0&quot;,&quot;copyright&quot;:&quot;&quot;,&quot;focal_length&quot;:&quot;0&quot;,&quot;iso&quot;:&quot;0&quot;,&quot;shutter_speed&quot;:&quot;0&quot;,&quot;title&quot;:&quot;&quot;,&quot;orientation&quot;:&quot;0&quot;}\" data-image-title=\"couple-on-jet-ski-safari-trip-fuerteventura\" data-image-description=\"\" data-image-caption=\"\" data-medium-file=\"https:\/\/www.ticket-isladelobos.es\/wp-content\/uploads\/2022\/07\/couple-on-jet-ski-safari-trip-fuerteventura-300x225.jpg\" data-large-file=\"https:\/\/www.ticket-isladelobos.es\/wp-content\/uploads\/2022\/07\/couple-on-jet-ski-safari-trip-fuerteventura-1024x768.jpg\" class=\"alignnone size-medium wp-image-11163\" src=\"https:\/\/www.ticket-isladelobos.es\/wp-content\/uploads\/2022\/07\/couple-on-jet-ski-safari-trip-fuerteventura-300x225.jpg\" alt=\"\" width=\"300\" height=\"225\" srcset=\"https:\/\/www.ticket-isladelobos.es\/wp-content\/uploads\/2022\/07\/couple-on-jet-ski-safari-trip-fuerteventura.jpg 300w, https:\/\/www.ticket-isladelobos.es\/wp-content\/uploads\/2022\/07\/couple-on-jet-ski-safari-trip-fuerteventura.jpg 1024w, https:\/\/www.ticket-isladelobos.es\/wp-content\/uploads\/2022\/07\/couple-on-jet-ski-safari-trip-fuerteventura.jpg 768w, https:\/\/www.ticket-isladelobos.es\/wp-content\/uploads\/2022\/07\/couple-on-jet-ski-safari-trip-fuerteventura.jpg 1536w, https:\/\/www.ticket-isladelobos.es\/wp-content\/uploads\/2022\/07\/couple-on-jet-ski-safari-trip-fuerteventura.jpg 600w, https:\/\/www.ticket-isladelobos.es\/wp-content\/uploads\/2022\/07\/couple-on-jet-ski-safari-trip-fuerteventura.jpg 1600w\" sizes=\"auto, (max-width: 300px) 100vw, 300px\" \/><\/p>\n<p>\u00a1En nuestros paseos en moto de agua r\u00e1pidos y llenos de adrenalina, literalmente te volver\u00e1s adicto! Nuestro personal bien capacitado y experimentado est\u00e1 siempre cerca para asegurarse de que se divierta con total seguridad. \u00a1Seguir adelante!<\/p>\n<p><img loading=\"lazy\" decoding=\"async\" data-attachment-id=\"11165\" data-permalink=\"https:\/\/www.ticket-isladelobos.es\/es\/?attachment_id=11165\" data-orig-file=\"https:\/\/www.ticket-isladelobos.es\/wp-content\/uploads\/2022\/07\/jet-ski-safari-fleet-rent.jpg\" data-orig-size=\"1333,1000\" data-comments-opened=\"1\" data-image-meta=\"{&quot;aperture&quot;:&quot;0&quot;,&quot;credit&quot;:&quot;&quot;,&quot;camera&quot;:&quot;&quot;,&quot;caption&quot;:&quot;&quot;,&quot;created_timestamp&quot;:&quot;0&quot;,&quot;copyright&quot;:&quot;&quot;,&quot;focal_length&quot;:&quot;0&quot;,&quot;iso&quot;:&quot;0&quot;,&quot;shutter_speed&quot;:&quot;0&quot;,&quot;title&quot;:&quot;&quot;,&quot;orientation&quot;:&quot;0&quot;}\" data-image-title=\"jet-ski-safari-fleet-rent\" data-image-description=\"\" data-image-caption=\"\" data-medium-file=\"https:\/\/www.ticket-isladelobos.es\/wp-content\/uploads\/2022\/07\/jet-ski-safari-fleet-rent-300x225.jpg\" data-large-file=\"https:\/\/www.ticket-isladelobos.es\/wp-content\/uploads\/2022\/07\/jet-ski-safari-fleet-rent-1024x768.jpg\" class=\"alignnone size-medium wp-image-11165\" src=\"https:\/\/www.ticket-isladelobos.es\/wp-content\/uploads\/2022\/07\/jet-ski-safari-fleet-rent-300x225.jpg\" alt=\"\" width=\"300\" height=\"225\" srcset=\"https:\/\/www.ticket-isladelobos.es\/wp-content\/uploads\/2022\/07\/jet-ski-safari-fleet-rent.jpg 300w, https:\/\/www.ticket-isladelobos.es\/wp-content\/uploads\/2022\/07\/jet-ski-safari-fleet-rent.jpg 1024w, https:\/\/www.ticket-isladelobos.es\/wp-content\/uploads\/2022\/07\/jet-ski-safari-fleet-rent.jpg 768w, https:\/\/www.ticket-isladelobos.es\/wp-content\/uploads\/2022\/07\/jet-ski-safari-fleet-rent.jpg 600w, https:\/\/www.ticket-isladelobos.es\/wp-content\/uploads\/2022\/07\/jet-ski-safari-fleet-rent.jpg 1333w\" sizes=\"auto, (max-width: 300px) 100vw, 300px\" \/><\/p>\n<h2>Con licencia completa para excursiones guiadas en moto de agua!<\/h2>\n<p>Lista de Precio:<\/p>\n<p>Individual = 99\u20ac<\/p>\n<p>Doble = 119\u20ac<\/p>\n","protected":false},"excerpt":{"rendered":"<p>Moto de Agua Lobos Safari 40min &nbsp; \u00bfNuevo en el esqu\u00ed acu\u00e1tico o presionado por el tiempo? Este tour compacto en moto de agua le permite ver algunos de los lugares m\u00e1s destacados de Fuerteventura en 40 minutos. Recorra la hermosa costa de Corralejo a su propio ritmo mientras se desliza por el agua y<\/p>\n<div class=\"padding-top text-center\"><a href=\"https:\/\/www.ticket-isladelobos.es\/es\/tours\/moto-de-agua-lobos-safari-40min\/\" class=\"atbtn atbtn--medium atbtn--rounded atbtn--transparent\">Lee Mas<i class=\"atbtn__icon atbtn__icon--right fa fa-long-arrow-right\"><\/i><\/a><\/div>\n","protected":false},"featured_media":11173,"comment_status":"open","ping_status":"closed","template":"","meta":{"jetpack_publicize_message":"","jetpack_publicize_feature_enabled":true,"jetpack_social_post_already_shared":true,"jetpack_social_options":{"image_generator_settings":{"template":"highway","default_image_id":0,"font":"","enabled":false},"version":2}},"product_brand":[],"product_cat":[15],"product_tag":[],"class_list":{"0":"post-20924","1":"product","2":"type-product","3":"status-publish","4":"has-post-thumbnail","6":"product_cat-sin-categorizar","8":"first","9":"instock","10":"shipping-taxable","11":"purchasable","12":"product-type-tour","13":"has-default-attributes"},"yoast_head":"<!-- This site is optimized with the Yoast SEO plugin v23.4 - https:\/\/yoast.com\/wordpress\/plugins\/seo\/ -->\n<title>Moto de Agua Lobos Safari 40min - \u2705Isla de Lobos Fuerteventura Tickets Ferry WaterTaxi Excursiones Reservas<\/title>\n<meta name=\"robots\" content=\"index, follow, max-snippet:-1, max-image-preview:large, max-video-preview:-1\" \/>\n<link rel=\"canonical\" href=\"https:\/\/www.ticket-isladelobos.es\/es\/tours\/moto-de-agua-lobos-safari-40min\/\" \/>\n<meta property=\"og:locale\" content=\"es_ES\" \/>\n<meta property=\"og:type\" content=\"article\" \/>\n<meta property=\"og:title\" content=\"Moto de Agua Lobos Safari 40min - \u2705Isla de Lobos Fuerteventura Tickets Ferry WaterTaxi Excursiones Reservas\" \/>\n<meta property=\"og:description\" content=\"Moto de Agua Lobos Safari 40min &nbsp; \u00bfNuevo en el esqu\u00ed acu\u00e1tico o presionado por el tiempo? Este tour compacto en moto de agua le permite ver algunos de los lugares m\u00e1s destacados de Fuerteventura en 40 minutos. Recorra la hermosa costa de Corralejo a su propio ritmo mientras se desliza por el agua yLee Mas\" \/>\n<meta property=\"og:url\" content=\"https:\/\/www.ticket-isladelobos.es\/es\/tours\/moto-de-agua-lobos-safari-40min\/\" \/>\n<meta property=\"og:site_name\" content=\"\u2705Isla de Lobos Fuerteventura Tickets Ferry WaterTaxi Excursiones Reservas\" \/>\n<meta property=\"article:publisher\" content=\"https:\/\/www.facebook.com\/ticketisladelobos\" \/>\n<meta property=\"article:modified_time\" content=\"2023-06-24T14:20:50+00:00\" \/>\n<meta property=\"og:image\" content=\"https:\/\/www.ticket-isladelobos.es\/wp-content\/uploads\/2022\/07\/fuerteventura-jet-ski.jpg\" \/>\n\t<meta property=\"og:image:width\" content=\"1600\" \/>\n\t<meta property=\"og:image:height\" content=\"1200\" \/>\n\t<meta property=\"og:image:type\" content=\"image\/jpeg\" \/>\n<meta name=\"twitter:card\" content=\"summary_large_image\" \/>\n<meta name=\"twitter:label1\" content=\"Tiempo de lectura\" \/>\n\t<meta name=\"twitter:data1\" content=\"2 minutos\" \/>\n<script type=\"application\/ld+json\" class=\"yoast-schema-graph\">{\"@context\":\"https:\/\/schema.org\",\"@graph\":[{\"@type\":\"WebPage\",\"@id\":\"https:\/\/www.ticket-isladelobos.es\/es\/tours\/moto-de-agua-lobos-safari-40min\/\",\"url\":\"https:\/\/www.ticket-isladelobos.es\/es\/tours\/moto-de-agua-lobos-safari-40min\/\",\"name\":\"Moto de Agua Lobos Safari 40min - \u2705Isla de Lobos Fuerteventura Tickets Ferry WaterTaxi Excursiones Reservas\",\"isPartOf\":{\"@id\":\"https:\/\/www.ticket-isladelobos.es\/es\/#website\"},\"primaryImageOfPage\":{\"@id\":\"https:\/\/www.ticket-isladelobos.es\/es\/tours\/moto-de-agua-lobos-safari-40min\/#primaryimage\"},\"image\":{\"@id\":\"https:\/\/www.ticket-isladelobos.es\/es\/tours\/moto-de-agua-lobos-safari-40min\/#primaryimage\"},\"thumbnailUrl\":\"https:\/\/www.ticket-isladelobos.es\/wp-content\/uploads\/2022\/07\/fuerteventura-jet-ski.jpg\",\"datePublished\":\"2023-06-24T14:19:19+00:00\",\"dateModified\":\"2023-06-24T14:20:50+00:00\",\"breadcrumb\":{\"@id\":\"https:\/\/www.ticket-isladelobos.es\/es\/tours\/moto-de-agua-lobos-safari-40min\/#breadcrumb\"},\"inLanguage\":\"es\",\"potentialAction\":[{\"@type\":\"ReadAction\",\"target\":[\"https:\/\/www.ticket-isladelobos.es\/es\/tours\/moto-de-agua-lobos-safari-40min\/\"]}]},{\"@type\":\"ImageObject\",\"inLanguage\":\"es\",\"@id\":\"https:\/\/www.ticket-isladelobos.es\/es\/tours\/moto-de-agua-lobos-safari-40min\/#primaryimage\",\"url\":\"https:\/\/www.ticket-isladelobos.es\/wp-content\/uploads\/2022\/07\/fuerteventura-jet-ski.jpg\",\"contentUrl\":\"https:\/\/www.ticket-isladelobos.es\/wp-content\/uploads\/2022\/07\/fuerteventura-jet-ski.jpg\",\"width\":1600,\"height\":1200},{\"@type\":\"BreadcrumbList\",\"@id\":\"https:\/\/www.ticket-isladelobos.es\/es\/tours\/moto-de-agua-lobos-safari-40min\/#breadcrumb\",\"itemListElement\":[{\"@type\":\"ListItem\",\"position\":1,\"name\":\"Portada\",\"item\":\"https:\/\/www.ticket-isladelobos.es\/es\/\"},{\"@type\":\"ListItem\",\"position\":2,\"name\":\"Tienda\",\"item\":\"https:\/\/www.ticket-isladelobos.es\/es\/tienda\/\"},{\"@type\":\"ListItem\",\"position\":3,\"name\":\"Moto de Agua Lobos Safari 40min\"}]},{\"@type\":\"WebSite\",\"@id\":\"https:\/\/www.ticket-isladelobos.es\/es\/#website\",\"url\":\"https:\/\/www.ticket-isladelobos.es\/es\/\",\"name\":\"\u2705Isla de Lobos Fuerteventura Tickets Ferry WaterTaxi Excursiones Reservas\",\"description\":\"\u00bfQuieres hacer un viaje completamente inolvidable? Reserva hoy! Todo sobre la Isla de Lobos en un sitio!\",\"publisher\":{\"@id\":\"https:\/\/www.ticket-isladelobos.es\/es\/#organization\"},\"potentialAction\":[{\"@type\":\"SearchAction\",\"target\":{\"@type\":\"EntryPoint\",\"urlTemplate\":\"https:\/\/www.ticket-isladelobos.es\/es\/?s={search_term_string}\"},\"query-input\":{\"@type\":\"PropertyValueSpecification\",\"valueRequired\":true,\"valueName\":\"search_term_string\"}}],\"inLanguage\":\"es\"},{\"@type\":\"Organization\",\"@id\":\"https:\/\/www.ticket-isladelobos.es\/es\/#organization\",\"name\":\"Ticket Isla-de-lobos\",\"url\":\"https:\/\/www.ticket-isladelobos.es\/es\/\",\"logo\":{\"@type\":\"ImageObject\",\"inLanguage\":\"es\",\"@id\":\"https:\/\/www.ticket-isladelobos.es\/es\/#\/schema\/logo\/image\/\",\"url\":\"https:\/\/www.ticket-isladelobos.es\/wp-content\/uploads\/2021\/04\/Photo_1614613341266.jpg\",\"contentUrl\":\"https:\/\/www.ticket-isladelobos.es\/wp-content\/uploads\/2021\/04\/Photo_1614613341266.jpg\",\"width\":720,\"height\":720,\"caption\":\"Ticket Isla-de-lobos\"},\"image\":{\"@id\":\"https:\/\/www.ticket-isladelobos.es\/es\/#\/schema\/logo\/image\/\"},\"sameAs\":[\"https:\/\/www.facebook.com\/ticketisladelobos\"]}]}<\/script>\n<!-- \/ Yoast SEO plugin. -->","yoast_head_json":{"title":"Moto de Agua Lobos Safari 40min - \u2705Isla de Lobos Fuerteventura Tickets Ferry WaterTaxi Excursiones Reservas","robots":{"index":"index","follow":"follow","max-snippet":"max-snippet:-1","max-image-preview":"max-image-preview:large","max-video-preview":"max-video-preview:-1"},"canonical":"https:\/\/www.ticket-isladelobos.es\/es\/tours\/moto-de-agua-lobos-safari-40min\/","og_locale":"es_ES","og_type":"article","og_title":"Moto de Agua Lobos Safari 40min - \u2705Isla de Lobos Fuerteventura Tickets Ferry WaterTaxi Excursiones Reservas","og_description":"Moto de Agua Lobos Safari 40min &nbsp; \u00bfNuevo en el esqu\u00ed acu\u00e1tico o presionado por el tiempo? Este tour compacto en moto de agua le permite ver algunos de los lugares m\u00e1s destacados de Fuerteventura en 40 minutos. Recorra la hermosa costa de Corralejo a su propio ritmo mientras se desliza por el agua yLee Mas","og_url":"https:\/\/www.ticket-isladelobos.es\/es\/tours\/moto-de-agua-lobos-safari-40min\/","og_site_name":"\u2705Isla de Lobos Fuerteventura Tickets Ferry WaterTaxi Excursiones Reservas","article_publisher":"https:\/\/www.facebook.com\/ticketisladelobos","article_modified_time":"2023-06-24T14:20:50+00:00","og_image":[{"width":1600,"height":1200,"url":"https:\/\/www.ticket-isladelobos.es\/wp-content\/uploads\/2022\/07\/fuerteventura-jet-ski.jpg","type":"image\/jpeg"}],"twitter_card":"summary_large_image","twitter_misc":{"Tiempo de lectura":"2 minutos"},"schema":{"@context":"https:\/\/schema.org","@graph":[{"@type":"WebPage","@id":"https:\/\/www.ticket-isladelobos.es\/es\/tours\/moto-de-agua-lobos-safari-40min\/","url":"https:\/\/www.ticket-isladelobos.es\/es\/tours\/moto-de-agua-lobos-safari-40min\/","name":"Moto de Agua Lobos Safari 40min - \u2705Isla de Lobos Fuerteventura Tickets Ferry WaterTaxi Excursiones Reservas","isPartOf":{"@id":"https:\/\/www.ticket-isladelobos.es\/es\/#website"},"primaryImageOfPage":{"@id":"https:\/\/www.ticket-isladelobos.es\/es\/tours\/moto-de-agua-lobos-safari-40min\/#primaryimage"},"image":{"@id":"https:\/\/www.ticket-isladelobos.es\/es\/tours\/moto-de-agua-lobos-safari-40min\/#primaryimage"},"thumbnailUrl":"https:\/\/www.ticket-isladelobos.es\/wp-content\/uploads\/2022\/07\/fuerteventura-jet-ski.jpg","datePublished":"2023-06-24T14:19:19+00:00","dateModified":"2023-06-24T14:20:50+00:00","breadcrumb":{"@id":"https:\/\/www.ticket-isladelobos.es\/es\/tours\/moto-de-agua-lobos-safari-40min\/#breadcrumb"},"inLanguage":"es","potentialAction":[{"@type":"ReadAction","target":["https:\/\/www.ticket-isladelobos.es\/es\/tours\/moto-de-agua-lobos-safari-40min\/"]}]},{"@type":"ImageObject","inLanguage":"es","@id":"https:\/\/www.ticket-isladelobos.es\/es\/tours\/moto-de-agua-lobos-safari-40min\/#primaryimage","url":"https:\/\/www.ticket-isladelobos.es\/wp-content\/uploads\/2022\/07\/fuerteventura-jet-ski.jpg","contentUrl":"https:\/\/www.ticket-isladelobos.es\/wp-content\/uploads\/2022\/07\/fuerteventura-jet-ski.jpg","width":1600,"height":1200},{"@type":"BreadcrumbList","@id":"https:\/\/www.ticket-isladelobos.es\/es\/tours\/moto-de-agua-lobos-safari-40min\/#breadcrumb","itemListElement":[{"@type":"ListItem","position":1,"name":"Portada","item":"https:\/\/www.ticket-isladelobos.es\/es\/"},{"@type":"ListItem","position":2,"name":"Tienda","item":"https:\/\/www.ticket-isladelobos.es\/es\/tienda\/"},{"@type":"ListItem","position":3,"name":"Moto de Agua Lobos Safari 40min"}]},{"@type":"WebSite","@id":"https:\/\/www.ticket-isladelobos.es\/es\/#website","url":"https:\/\/www.ticket-isladelobos.es\/es\/","name":"\u2705Isla de Lobos Fuerteventura Tickets Ferry WaterTaxi Excursiones Reservas","description":"\u00bfQuieres hacer un viaje completamente inolvidable? Reserva hoy! Todo sobre la Isla de Lobos en un sitio!","publisher":{"@id":"https:\/\/www.ticket-isladelobos.es\/es\/#organization"},"potentialAction":[{"@type":"SearchAction","target":{"@type":"EntryPoint","urlTemplate":"https:\/\/www.ticket-isladelobos.es\/es\/?s={search_term_string}"},"query-input":{"@type":"PropertyValueSpecification","valueRequired":true,"valueName":"search_term_string"}}],"inLanguage":"es"},{"@type":"Organization","@id":"https:\/\/www.ticket-isladelobos.es\/es\/#organization","name":"Ticket Isla-de-lobos","url":"https:\/\/www.ticket-isladelobos.es\/es\/","logo":{"@type":"ImageObject","inLanguage":"es","@id":"https:\/\/www.ticket-isladelobos.es\/es\/#\/schema\/logo\/image\/","url":"https:\/\/www.ticket-isladelobos.es\/wp-content\/uploads\/2021\/04\/Photo_1614613341266.jpg","contentUrl":"https:\/\/www.ticket-isladelobos.es\/wp-content\/uploads\/2021\/04\/Photo_1614613341266.jpg","width":720,"height":720,"caption":"Ticket Isla-de-lobos"},"image":{"@id":"https:\/\/www.ticket-isladelobos.es\/es\/#\/schema\/logo\/image\/"},"sameAs":["https:\/\/www.facebook.com\/ticketisladelobos"]}]}},"jetpack_publicize_connections":[],"jetpack_likes_enabled":true,"jetpack_sharing_enabled":true,"_links":{"self":[{"href":"https:\/\/www.ticket-isladelobos.es\/es\/wp-json\/wp\/v2\/product\/20924","targetHints":{"allow":["GET"]}}],"collection":[{"href":"https:\/\/www.ticket-isladelobos.es\/es\/wp-json\/wp\/v2\/product"}],"about":[{"href":"https:\/\/www.ticket-isladelobos.es\/es\/wp-json\/wp\/v2\/types\/product"}],"replies":[{"embeddable":true,"href":"https:\/\/www.ticket-isladelobos.es\/es\/wp-json\/wp\/v2\/comments?post=20924"}],"wp:featuredmedia":[{"embeddable":true,"href":"https:\/\/www.ticket-isladelobos.es\/es\/wp-json\/wp\/v2\/media\/11173"}],"wp:attachment":[{"href":"https:\/\/www.ticket-isladelobos.es\/es\/wp-json\/wp\/v2\/media?parent=20924"}],"wp:term":[{"taxonomy":"product_brand","embeddable":true,"href":"https:\/\/www.ticket-isladelobos.es\/es\/wp-json\/wp\/v2\/product_brand?post=20924"},{"taxonomy":"product_cat","embeddable":true,"href":"https:\/\/www.ticket-isladelobos.es\/es\/wp-json\/wp\/v2\/product_cat?post=20924"},{"taxonomy":"product_tag","embeddable":true,"href":"https:\/\/www.ticket-isladelobos.es\/es\/wp-json\/wp\/v2\/product_tag?post=20924"}],"curies":[{"name":"wp","href":"https:\/\/api.w.org\/{rel}","templated":true}]}}