{"id":21493,"date":"2023-07-23T08:11:38","date_gmt":"2023-07-23T08:11:38","guid":{"rendered":"https:\/\/www.ticket-isladelobos.es\/?post_type=product&#038;p=21493"},"modified":"2025-06-24T13:26:12","modified_gmt":"2025-06-24T13:26:12","slug":"mini-crucero-de-delfines-lanzarote","status":"publish","type":"product","link":"https:\/\/www.ticket-isladelobos.es\/es\/tours\/mini-crucero-de-delfines-lanzarote\/","title":{"rendered":"Mini Crucero de Delfines Lanzarote"},"content":{"rendered":"<h2>Precios<\/h2>\n<p><strong>Adultos:<\/strong> 35\u20ac<br \/>\n<strong>Ni\u00f1os (3-11 a\u00f1os):<\/strong> 25\u20ac<br \/>\n<strong>Bebes (0-3 a\u00f1os): Gratis<\/strong><\/p>\n<h2>Duraci\u00f3n<\/h2>\n<p>1,5hrs<\/p>\n<h2>Informaci\u00f3n<\/h2>\n<p>Disfruta de una excursi\u00f3n de 1,5 horas con salida desde Puerto del Carmen mientras admiras las vistas panor\u00e1micas de la costa sureste de Lanzarote a bordo del moderno y r\u00e1pido Biosfera Jet.<br \/>\nParticipa en la b\u00fasqueda de delfines y ballenas* que con regularidad se pueden observar en la zona y aprende detalles acerca de ellos en su h\u00e1bitat natural gracias a nuestra tripulaci\u00f3n.<br \/>\nUna vez de vuelta a la costa, tendr\u00e1s tiempo para deleitarte con un ba\u00f1o y buceo** en las cristalinas aguas del Atl\u00e1ntico rodeado de peces junto a una espectacular costa volc\u00e1nica.<\/p>\n<p>*Al tratarse de animales salvajes, no puede garantizarse al 100% el avistamiento.<\/p>\n<table class=\"table table-bordered tours-tabs__table\" style=\"width: 100%; height: 354px;\">\n<tbody>\n<tr style=\"height: 44px;\">\n<td style=\"height: 44px; width: 18.8865%;\"><strong>PLACE OF DEPARTURE \/ RETURN<\/strong><\/td>\n<td style=\"height: 44px; width: 80.3493%;\">Puerto del Carmen<\/td>\n<\/tr>\n<tr style=\"height: 22px;\">\n<td style=\"height: 22px; width: 18.8865%;\">\n<p id=\"tw-target-text\" class=\"tw-data-text tw-text-large XcVN5d tw-ta\" dir=\"ltr\" data-placeholder=\"Ford\u00edt\u00e1s\"><strong><span class=\"Y2IQFc\" lang=\"en\" tabindex=\"-1\">DEPARTURE TIME<\/span><\/strong><\/p>\n<\/td>\n<td style=\"height: 22px; width: 80.3493%;\">\n<div>13:30<\/div>\n<\/td>\n<\/tr>\n<tr style=\"height: 139px;\">\n<td style=\"height: 226px; width: 18.8865%;\"><strong>INCLUDED<\/strong><\/td>\n<td style=\"height: 226px; width: 80.3493%;\">\n<table class=\"table table-bordered\" style=\"height: 166px; width: 84.9802%;\" width=\"300\">\n<tbody>\n<tr style=\"height: 44px;\">\n<td style=\"height: 44px; width: 44.7388%;\"><i class=\"fa fa-check icon-tick icon-tick--on\"><\/i> Avistamiento de cet\u00e1ceos<\/td>\n<td style=\"height: 44px; width: 53.8843%;\"><i class=\"fa fa-check icon-tick icon-tick--on\"><\/i>Tiempo para ba\u00f1o y buceo<\/td>\n<\/tr>\n<tr style=\"height: 66px;\">\n<td style=\"height: 66px; width: 44.7388%;\"><i class=\"fa fa-check icon-tick icon-tick--on\"><\/i> Paseo en barco<\/td>\n<td style=\"height: 66px; width: 53.8843%;\"><\/td>\n<\/tr>\n<tr style=\"height: 56px;\">\n<td style=\"width: 44.7388%; height: 56px;\"><\/td>\n<td style=\"width: 53.8843%; height: 56px;\"><i class=\"fa fa-check icon-tick icon-tick--on\"><\/i>Comentario ofrecido por un gu\u00eda que viajar\u00e1 a bordo<\/td>\n<\/tr>\n<\/tbody>\n<\/table>\n<p>&nbsp;<\/p><\/td>\n<\/tr>\n<tr style=\"height: 62px;\">\n<td style=\"height: 62px; width: 18.8865%;\"><\/td>\n<td style=\"height: 62px; width: 80.3493%;\"><\/td>\n<\/tr>\n<\/tbody>\n<\/table>\n<h3>BEB\u00c9S HASTA 3 A\u00d1OS GRATIS!<\/h3>\n","protected":false},"excerpt":{"rendered":"<p>Precios Adultos: 35\u20ac Ni\u00f1os (3-11 a\u00f1os): 25\u20ac Bebes (0-3 a\u00f1os): Gratis Duraci\u00f3n 1,5hrs Informaci\u00f3n Disfruta de una excursi\u00f3n de 1,5 horas con salida desde Puerto del Carmen mientras admiras las vistas panor\u00e1micas de la costa sureste de Lanzarote a bordo del moderno y r\u00e1pido Biosfera Jet. Participa en la b\u00fasqueda de delfines y ballenas* que<\/p>\n<div class=\"padding-top text-center\"><a href=\"https:\/\/www.ticket-isladelobos.es\/es\/tours\/mini-crucero-de-delfines-lanzarote\/\" class=\"atbtn atbtn--medium atbtn--rounded atbtn--transparent\">Lee Mas<i class=\"atbtn__icon atbtn__icon--right fa fa-long-arrow-right\"><\/i><\/a><\/div>\n","protected":false},"featured_media":21486,"comment_status":"open","ping_status":"closed","template":"","meta":{"jetpack_publicize_message":"","jetpack_publicize_feature_enabled":true,"jetpack_social_post_already_shared":true,"jetpack_social_options":{"image_generator_settings":{"template":"highway","default_image_id":0,"font":"","enabled":false},"version":2}},"product_brand":[],"product_cat":[15],"product_tag":[],"class_list":{"0":"post-21493","1":"product","2":"type-product","3":"status-publish","4":"has-post-thumbnail","6":"product_cat-sin-categorizar","7":"tour_category-desde-lanzarote","9":"first","10":"instock","11":"shipping-taxable","12":"purchasable","13":"product-type-tour"},"yoast_head":"<!-- This site is optimized with the Yoast SEO plugin v23.4 - https:\/\/yoast.com\/wordpress\/plugins\/seo\/ -->\n<title>Mini Crucero de Delfines Lanzarote - \u2705Isla de Lobos Fuerteventura Tickets Ferry WaterTaxi Excursiones Reservas<\/title>\n<meta name=\"description\" content=\"Experimenta la emoci\u00f3n de la b\u00fasqueda de delfines \u2022 1.5 horas desde Puerto del Carmen\" \/>\n<meta name=\"robots\" content=\"index, follow, max-snippet:-1, max-image-preview:large, max-video-preview:-1\" \/>\n<link rel=\"canonical\" href=\"https:\/\/www.ticket-isladelobos.es\/es\/tours\/mini-crucero-de-delfines-lanzarote\/\" \/>\n<meta property=\"og:locale\" content=\"es_ES\" \/>\n<meta property=\"og:type\" content=\"article\" \/>\n<meta property=\"og:title\" content=\"Mini Crucero de Delfines Lanzarote - \u2705Isla de Lobos Fuerteventura Tickets Ferry WaterTaxi Excursiones Reservas\" \/>\n<meta property=\"og:description\" content=\"Experimenta la emoci\u00f3n de la b\u00fasqueda de delfines \u2022 1.5 horas desde Puerto del Carmen\" \/>\n<meta property=\"og:url\" content=\"https:\/\/www.ticket-isladelobos.es\/es\/tours\/mini-crucero-de-delfines-lanzarote\/\" \/>\n<meta property=\"og:site_name\" content=\"\u2705Isla de Lobos Fuerteventura Tickets Ferry WaterTaxi Excursiones Reservas\" \/>\n<meta property=\"article:publisher\" content=\"https:\/\/www.facebook.com\/ticketisladelobos\" \/>\n<meta property=\"article:modified_time\" content=\"2025-06-24T13:26:12+00:00\" \/>\n<meta property=\"og:image\" content=\"https:\/\/www.ticket-isladelobos.es\/wp-content\/uploads\/2022\/06\/dolphin_minicruise.jpg\" \/>\n\t<meta property=\"og:image:width\" content=\"550\" \/>\n\t<meta property=\"og:image:height\" content=\"368\" \/>\n\t<meta property=\"og:image:type\" content=\"image\/jpeg\" \/>\n<meta name=\"twitter:card\" content=\"summary_large_image\" \/>\n<meta name=\"twitter:label1\" content=\"Tiempo de lectura\" \/>\n\t<meta name=\"twitter:data1\" content=\"1 minuto\" \/>\n<script type=\"application\/ld+json\" class=\"yoast-schema-graph\">{\"@context\":\"https:\/\/schema.org\",\"@graph\":[{\"@type\":\"WebPage\",\"@id\":\"https:\/\/www.ticket-isladelobos.es\/es\/tours\/mini-crucero-de-delfines-lanzarote\/\",\"url\":\"https:\/\/www.ticket-isladelobos.es\/es\/tours\/mini-crucero-de-delfines-lanzarote\/\",\"name\":\"Mini Crucero de Delfines Lanzarote - \u2705Isla de Lobos Fuerteventura Tickets Ferry WaterTaxi Excursiones Reservas\",\"isPartOf\":{\"@id\":\"https:\/\/www.ticket-isladelobos.es\/es\/#website\"},\"primaryImageOfPage\":{\"@id\":\"https:\/\/www.ticket-isladelobos.es\/es\/tours\/mini-crucero-de-delfines-lanzarote\/#primaryimage\"},\"image\":{\"@id\":\"https:\/\/www.ticket-isladelobos.es\/es\/tours\/mini-crucero-de-delfines-lanzarote\/#primaryimage\"},\"thumbnailUrl\":\"https:\/\/www.ticket-isladelobos.es\/wp-content\/uploads\/2022\/06\/dolphin_minicruise.jpg\",\"datePublished\":\"2023-07-23T08:11:38+00:00\",\"dateModified\":\"2025-06-24T13:26:12+00:00\",\"description\":\"Experimenta la emoci\u00f3n de la b\u00fasqueda de delfines \u2022 1.5 horas desde Puerto del Carmen\",\"breadcrumb\":{\"@id\":\"https:\/\/www.ticket-isladelobos.es\/es\/tours\/mini-crucero-de-delfines-lanzarote\/#breadcrumb\"},\"inLanguage\":\"es\",\"potentialAction\":[{\"@type\":\"ReadAction\",\"target\":[\"https:\/\/www.ticket-isladelobos.es\/es\/tours\/mini-crucero-de-delfines-lanzarote\/\"]}]},{\"@type\":\"ImageObject\",\"inLanguage\":\"es\",\"@id\":\"https:\/\/www.ticket-isladelobos.es\/es\/tours\/mini-crucero-de-delfines-lanzarote\/#primaryimage\",\"url\":\"https:\/\/www.ticket-isladelobos.es\/wp-content\/uploads\/2022\/06\/dolphin_minicruise.jpg\",\"contentUrl\":\"https:\/\/www.ticket-isladelobos.es\/wp-content\/uploads\/2022\/06\/dolphin_minicruise.jpg\",\"width\":550,\"height\":368},{\"@type\":\"BreadcrumbList\",\"@id\":\"https:\/\/www.ticket-isladelobos.es\/es\/tours\/mini-crucero-de-delfines-lanzarote\/#breadcrumb\",\"itemListElement\":[{\"@type\":\"ListItem\",\"position\":1,\"name\":\"Portada\",\"item\":\"https:\/\/www.ticket-isladelobos.es\/es\/\"},{\"@type\":\"ListItem\",\"position\":2,\"name\":\"Tienda\",\"item\":\"https:\/\/www.ticket-isladelobos.es\/es\/tienda\/\"},{\"@type\":\"ListItem\",\"position\":3,\"name\":\"Mini Crucero de Delfines Lanzarote\"}]},{\"@type\":\"WebSite\",\"@id\":\"https:\/\/www.ticket-isladelobos.es\/es\/#website\",\"url\":\"https:\/\/www.ticket-isladelobos.es\/es\/\",\"name\":\"\u2705Isla de Lobos Fuerteventura Tickets Ferry WaterTaxi Excursiones Reservas\",\"description\":\"\u00bfQuieres hacer un viaje completamente inolvidable? Reserva hoy! Todo sobre la Isla de Lobos en un sitio!\",\"publisher\":{\"@id\":\"https:\/\/www.ticket-isladelobos.es\/es\/#organization\"},\"potentialAction\":[{\"@type\":\"SearchAction\",\"target\":{\"@type\":\"EntryPoint\",\"urlTemplate\":\"https:\/\/www.ticket-isladelobos.es\/es\/?s={search_term_string}\"},\"query-input\":{\"@type\":\"PropertyValueSpecification\",\"valueRequired\":true,\"valueName\":\"search_term_string\"}}],\"inLanguage\":\"es\"},{\"@type\":\"Organization\",\"@id\":\"https:\/\/www.ticket-isladelobos.es\/es\/#organization\",\"name\":\"Ticket Isla-de-lobos\",\"url\":\"https:\/\/www.ticket-isladelobos.es\/es\/\",\"logo\":{\"@type\":\"ImageObject\",\"inLanguage\":\"es\",\"@id\":\"https:\/\/www.ticket-isladelobos.es\/es\/#\/schema\/logo\/image\/\",\"url\":\"https:\/\/www.ticket-isladelobos.es\/wp-content\/uploads\/2021\/04\/Photo_1614613341266.jpg\",\"contentUrl\":\"https:\/\/www.ticket-isladelobos.es\/wp-content\/uploads\/2021\/04\/Photo_1614613341266.jpg\",\"width\":720,\"height\":720,\"caption\":\"Ticket Isla-de-lobos\"},\"image\":{\"@id\":\"https:\/\/www.ticket-isladelobos.es\/es\/#\/schema\/logo\/image\/\"},\"sameAs\":[\"https:\/\/www.facebook.com\/ticketisladelobos\"]}]}<\/script>\n<!-- \/ Yoast SEO plugin. -->","yoast_head_json":{"title":"Mini Crucero de Delfines Lanzarote - \u2705Isla de Lobos Fuerteventura Tickets Ferry WaterTaxi Excursiones Reservas","description":"Experimenta la emoci\u00f3n de la b\u00fasqueda de delfines \u2022 1.5 horas desde Puerto del Carmen","robots":{"index":"index","follow":"follow","max-snippet":"max-snippet:-1","max-image-preview":"max-image-preview:large","max-video-preview":"max-video-preview:-1"},"canonical":"https:\/\/www.ticket-isladelobos.es\/es\/tours\/mini-crucero-de-delfines-lanzarote\/","og_locale":"es_ES","og_type":"article","og_title":"Mini Crucero de Delfines Lanzarote - \u2705Isla de Lobos Fuerteventura Tickets Ferry WaterTaxi Excursiones Reservas","og_description":"Experimenta la emoci\u00f3n de la b\u00fasqueda de delfines \u2022 1.5 horas desde Puerto del Carmen","og_url":"https:\/\/www.ticket-isladelobos.es\/es\/tours\/mini-crucero-de-delfines-lanzarote\/","og_site_name":"\u2705Isla de Lobos Fuerteventura Tickets Ferry WaterTaxi Excursiones Reservas","article_publisher":"https:\/\/www.facebook.com\/ticketisladelobos","article_modified_time":"2025-06-24T13:26:12+00:00","og_image":[{"width":550,"height":368,"url":"https:\/\/www.ticket-isladelobos.es\/wp-content\/uploads\/2022\/06\/dolphin_minicruise.jpg","type":"image\/jpeg"}],"twitter_card":"summary_large_image","twitter_misc":{"Tiempo de lectura":"1 minuto"},"schema":{"@context":"https:\/\/schema.org","@graph":[{"@type":"WebPage","@id":"https:\/\/www.ticket-isladelobos.es\/es\/tours\/mini-crucero-de-delfines-lanzarote\/","url":"https:\/\/www.ticket-isladelobos.es\/es\/tours\/mini-crucero-de-delfines-lanzarote\/","name":"Mini Crucero de Delfines Lanzarote - \u2705Isla de Lobos Fuerteventura Tickets Ferry WaterTaxi Excursiones Reservas","isPartOf":{"@id":"https:\/\/www.ticket-isladelobos.es\/es\/#website"},"primaryImageOfPage":{"@id":"https:\/\/www.ticket-isladelobos.es\/es\/tours\/mini-crucero-de-delfines-lanzarote\/#primaryimage"},"image":{"@id":"https:\/\/www.ticket-isladelobos.es\/es\/tours\/mini-crucero-de-delfines-lanzarote\/#primaryimage"},"thumbnailUrl":"https:\/\/www.ticket-isladelobos.es\/wp-content\/uploads\/2022\/06\/dolphin_minicruise.jpg","datePublished":"2023-07-23T08:11:38+00:00","dateModified":"2025-06-24T13:26:12+00:00","description":"Experimenta la emoci\u00f3n de la b\u00fasqueda de delfines \u2022 1.5 horas desde Puerto del Carmen","breadcrumb":{"@id":"https:\/\/www.ticket-isladelobos.es\/es\/tours\/mini-crucero-de-delfines-lanzarote\/#breadcrumb"},"inLanguage":"es","potentialAction":[{"@type":"ReadAction","target":["https:\/\/www.ticket-isladelobos.es\/es\/tours\/mini-crucero-de-delfines-lanzarote\/"]}]},{"@type":"ImageObject","inLanguage":"es","@id":"https:\/\/www.ticket-isladelobos.es\/es\/tours\/mini-crucero-de-delfines-lanzarote\/#primaryimage","url":"https:\/\/www.ticket-isladelobos.es\/wp-content\/uploads\/2022\/06\/dolphin_minicruise.jpg","contentUrl":"https:\/\/www.ticket-isladelobos.es\/wp-content\/uploads\/2022\/06\/dolphin_minicruise.jpg","width":550,"height":368},{"@type":"BreadcrumbList","@id":"https:\/\/www.ticket-isladelobos.es\/es\/tours\/mini-crucero-de-delfines-lanzarote\/#breadcrumb","itemListElement":[{"@type":"ListItem","position":1,"name":"Portada","item":"https:\/\/www.ticket-isladelobos.es\/es\/"},{"@type":"ListItem","position":2,"name":"Tienda","item":"https:\/\/www.ticket-isladelobos.es\/es\/tienda\/"},{"@type":"ListItem","position":3,"name":"Mini Crucero de Delfines Lanzarote"}]},{"@type":"WebSite","@id":"https:\/\/www.ticket-isladelobos.es\/es\/#website","url":"https:\/\/www.ticket-isladelobos.es\/es\/","name":"\u2705Isla de Lobos Fuerteventura Tickets Ferry WaterTaxi Excursiones Reservas","description":"\u00bfQuieres hacer un viaje completamente inolvidable? Reserva hoy! Todo sobre la Isla de Lobos en un sitio!","publisher":{"@id":"https:\/\/www.ticket-isladelobos.es\/es\/#organization"},"potentialAction":[{"@type":"SearchAction","target":{"@type":"EntryPoint","urlTemplate":"https:\/\/www.ticket-isladelobos.es\/es\/?s={search_term_string}"},"query-input":{"@type":"PropertyValueSpecification","valueRequired":true,"valueName":"search_term_string"}}],"inLanguage":"es"},{"@type":"Organization","@id":"https:\/\/www.ticket-isladelobos.es\/es\/#organization","name":"Ticket Isla-de-lobos","url":"https:\/\/www.ticket-isladelobos.es\/es\/","logo":{"@type":"ImageObject","inLanguage":"es","@id":"https:\/\/www.ticket-isladelobos.es\/es\/#\/schema\/logo\/image\/","url":"https:\/\/www.ticket-isladelobos.es\/wp-content\/uploads\/2021\/04\/Photo_1614613341266.jpg","contentUrl":"https:\/\/www.ticket-isladelobos.es\/wp-content\/uploads\/2021\/04\/Photo_1614613341266.jpg","width":720,"height":720,"caption":"Ticket Isla-de-lobos"},"image":{"@id":"https:\/\/www.ticket-isladelobos.es\/es\/#\/schema\/logo\/image\/"},"sameAs":["https:\/\/www.facebook.com\/ticketisladelobos"]}]}},"jetpack_publicize_connections":[],"jetpack_likes_enabled":true,"jetpack_sharing_enabled":true,"_links":{"self":[{"href":"https:\/\/www.ticket-isladelobos.es\/es\/wp-json\/wp\/v2\/product\/21493","targetHints":{"allow":["GET"]}}],"collection":[{"href":"https:\/\/www.ticket-isladelobos.es\/es\/wp-json\/wp\/v2\/product"}],"about":[{"href":"https:\/\/www.ticket-isladelobos.es\/es\/wp-json\/wp\/v2\/types\/product"}],"replies":[{"embeddable":true,"href":"https:\/\/www.ticket-isladelobos.es\/es\/wp-json\/wp\/v2\/comments?post=21493"}],"wp:featuredmedia":[{"embeddable":true,"href":"https:\/\/www.ticket-isladelobos.es\/es\/wp-json\/wp\/v2\/media\/21486"}],"wp:attachment":[{"href":"https:\/\/www.ticket-isladelobos.es\/es\/wp-json\/wp\/v2\/media?parent=21493"}],"wp:term":[{"taxonomy":"product_brand","embeddable":true,"href":"https:\/\/www.ticket-isladelobos.es\/es\/wp-json\/wp\/v2\/product_brand?post=21493"},{"taxonomy":"product_cat","embeddable":true,"href":"https:\/\/www.ticket-isladelobos.es\/es\/wp-json\/wp\/v2\/product_cat?post=21493"},{"taxonomy":"product_tag","embeddable":true,"href":"https:\/\/www.ticket-isladelobos.es\/es\/wp-json\/wp\/v2\/product_tag?post=21493"}],"curies":[{"name":"wp","href":"https:\/\/api.w.org\/{rel}","templated":true}]}}