{"id":2392,"date":"2021-03-14T07:40:42","date_gmt":"2021-03-14T07:40:42","guid":{"rendered":"https:\/\/www.ticket-isladelobos.es\/?post_type=product&#038;p=2392"},"modified":"2023-03-21T18:08:48","modified_gmt":"2023-03-21T18:08:48","slug":"pesca-tradicional-privado","status":"publish","type":"product","link":"https:\/\/www.ticket-isladelobos.es\/es\/tours\/pesca-tradicional-privado\/","title":{"rendered":"Pesca Deportiva Privado"},"content":{"rendered":"<p>Las excursiones de pesca permiten conocer al detalle el entorno privilegiado de la costa de Fuerteventura y Isla de Lobos de la mano de los pescadores, que se convierten en barco de pesca en unos gu\u00edas excepcionales.<\/p>\n<p>Podemos coger:<\/p>\n<ul>\n<li><a href=\"https:\/\/es.wikipedia.org\/wiki\/Sarda_sarda\"> Bonito del Atl\u00e1ntico, <\/a><\/li>\n<li><a href=\"https:\/\/en.wikipedia.org\/wiki\/Barracuda\">Barracuda<\/a>,<\/li>\n<li><a href=\"https:\/\/es.wikipedia.org\/wiki\/Odontesthes_bonariensis\">Pejerrey<\/a><\/li>\n<li><a href=\"https:\/\/es.wikipedia.org\/wiki\/Spondyliosoma_cantharus\">Chopas<\/a><\/li>\n<li><a href=\"https:\/\/es.wikipedia.org\/wiki\/Lepidorhombus_boscii\">Gallos,<\/a><\/li>\n<li><a href=\"https:\/\/www3.gobiernodecanarias.org\/medusa\/wiki\/index.php?title=Bocinegro\">Bocinegro<\/a><\/li>\n<\/ul>\n<p>Estas excursiones son para compartir exclusivamente con tu grupo de amigos o familiares y <strong>se reserva el barco completo<\/strong>\u00a0al realizar la compra. Da igual el n\u00famero que se\u00e1is mientras no se exceda de la capacidad que se establece en cada excursi\u00f3n, ya que el precio es fijo y no se comparte el viaje con nadie m\u00e1s.<\/p>\n<table class=\"table table-bordered tours-tabs__table\" style=\"height: 236px; width: 80.7181%;\" width=\"862\">\n<tbody>\n<tr style=\"height: 22px;\">\n<td style=\"height: 22px; width: 38.6682%;\"><strong>LUGAR DE SALIDA<\/strong><\/td>\n<td style=\"height: 22px; width: 60.3972%;\">Muelle de Corralejo<\/td>\n<\/tr>\n<tr style=\"height: 26px;\">\n<td style=\"height: 26px; width: 38.6682%;\"><strong><span lang=\"es\">HORA DE SALIDA<\/span><\/strong><\/td>\n<td style=\"height: 26px; width: 60.3972%;\">8:00<\/td>\n<\/tr>\n<tr>\n<td style=\"width: 38.6682%;\">\n<h4><b>\u00bfQUE TENGO QUE LLEVAR?<\/b><\/h4>\n<\/td>\n<td style=\"width: 60.3972%;\">\n<ul>\n<li>ropa y calzado adecuados<\/li>\n<\/ul>\n<\/td>\n<\/tr>\n<tr style=\"height: 126px;\">\n<td style=\"height: 126px; width: 38.6682%;\"><strong>INCLUYE<\/strong><\/td>\n<td style=\"height: 126px; width: 60.3972%;\">\n<table class=\"table table-bordered\" style=\"height: 62px;\" width=\"300\">\n<tbody>\n<tr>\n<td><i class=\"fa fa-check icon-tick icon-tick--on\"><\/i>Todo el equipamiento de pesca<\/td>\n<td><i class=\"fa fa-check icon-tick icon-tick--on\"><\/i>Bocadillo, Bebida<\/td>\n<\/tr>\n<tr>\n<td><i class=\"fa fa-check icon-tick icon-tick--on\"><\/i>Fotos<\/td>\n<td><i class=\"fa fa-check icon-tick icon-tick--on\"><\/i>Seguros<\/td>\n<\/tr>\n<\/tbody>\n<\/table>\n<\/td>\n<\/tr>\n<tr style=\"height: 62px;\">\n<td style=\"height: 62px; width: 38.6682%;\"><\/td>\n<td style=\"height: 62px; width: 60.3972%;\"><\/td>\n<\/tr>\n<\/tbody>\n<\/table>\n<p>&nbsp;<\/p>\n","protected":false},"excerpt":{"rendered":"<p>Las excursiones de pesca permiten conocer al detalle el entorno privilegiado de la costa de Fuerteventura y Isla de Lobos de la mano de los pescadores, que se convierten en barco de pesca en unos gu\u00edas excepcionales. Podemos coger: Bonito del Atl\u00e1ntico, Barracuda, Pejerrey Chopas Gallos, Bocinegro Estas excursiones son para compartir exclusivamente con tu<\/p>\n<div class=\"padding-top text-center\"><a href=\"https:\/\/www.ticket-isladelobos.es\/es\/tours\/pesca-tradicional-privado\/\" class=\"atbtn atbtn--medium atbtn--rounded atbtn--transparent\">Lee Mas<i class=\"atbtn__icon atbtn__icon--right fa fa-long-arrow-right\"><\/i><\/a><\/div>\n","protected":false},"featured_media":3109,"comment_status":"open","ping_status":"closed","template":"","meta":{"jetpack_publicize_message":"","jetpack_publicize_feature_enabled":true,"jetpack_social_post_already_shared":false,"jetpack_social_options":{"image_generator_settings":{"template":"highway","default_image_id":0,"font":"","enabled":false},"version":2}},"product_brand":[],"product_cat":[15],"product_tag":[],"class_list":{"0":"post-2392","1":"product","2":"type-product","3":"status-publish","4":"has-post-thumbnail","6":"product_cat-sin-categorizar","7":"tour_category-pesca","9":"first","10":"instock","11":"sale","12":"sold-individually","13":"shipping-taxable","14":"purchasable","15":"product-type-tour"},"yoast_head":"<!-- This site is optimized with the Yoast SEO plugin v23.4 - https:\/\/yoast.com\/wordpress\/plugins\/seo\/ -->\n<title>Pesca Deportiva Privado - \u2705Isla de Lobos Fuerteventura Tickets Ferry WaterTaxi Excursiones Reservas<\/title>\n<meta name=\"description\" content=\"Pesca Deportiva tradicional Privado Las excursion permite conocer el entorno privilegiado de la costa de Fuerteventura y Isla de Lobos\" \/>\n<meta name=\"robots\" content=\"index, follow, max-snippet:-1, max-image-preview:large, max-video-preview:-1\" \/>\n<link rel=\"canonical\" href=\"https:\/\/www.ticket-isladelobos.es\/es\/tours\/pesca-tradicional-privado\/\" \/>\n<meta property=\"og:locale\" content=\"es_ES\" \/>\n<meta property=\"og:type\" content=\"article\" \/>\n<meta property=\"og:title\" content=\"Pesca Deportiva Privado - \u2705Isla de Lobos Fuerteventura Tickets Ferry WaterTaxi Excursiones Reservas\" \/>\n<meta property=\"og:description\" content=\"Pesca Deportiva tradicional Privado Las excursion permite conocer el entorno privilegiado de la costa de Fuerteventura y Isla de Lobos\" \/>\n<meta property=\"og:url\" content=\"https:\/\/www.ticket-isladelobos.es\/es\/tours\/pesca-tradicional-privado\/\" \/>\n<meta property=\"og:site_name\" content=\"\u2705Isla de Lobos Fuerteventura Tickets Ferry WaterTaxi Excursiones Reservas\" \/>\n<meta property=\"article:publisher\" content=\"https:\/\/www.facebook.com\/ticketisladelobos\" \/>\n<meta property=\"article:modified_time\" content=\"2023-03-21T18:08:48+00:00\" \/>\n<meta property=\"og:image\" content=\"https:\/\/www.ticket-isladelobos.es\/wp-content\/uploads\/2021\/03\/pichonpesca10_optimized.jpg\" \/>\n\t<meta property=\"og:image:width\" content=\"960\" \/>\n\t<meta property=\"og:image:height\" content=\"720\" \/>\n\t<meta property=\"og:image:type\" content=\"image\/jpeg\" \/>\n<meta name=\"twitter:card\" content=\"summary_large_image\" \/>\n<meta name=\"twitter:label1\" content=\"Tiempo de lectura\" \/>\n\t<meta name=\"twitter:data1\" content=\"1 minuto\" \/>\n<script type=\"application\/ld+json\" class=\"yoast-schema-graph\">{\"@context\":\"https:\/\/schema.org\",\"@graph\":[{\"@type\":\"WebPage\",\"@id\":\"https:\/\/www.ticket-isladelobos.es\/es\/tours\/pesca-tradicional-privado\/\",\"url\":\"https:\/\/www.ticket-isladelobos.es\/es\/tours\/pesca-tradicional-privado\/\",\"name\":\"Pesca Deportiva Privado - \u2705Isla de Lobos Fuerteventura Tickets Ferry WaterTaxi Excursiones Reservas\",\"isPartOf\":{\"@id\":\"https:\/\/www.ticket-isladelobos.es\/es\/#website\"},\"primaryImageOfPage\":{\"@id\":\"https:\/\/www.ticket-isladelobos.es\/es\/tours\/pesca-tradicional-privado\/#primaryimage\"},\"image\":{\"@id\":\"https:\/\/www.ticket-isladelobos.es\/es\/tours\/pesca-tradicional-privado\/#primaryimage\"},\"thumbnailUrl\":\"https:\/\/www.ticket-isladelobos.es\/wp-content\/uploads\/2021\/03\/pichonpesca10_optimized.jpg\",\"datePublished\":\"2021-03-14T07:40:42+00:00\",\"dateModified\":\"2023-03-21T18:08:48+00:00\",\"description\":\"Pesca Deportiva tradicional Privado Las excursion permite conocer el entorno privilegiado de la costa de Fuerteventura y Isla de Lobos\",\"breadcrumb\":{\"@id\":\"https:\/\/www.ticket-isladelobos.es\/es\/tours\/pesca-tradicional-privado\/#breadcrumb\"},\"inLanguage\":\"es\",\"potentialAction\":[{\"@type\":\"ReadAction\",\"target\":[\"https:\/\/www.ticket-isladelobos.es\/es\/tours\/pesca-tradicional-privado\/\"]}]},{\"@type\":\"ImageObject\",\"inLanguage\":\"es\",\"@id\":\"https:\/\/www.ticket-isladelobos.es\/es\/tours\/pesca-tradicional-privado\/#primaryimage\",\"url\":\"https:\/\/www.ticket-isladelobos.es\/wp-content\/uploads\/2021\/03\/pichonpesca10_optimized.jpg\",\"contentUrl\":\"https:\/\/www.ticket-isladelobos.es\/wp-content\/uploads\/2021\/03\/pichonpesca10_optimized.jpg\",\"width\":960,\"height\":720},{\"@type\":\"BreadcrumbList\",\"@id\":\"https:\/\/www.ticket-isladelobos.es\/es\/tours\/pesca-tradicional-privado\/#breadcrumb\",\"itemListElement\":[{\"@type\":\"ListItem\",\"position\":1,\"name\":\"Portada\",\"item\":\"https:\/\/www.ticket-isladelobos.es\/es\/\"},{\"@type\":\"ListItem\",\"position\":2,\"name\":\"Tienda\",\"item\":\"https:\/\/www.ticket-isladelobos.es\/es\/tienda\/\"},{\"@type\":\"ListItem\",\"position\":3,\"name\":\"Pesca Deportiva Privado\"}]},{\"@type\":\"WebSite\",\"@id\":\"https:\/\/www.ticket-isladelobos.es\/es\/#website\",\"url\":\"https:\/\/www.ticket-isladelobos.es\/es\/\",\"name\":\"\u2705Isla de Lobos Fuerteventura Tickets Ferry WaterTaxi Excursiones Reservas\",\"description\":\"\u00bfQuieres hacer un viaje completamente inolvidable? Reserva hoy! Todo sobre la Isla de Lobos en un sitio!\",\"publisher\":{\"@id\":\"https:\/\/www.ticket-isladelobos.es\/es\/#organization\"},\"potentialAction\":[{\"@type\":\"SearchAction\",\"target\":{\"@type\":\"EntryPoint\",\"urlTemplate\":\"https:\/\/www.ticket-isladelobos.es\/es\/?s={search_term_string}\"},\"query-input\":{\"@type\":\"PropertyValueSpecification\",\"valueRequired\":true,\"valueName\":\"search_term_string\"}}],\"inLanguage\":\"es\"},{\"@type\":\"Organization\",\"@id\":\"https:\/\/www.ticket-isladelobos.es\/es\/#organization\",\"name\":\"Ticket Isla-de-lobos\",\"url\":\"https:\/\/www.ticket-isladelobos.es\/es\/\",\"logo\":{\"@type\":\"ImageObject\",\"inLanguage\":\"es\",\"@id\":\"https:\/\/www.ticket-isladelobos.es\/es\/#\/schema\/logo\/image\/\",\"url\":\"https:\/\/www.ticket-isladelobos.es\/wp-content\/uploads\/2021\/04\/Photo_1614613341266.jpg\",\"contentUrl\":\"https:\/\/www.ticket-isladelobos.es\/wp-content\/uploads\/2021\/04\/Photo_1614613341266.jpg\",\"width\":720,\"height\":720,\"caption\":\"Ticket Isla-de-lobos\"},\"image\":{\"@id\":\"https:\/\/www.ticket-isladelobos.es\/es\/#\/schema\/logo\/image\/\"},\"sameAs\":[\"https:\/\/www.facebook.com\/ticketisladelobos\"]}]}<\/script>\n<!-- \/ Yoast SEO plugin. -->","yoast_head_json":{"title":"Pesca Deportiva Privado - \u2705Isla de Lobos Fuerteventura Tickets Ferry WaterTaxi Excursiones Reservas","description":"Pesca Deportiva tradicional Privado Las excursion permite conocer el entorno privilegiado de la costa de Fuerteventura y Isla de Lobos","robots":{"index":"index","follow":"follow","max-snippet":"max-snippet:-1","max-image-preview":"max-image-preview:large","max-video-preview":"max-video-preview:-1"},"canonical":"https:\/\/www.ticket-isladelobos.es\/es\/tours\/pesca-tradicional-privado\/","og_locale":"es_ES","og_type":"article","og_title":"Pesca Deportiva Privado - \u2705Isla de Lobos Fuerteventura Tickets Ferry WaterTaxi Excursiones Reservas","og_description":"Pesca Deportiva tradicional Privado Las excursion permite conocer el entorno privilegiado de la costa de Fuerteventura y Isla de Lobos","og_url":"https:\/\/www.ticket-isladelobos.es\/es\/tours\/pesca-tradicional-privado\/","og_site_name":"\u2705Isla de Lobos Fuerteventura Tickets Ferry WaterTaxi Excursiones Reservas","article_publisher":"https:\/\/www.facebook.com\/ticketisladelobos","article_modified_time":"2023-03-21T18:08:48+00:00","og_image":[{"width":960,"height":720,"url":"https:\/\/www.ticket-isladelobos.es\/wp-content\/uploads\/2021\/03\/pichonpesca10_optimized.jpg","type":"image\/jpeg"}],"twitter_card":"summary_large_image","twitter_misc":{"Tiempo de lectura":"1 minuto"},"schema":{"@context":"https:\/\/schema.org","@graph":[{"@type":"WebPage","@id":"https:\/\/www.ticket-isladelobos.es\/es\/tours\/pesca-tradicional-privado\/","url":"https:\/\/www.ticket-isladelobos.es\/es\/tours\/pesca-tradicional-privado\/","name":"Pesca Deportiva Privado - \u2705Isla de Lobos Fuerteventura Tickets Ferry WaterTaxi Excursiones Reservas","isPartOf":{"@id":"https:\/\/www.ticket-isladelobos.es\/es\/#website"},"primaryImageOfPage":{"@id":"https:\/\/www.ticket-isladelobos.es\/es\/tours\/pesca-tradicional-privado\/#primaryimage"},"image":{"@id":"https:\/\/www.ticket-isladelobos.es\/es\/tours\/pesca-tradicional-privado\/#primaryimage"},"thumbnailUrl":"https:\/\/www.ticket-isladelobos.es\/wp-content\/uploads\/2021\/03\/pichonpesca10_optimized.jpg","datePublished":"2021-03-14T07:40:42+00:00","dateModified":"2023-03-21T18:08:48+00:00","description":"Pesca Deportiva tradicional Privado Las excursion permite conocer el entorno privilegiado de la costa de Fuerteventura y Isla de Lobos","breadcrumb":{"@id":"https:\/\/www.ticket-isladelobos.es\/es\/tours\/pesca-tradicional-privado\/#breadcrumb"},"inLanguage":"es","potentialAction":[{"@type":"ReadAction","target":["https:\/\/www.ticket-isladelobos.es\/es\/tours\/pesca-tradicional-privado\/"]}]},{"@type":"ImageObject","inLanguage":"es","@id":"https:\/\/www.ticket-isladelobos.es\/es\/tours\/pesca-tradicional-privado\/#primaryimage","url":"https:\/\/www.ticket-isladelobos.es\/wp-content\/uploads\/2021\/03\/pichonpesca10_optimized.jpg","contentUrl":"https:\/\/www.ticket-isladelobos.es\/wp-content\/uploads\/2021\/03\/pichonpesca10_optimized.jpg","width":960,"height":720},{"@type":"BreadcrumbList","@id":"https:\/\/www.ticket-isladelobos.es\/es\/tours\/pesca-tradicional-privado\/#breadcrumb","itemListElement":[{"@type":"ListItem","position":1,"name":"Portada","item":"https:\/\/www.ticket-isladelobos.es\/es\/"},{"@type":"ListItem","position":2,"name":"Tienda","item":"https:\/\/www.ticket-isladelobos.es\/es\/tienda\/"},{"@type":"ListItem","position":3,"name":"Pesca Deportiva Privado"}]},{"@type":"WebSite","@id":"https:\/\/www.ticket-isladelobos.es\/es\/#website","url":"https:\/\/www.ticket-isladelobos.es\/es\/","name":"\u2705Isla de Lobos Fuerteventura Tickets Ferry WaterTaxi Excursiones Reservas","description":"\u00bfQuieres hacer un viaje completamente inolvidable? Reserva hoy! Todo sobre la Isla de Lobos en un sitio!","publisher":{"@id":"https:\/\/www.ticket-isladelobos.es\/es\/#organization"},"potentialAction":[{"@type":"SearchAction","target":{"@type":"EntryPoint","urlTemplate":"https:\/\/www.ticket-isladelobos.es\/es\/?s={search_term_string}"},"query-input":{"@type":"PropertyValueSpecification","valueRequired":true,"valueName":"search_term_string"}}],"inLanguage":"es"},{"@type":"Organization","@id":"https:\/\/www.ticket-isladelobos.es\/es\/#organization","name":"Ticket Isla-de-lobos","url":"https:\/\/www.ticket-isladelobos.es\/es\/","logo":{"@type":"ImageObject","inLanguage":"es","@id":"https:\/\/www.ticket-isladelobos.es\/es\/#\/schema\/logo\/image\/","url":"https:\/\/www.ticket-isladelobos.es\/wp-content\/uploads\/2021\/04\/Photo_1614613341266.jpg","contentUrl":"https:\/\/www.ticket-isladelobos.es\/wp-content\/uploads\/2021\/04\/Photo_1614613341266.jpg","width":720,"height":720,"caption":"Ticket Isla-de-lobos"},"image":{"@id":"https:\/\/www.ticket-isladelobos.es\/es\/#\/schema\/logo\/image\/"},"sameAs":["https:\/\/www.facebook.com\/ticketisladelobos"]}]}},"jetpack_publicize_connections":[],"jetpack_likes_enabled":true,"jetpack_sharing_enabled":true,"_links":{"self":[{"href":"https:\/\/www.ticket-isladelobos.es\/es\/wp-json\/wp\/v2\/product\/2392","targetHints":{"allow":["GET"]}}],"collection":[{"href":"https:\/\/www.ticket-isladelobos.es\/es\/wp-json\/wp\/v2\/product"}],"about":[{"href":"https:\/\/www.ticket-isladelobos.es\/es\/wp-json\/wp\/v2\/types\/product"}],"replies":[{"embeddable":true,"href":"https:\/\/www.ticket-isladelobos.es\/es\/wp-json\/wp\/v2\/comments?post=2392"}],"wp:featuredmedia":[{"embeddable":true,"href":"https:\/\/www.ticket-isladelobos.es\/es\/wp-json\/wp\/v2\/media\/3109"}],"wp:attachment":[{"href":"https:\/\/www.ticket-isladelobos.es\/es\/wp-json\/wp\/v2\/media?parent=2392"}],"wp:term":[{"taxonomy":"product_brand","embeddable":true,"href":"https:\/\/www.ticket-isladelobos.es\/es\/wp-json\/wp\/v2\/product_brand?post=2392"},{"taxonomy":"product_cat","embeddable":true,"href":"https:\/\/www.ticket-isladelobos.es\/es\/wp-json\/wp\/v2\/product_cat?post=2392"},{"taxonomy":"product_tag","embeddable":true,"href":"https:\/\/www.ticket-isladelobos.es\/es\/wp-json\/wp\/v2\/product_tag?post=2392"}],"curies":[{"name":"wp","href":"https:\/\/api.w.org\/{rel}","templated":true}]}}