{"id":3252,"date":"2021-03-30T17:52:04","date_gmt":"2021-03-30T17:52:04","guid":{"rendered":"https:\/\/www.ticket-isladelobos.es\/?post_type=product&#038;p=3252"},"modified":"2023-03-21T18:13:06","modified_gmt":"2023-03-21T18:13:06","slug":"beach-yoga-en-lobos","status":"publish","type":"product","link":"https:\/\/www.ticket-isladelobos.es\/es\/tours\/beach-yoga-en-lobos\/","title":{"rendered":"Beach Yoga en Lobos"},"content":{"rendered":"<p>Con esta excursi\u00f3n ofrecemos la oportunidad de practicar una meditaci\u00f3n en contacto directo con la naturaleza de la mano de nuestra profesora de Hatha y Vinyasa Yoga certificada por la Yoga Alliance. Como maestra comparte su conocimiento con amor y pasi\u00f3n llevando a sus alumnos a un mayor estado de conciencia del propio cuerpo, mente y Esp\u00edritu. Sus clases son inspiradoras y para todos los niveles.<\/p>\n<p>Es una propuesta para un d\u00eda diferente, una escapada en la naturaleza para re-conectar con lo m\u00e1s esencial de nuestro ser y con las maravillas naturales que ofrece una de las playas Isla de Lobos.<\/p>\n<p>&nbsp;<\/p>\n<p><!--more--><\/p>\n<table class=\"table table-bordered tours-tabs__table\" style=\"height: 233px; width: 854px;\" width=\"862\">\n<tbody>\n<tr>\n<td style=\"width: 327px;\"><strong>LUGAR DE SALIDA\/REGRESO<\/strong><\/td>\n<td style=\"width: 527px;\">Muelle de Corralejo<\/td>\n<\/tr>\n<tr>\n<td style=\"width: 327px;\"><strong><span lang=\"es\">HORA DE SALIDA<\/span><\/strong><\/td>\n<td style=\"width: 527px;\">10:00<\/td>\n<\/tr>\n<tr>\n<td style=\"width: 327px;\"><strong><span lang=\"es\">HORA DE REGRESO<\/span><\/strong><\/td>\n<td style=\"width: 527px;\">14:30<\/td>\n<\/tr>\n<tr>\n<td style=\"width: 327px;\"><strong>INCLUYE<\/strong><\/td>\n<td style=\"width: 527px;\">\n<table class=\"table table-bordered\" style=\"height: 438px; width: 59.3882%;\" width=\"300\">\n<tbody>\n<tr style=\"height: 142px;\">\n<td style=\"width: 116px; height: 142px;\"><i class=\"fa fa-check icon-tick icon-tick--on\"><\/i>Clase de Yoga 90min<\/td>\n<td style=\"width: 176px; height: 142px;\"><i class=\"fa fa-check icon-tick icon-tick--on\"><\/i>Billetes de barco ida\/vuelta desde Corralejo al parque natural<\/td>\n<\/tr>\n<tr style=\"height: 154px;\">\n<td style=\"width: 116px; height: 154px;\"><i class=\"fa fa-check icon-tick icon-tick--on\"><\/i>Visita a la isla de Lobos con gesti\u00f3n de autorizaci\u00f3n<\/td>\n<td style=\"width: 176px; height: 154px;\"><i class=\"fa fa-check icon-tick icon-tick--on\"><\/i>Seguro obligatorio de viajeros, tasas portuarias e impuestos\n<p>&nbsp;<\/p><\/td>\n<\/tr>\n<\/tbody>\n<\/table>\n<\/td>\n<\/tr>\n<tr>\n<td style=\"width: 327px;\"><strong>NO INCLUYE<\/strong><\/td>\n<td style=\"width: 527px;\">\n<table class=\"table table-bordered\" style=\"height: 62px; width: 292px;\" width=\"300\">\n<tbody>\n<tr style=\"height: 142px;\">\n<td style=\"width: 116px; height: 142px;\"><i class=\"fa fa-times icon-tick icon-tick--off\"><\/i>R<em>ecogida en el alojamiento <\/em><\/td>\n<td style=\"width: 176px; height: 142px;\"><i class=\"fa fa-times icon-tick icon-tick--off\"><\/i><em>bebidas, almuerzo<\/em><\/td>\n<\/tr>\n<\/tbody>\n<\/table>\n<\/td>\n<\/tr>\n<\/tbody>\n<\/table>\n<table class=\"table table-bordered tours-tabs__table\" style=\"width: 93.1159%;\">\n<tbody>\n<tr>\n<td style=\"width: 38.0023%;\"><strong>QUE TENGO QUE LLEVAR?<\/strong><\/td>\n<td style=\"width: 59.2423%;\">\n<ul>\n<li>Suficiente agua<\/li>\n<li>Protecci\u00f3n solar<\/li>\n<li>Ropa y zapatos c\u00f3modos para hacer deporte<\/li>\n<li>Toalla, ba\u00f1ador y chanclas<\/li>\n<\/ul>\n<\/td>\n<\/tr>\n<\/tbody>\n<\/table>\n<h4>Punto de encuentro<\/h4>\n<ul>\n<li>Barco \u201cMajorero\u201d Glass Bottom Boat, ubicado al final del Puerto de Corralejo enfrente de la parada de autobuses.<\/li>\n<\/ul>\n<h4>Edad m\u00ednima para desarrollar la actividad<\/h4>\n<ul>\n<li>12 a\u00f1os<\/li>\n<\/ul>\n","protected":false},"excerpt":{"rendered":"<p>Con esta excursi\u00f3n ofrecemos la oportunidad de practicar una meditaci\u00f3n<\/p>\n","protected":false},"featured_media":3256,"comment_status":"open","ping_status":"closed","template":"","meta":{"jetpack_publicize_message":"","jetpack_publicize_feature_enabled":true,"jetpack_social_post_already_shared":true,"jetpack_social_options":{"image_generator_settings":{"template":"highway","default_image_id":0,"font":"","enabled":false},"version":2}},"product_brand":[],"product_cat":[15],"product_tag":[],"class_list":{"0":"post-3252","1":"product","2":"type-product","3":"status-publish","4":"has-post-thumbnail","6":"product_cat-sin-categorizar","7":"tour_category-tours-por-tierra","9":"first","10":"instock","11":"sale","12":"shipping-taxable","13":"purchasable","14":"product-type-tour"},"yoast_head":"<!-- This site is optimized with the Yoast SEO plugin v23.4 - https:\/\/yoast.com\/wordpress\/plugins\/seo\/ -->\n<title>Beach Yoga en Lobos - \u2705Isla de Lobos Fuerteventura Tickets Ferry WaterTaxi Excursiones Reservas<\/title>\n<meta name=\"description\" content=\"Disfrute de un fant\u00e1stico d\u00eda a bordo de nuestro exclusivo catamar\u00e1n. , ofrecemos una atenci\u00f3n personalizada a cada uno de nuestros clientes.\" \/>\n<meta name=\"robots\" content=\"index, follow, max-snippet:-1, max-image-preview:large, max-video-preview:-1\" \/>\n<link rel=\"canonical\" href=\"https:\/\/www.ticket-isladelobos.es\/es\/tours\/beach-yoga-en-lobos\/\" \/>\n<meta property=\"og:locale\" content=\"es_ES\" \/>\n<meta property=\"og:type\" content=\"article\" \/>\n<meta property=\"og:title\" content=\"Beach Yoga en Lobos - \u2705Isla de Lobos Fuerteventura Tickets Ferry WaterTaxi Excursiones Reservas\" \/>\n<meta property=\"og:description\" content=\"Disfrute de un fant\u00e1stico d\u00eda a bordo de nuestro exclusivo catamar\u00e1n. , ofrecemos una atenci\u00f3n personalizada a cada uno de nuestros clientes.\" \/>\n<meta property=\"og:url\" content=\"https:\/\/www.ticket-isladelobos.es\/es\/tours\/beach-yoga-en-lobos\/\" \/>\n<meta property=\"og:site_name\" content=\"\u2705Isla de Lobos Fuerteventura Tickets Ferry WaterTaxi Excursiones Reservas\" \/>\n<meta property=\"article:publisher\" content=\"https:\/\/www.facebook.com\/ticketisladelobos\" \/>\n<meta property=\"article:modified_time\" content=\"2023-03-21T18:13:06+00:00\" \/>\n<meta property=\"og:image\" content=\"https:\/\/www.ticket-isladelobos.es\/wp-content\/uploads\/2021\/04\/yoga.jpg\" \/>\n\t<meta property=\"og:image:width\" content=\"720\" \/>\n\t<meta property=\"og:image:height\" content=\"480\" \/>\n\t<meta property=\"og:image:type\" content=\"image\/jpeg\" \/>\n<meta name=\"twitter:card\" content=\"summary_large_image\" \/>\n<meta name=\"twitter:label1\" content=\"Tiempo de lectura\" \/>\n\t<meta name=\"twitter:data1\" content=\"1 minuto\" \/>\n<script type=\"application\/ld+json\" class=\"yoast-schema-graph\">{\"@context\":\"https:\/\/schema.org\",\"@graph\":[{\"@type\":\"WebPage\",\"@id\":\"https:\/\/www.ticket-isladelobos.es\/es\/tours\/beach-yoga-en-lobos\/\",\"url\":\"https:\/\/www.ticket-isladelobos.es\/es\/tours\/beach-yoga-en-lobos\/\",\"name\":\"Beach Yoga en Lobos - \u2705Isla de Lobos Fuerteventura Tickets Ferry WaterTaxi Excursiones Reservas\",\"isPartOf\":{\"@id\":\"https:\/\/www.ticket-isladelobos.es\/es\/#website\"},\"primaryImageOfPage\":{\"@id\":\"https:\/\/www.ticket-isladelobos.es\/es\/tours\/beach-yoga-en-lobos\/#primaryimage\"},\"image\":{\"@id\":\"https:\/\/www.ticket-isladelobos.es\/es\/tours\/beach-yoga-en-lobos\/#primaryimage\"},\"thumbnailUrl\":\"https:\/\/www.ticket-isladelobos.es\/wp-content\/uploads\/2021\/04\/yoga.jpg\",\"datePublished\":\"2021-03-30T17:52:04+00:00\",\"dateModified\":\"2023-03-21T18:13:06+00:00\",\"description\":\"Disfrute de un fant\u00e1stico d\u00eda a bordo de nuestro exclusivo catamar\u00e1n. , ofrecemos una atenci\u00f3n personalizada a cada uno de nuestros clientes.\",\"breadcrumb\":{\"@id\":\"https:\/\/www.ticket-isladelobos.es\/es\/tours\/beach-yoga-en-lobos\/#breadcrumb\"},\"inLanguage\":\"es\",\"potentialAction\":[{\"@type\":\"ReadAction\",\"target\":[\"https:\/\/www.ticket-isladelobos.es\/es\/tours\/beach-yoga-en-lobos\/\"]}]},{\"@type\":\"ImageObject\",\"inLanguage\":\"es\",\"@id\":\"https:\/\/www.ticket-isladelobos.es\/es\/tours\/beach-yoga-en-lobos\/#primaryimage\",\"url\":\"https:\/\/www.ticket-isladelobos.es\/wp-content\/uploads\/2021\/04\/yoga.jpg\",\"contentUrl\":\"https:\/\/www.ticket-isladelobos.es\/wp-content\/uploads\/2021\/04\/yoga.jpg\",\"width\":720,\"height\":480},{\"@type\":\"BreadcrumbList\",\"@id\":\"https:\/\/www.ticket-isladelobos.es\/es\/tours\/beach-yoga-en-lobos\/#breadcrumb\",\"itemListElement\":[{\"@type\":\"ListItem\",\"position\":1,\"name\":\"Portada\",\"item\":\"https:\/\/www.ticket-isladelobos.es\/es\/\"},{\"@type\":\"ListItem\",\"position\":2,\"name\":\"Tienda\",\"item\":\"https:\/\/www.ticket-isladelobos.es\/es\/tienda\/\"},{\"@type\":\"ListItem\",\"position\":3,\"name\":\"Beach Yoga en Lobos\"}]},{\"@type\":\"WebSite\",\"@id\":\"https:\/\/www.ticket-isladelobos.es\/es\/#website\",\"url\":\"https:\/\/www.ticket-isladelobos.es\/es\/\",\"name\":\"\u2705Isla de Lobos Fuerteventura Tickets Ferry WaterTaxi Excursiones Reservas\",\"description\":\"\u00bfQuieres hacer un viaje completamente inolvidable? Reserva hoy! Todo sobre la Isla de Lobos en un sitio!\",\"publisher\":{\"@id\":\"https:\/\/www.ticket-isladelobos.es\/es\/#organization\"},\"potentialAction\":[{\"@type\":\"SearchAction\",\"target\":{\"@type\":\"EntryPoint\",\"urlTemplate\":\"https:\/\/www.ticket-isladelobos.es\/es\/?s={search_term_string}\"},\"query-input\":{\"@type\":\"PropertyValueSpecification\",\"valueRequired\":true,\"valueName\":\"search_term_string\"}}],\"inLanguage\":\"es\"},{\"@type\":\"Organization\",\"@id\":\"https:\/\/www.ticket-isladelobos.es\/es\/#organization\",\"name\":\"Ticket Isla-de-lobos\",\"url\":\"https:\/\/www.ticket-isladelobos.es\/es\/\",\"logo\":{\"@type\":\"ImageObject\",\"inLanguage\":\"es\",\"@id\":\"https:\/\/www.ticket-isladelobos.es\/es\/#\/schema\/logo\/image\/\",\"url\":\"https:\/\/www.ticket-isladelobos.es\/wp-content\/uploads\/2021\/04\/Photo_1614613341266.jpg\",\"contentUrl\":\"https:\/\/www.ticket-isladelobos.es\/wp-content\/uploads\/2021\/04\/Photo_1614613341266.jpg\",\"width\":720,\"height\":720,\"caption\":\"Ticket Isla-de-lobos\"},\"image\":{\"@id\":\"https:\/\/www.ticket-isladelobos.es\/es\/#\/schema\/logo\/image\/\"},\"sameAs\":[\"https:\/\/www.facebook.com\/ticketisladelobos\"]}]}<\/script>\n<!-- \/ Yoast SEO plugin. -->","yoast_head_json":{"title":"Beach Yoga en Lobos - \u2705Isla de Lobos Fuerteventura Tickets Ferry WaterTaxi Excursiones Reservas","description":"Disfrute de un fant\u00e1stico d\u00eda a bordo de nuestro exclusivo catamar\u00e1n. , ofrecemos una atenci\u00f3n personalizada a cada uno de nuestros clientes.","robots":{"index":"index","follow":"follow","max-snippet":"max-snippet:-1","max-image-preview":"max-image-preview:large","max-video-preview":"max-video-preview:-1"},"canonical":"https:\/\/www.ticket-isladelobos.es\/es\/tours\/beach-yoga-en-lobos\/","og_locale":"es_ES","og_type":"article","og_title":"Beach Yoga en Lobos - \u2705Isla de Lobos Fuerteventura Tickets Ferry WaterTaxi Excursiones Reservas","og_description":"Disfrute de un fant\u00e1stico d\u00eda a bordo de nuestro exclusivo catamar\u00e1n. , ofrecemos una atenci\u00f3n personalizada a cada uno de nuestros clientes.","og_url":"https:\/\/www.ticket-isladelobos.es\/es\/tours\/beach-yoga-en-lobos\/","og_site_name":"\u2705Isla de Lobos Fuerteventura Tickets Ferry WaterTaxi Excursiones Reservas","article_publisher":"https:\/\/www.facebook.com\/ticketisladelobos","article_modified_time":"2023-03-21T18:13:06+00:00","og_image":[{"width":720,"height":480,"url":"https:\/\/www.ticket-isladelobos.es\/wp-content\/uploads\/2021\/04\/yoga.jpg","type":"image\/jpeg"}],"twitter_card":"summary_large_image","twitter_misc":{"Tiempo de lectura":"1 minuto"},"schema":{"@context":"https:\/\/schema.org","@graph":[{"@type":"WebPage","@id":"https:\/\/www.ticket-isladelobos.es\/es\/tours\/beach-yoga-en-lobos\/","url":"https:\/\/www.ticket-isladelobos.es\/es\/tours\/beach-yoga-en-lobos\/","name":"Beach Yoga en Lobos - \u2705Isla de Lobos Fuerteventura Tickets Ferry WaterTaxi Excursiones Reservas","isPartOf":{"@id":"https:\/\/www.ticket-isladelobos.es\/es\/#website"},"primaryImageOfPage":{"@id":"https:\/\/www.ticket-isladelobos.es\/es\/tours\/beach-yoga-en-lobos\/#primaryimage"},"image":{"@id":"https:\/\/www.ticket-isladelobos.es\/es\/tours\/beach-yoga-en-lobos\/#primaryimage"},"thumbnailUrl":"https:\/\/www.ticket-isladelobos.es\/wp-content\/uploads\/2021\/04\/yoga.jpg","datePublished":"2021-03-30T17:52:04+00:00","dateModified":"2023-03-21T18:13:06+00:00","description":"Disfrute de un fant\u00e1stico d\u00eda a bordo de nuestro exclusivo catamar\u00e1n. , ofrecemos una atenci\u00f3n personalizada a cada uno de nuestros clientes.","breadcrumb":{"@id":"https:\/\/www.ticket-isladelobos.es\/es\/tours\/beach-yoga-en-lobos\/#breadcrumb"},"inLanguage":"es","potentialAction":[{"@type":"ReadAction","target":["https:\/\/www.ticket-isladelobos.es\/es\/tours\/beach-yoga-en-lobos\/"]}]},{"@type":"ImageObject","inLanguage":"es","@id":"https:\/\/www.ticket-isladelobos.es\/es\/tours\/beach-yoga-en-lobos\/#primaryimage","url":"https:\/\/www.ticket-isladelobos.es\/wp-content\/uploads\/2021\/04\/yoga.jpg","contentUrl":"https:\/\/www.ticket-isladelobos.es\/wp-content\/uploads\/2021\/04\/yoga.jpg","width":720,"height":480},{"@type":"BreadcrumbList","@id":"https:\/\/www.ticket-isladelobos.es\/es\/tours\/beach-yoga-en-lobos\/#breadcrumb","itemListElement":[{"@type":"ListItem","position":1,"name":"Portada","item":"https:\/\/www.ticket-isladelobos.es\/es\/"},{"@type":"ListItem","position":2,"name":"Tienda","item":"https:\/\/www.ticket-isladelobos.es\/es\/tienda\/"},{"@type":"ListItem","position":3,"name":"Beach Yoga en Lobos"}]},{"@type":"WebSite","@id":"https:\/\/www.ticket-isladelobos.es\/es\/#website","url":"https:\/\/www.ticket-isladelobos.es\/es\/","name":"\u2705Isla de Lobos Fuerteventura Tickets Ferry WaterTaxi Excursiones Reservas","description":"\u00bfQuieres hacer un viaje completamente inolvidable? Reserva hoy! Todo sobre la Isla de Lobos en un sitio!","publisher":{"@id":"https:\/\/www.ticket-isladelobos.es\/es\/#organization"},"potentialAction":[{"@type":"SearchAction","target":{"@type":"EntryPoint","urlTemplate":"https:\/\/www.ticket-isladelobos.es\/es\/?s={search_term_string}"},"query-input":{"@type":"PropertyValueSpecification","valueRequired":true,"valueName":"search_term_string"}}],"inLanguage":"es"},{"@type":"Organization","@id":"https:\/\/www.ticket-isladelobos.es\/es\/#organization","name":"Ticket Isla-de-lobos","url":"https:\/\/www.ticket-isladelobos.es\/es\/","logo":{"@type":"ImageObject","inLanguage":"es","@id":"https:\/\/www.ticket-isladelobos.es\/es\/#\/schema\/logo\/image\/","url":"https:\/\/www.ticket-isladelobos.es\/wp-content\/uploads\/2021\/04\/Photo_1614613341266.jpg","contentUrl":"https:\/\/www.ticket-isladelobos.es\/wp-content\/uploads\/2021\/04\/Photo_1614613341266.jpg","width":720,"height":720,"caption":"Ticket Isla-de-lobos"},"image":{"@id":"https:\/\/www.ticket-isladelobos.es\/es\/#\/schema\/logo\/image\/"},"sameAs":["https:\/\/www.facebook.com\/ticketisladelobos"]}]}},"jetpack_publicize_connections":[],"jetpack_likes_enabled":true,"jetpack_sharing_enabled":true,"_links":{"self":[{"href":"https:\/\/www.ticket-isladelobos.es\/es\/wp-json\/wp\/v2\/product\/3252","targetHints":{"allow":["GET"]}}],"collection":[{"href":"https:\/\/www.ticket-isladelobos.es\/es\/wp-json\/wp\/v2\/product"}],"about":[{"href":"https:\/\/www.ticket-isladelobos.es\/es\/wp-json\/wp\/v2\/types\/product"}],"replies":[{"embeddable":true,"href":"https:\/\/www.ticket-isladelobos.es\/es\/wp-json\/wp\/v2\/comments?post=3252"}],"wp:featuredmedia":[{"embeddable":true,"href":"https:\/\/www.ticket-isladelobos.es\/es\/wp-json\/wp\/v2\/media\/3256"}],"wp:attachment":[{"href":"https:\/\/www.ticket-isladelobos.es\/es\/wp-json\/wp\/v2\/media?parent=3252"}],"wp:term":[{"taxonomy":"product_brand","embeddable":true,"href":"https:\/\/www.ticket-isladelobos.es\/es\/wp-json\/wp\/v2\/product_brand?post=3252"},{"taxonomy":"product_cat","embeddable":true,"href":"https:\/\/www.ticket-isladelobos.es\/es\/wp-json\/wp\/v2\/product_cat?post=3252"},{"taxonomy":"product_tag","embeddable":true,"href":"https:\/\/www.ticket-isladelobos.es\/es\/wp-json\/wp\/v2\/product_tag?post=3252"}],"curies":[{"name":"wp","href":"https:\/\/api.w.org\/{rel}","templated":true}]}}