{"id":3373,"date":"2021-04-22T15:21:59","date_gmt":"2021-04-22T15:21:59","guid":{"rendered":"https:\/\/www.ticket-isladelobos.es\/?post_type=product&#038;p=3373"},"modified":"2025-10-04T09:55:11","modified_gmt":"2025-10-04T09:55:11","slug":"mar-y-lava-fuerteventura","status":"publish","type":"product","link":"https:\/\/www.ticket-isladelobos.es\/es\/tours\/mar-y-lava-fuerteventura\/","title":{"rendered":"Mar y Lava Fuerteventura"},"content":{"rendered":"<h1 id=\"tw-target-text\" class=\"tw-data-text tw-text-large XcVN5d tw-ta\" dir=\"ltr\" data-placeholder=\"Ford\u00edt\u00e1s\"><span class=\"Y2IQFc\" lang=\"es\" tabindex=\"-1\">Descubre las mejores piscinas naturales, cuevas y playas de Fuerteventura!<\/span><\/h1>\n<p>&nbsp;<\/p>\n<p>Exprimiendo lo que el clima nos deja. Si no hay mar, nos vamos a la monta\u00f1a. Incre\u00edbles vistas. \u00a0Momentos que nunca vas a\u00a0 olvidar, cuevas que s\u00f3lo se pueden visitar unas pocas veces al a\u00f1o. Nos vamos de ruta a lugares donde recordamos, al menos por unas horas, que la vida a\u00fan puede ser espectacula. Las profundidades de Fuerteventura. Snorkel con sorpresas varias en el fondo del mar. Sol, calor, piscinas naturales, un ba\u00f1ito, cuevas, otro ba\u00f1ito&#8230;<\/p>\n<p>&nbsp;<\/p>\n<table class=\"table table-bordered tours-tabs__table\" style=\"width: 83.2087%;\">\n<tbody>\n<tr style=\"height: 26px;\">\n<td style=\"height: 26px; width: 38.6682%;\"><strong><span lang=\"es\">HORA DE SALIDA<\/span><\/strong><\/td>\n<td style=\"height: 26px; width: 97.4276%;\">9:00<\/td>\n<\/tr>\n<tr style=\"height: 227px;\">\n<td style=\"width: 38.6682%; height: 227px;\">\n<h4><b>\u00bfQUE TENGO QUE LLEVAR?<\/b><\/h4>\n<p><strong><span lang=\"es\">\u00a0<\/span><\/strong><\/p><\/td>\n<td style=\"width: 97.4276%; height: 227px;\">\n<ul>\n<li>ropa y calzado adecuados<\/li>\n<li>protecci\u00f3n solar<\/li>\n<li>agua<\/li>\n<li>snack<\/li>\n<li>gorro<\/li>\n<li>mochila<\/li>\n<li>chaqueta corta viento<\/li>\n<li>ba\u00f1ador<\/li>\n<li>toalla<\/li>\n<\/ul>\n<\/td>\n<\/tr>\n<tr style=\"height: 126px;\">\n<td style=\"height: 126px; width: 38.6682%;\"><strong>INCLUYE<\/strong><\/td>\n<td style=\"height: 126px; width: 97.4276%;\">\n<table class=\"table table-bordered\" style=\"height: 62px;\" width=\"300\">\n<tbody>\n<tr>\n<td><i class=\"fa fa-check icon-tick icon-tick--on\"><\/i>Gu\u00eda acompa\u00f1ante<\/td>\n<td><i class=\"fa fa-check icon-tick icon-tick--on\"><\/i>Recogida en la zona Norte<\/td>\n<\/tr>\n<tr>\n<td><i class=\"fa fa-check icon-tick icon-tick--on\"><\/i>Equipo de Snorkel<\/td>\n<td><i class=\"fa fa-check icon-tick icon-tick--on\"><\/i>Seguros<\/td>\n<\/tr>\n<\/tbody>\n<\/table>\n<\/td>\n<\/tr>\n<tr style=\"height: 62px;\">\n<td style=\"height: 62px; width: 38.6682%;\"><b>NOT INCLUDED<\/b><\/td>\n<td style=\"height: 62px; width: 97.4276%;\">\n<table class=\"table table-bordered\" style=\"height: 62px;\" width=\"300\">\n<tbody>\n<tr>\n<td><i class=\"fa fa-times icon-tick icon-tick--off\"><\/i>Comida, Bebida<\/td>\n<\/tr>\n<tr>\n<td><\/td>\n<\/tr>\n<\/tbody>\n<\/table>\n<\/td>\n<\/tr>\n<\/tbody>\n<\/table>\n","protected":false},"excerpt":{"rendered":"<p>Descubre las mejores piscinas naturales, cuevas y playas de Fuerteventura! &nbsp; Exprimiendo lo que el clima nos deja. Si no hay mar, nos vamos a la monta\u00f1a. Incre\u00edbles vistas. \u00a0Momentos que nunca vas a\u00a0 olvidar, cuevas que s\u00f3lo se pueden visitar unas pocas veces al a\u00f1o. Nos vamos de ruta a lugares donde recordamos, al<\/p>\n<div class=\"padding-top text-center\"><a href=\"https:\/\/www.ticket-isladelobos.es\/es\/tours\/mar-y-lava-fuerteventura\/\" class=\"atbtn atbtn--medium atbtn--rounded atbtn--transparent\">Lee Mas<i class=\"atbtn__icon atbtn__icon--right fa fa-long-arrow-right\"><\/i><\/a><\/div>\n","protected":false},"featured_media":3374,"comment_status":"open","ping_status":"closed","template":"","meta":{"jetpack_publicize_message":"","jetpack_publicize_feature_enabled":true,"jetpack_social_post_already_shared":true,"jetpack_social_options":{"image_generator_settings":{"template":"highway","default_image_id":0,"font":"","enabled":false},"version":2}},"product_brand":[],"product_cat":[15],"product_tag":[],"class_list":{"0":"post-3373","1":"product","2":"type-product","3":"status-publish","4":"has-post-thumbnail","6":"product_cat-sin-categorizar","7":"tour_category-fuerteventura","9":"first","10":"instock","11":"sale","12":"shipping-taxable","13":"purchasable","14":"product-type-tour"},"yoast_head":"<!-- This site is optimized with the Yoast SEO plugin v23.4 - https:\/\/yoast.com\/wordpress\/plugins\/seo\/ -->\n<title>Mar y Lava Fuerteventura - \u2705Isla de Lobos Fuerteventura Tickets Ferry WaterTaxi Excursiones Reservas<\/title>\n<meta name=\"robots\" content=\"index, follow, max-snippet:-1, max-image-preview:large, max-video-preview:-1\" \/>\n<link rel=\"canonical\" href=\"https:\/\/www.ticket-isladelobos.es\/es\/tours\/mar-y-lava-fuerteventura\/\" \/>\n<meta property=\"og:locale\" content=\"es_ES\" \/>\n<meta property=\"og:type\" content=\"article\" \/>\n<meta property=\"og:title\" content=\"Mar y Lava Fuerteventura - \u2705Isla de Lobos Fuerteventura Tickets Ferry WaterTaxi Excursiones Reservas\" \/>\n<meta property=\"og:description\" content=\"Descubre las mejores piscinas naturales, cuevas y playas de Fuerteventura! &nbsp; Exprimiendo lo que el clima nos deja. Si no hay mar, nos vamos a la monta\u00f1a. Incre\u00edbles vistas. \u00a0Momentos que nunca vas a\u00a0 olvidar, cuevas que s\u00f3lo se pueden visitar unas pocas veces al a\u00f1o. Nos vamos de ruta a lugares donde recordamos, alLee Mas\" \/>\n<meta property=\"og:url\" content=\"https:\/\/www.ticket-isladelobos.es\/es\/tours\/mar-y-lava-fuerteventura\/\" \/>\n<meta property=\"og:site_name\" content=\"\u2705Isla de Lobos Fuerteventura Tickets Ferry WaterTaxi Excursiones Reservas\" \/>\n<meta property=\"article:publisher\" content=\"https:\/\/www.facebook.com\/ticketisladelobos\" \/>\n<meta property=\"article:modified_time\" content=\"2025-10-04T09:55:11+00:00\" \/>\n<meta property=\"og:image\" content=\"https:\/\/www.ticket-isladelobos.es\/wp-content\/uploads\/2021\/04\/131910736_776460216414571_36008933249324768_n-1_optimized.jpg\" \/>\n\t<meta property=\"og:image:width\" content=\"640\" \/>\n\t<meta property=\"og:image:height\" content=\"517\" \/>\n\t<meta property=\"og:image:type\" content=\"image\/jpeg\" \/>\n<meta name=\"twitter:card\" content=\"summary_large_image\" \/>\n<meta name=\"twitter:label1\" content=\"Tiempo de lectura\" \/>\n\t<meta name=\"twitter:data1\" content=\"1 minuto\" \/>\n<script type=\"application\/ld+json\" class=\"yoast-schema-graph\">{\"@context\":\"https:\/\/schema.org\",\"@graph\":[{\"@type\":\"WebPage\",\"@id\":\"https:\/\/www.ticket-isladelobos.es\/es\/tours\/mar-y-lava-fuerteventura\/\",\"url\":\"https:\/\/www.ticket-isladelobos.es\/es\/tours\/mar-y-lava-fuerteventura\/\",\"name\":\"Mar y Lava Fuerteventura - \u2705Isla de Lobos Fuerteventura Tickets Ferry WaterTaxi Excursiones Reservas\",\"isPartOf\":{\"@id\":\"https:\/\/www.ticket-isladelobos.es\/es\/#website\"},\"primaryImageOfPage\":{\"@id\":\"https:\/\/www.ticket-isladelobos.es\/es\/tours\/mar-y-lava-fuerteventura\/#primaryimage\"},\"image\":{\"@id\":\"https:\/\/www.ticket-isladelobos.es\/es\/tours\/mar-y-lava-fuerteventura\/#primaryimage\"},\"thumbnailUrl\":\"https:\/\/www.ticket-isladelobos.es\/wp-content\/uploads\/2021\/04\/131910736_776460216414571_36008933249324768_n-1_optimized.jpg\",\"datePublished\":\"2021-04-22T15:21:59+00:00\",\"dateModified\":\"2025-10-04T09:55:11+00:00\",\"breadcrumb\":{\"@id\":\"https:\/\/www.ticket-isladelobos.es\/es\/tours\/mar-y-lava-fuerteventura\/#breadcrumb\"},\"inLanguage\":\"es\",\"potentialAction\":[{\"@type\":\"ReadAction\",\"target\":[\"https:\/\/www.ticket-isladelobos.es\/es\/tours\/mar-y-lava-fuerteventura\/\"]}]},{\"@type\":\"ImageObject\",\"inLanguage\":\"es\",\"@id\":\"https:\/\/www.ticket-isladelobos.es\/es\/tours\/mar-y-lava-fuerteventura\/#primaryimage\",\"url\":\"https:\/\/www.ticket-isladelobos.es\/wp-content\/uploads\/2021\/04\/131910736_776460216414571_36008933249324768_n-1_optimized.jpg\",\"contentUrl\":\"https:\/\/www.ticket-isladelobos.es\/wp-content\/uploads\/2021\/04\/131910736_776460216414571_36008933249324768_n-1_optimized.jpg\",\"width\":640,\"height\":517},{\"@type\":\"BreadcrumbList\",\"@id\":\"https:\/\/www.ticket-isladelobos.es\/es\/tours\/mar-y-lava-fuerteventura\/#breadcrumb\",\"itemListElement\":[{\"@type\":\"ListItem\",\"position\":1,\"name\":\"Portada\",\"item\":\"https:\/\/www.ticket-isladelobos.es\/es\/\"},{\"@type\":\"ListItem\",\"position\":2,\"name\":\"Tienda\",\"item\":\"https:\/\/www.ticket-isladelobos.es\/es\/tienda\/\"},{\"@type\":\"ListItem\",\"position\":3,\"name\":\"Mar y Lava Fuerteventura\"}]},{\"@type\":\"WebSite\",\"@id\":\"https:\/\/www.ticket-isladelobos.es\/es\/#website\",\"url\":\"https:\/\/www.ticket-isladelobos.es\/es\/\",\"name\":\"\u2705Isla de Lobos Fuerteventura Tickets Ferry WaterTaxi Excursiones Reservas\",\"description\":\"\u00bfQuieres hacer un viaje completamente inolvidable? Reserva hoy! Todo sobre la Isla de Lobos en un sitio!\",\"publisher\":{\"@id\":\"https:\/\/www.ticket-isladelobos.es\/es\/#organization\"},\"potentialAction\":[{\"@type\":\"SearchAction\",\"target\":{\"@type\":\"EntryPoint\",\"urlTemplate\":\"https:\/\/www.ticket-isladelobos.es\/es\/?s={search_term_string}\"},\"query-input\":{\"@type\":\"PropertyValueSpecification\",\"valueRequired\":true,\"valueName\":\"search_term_string\"}}],\"inLanguage\":\"es\"},{\"@type\":\"Organization\",\"@id\":\"https:\/\/www.ticket-isladelobos.es\/es\/#organization\",\"name\":\"Ticket Isla-de-lobos\",\"url\":\"https:\/\/www.ticket-isladelobos.es\/es\/\",\"logo\":{\"@type\":\"ImageObject\",\"inLanguage\":\"es\",\"@id\":\"https:\/\/www.ticket-isladelobos.es\/es\/#\/schema\/logo\/image\/\",\"url\":\"https:\/\/www.ticket-isladelobos.es\/wp-content\/uploads\/2021\/04\/Photo_1614613341266.jpg\",\"contentUrl\":\"https:\/\/www.ticket-isladelobos.es\/wp-content\/uploads\/2021\/04\/Photo_1614613341266.jpg\",\"width\":720,\"height\":720,\"caption\":\"Ticket Isla-de-lobos\"},\"image\":{\"@id\":\"https:\/\/www.ticket-isladelobos.es\/es\/#\/schema\/logo\/image\/\"},\"sameAs\":[\"https:\/\/www.facebook.com\/ticketisladelobos\"]}]}<\/script>\n<!-- \/ Yoast SEO plugin. -->","yoast_head_json":{"title":"Mar y Lava Fuerteventura - \u2705Isla de Lobos Fuerteventura Tickets Ferry WaterTaxi Excursiones Reservas","robots":{"index":"index","follow":"follow","max-snippet":"max-snippet:-1","max-image-preview":"max-image-preview:large","max-video-preview":"max-video-preview:-1"},"canonical":"https:\/\/www.ticket-isladelobos.es\/es\/tours\/mar-y-lava-fuerteventura\/","og_locale":"es_ES","og_type":"article","og_title":"Mar y Lava Fuerteventura - \u2705Isla de Lobos Fuerteventura Tickets Ferry WaterTaxi Excursiones Reservas","og_description":"Descubre las mejores piscinas naturales, cuevas y playas de Fuerteventura! &nbsp; Exprimiendo lo que el clima nos deja. Si no hay mar, nos vamos a la monta\u00f1a. Incre\u00edbles vistas. \u00a0Momentos que nunca vas a\u00a0 olvidar, cuevas que s\u00f3lo se pueden visitar unas pocas veces al a\u00f1o. Nos vamos de ruta a lugares donde recordamos, alLee Mas","og_url":"https:\/\/www.ticket-isladelobos.es\/es\/tours\/mar-y-lava-fuerteventura\/","og_site_name":"\u2705Isla de Lobos Fuerteventura Tickets Ferry WaterTaxi Excursiones Reservas","article_publisher":"https:\/\/www.facebook.com\/ticketisladelobos","article_modified_time":"2025-10-04T09:55:11+00:00","og_image":[{"width":640,"height":517,"url":"https:\/\/www.ticket-isladelobos.es\/wp-content\/uploads\/2021\/04\/131910736_776460216414571_36008933249324768_n-1_optimized.jpg","type":"image\/jpeg"}],"twitter_card":"summary_large_image","twitter_misc":{"Tiempo de lectura":"1 minuto"},"schema":{"@context":"https:\/\/schema.org","@graph":[{"@type":"WebPage","@id":"https:\/\/www.ticket-isladelobos.es\/es\/tours\/mar-y-lava-fuerteventura\/","url":"https:\/\/www.ticket-isladelobos.es\/es\/tours\/mar-y-lava-fuerteventura\/","name":"Mar y Lava Fuerteventura - \u2705Isla de Lobos Fuerteventura Tickets Ferry WaterTaxi Excursiones Reservas","isPartOf":{"@id":"https:\/\/www.ticket-isladelobos.es\/es\/#website"},"primaryImageOfPage":{"@id":"https:\/\/www.ticket-isladelobos.es\/es\/tours\/mar-y-lava-fuerteventura\/#primaryimage"},"image":{"@id":"https:\/\/www.ticket-isladelobos.es\/es\/tours\/mar-y-lava-fuerteventura\/#primaryimage"},"thumbnailUrl":"https:\/\/www.ticket-isladelobos.es\/wp-content\/uploads\/2021\/04\/131910736_776460216414571_36008933249324768_n-1_optimized.jpg","datePublished":"2021-04-22T15:21:59+00:00","dateModified":"2025-10-04T09:55:11+00:00","breadcrumb":{"@id":"https:\/\/www.ticket-isladelobos.es\/es\/tours\/mar-y-lava-fuerteventura\/#breadcrumb"},"inLanguage":"es","potentialAction":[{"@type":"ReadAction","target":["https:\/\/www.ticket-isladelobos.es\/es\/tours\/mar-y-lava-fuerteventura\/"]}]},{"@type":"ImageObject","inLanguage":"es","@id":"https:\/\/www.ticket-isladelobos.es\/es\/tours\/mar-y-lava-fuerteventura\/#primaryimage","url":"https:\/\/www.ticket-isladelobos.es\/wp-content\/uploads\/2021\/04\/131910736_776460216414571_36008933249324768_n-1_optimized.jpg","contentUrl":"https:\/\/www.ticket-isladelobos.es\/wp-content\/uploads\/2021\/04\/131910736_776460216414571_36008933249324768_n-1_optimized.jpg","width":640,"height":517},{"@type":"BreadcrumbList","@id":"https:\/\/www.ticket-isladelobos.es\/es\/tours\/mar-y-lava-fuerteventura\/#breadcrumb","itemListElement":[{"@type":"ListItem","position":1,"name":"Portada","item":"https:\/\/www.ticket-isladelobos.es\/es\/"},{"@type":"ListItem","position":2,"name":"Tienda","item":"https:\/\/www.ticket-isladelobos.es\/es\/tienda\/"},{"@type":"ListItem","position":3,"name":"Mar y Lava Fuerteventura"}]},{"@type":"WebSite","@id":"https:\/\/www.ticket-isladelobos.es\/es\/#website","url":"https:\/\/www.ticket-isladelobos.es\/es\/","name":"\u2705Isla de Lobos Fuerteventura Tickets Ferry WaterTaxi Excursiones Reservas","description":"\u00bfQuieres hacer un viaje completamente inolvidable? Reserva hoy! Todo sobre la Isla de Lobos en un sitio!","publisher":{"@id":"https:\/\/www.ticket-isladelobos.es\/es\/#organization"},"potentialAction":[{"@type":"SearchAction","target":{"@type":"EntryPoint","urlTemplate":"https:\/\/www.ticket-isladelobos.es\/es\/?s={search_term_string}"},"query-input":{"@type":"PropertyValueSpecification","valueRequired":true,"valueName":"search_term_string"}}],"inLanguage":"es"},{"@type":"Organization","@id":"https:\/\/www.ticket-isladelobos.es\/es\/#organization","name":"Ticket Isla-de-lobos","url":"https:\/\/www.ticket-isladelobos.es\/es\/","logo":{"@type":"ImageObject","inLanguage":"es","@id":"https:\/\/www.ticket-isladelobos.es\/es\/#\/schema\/logo\/image\/","url":"https:\/\/www.ticket-isladelobos.es\/wp-content\/uploads\/2021\/04\/Photo_1614613341266.jpg","contentUrl":"https:\/\/www.ticket-isladelobos.es\/wp-content\/uploads\/2021\/04\/Photo_1614613341266.jpg","width":720,"height":720,"caption":"Ticket Isla-de-lobos"},"image":{"@id":"https:\/\/www.ticket-isladelobos.es\/es\/#\/schema\/logo\/image\/"},"sameAs":["https:\/\/www.facebook.com\/ticketisladelobos"]}]}},"jetpack_publicize_connections":[],"jetpack_likes_enabled":true,"jetpack_sharing_enabled":true,"_links":{"self":[{"href":"https:\/\/www.ticket-isladelobos.es\/es\/wp-json\/wp\/v2\/product\/3373","targetHints":{"allow":["GET"]}}],"collection":[{"href":"https:\/\/www.ticket-isladelobos.es\/es\/wp-json\/wp\/v2\/product"}],"about":[{"href":"https:\/\/www.ticket-isladelobos.es\/es\/wp-json\/wp\/v2\/types\/product"}],"replies":[{"embeddable":true,"href":"https:\/\/www.ticket-isladelobos.es\/es\/wp-json\/wp\/v2\/comments?post=3373"}],"wp:featuredmedia":[{"embeddable":true,"href":"https:\/\/www.ticket-isladelobos.es\/es\/wp-json\/wp\/v2\/media\/3374"}],"wp:attachment":[{"href":"https:\/\/www.ticket-isladelobos.es\/es\/wp-json\/wp\/v2\/media?parent=3373"}],"wp:term":[{"taxonomy":"product_brand","embeddable":true,"href":"https:\/\/www.ticket-isladelobos.es\/es\/wp-json\/wp\/v2\/product_brand?post=3373"},{"taxonomy":"product_cat","embeddable":true,"href":"https:\/\/www.ticket-isladelobos.es\/es\/wp-json\/wp\/v2\/product_cat?post=3373"},{"taxonomy":"product_tag","embeddable":true,"href":"https:\/\/www.ticket-isladelobos.es\/es\/wp-json\/wp\/v2\/product_tag?post=3373"}],"curies":[{"name":"wp","href":"https:\/\/api.w.org\/{rel}","templated":true}]}}