{"id":3709,"date":"2022-02-21T19:28:12","date_gmt":"2022-02-21T19:28:12","guid":{"rendered":"https:\/\/www.ticket-isladelobos.es\/?post_type=product&#038;p=3709"},"modified":"2026-03-14T12:34:57","modified_gmt":"2026-03-14T12:34:57","slug":"ferry-con-fondo-de-cristal","status":"publish","type":"product","link":"https:\/\/www.ticket-isladelobos.es\/es\/tours\/ferry-con-fondo-de-cristal\/","title":{"rendered":"Ferry Isla de Lobos desde Corralejo"},"content":{"rendered":"<h1><strong>Ferry Isla de Lobos desde Corralejo: La Mejor Forma de Explorar el Para\u00edso Natural<\/strong><\/h1>\n<p>Si est\u00e1s buscando una manera c\u00f3moda y r\u00e1pida de visitar uno de los rincones m\u00e1s impresionantes de las Islas Canarias, el <strong>ferry Isla de Lobos desde Corralejo<\/strong> es tu mejor opci\u00f3n. Este servicio conecta Fuerteventura con la peque\u00f1a y encantadora Isla de Lobos, un para\u00edso volc\u00e1nico conocido por su tranquilidad, playas cristalinas y paisajes \u00fanicos.<\/p>\n<h3><strong>\u00bfQu\u00e9 Incluye el Servicio de Ferry?<\/strong><\/h3>\n<ul>\n<li><strong>Salidas frecuentes:<\/strong> Varias conexiones diarias desde el puerto de Corralejo, adaptadas a tus necesidades.<\/li>\n<li><strong>Duraci\u00f3n del trayecto:<\/strong> Solo 15-20 minutos para llegar al islote.<\/li>\n<li><strong>Vistas panor\u00e1micas:<\/strong> Durante el viaje, disfruta de espectaculares vistas del oc\u00e9ano Atl\u00e1ntico y la costa de Fuerteventura.<\/li>\n<li><strong>Acceso directo al Parque Natural del Islote de Lobos:<\/strong> Ideal para explorar sus senderos, playas y vida marina.<\/li>\n<\/ul>\n<p>Asegura tu plaza y vive una experiencia inolvidable rodeado de naturaleza virgen y tranquilidad.<\/p>\n<h4>Tarifas (Billetes ida y vuelta):<\/h4>\n<p>Adulto Regular: 17\u20ac<\/p>\n<p>Ni\u00f1o Regular(3-12): 11\u20ac<\/p>\n<p>Adulto Residente en Canarias: 14\u20ac<\/p>\n<p>Ni\u00f1o Residente en Canarias (3-12): 9\u20ac<\/p>\n<p>Transporte de Bicicletas: 5\u20ac<\/p>\n<p>Bebes (0-3): Gratis<\/p>\n<h3><strong>Solo es necesario abonar un dep\u00f3sito para realizar la reserva, el resto se debe abonar al embarcar.<\/strong><\/h3>\n<p><strong>\u00a0<\/strong><span lang=\"es\" tabindex=\"-1\">Tienes Preguntas? \u00a1Env\u00edanos un <strong><span style=\"color: #00ff00;\">WhatsApp<\/span>!<\/strong><\/span><\/p>\n<p><!--more--><\/p>\n<ul>\n<li style=\"list-style-type: none;\">\n<ul>\n<li><\/li>\n<\/ul>\n<\/li>\n<\/ul>\n<table class=\"table table-bordered tours-tabs__table\" style=\"height: 531px; width: 80.7181%;\" width=\"862\">\n<tbody>\n<tr style=\"height: 22px;\">\n<td style=\"height: 22px;\"><strong>LUGAR DE SALIDA \/ REGRESO<\/strong><\/td>\n<td style=\"height: 22px;\">Muelle de Corralejo<\/td>\n<\/tr>\n<tr>\n<td>\n<p id=\"tw-target-text\" class=\"tw-data-text tw-text-large XcVN5d tw-ta\" dir=\"ltr\" data-placeholder=\"Ford\u00edt\u00e1s\"><strong><span lang=\"es\">HORA DE SALIDA\u00a0<\/span><\/strong><\/p>\n<\/td>\n<td>\n<div class=\"stripLine\">\n<div class=\"content\"><span style=\"font-family: inherit; font-size: inherit;\">9:45,\u00a0 11:00, 12:30, 15:30<\/span><\/div>\n<\/div>\n<\/td>\n<\/tr>\n<tr>\n<td>\n<p id=\"tw-target-text\" class=\"tw-data-text tw-text-large XcVN5d tw-ta\" dir=\"ltr\" data-placeholder=\"Ford\u00edt\u00e1s\"><strong><span lang=\"es\">HORA DE REGRESO\u00a0<\/span><\/strong><\/p>\n<\/td>\n<td>\n<div class=\"stripLine\"><span style=\"font-family: inherit; font-size: inherit;\">14:00, 16:15, 17:15,\u00a0<\/span><\/div>\n<\/td>\n<\/tr>\n<tr>\n<td colspan=\"2\">\n<h2 id=\"tw-target-text\" class=\"tw-data-text tw-text-large XcVN5d tw-ta\" dir=\"ltr\" data-placeholder=\"Ford\u00edt\u00e1s\"><span style=\"color: #0000ff;\"><strong><span lang=\"es\">La hora de regreso se confirma a bordo.<\/span><\/strong><\/span><\/h2>\n<div class=\"stripLine\"><span style=\"font-family: inherit; font-size: inherit;\">\u00a0<\/span><\/div>\n<\/td>\n<\/tr>\n<tr style=\"height: 141px;\">\n<td style=\"height: 141px;\">\n<h4><b>\u00bfQUE TENGO QUE LLEVAR?<\/b><\/h4>\n<\/td>\n<td style=\"height: 141px;\">\n<ul>\n<li>Agua y algo de comida<\/li>\n<li>Protecci\u00f3n solar (crema, sombreros, sombrillas etc.)<\/li>\n<li>Zapatos apropiados y c\u00f3modos (zapatos deportivos)<\/li>\n<li>Toalla, ba\u00f1ador y chanclas<\/li>\n<\/ul>\n<\/td>\n<\/tr>\n<tr style=\"height: 214px;\">\n<td style=\"height: 214px;\"><strong>INCLUYE<\/strong><\/td>\n<td style=\"height: 214px;\">\n<table class=\"table table-bordered\" style=\"height: 62px;\" width=\"300\">\n<tbody>\n<tr>\n<td><i class=\"fa fa-check icon-tick icon-tick--on\"><\/i>Billete de barco ida y vuelta: Corralejo \u2013 Isla de Lobos \u2013 Corralejo<\/td>\n<td><i class=\"fa fa-check icon-tick icon-tick--on\"><\/i>Visita a la isla de Lobos<\/td>\n<\/tr>\n<tr>\n<td><\/td>\n<td><i class=\"fa fa-check icon-tick icon-tick--on\"><\/i>Seguro Obligatorio de Viajeros<\/td>\n<\/tr>\n<\/tbody>\n<\/table>\n<\/td>\n<\/tr>\n<tr style=\"height: 22px;\">\n<td style=\"height: 22px;\"><\/td>\n<td style=\"height: 22px;\"><\/td>\n<\/tr>\n<\/tbody>\n<\/table>\n<div><\/div>\n<div><\/div>\n","protected":false},"excerpt":{"rendered":"<h1 class=\"ff-primary fc-black fw-light fs-medium mtpx-30\">Visita la isla de Lobos con los mejores barcos sin pagar m\u00e1s!<\/h1>\n","protected":false},"featured_media":3724,"comment_status":"open","ping_status":"closed","template":"","meta":{"jetpack_publicize_message":"","jetpack_publicize_feature_enabled":true,"jetpack_social_post_already_shared":true,"jetpack_social_options":{"image_generator_settings":{"template":"highway","default_image_id":0,"font":"","enabled":false},"version":2}},"product_brand":[],"product_cat":[15],"product_tag":[],"class_list":{"0":"post-3709","1":"product","2":"type-product","3":"status-publish","4":"has-post-thumbnail","6":"product_cat-sin-categorizar","7":"tour_category-barco-ferry-water-taxi","9":"first","10":"instock","11":"shipping-taxable","12":"purchasable","13":"product-type-tour","14":"has-default-attributes"},"yoast_head":"<!-- This site is optimized with the Yoast SEO plugin v23.4 - https:\/\/yoast.com\/wordpress\/plugins\/seo\/ -->\n<title>Ferry Isla de Lobos desde Corralejo - \u2705Isla de Lobos Fuerteventura Tickets Ferry WaterTaxi Excursiones Reservas<\/title>\n<meta name=\"description\" content=\"Visita a la isla de Lobos con el \u00fanico Ferry Celia Cruz con Fondo de Cristal al el mejor precio\" \/>\n<meta name=\"robots\" content=\"index, follow, max-snippet:-1, max-image-preview:large, max-video-preview:-1\" \/>\n<link rel=\"canonical\" href=\"https:\/\/www.ticket-isladelobos.es\/es\/tours\/ferry-con-fondo-de-cristal\/\" \/>\n<meta property=\"og:locale\" content=\"es_ES\" \/>\n<meta property=\"og:type\" content=\"article\" \/>\n<meta property=\"og:title\" content=\"Ferry Isla de Lobos desde Corralejo - \u2705Isla de Lobos Fuerteventura Tickets Ferry WaterTaxi Excursiones Reservas\" \/>\n<meta property=\"og:description\" content=\"Visita a la isla de Lobos con el \u00fanico Ferry Celia Cruz con Fondo de Cristal al el mejor precio\" \/>\n<meta property=\"og:url\" content=\"https:\/\/www.ticket-isladelobos.es\/es\/tours\/ferry-con-fondo-de-cristal\/\" \/>\n<meta property=\"og:site_name\" content=\"\u2705Isla de Lobos Fuerteventura Tickets Ferry WaterTaxi Excursiones Reservas\" \/>\n<meta property=\"article:publisher\" content=\"https:\/\/www.facebook.com\/ticketisladelobos\" \/>\n<meta property=\"article:modified_time\" content=\"2026-03-14T12:34:57+00:00\" \/>\n<meta property=\"og:image\" content=\"https:\/\/www.ticket-isladelobos.es\/wp-content\/uploads\/2021\/04\/image001_optimized.png\" \/>\n\t<meta property=\"og:image:width\" content=\"853\" \/>\n\t<meta property=\"og:image:height\" content=\"567\" \/>\n\t<meta property=\"og:image:type\" content=\"image\/png\" \/>\n<meta name=\"twitter:card\" content=\"summary_large_image\" \/>\n<meta name=\"twitter:label1\" content=\"Tiempo de lectura\" \/>\n\t<meta name=\"twitter:data1\" content=\"2 minutos\" \/>\n<script type=\"application\/ld+json\" class=\"yoast-schema-graph\">{\"@context\":\"https:\/\/schema.org\",\"@graph\":[{\"@type\":\"WebPage\",\"@id\":\"https:\/\/www.ticket-isladelobos.es\/es\/tours\/ferry-con-fondo-de-cristal\/\",\"url\":\"https:\/\/www.ticket-isladelobos.es\/es\/tours\/ferry-con-fondo-de-cristal\/\",\"name\":\"Ferry Isla de Lobos desde Corralejo - \u2705Isla de Lobos Fuerteventura Tickets Ferry WaterTaxi Excursiones Reservas\",\"isPartOf\":{\"@id\":\"https:\/\/www.ticket-isladelobos.es\/es\/#website\"},\"primaryImageOfPage\":{\"@id\":\"https:\/\/www.ticket-isladelobos.es\/es\/tours\/ferry-con-fondo-de-cristal\/#primaryimage\"},\"image\":{\"@id\":\"https:\/\/www.ticket-isladelobos.es\/es\/tours\/ferry-con-fondo-de-cristal\/#primaryimage\"},\"thumbnailUrl\":\"https:\/\/www.ticket-isladelobos.es\/wp-content\/uploads\/2021\/04\/image001_optimized.png\",\"datePublished\":\"2022-02-21T19:28:12+00:00\",\"dateModified\":\"2026-03-14T12:34:57+00:00\",\"description\":\"Visita a la isla de Lobos con el \u00fanico Ferry Celia Cruz con Fondo de Cristal al el mejor precio\",\"breadcrumb\":{\"@id\":\"https:\/\/www.ticket-isladelobos.es\/es\/tours\/ferry-con-fondo-de-cristal\/#breadcrumb\"},\"inLanguage\":\"es\",\"potentialAction\":[{\"@type\":\"ReadAction\",\"target\":[\"https:\/\/www.ticket-isladelobos.es\/es\/tours\/ferry-con-fondo-de-cristal\/\"]}]},{\"@type\":\"ImageObject\",\"inLanguage\":\"es\",\"@id\":\"https:\/\/www.ticket-isladelobos.es\/es\/tours\/ferry-con-fondo-de-cristal\/#primaryimage\",\"url\":\"https:\/\/www.ticket-isladelobos.es\/wp-content\/uploads\/2021\/04\/image001_optimized.png\",\"contentUrl\":\"https:\/\/www.ticket-isladelobos.es\/wp-content\/uploads\/2021\/04\/image001_optimized.png\",\"width\":853,\"height\":567},{\"@type\":\"BreadcrumbList\",\"@id\":\"https:\/\/www.ticket-isladelobos.es\/es\/tours\/ferry-con-fondo-de-cristal\/#breadcrumb\",\"itemListElement\":[{\"@type\":\"ListItem\",\"position\":1,\"name\":\"Portada\",\"item\":\"https:\/\/www.ticket-isladelobos.es\/es\/\"},{\"@type\":\"ListItem\",\"position\":2,\"name\":\"Tienda\",\"item\":\"https:\/\/www.ticket-isladelobos.es\/es\/tienda\/\"},{\"@type\":\"ListItem\",\"position\":3,\"name\":\"Ferry Isla de Lobos desde Corralejo\"}]},{\"@type\":\"WebSite\",\"@id\":\"https:\/\/www.ticket-isladelobos.es\/es\/#website\",\"url\":\"https:\/\/www.ticket-isladelobos.es\/es\/\",\"name\":\"\u2705Isla de Lobos Fuerteventura Tickets Ferry WaterTaxi Excursiones Reservas\",\"description\":\"\u00bfQuieres hacer un viaje completamente inolvidable? Reserva hoy! Todo sobre la Isla de Lobos en un sitio!\",\"publisher\":{\"@id\":\"https:\/\/www.ticket-isladelobos.es\/es\/#organization\"},\"potentialAction\":[{\"@type\":\"SearchAction\",\"target\":{\"@type\":\"EntryPoint\",\"urlTemplate\":\"https:\/\/www.ticket-isladelobos.es\/es\/?s={search_term_string}\"},\"query-input\":{\"@type\":\"PropertyValueSpecification\",\"valueRequired\":true,\"valueName\":\"search_term_string\"}}],\"inLanguage\":\"es\"},{\"@type\":\"Organization\",\"@id\":\"https:\/\/www.ticket-isladelobos.es\/es\/#organization\",\"name\":\"Ticket Isla-de-lobos\",\"url\":\"https:\/\/www.ticket-isladelobos.es\/es\/\",\"logo\":{\"@type\":\"ImageObject\",\"inLanguage\":\"es\",\"@id\":\"https:\/\/www.ticket-isladelobos.es\/es\/#\/schema\/logo\/image\/\",\"url\":\"https:\/\/www.ticket-isladelobos.es\/wp-content\/uploads\/2021\/04\/Photo_1614613341266.jpg\",\"contentUrl\":\"https:\/\/www.ticket-isladelobos.es\/wp-content\/uploads\/2021\/04\/Photo_1614613341266.jpg\",\"width\":720,\"height\":720,\"caption\":\"Ticket Isla-de-lobos\"},\"image\":{\"@id\":\"https:\/\/www.ticket-isladelobos.es\/es\/#\/schema\/logo\/image\/\"},\"sameAs\":[\"https:\/\/www.facebook.com\/ticketisladelobos\"]}]}<\/script>\n<!-- \/ Yoast SEO plugin. -->","yoast_head_json":{"title":"Ferry Isla de Lobos desde Corralejo - \u2705Isla de Lobos Fuerteventura Tickets Ferry WaterTaxi Excursiones Reservas","description":"Visita a la isla de Lobos con el \u00fanico Ferry Celia Cruz con Fondo de Cristal al el mejor precio","robots":{"index":"index","follow":"follow","max-snippet":"max-snippet:-1","max-image-preview":"max-image-preview:large","max-video-preview":"max-video-preview:-1"},"canonical":"https:\/\/www.ticket-isladelobos.es\/es\/tours\/ferry-con-fondo-de-cristal\/","og_locale":"es_ES","og_type":"article","og_title":"Ferry Isla de Lobos desde Corralejo - \u2705Isla de Lobos Fuerteventura Tickets Ferry WaterTaxi Excursiones Reservas","og_description":"Visita a la isla de Lobos con el \u00fanico Ferry Celia Cruz con Fondo de Cristal al el mejor precio","og_url":"https:\/\/www.ticket-isladelobos.es\/es\/tours\/ferry-con-fondo-de-cristal\/","og_site_name":"\u2705Isla de Lobos Fuerteventura Tickets Ferry WaterTaxi Excursiones Reservas","article_publisher":"https:\/\/www.facebook.com\/ticketisladelobos","article_modified_time":"2026-03-14T12:34:57+00:00","og_image":[{"width":853,"height":567,"url":"https:\/\/www.ticket-isladelobos.es\/wp-content\/uploads\/2021\/04\/image001_optimized.png","type":"image\/png"}],"twitter_card":"summary_large_image","twitter_misc":{"Tiempo de lectura":"2 minutos"},"schema":{"@context":"https:\/\/schema.org","@graph":[{"@type":"WebPage","@id":"https:\/\/www.ticket-isladelobos.es\/es\/tours\/ferry-con-fondo-de-cristal\/","url":"https:\/\/www.ticket-isladelobos.es\/es\/tours\/ferry-con-fondo-de-cristal\/","name":"Ferry Isla de Lobos desde Corralejo - \u2705Isla de Lobos Fuerteventura Tickets Ferry WaterTaxi Excursiones Reservas","isPartOf":{"@id":"https:\/\/www.ticket-isladelobos.es\/es\/#website"},"primaryImageOfPage":{"@id":"https:\/\/www.ticket-isladelobos.es\/es\/tours\/ferry-con-fondo-de-cristal\/#primaryimage"},"image":{"@id":"https:\/\/www.ticket-isladelobos.es\/es\/tours\/ferry-con-fondo-de-cristal\/#primaryimage"},"thumbnailUrl":"https:\/\/www.ticket-isladelobos.es\/wp-content\/uploads\/2021\/04\/image001_optimized.png","datePublished":"2022-02-21T19:28:12+00:00","dateModified":"2026-03-14T12:34:57+00:00","description":"Visita a la isla de Lobos con el \u00fanico Ferry Celia Cruz con Fondo de Cristal al el mejor precio","breadcrumb":{"@id":"https:\/\/www.ticket-isladelobos.es\/es\/tours\/ferry-con-fondo-de-cristal\/#breadcrumb"},"inLanguage":"es","potentialAction":[{"@type":"ReadAction","target":["https:\/\/www.ticket-isladelobos.es\/es\/tours\/ferry-con-fondo-de-cristal\/"]}]},{"@type":"ImageObject","inLanguage":"es","@id":"https:\/\/www.ticket-isladelobos.es\/es\/tours\/ferry-con-fondo-de-cristal\/#primaryimage","url":"https:\/\/www.ticket-isladelobos.es\/wp-content\/uploads\/2021\/04\/image001_optimized.png","contentUrl":"https:\/\/www.ticket-isladelobos.es\/wp-content\/uploads\/2021\/04\/image001_optimized.png","width":853,"height":567},{"@type":"BreadcrumbList","@id":"https:\/\/www.ticket-isladelobos.es\/es\/tours\/ferry-con-fondo-de-cristal\/#breadcrumb","itemListElement":[{"@type":"ListItem","position":1,"name":"Portada","item":"https:\/\/www.ticket-isladelobos.es\/es\/"},{"@type":"ListItem","position":2,"name":"Tienda","item":"https:\/\/www.ticket-isladelobos.es\/es\/tienda\/"},{"@type":"ListItem","position":3,"name":"Ferry Isla de Lobos desde Corralejo"}]},{"@type":"WebSite","@id":"https:\/\/www.ticket-isladelobos.es\/es\/#website","url":"https:\/\/www.ticket-isladelobos.es\/es\/","name":"\u2705Isla de Lobos Fuerteventura Tickets Ferry WaterTaxi Excursiones Reservas","description":"\u00bfQuieres hacer un viaje completamente inolvidable? Reserva hoy! Todo sobre la Isla de Lobos en un sitio!","publisher":{"@id":"https:\/\/www.ticket-isladelobos.es\/es\/#organization"},"potentialAction":[{"@type":"SearchAction","target":{"@type":"EntryPoint","urlTemplate":"https:\/\/www.ticket-isladelobos.es\/es\/?s={search_term_string}"},"query-input":{"@type":"PropertyValueSpecification","valueRequired":true,"valueName":"search_term_string"}}],"inLanguage":"es"},{"@type":"Organization","@id":"https:\/\/www.ticket-isladelobos.es\/es\/#organization","name":"Ticket Isla-de-lobos","url":"https:\/\/www.ticket-isladelobos.es\/es\/","logo":{"@type":"ImageObject","inLanguage":"es","@id":"https:\/\/www.ticket-isladelobos.es\/es\/#\/schema\/logo\/image\/","url":"https:\/\/www.ticket-isladelobos.es\/wp-content\/uploads\/2021\/04\/Photo_1614613341266.jpg","contentUrl":"https:\/\/www.ticket-isladelobos.es\/wp-content\/uploads\/2021\/04\/Photo_1614613341266.jpg","width":720,"height":720,"caption":"Ticket Isla-de-lobos"},"image":{"@id":"https:\/\/www.ticket-isladelobos.es\/es\/#\/schema\/logo\/image\/"},"sameAs":["https:\/\/www.facebook.com\/ticketisladelobos"]}]}},"jetpack_publicize_connections":[],"jetpack_likes_enabled":true,"jetpack_sharing_enabled":true,"_links":{"self":[{"href":"https:\/\/www.ticket-isladelobos.es\/es\/wp-json\/wp\/v2\/product\/3709","targetHints":{"allow":["GET"]}}],"collection":[{"href":"https:\/\/www.ticket-isladelobos.es\/es\/wp-json\/wp\/v2\/product"}],"about":[{"href":"https:\/\/www.ticket-isladelobos.es\/es\/wp-json\/wp\/v2\/types\/product"}],"replies":[{"embeddable":true,"href":"https:\/\/www.ticket-isladelobos.es\/es\/wp-json\/wp\/v2\/comments?post=3709"}],"wp:featuredmedia":[{"embeddable":true,"href":"https:\/\/www.ticket-isladelobos.es\/es\/wp-json\/wp\/v2\/media\/3724"}],"wp:attachment":[{"href":"https:\/\/www.ticket-isladelobos.es\/es\/wp-json\/wp\/v2\/media?parent=3709"}],"wp:term":[{"taxonomy":"product_brand","embeddable":true,"href":"https:\/\/www.ticket-isladelobos.es\/es\/wp-json\/wp\/v2\/product_brand?post=3709"},{"taxonomy":"product_cat","embeddable":true,"href":"https:\/\/www.ticket-isladelobos.es\/es\/wp-json\/wp\/v2\/product_cat?post=3709"},{"taxonomy":"product_tag","embeddable":true,"href":"https:\/\/www.ticket-isladelobos.es\/es\/wp-json\/wp\/v2\/product_tag?post=3709"}],"curies":[{"name":"wp","href":"https:\/\/api.w.org\/{rel}","templated":true}]}}