{"id":4108,"date":"2021-06-20T18:17:38","date_gmt":"2021-06-20T18:17:38","guid":{"rendered":"https:\/\/www.ticket-isladelobos.es\/?post_type=product&#038;p=4108"},"modified":"2026-04-13T08:49:21","modified_gmt":"2026-04-13T08:49:21","slug":"volcan-y-camello-safari-fuerteventura","status":"publish","type":"product","link":"https:\/\/www.ticket-isladelobos.es\/es\/tours\/volcan-y-camello-safari-fuerteventura\/","title":{"rendered":"Volc\u00e1n y Camello Safari"},"content":{"rendered":"<h1>Volc\u00e1n y Camello Safari Fuerteventura<\/h1>\n<h2>Venga a disfrutar un agradable y tranquilo paseo en camello de 90 minutos por parte del Volc\u00e1n Calderon Hondo en Lajares con sus paisajes des\u00e9rticos.<\/h2>\n<h2>No pierdas esta oportunidad de una aventura divertida y ex\u00f3tica.<\/h2>\n<h3>\u00a1Conoce a tu camello por su nombre antes de subirte a \u00e9l y salir a explorar!<\/h3>\n<p><img loading=\"lazy\" decoding=\"async\" data-attachment-id=\"4114\" data-permalink=\"https:\/\/www.ticket-isladelobos.es\/es\/?attachment_id=4114\" data-orig-file=\"https:\/\/www.ticket-isladelobos.es\/wp-content\/uploads\/2021\/06\/WhatsApp-Image-2021-06-01-at-20.55.22.jpeg\" data-orig-size=\"1600,1198\" data-comments-opened=\"1\" data-image-meta=\"{&quot;aperture&quot;:&quot;0&quot;,&quot;credit&quot;:&quot;&quot;,&quot;camera&quot;:&quot;&quot;,&quot;caption&quot;:&quot;&quot;,&quot;created_timestamp&quot;:&quot;0&quot;,&quot;copyright&quot;:&quot;&quot;,&quot;focal_length&quot;:&quot;0&quot;,&quot;iso&quot;:&quot;0&quot;,&quot;shutter_speed&quot;:&quot;0&quot;,&quot;title&quot;:&quot;&quot;,&quot;orientation&quot;:&quot;0&quot;}\" data-image-title=\"Camello Safari Fuerteventura\" data-image-description=\"\" data-image-caption=\"\" data-medium-file=\"https:\/\/www.ticket-isladelobos.es\/wp-content\/uploads\/2021\/06\/WhatsApp-Image-2021-06-01-at-20.55.22-300x225.jpeg\" data-large-file=\"https:\/\/www.ticket-isladelobos.es\/wp-content\/uploads\/2021\/06\/WhatsApp-Image-2021-06-01-at-20.55.22-1024x767.jpeg\" class=\"alignnone size-medium wp-image-4114\" src=\"https:\/\/www.ticket-isladelobos.es\/wp-content\/uploads\/2021\/06\/WhatsApp-Image-2021-06-01-at-20.55.22-300x225.jpeg\" alt=\"\" width=\"300\" height=\"225\" srcset=\"https:\/\/www.ticket-isladelobos.es\/wp-content\/uploads\/2021\/06\/WhatsApp-Image-2021-06-01-at-20.55.22.jpeg 300w, https:\/\/www.ticket-isladelobos.es\/wp-content\/uploads\/2021\/06\/WhatsApp-Image-2021-06-01-at-20.55.22.jpeg 1024w, https:\/\/www.ticket-isladelobos.es\/wp-content\/uploads\/2021\/06\/WhatsApp-Image-2021-06-01-at-20.55.22.jpeg 768w, https:\/\/www.ticket-isladelobos.es\/wp-content\/uploads\/2021\/06\/WhatsApp-Image-2021-06-01-at-20.55.22.jpeg 1536w, https:\/\/www.ticket-isladelobos.es\/wp-content\/uploads\/2021\/06\/WhatsApp-Image-2021-06-01-at-20.55.22.jpeg 600w, https:\/\/www.ticket-isladelobos.es\/wp-content\/uploads\/2021\/06\/WhatsApp-Image-2021-06-01-at-20.55.22.jpeg 1600w\" sizes=\"auto, (max-width: 300px) 100vw, 300px\" \/><\/p>\n<p>CAMEL SAFARI<\/p>\n<p>Desde Martes hasta Sabado todo los dias a las 10:00<\/p>\n<p>Lajares, Volc\u00e1n Calderon Hondo<\/p>\n<p><strong>Precio: 30,00 euros para Adultos\u00a0 (12+)<\/strong><\/p>\n<p><strong>\u00a0 \u00a0 \u00a0 \u00a0 \u00a0 \u00a0 \u00a0 \u00a027 euros para n\u00f1ios (0-12)<\/strong><\/p>\n<p>Peso m\u00e1ximo por persona: 100 kg<\/p>\n<p>Duraci\u00f3n: 90 minutos \u2013 30 mintos en camello, 30 minutos andando al cr\u00e1ter, 30 minutos en camello de vuelta<\/p>\n<p>LAJARES: 10 minutos desde Corralejo, 10 minutos desde El Cotillo, 30 minutos desde Puerto del Rosario, 45 minutos desde Caleta de Fuste<\/p>\n<p><img loading=\"lazy\" decoding=\"async\" data-attachment-id=\"4118\" data-permalink=\"https:\/\/www.ticket-isladelobos.es\/es\/?attachment_id=4118\" data-orig-file=\"https:\/\/www.ticket-isladelobos.es\/wp-content\/uploads\/2021\/06\/whatsapp-image-2021-06-01-at-20_optimized.51.46.jpeg\" data-orig-size=\"1600,1198\" data-comments-opened=\"1\" data-image-meta=\"{&quot;aperture&quot;:&quot;0&quot;,&quot;credit&quot;:&quot;&quot;,&quot;camera&quot;:&quot;&quot;,&quot;caption&quot;:&quot;&quot;,&quot;created_timestamp&quot;:&quot;0&quot;,&quot;copyright&quot;:&quot;&quot;,&quot;focal_length&quot;:&quot;0&quot;,&quot;iso&quot;:&quot;0&quot;,&quot;shutter_speed&quot;:&quot;0&quot;,&quot;title&quot;:&quot;&quot;,&quot;orientation&quot;:&quot;0&quot;}\" data-image-title=\"Camello Safari Fuerteventura\" data-image-description=\"\" data-image-caption=\"\" data-medium-file=\"https:\/\/www.ticket-isladelobos.es\/wp-content\/uploads\/2021\/06\/whatsapp-image-2021-06-01-at-20_optimized.51.46-300x225.jpeg\" data-large-file=\"https:\/\/www.ticket-isladelobos.es\/wp-content\/uploads\/2021\/06\/whatsapp-image-2021-06-01-at-20_optimized.51.46-1024x767.jpeg\" class=\"alignnone size-medium wp-image-4118\" src=\"https:\/\/www.ticket-isladelobos.es\/wp-content\/uploads\/2021\/06\/whatsapp-image-2021-06-01-at-20_optimized.51.46-300x225.jpeg\" alt=\"Camello Safari Fuerteventura\" width=\"300\" height=\"225\" srcset=\"https:\/\/www.ticket-isladelobos.es\/wp-content\/uploads\/2021\/06\/whatsapp-image-2021-06-01-at-20_optimized.51.46.jpeg 300w, https:\/\/www.ticket-isladelobos.es\/wp-content\/uploads\/2021\/06\/whatsapp-image-2021-06-01-at-20_optimized.51.46.jpeg 1024w, https:\/\/www.ticket-isladelobos.es\/wp-content\/uploads\/2021\/06\/whatsapp-image-2021-06-01-at-20_optimized.51.46.jpeg 768w, https:\/\/www.ticket-isladelobos.es\/wp-content\/uploads\/2021\/06\/whatsapp-image-2021-06-01-at-20_optimized.51.46.jpeg 1536w, https:\/\/www.ticket-isladelobos.es\/wp-content\/uploads\/2021\/06\/whatsapp-image-2021-06-01-at-20_optimized.51.46.jpeg 600w, https:\/\/www.ticket-isladelobos.es\/wp-content\/uploads\/2021\/06\/whatsapp-image-2021-06-01-at-20_optimized.51.46.jpeg 1600w\" sizes=\"auto, (max-width: 300px) 100vw, 300px\" \/><\/p>\n<p>VOLC\u00c1N CALDERON HONDO: El Calder\u00f3n Hondo es uno de los siete volcanes del Bayuyo que mejor estado de conservaci\u00f3n tiene. Caminar hasta \u00e9l es f\u00e1cil, subirlo y asomarte a su cr\u00e1ter tambi\u00e9n. Desde su cima, a 278 metros de altitud y en el borde, se puede admirar un gran cr\u00e1ter de 70 metros de profundidad as\u00ed como unas vistas muy bonitas de Fuerteventura.<\/p>\n<p><img loading=\"lazy\" decoding=\"async\" data-attachment-id=\"4110\" data-permalink=\"https:\/\/www.ticket-isladelobos.es\/es\/?attachment_id=4110\" data-orig-file=\"https:\/\/www.ticket-isladelobos.es\/wp-content\/uploads\/2021\/06\/WhatsApp-Image-2021-06-01-at-20.55.40.jpeg\" data-orig-size=\"1600,1198\" data-comments-opened=\"1\" data-image-meta=\"{&quot;aperture&quot;:&quot;0&quot;,&quot;credit&quot;:&quot;&quot;,&quot;camera&quot;:&quot;&quot;,&quot;caption&quot;:&quot;&quot;,&quot;created_timestamp&quot;:&quot;0&quot;,&quot;copyright&quot;:&quot;&quot;,&quot;focal_length&quot;:&quot;0&quot;,&quot;iso&quot;:&quot;0&quot;,&quot;shutter_speed&quot;:&quot;0&quot;,&quot;title&quot;:&quot;&quot;,&quot;orientation&quot;:&quot;0&quot;}\" data-image-title=\"Camello Safari Fuerteventura\" data-image-description=\"\" data-image-caption=\"\" data-medium-file=\"https:\/\/www.ticket-isladelobos.es\/wp-content\/uploads\/2021\/06\/WhatsApp-Image-2021-06-01-at-20.55.40-300x225.jpeg\" data-large-file=\"https:\/\/www.ticket-isladelobos.es\/wp-content\/uploads\/2021\/06\/WhatsApp-Image-2021-06-01-at-20.55.40-1024x767.jpeg\" class=\"alignnone size-medium wp-image-4110\" src=\"https:\/\/www.ticket-isladelobos.es\/wp-content\/uploads\/2021\/06\/WhatsApp-Image-2021-06-01-at-20.55.40-300x225.jpeg\" alt=\"Camello Safari Fuerteventura\" width=\"300\" height=\"225\" srcset=\"https:\/\/www.ticket-isladelobos.es\/wp-content\/uploads\/2021\/06\/WhatsApp-Image-2021-06-01-at-20.55.40.jpeg 300w, https:\/\/www.ticket-isladelobos.es\/wp-content\/uploads\/2021\/06\/WhatsApp-Image-2021-06-01-at-20.55.40.jpeg 1024w, https:\/\/www.ticket-isladelobos.es\/wp-content\/uploads\/2021\/06\/WhatsApp-Image-2021-06-01-at-20.55.40.jpeg 768w, https:\/\/www.ticket-isladelobos.es\/wp-content\/uploads\/2021\/06\/WhatsApp-Image-2021-06-01-at-20.55.40.jpeg 1536w, https:\/\/www.ticket-isladelobos.es\/wp-content\/uploads\/2021\/06\/WhatsApp-Image-2021-06-01-at-20.55.40.jpeg 600w, https:\/\/www.ticket-isladelobos.es\/wp-content\/uploads\/2021\/06\/WhatsApp-Image-2021-06-01-at-20.55.40.jpeg 1600w\" sizes=\"auto, (max-width: 300px) 100vw, 300px\" \/><\/p>\n<p>Monta\u00f1a Colorada y Calder\u00f3n Hondo son dos edificios volc\u00e1nicos diferentes con cuyas lavas, fechadas en unos 50.000 a\u00f1os de antig\u00fcedad, se aument\u00f3 la superficie de Fuerteventura en 110 km\u00b2 hacia el norte.<\/p>\n<p><img loading=\"lazy\" decoding=\"async\" data-attachment-id=\"4120\" data-permalink=\"https:\/\/www.ticket-isladelobos.es\/es\/?attachment_id=4120\" data-orig-file=\"https:\/\/www.ticket-isladelobos.es\/wp-content\/uploads\/2021\/06\/img_20201223_104908_optimized.jpg\" data-orig-size=\"1024,767\" data-comments-opened=\"1\" data-image-meta=\"{&quot;aperture&quot;:&quot;0&quot;,&quot;credit&quot;:&quot;&quot;,&quot;camera&quot;:&quot;&quot;,&quot;caption&quot;:&quot;&quot;,&quot;created_timestamp&quot;:&quot;0&quot;,&quot;copyright&quot;:&quot;&quot;,&quot;focal_length&quot;:&quot;0&quot;,&quot;iso&quot;:&quot;0&quot;,&quot;shutter_speed&quot;:&quot;0&quot;,&quot;title&quot;:&quot;&quot;,&quot;orientation&quot;:&quot;0&quot;}\" data-image-title=\"img_20201223_104908_optimized\" data-image-description=\"\" data-image-caption=\"\" data-medium-file=\"https:\/\/www.ticket-isladelobos.es\/wp-content\/uploads\/2021\/06\/img_20201223_104908_optimized-300x225.jpg\" data-large-file=\"https:\/\/www.ticket-isladelobos.es\/wp-content\/uploads\/2021\/06\/img_20201223_104908_optimized.jpg\" class=\"alignnone size-medium wp-image-4120\" src=\"https:\/\/www.ticket-isladelobos.es\/wp-content\/uploads\/2021\/06\/img_20201223_104908_optimized-300x225.jpg\" alt=\"\" width=\"300\" height=\"225\" srcset=\"https:\/\/www.ticket-isladelobos.es\/wp-content\/uploads\/2021\/06\/img_20201223_104908_optimized.jpg 300w, https:\/\/www.ticket-isladelobos.es\/wp-content\/uploads\/2021\/06\/img_20201223_104908_optimized.jpg 768w, https:\/\/www.ticket-isladelobos.es\/wp-content\/uploads\/2021\/06\/img_20201223_104908_optimized.jpg 600w, https:\/\/www.ticket-isladelobos.es\/wp-content\/uploads\/2021\/06\/img_20201223_104908_optimized.jpg 1024w\" sizes=\"auto, (max-width: 300px) 100vw, 300px\" \/><\/p>\n<p>Llevar zapatos c\u00f3modos para caminar de preferencia tenis o botas shorts o pantalones cortos playera c\u00f3moda, crema solar, gafas de sol y gorra.<\/p>\n<p>Aparcamiento gratuito<\/p>\n","protected":false},"excerpt":{"rendered":"<p>Volc\u00e1n y Camello Safari Fuerteventura Venga a disfrutar un agradable y tranquilo paseo en camello de 90 minutos por parte del Volc\u00e1n Calderon Hondo en Lajares con sus paisajes des\u00e9rticos. No pierdas esta oportunidad de una aventura divertida y ex\u00f3tica. \u00a1Conoce a tu camello por su nombre antes de subirte a \u00e9l y salir a<\/p>\n<div class=\"padding-top text-center\"><a href=\"https:\/\/www.ticket-isladelobos.es\/es\/tours\/volcan-y-camello-safari-fuerteventura\/\" class=\"atbtn atbtn--medium atbtn--rounded atbtn--transparent\">Lee Mas<i class=\"atbtn__icon atbtn__icon--right fa fa-long-arrow-right\"><\/i><\/a><\/div>\n","protected":false},"featured_media":4110,"comment_status":"open","ping_status":"closed","template":"","meta":{"jetpack_publicize_message":"","jetpack_publicize_feature_enabled":true,"jetpack_social_post_already_shared":true,"jetpack_social_options":{"image_generator_settings":{"template":"highway","default_image_id":0,"font":"","enabled":false},"version":2}},"product_brand":[],"product_cat":[15],"product_tag":[],"class_list":{"0":"post-4108","1":"product","2":"type-product","3":"status-publish","4":"has-post-thumbnail","6":"product_cat-sin-categorizar","7":"tour_category-fuerteventura","9":"first","10":"instock","11":"shipping-taxable","12":"purchasable","13":"product-type-tour","14":"has-default-attributes"},"yoast_head":"<!-- This site is optimized with the Yoast SEO plugin v23.4 - https:\/\/yoast.com\/wordpress\/plugins\/seo\/ -->\n<title>Volc\u00e1n y Camello Safari Fuerteventura<\/title>\n<meta name=\"description\" content=\"Venga a disfrutar un agradable y tranquilo paseo en camello de 90 minutos por parte del Volc\u00e1n Calderon Hondo en Lajares con sus paisajes des\u00e9rticos.\" \/>\n<meta name=\"robots\" content=\"index, follow, max-snippet:-1, max-image-preview:large, max-video-preview:-1\" \/>\n<link rel=\"canonical\" href=\"https:\/\/www.ticket-isladelobos.es\/es\/tours\/volcan-y-camello-safari-fuerteventura\/\" \/>\n<meta property=\"og:locale\" content=\"es_ES\" \/>\n<meta property=\"og:type\" content=\"article\" \/>\n<meta property=\"og:title\" content=\"Volc\u00e1n y Camello Safari Fuerteventura\" \/>\n<meta property=\"og:description\" content=\"Venga a disfrutar un agradable y tranquilo paseo en camello de 90 minutos por parte del Volc\u00e1n Calderon Hondo en Lajares con sus paisajes des\u00e9rticos.\" \/>\n<meta property=\"og:url\" content=\"https:\/\/www.ticket-isladelobos.es\/es\/tours\/volcan-y-camello-safari-fuerteventura\/\" \/>\n<meta property=\"og:site_name\" content=\"\u2705Isla de Lobos Fuerteventura Tickets Ferry WaterTaxi Excursiones Reservas\" \/>\n<meta property=\"article:publisher\" content=\"https:\/\/www.facebook.com\/ticketisladelobos\" \/>\n<meta property=\"article:modified_time\" content=\"2026-04-13T08:49:21+00:00\" \/>\n<meta property=\"og:image\" content=\"https:\/\/www.ticket-isladelobos.es\/wp-content\/uploads\/2021\/06\/WhatsApp-Image-2021-06-01-at-20.55.40.jpeg\" \/>\n\t<meta property=\"og:image:width\" content=\"1600\" \/>\n\t<meta property=\"og:image:height\" content=\"1198\" \/>\n\t<meta property=\"og:image:type\" content=\"image\/jpeg\" \/>\n<meta name=\"twitter:card\" content=\"summary_large_image\" \/>\n<meta name=\"twitter:label1\" content=\"Tiempo de lectura\" \/>\n\t<meta name=\"twitter:data1\" content=\"3 minutos\" \/>\n<script type=\"application\/ld+json\" class=\"yoast-schema-graph\">{\"@context\":\"https:\/\/schema.org\",\"@graph\":[{\"@type\":\"WebPage\",\"@id\":\"https:\/\/www.ticket-isladelobos.es\/es\/tours\/volcan-y-camello-safari-fuerteventura\/\",\"url\":\"https:\/\/www.ticket-isladelobos.es\/es\/tours\/volcan-y-camello-safari-fuerteventura\/\",\"name\":\"Volc\u00e1n y Camello Safari Fuerteventura\",\"isPartOf\":{\"@id\":\"https:\/\/www.ticket-isladelobos.es\/es\/#website\"},\"primaryImageOfPage\":{\"@id\":\"https:\/\/www.ticket-isladelobos.es\/es\/tours\/volcan-y-camello-safari-fuerteventura\/#primaryimage\"},\"image\":{\"@id\":\"https:\/\/www.ticket-isladelobos.es\/es\/tours\/volcan-y-camello-safari-fuerteventura\/#primaryimage\"},\"thumbnailUrl\":\"https:\/\/www.ticket-isladelobos.es\/wp-content\/uploads\/2021\/06\/WhatsApp-Image-2021-06-01-at-20.55.40.jpeg\",\"datePublished\":\"2021-06-20T18:17:38+00:00\",\"dateModified\":\"2026-04-13T08:49:21+00:00\",\"description\":\"Venga a disfrutar un agradable y tranquilo paseo en camello de 90 minutos por parte del Volc\u00e1n Calderon Hondo en Lajares con sus paisajes des\u00e9rticos.\",\"breadcrumb\":{\"@id\":\"https:\/\/www.ticket-isladelobos.es\/es\/tours\/volcan-y-camello-safari-fuerteventura\/#breadcrumb\"},\"inLanguage\":\"es\",\"potentialAction\":[{\"@type\":\"ReadAction\",\"target\":[\"https:\/\/www.ticket-isladelobos.es\/es\/tours\/volcan-y-camello-safari-fuerteventura\/\"]}]},{\"@type\":\"ImageObject\",\"inLanguage\":\"es\",\"@id\":\"https:\/\/www.ticket-isladelobos.es\/es\/tours\/volcan-y-camello-safari-fuerteventura\/#primaryimage\",\"url\":\"https:\/\/www.ticket-isladelobos.es\/wp-content\/uploads\/2021\/06\/WhatsApp-Image-2021-06-01-at-20.55.40.jpeg\",\"contentUrl\":\"https:\/\/www.ticket-isladelobos.es\/wp-content\/uploads\/2021\/06\/WhatsApp-Image-2021-06-01-at-20.55.40.jpeg\",\"width\":1600,\"height\":1198,\"caption\":\"Camello Safari Fuerteventura\"},{\"@type\":\"BreadcrumbList\",\"@id\":\"https:\/\/www.ticket-isladelobos.es\/es\/tours\/volcan-y-camello-safari-fuerteventura\/#breadcrumb\",\"itemListElement\":[{\"@type\":\"ListItem\",\"position\":1,\"name\":\"Portada\",\"item\":\"https:\/\/www.ticket-isladelobos.es\/es\/\"},{\"@type\":\"ListItem\",\"position\":2,\"name\":\"Tienda\",\"item\":\"https:\/\/www.ticket-isladelobos.es\/es\/tienda\/\"},{\"@type\":\"ListItem\",\"position\":3,\"name\":\"Volc\u00e1n y Camello Safari\"}]},{\"@type\":\"WebSite\",\"@id\":\"https:\/\/www.ticket-isladelobos.es\/es\/#website\",\"url\":\"https:\/\/www.ticket-isladelobos.es\/es\/\",\"name\":\"\u2705Isla de Lobos Fuerteventura Tickets Ferry WaterTaxi Excursiones Reservas\",\"description\":\"\u00bfQuieres hacer un viaje completamente inolvidable? Reserva hoy! Todo sobre la Isla de Lobos en un sitio!\",\"publisher\":{\"@id\":\"https:\/\/www.ticket-isladelobos.es\/es\/#organization\"},\"potentialAction\":[{\"@type\":\"SearchAction\",\"target\":{\"@type\":\"EntryPoint\",\"urlTemplate\":\"https:\/\/www.ticket-isladelobos.es\/es\/?s={search_term_string}\"},\"query-input\":{\"@type\":\"PropertyValueSpecification\",\"valueRequired\":true,\"valueName\":\"search_term_string\"}}],\"inLanguage\":\"es\"},{\"@type\":\"Organization\",\"@id\":\"https:\/\/www.ticket-isladelobos.es\/es\/#organization\",\"name\":\"Ticket Isla-de-lobos\",\"url\":\"https:\/\/www.ticket-isladelobos.es\/es\/\",\"logo\":{\"@type\":\"ImageObject\",\"inLanguage\":\"es\",\"@id\":\"https:\/\/www.ticket-isladelobos.es\/es\/#\/schema\/logo\/image\/\",\"url\":\"https:\/\/www.ticket-isladelobos.es\/wp-content\/uploads\/2021\/04\/Photo_1614613341266.jpg\",\"contentUrl\":\"https:\/\/www.ticket-isladelobos.es\/wp-content\/uploads\/2021\/04\/Photo_1614613341266.jpg\",\"width\":720,\"height\":720,\"caption\":\"Ticket Isla-de-lobos\"},\"image\":{\"@id\":\"https:\/\/www.ticket-isladelobos.es\/es\/#\/schema\/logo\/image\/\"},\"sameAs\":[\"https:\/\/www.facebook.com\/ticketisladelobos\"]}]}<\/script>\n<!-- \/ Yoast SEO plugin. -->","yoast_head_json":{"title":"Volc\u00e1n y Camello Safari Fuerteventura","description":"Venga a disfrutar un agradable y tranquilo paseo en camello de 90 minutos por parte del Volc\u00e1n Calderon Hondo en Lajares con sus paisajes des\u00e9rticos.","robots":{"index":"index","follow":"follow","max-snippet":"max-snippet:-1","max-image-preview":"max-image-preview:large","max-video-preview":"max-video-preview:-1"},"canonical":"https:\/\/www.ticket-isladelobos.es\/es\/tours\/volcan-y-camello-safari-fuerteventura\/","og_locale":"es_ES","og_type":"article","og_title":"Volc\u00e1n y Camello Safari Fuerteventura","og_description":"Venga a disfrutar un agradable y tranquilo paseo en camello de 90 minutos por parte del Volc\u00e1n Calderon Hondo en Lajares con sus paisajes des\u00e9rticos.","og_url":"https:\/\/www.ticket-isladelobos.es\/es\/tours\/volcan-y-camello-safari-fuerteventura\/","og_site_name":"\u2705Isla de Lobos Fuerteventura Tickets Ferry WaterTaxi Excursiones Reservas","article_publisher":"https:\/\/www.facebook.com\/ticketisladelobos","article_modified_time":"2026-04-13T08:49:21+00:00","og_image":[{"width":1600,"height":1198,"url":"https:\/\/www.ticket-isladelobos.es\/wp-content\/uploads\/2021\/06\/WhatsApp-Image-2021-06-01-at-20.55.40.jpeg","type":"image\/jpeg"}],"twitter_card":"summary_large_image","twitter_misc":{"Tiempo de lectura":"3 minutos"},"schema":{"@context":"https:\/\/schema.org","@graph":[{"@type":"WebPage","@id":"https:\/\/www.ticket-isladelobos.es\/es\/tours\/volcan-y-camello-safari-fuerteventura\/","url":"https:\/\/www.ticket-isladelobos.es\/es\/tours\/volcan-y-camello-safari-fuerteventura\/","name":"Volc\u00e1n y Camello Safari Fuerteventura","isPartOf":{"@id":"https:\/\/www.ticket-isladelobos.es\/es\/#website"},"primaryImageOfPage":{"@id":"https:\/\/www.ticket-isladelobos.es\/es\/tours\/volcan-y-camello-safari-fuerteventura\/#primaryimage"},"image":{"@id":"https:\/\/www.ticket-isladelobos.es\/es\/tours\/volcan-y-camello-safari-fuerteventura\/#primaryimage"},"thumbnailUrl":"https:\/\/www.ticket-isladelobos.es\/wp-content\/uploads\/2021\/06\/WhatsApp-Image-2021-06-01-at-20.55.40.jpeg","datePublished":"2021-06-20T18:17:38+00:00","dateModified":"2026-04-13T08:49:21+00:00","description":"Venga a disfrutar un agradable y tranquilo paseo en camello de 90 minutos por parte del Volc\u00e1n Calderon Hondo en Lajares con sus paisajes des\u00e9rticos.","breadcrumb":{"@id":"https:\/\/www.ticket-isladelobos.es\/es\/tours\/volcan-y-camello-safari-fuerteventura\/#breadcrumb"},"inLanguage":"es","potentialAction":[{"@type":"ReadAction","target":["https:\/\/www.ticket-isladelobos.es\/es\/tours\/volcan-y-camello-safari-fuerteventura\/"]}]},{"@type":"ImageObject","inLanguage":"es","@id":"https:\/\/www.ticket-isladelobos.es\/es\/tours\/volcan-y-camello-safari-fuerteventura\/#primaryimage","url":"https:\/\/www.ticket-isladelobos.es\/wp-content\/uploads\/2021\/06\/WhatsApp-Image-2021-06-01-at-20.55.40.jpeg","contentUrl":"https:\/\/www.ticket-isladelobos.es\/wp-content\/uploads\/2021\/06\/WhatsApp-Image-2021-06-01-at-20.55.40.jpeg","width":1600,"height":1198,"caption":"Camello Safari Fuerteventura"},{"@type":"BreadcrumbList","@id":"https:\/\/www.ticket-isladelobos.es\/es\/tours\/volcan-y-camello-safari-fuerteventura\/#breadcrumb","itemListElement":[{"@type":"ListItem","position":1,"name":"Portada","item":"https:\/\/www.ticket-isladelobos.es\/es\/"},{"@type":"ListItem","position":2,"name":"Tienda","item":"https:\/\/www.ticket-isladelobos.es\/es\/tienda\/"},{"@type":"ListItem","position":3,"name":"Volc\u00e1n y Camello Safari"}]},{"@type":"WebSite","@id":"https:\/\/www.ticket-isladelobos.es\/es\/#website","url":"https:\/\/www.ticket-isladelobos.es\/es\/","name":"\u2705Isla de Lobos Fuerteventura Tickets Ferry WaterTaxi Excursiones Reservas","description":"\u00bfQuieres hacer un viaje completamente inolvidable? Reserva hoy! Todo sobre la Isla de Lobos en un sitio!","publisher":{"@id":"https:\/\/www.ticket-isladelobos.es\/es\/#organization"},"potentialAction":[{"@type":"SearchAction","target":{"@type":"EntryPoint","urlTemplate":"https:\/\/www.ticket-isladelobos.es\/es\/?s={search_term_string}"},"query-input":{"@type":"PropertyValueSpecification","valueRequired":true,"valueName":"search_term_string"}}],"inLanguage":"es"},{"@type":"Organization","@id":"https:\/\/www.ticket-isladelobos.es\/es\/#organization","name":"Ticket Isla-de-lobos","url":"https:\/\/www.ticket-isladelobos.es\/es\/","logo":{"@type":"ImageObject","inLanguage":"es","@id":"https:\/\/www.ticket-isladelobos.es\/es\/#\/schema\/logo\/image\/","url":"https:\/\/www.ticket-isladelobos.es\/wp-content\/uploads\/2021\/04\/Photo_1614613341266.jpg","contentUrl":"https:\/\/www.ticket-isladelobos.es\/wp-content\/uploads\/2021\/04\/Photo_1614613341266.jpg","width":720,"height":720,"caption":"Ticket Isla-de-lobos"},"image":{"@id":"https:\/\/www.ticket-isladelobos.es\/es\/#\/schema\/logo\/image\/"},"sameAs":["https:\/\/www.facebook.com\/ticketisladelobos"]}]}},"jetpack_publicize_connections":[],"jetpack_likes_enabled":true,"jetpack_sharing_enabled":true,"_links":{"self":[{"href":"https:\/\/www.ticket-isladelobos.es\/es\/wp-json\/wp\/v2\/product\/4108","targetHints":{"allow":["GET"]}}],"collection":[{"href":"https:\/\/www.ticket-isladelobos.es\/es\/wp-json\/wp\/v2\/product"}],"about":[{"href":"https:\/\/www.ticket-isladelobos.es\/es\/wp-json\/wp\/v2\/types\/product"}],"replies":[{"embeddable":true,"href":"https:\/\/www.ticket-isladelobos.es\/es\/wp-json\/wp\/v2\/comments?post=4108"}],"wp:featuredmedia":[{"embeddable":true,"href":"https:\/\/www.ticket-isladelobos.es\/es\/wp-json\/wp\/v2\/media\/4110"}],"wp:attachment":[{"href":"https:\/\/www.ticket-isladelobos.es\/es\/wp-json\/wp\/v2\/media?parent=4108"}],"wp:term":[{"taxonomy":"product_brand","embeddable":true,"href":"https:\/\/www.ticket-isladelobos.es\/es\/wp-json\/wp\/v2\/product_brand?post=4108"},{"taxonomy":"product_cat","embeddable":true,"href":"https:\/\/www.ticket-isladelobos.es\/es\/wp-json\/wp\/v2\/product_cat?post=4108"},{"taxonomy":"product_tag","embeddable":true,"href":"https:\/\/www.ticket-isladelobos.es\/es\/wp-json\/wp\/v2\/product_tag?post=4108"}],"curies":[{"name":"wp","href":"https:\/\/api.w.org\/{rel}","templated":true}]}}