{"id":4970,"date":"2021-03-12T20:35:59","date_gmt":"2021-03-12T20:35:59","guid":{"rendered":"https:\/\/www.ticket-isladelobos.es\/?post_type=product&#038;p=4970"},"modified":"2025-11-04T17:31:14","modified_gmt":"2025-11-04T17:31:14","slug":"catamaran-de-lujo","status":"publish","type":"product","link":"https:\/\/www.ticket-isladelobos.es\/es\/tours\/catamaran-de-lujo\/","title":{"rendered":"Catamar\u00e1n de Lujo Solo Adultos"},"content":{"rendered":"<p><iframe loading=\"lazy\" title=\"YouTube video player\" src=\"https:\/\/www.youtube.com\/embed\/S0lstO8Os9U?start=28\" width=\"560\" height=\"315\" frameborder=\"0\" allowfullscreen=\"allowfullscreen\"><\/iframe><\/p>\n<p>&nbsp;<\/p>\n<p>Tener un recuerdo \u00fanico de una fiesta de cumplea\u00f1os, una despedida de soltero\/a, una jornada rom\u00e1ntica en el mar&#8230;todo esto es posible con esta excursi\u00f3n que garantiza privacidad en un entorno \u00fanico y con todas las comodidades que le ofrecen nuestros catamaranes. Navega con los tuyos.<\/p>\n<p><img loading=\"lazy\" decoding=\"async\" data-attachment-id=\"3119\" data-permalink=\"https:\/\/www.ticket-isladelobos.es\/es\/?attachment_id=3119\" data-orig-file=\"https:\/\/www.ticket-isladelobos.es\/wp-content\/uploads\/2021\/03\/catamaranvip3_optimized.jpg\" data-orig-size=\"768,353\" data-comments-opened=\"1\" data-image-meta=\"{&quot;aperture&quot;:&quot;0&quot;,&quot;credit&quot;:&quot;&quot;,&quot;camera&quot;:&quot;&quot;,&quot;caption&quot;:&quot;&quot;,&quot;created_timestamp&quot;:&quot;0&quot;,&quot;copyright&quot;:&quot;&quot;,&quot;focal_length&quot;:&quot;0&quot;,&quot;iso&quot;:&quot;0&quot;,&quot;shutter_speed&quot;:&quot;0&quot;,&quot;title&quot;:&quot;&quot;,&quot;orientation&quot;:&quot;0&quot;}\" data-image-title=\"catamaranvip3_optimized\" data-image-description=\"\" data-image-caption=\"\" data-medium-file=\"https:\/\/www.ticket-isladelobos.es\/wp-content\/uploads\/2021\/03\/catamaranvip3_optimized-300x138.jpg\" data-large-file=\"https:\/\/www.ticket-isladelobos.es\/wp-content\/uploads\/2021\/03\/catamaranvip3_optimized.jpg\" class=\"alignnone size-medium wp-image-3119\" src=\"https:\/\/www.ticket-isladelobos.es\/wp-content\/uploads\/2021\/03\/catamaranvip3_optimized-300x138.jpg\" alt=\"\" width=\"300\" height=\"138\" srcset=\"https:\/\/www.ticket-isladelobos.es\/wp-content\/uploads\/2021\/03\/catamaranvip3_optimized.jpg 300w, https:\/\/www.ticket-isladelobos.es\/wp-content\/uploads\/2021\/03\/catamaranvip3_optimized.jpg 600w, https:\/\/www.ticket-isladelobos.es\/wp-content\/uploads\/2021\/03\/catamaranvip3_optimized.jpg 768w\" sizes=\"auto, (max-width: 300px) 100vw, 300px\" \/><\/p>\n<p>Todas nuestras excursiones incluyen una deliciosa paella espa\u00f1ola de pescado y marisco. Todas las bebidas est\u00e1n incluidas.<\/p>\n<p><img loading=\"lazy\" decoding=\"async\" data-attachment-id=\"3115\" data-permalink=\"https:\/\/www.ticket-isladelobos.es\/es\/?attachment_id=3115\" data-orig-file=\"https:\/\/www.ticket-isladelobos.es\/wp-content\/uploads\/2021\/03\/catmaranlagoon2_optimized.jpg\" data-orig-size=\"1440,1102\" data-comments-opened=\"1\" data-image-meta=\"{&quot;aperture&quot;:&quot;0&quot;,&quot;credit&quot;:&quot;&quot;,&quot;camera&quot;:&quot;&quot;,&quot;caption&quot;:&quot;&quot;,&quot;created_timestamp&quot;:&quot;0&quot;,&quot;copyright&quot;:&quot;&quot;,&quot;focal_length&quot;:&quot;0&quot;,&quot;iso&quot;:&quot;0&quot;,&quot;shutter_speed&quot;:&quot;0&quot;,&quot;title&quot;:&quot;&quot;,&quot;orientation&quot;:&quot;0&quot;}\" data-image-title=\"catmaranlagoon2_optimized\" data-image-description=\"\" data-image-caption=\"\" data-medium-file=\"https:\/\/www.ticket-isladelobos.es\/wp-content\/uploads\/2021\/03\/catmaranlagoon2_optimized-300x230.jpg\" data-large-file=\"https:\/\/www.ticket-isladelobos.es\/wp-content\/uploads\/2021\/03\/catmaranlagoon2_optimized-1024x784.jpg\" class=\"alignnone size-medium wp-image-3115\" src=\"https:\/\/www.ticket-isladelobos.es\/wp-content\/uploads\/2021\/03\/catmaranlagoon2_optimized-300x230.jpg\" alt=\"\" width=\"300\" height=\"230\" srcset=\"https:\/\/www.ticket-isladelobos.es\/wp-content\/uploads\/2021\/03\/catmaranlagoon2_optimized.jpg 300w, https:\/\/www.ticket-isladelobos.es\/wp-content\/uploads\/2021\/03\/catmaranlagoon2_optimized.jpg 1024w, https:\/\/www.ticket-isladelobos.es\/wp-content\/uploads\/2021\/03\/catmaranlagoon2_optimized.jpg 768w, https:\/\/www.ticket-isladelobos.es\/wp-content\/uploads\/2021\/03\/catmaranlagoon2_optimized.jpg 600w, https:\/\/www.ticket-isladelobos.es\/wp-content\/uploads\/2021\/03\/catmaranlagoon2_optimized.jpg 1440w\" sizes=\"auto, (max-width: 300px) 100vw, 300px\" \/><\/p>\n<p>&nbsp;<\/p>\n<p>Adem\u00e1s nuestros catamaranes disponen a su servicio de todo lo necesario para realizar actividades acu\u00e1ticas como Snorkel, Kayak o Paddle Surf, toda esta experiencia inolvidable.<\/p>\n<p><img loading=\"lazy\" decoding=\"async\" data-attachment-id=\"22074\" data-permalink=\"https:\/\/www.ticket-isladelobos.es\/es\/?attachment_id=22074\" data-orig-file=\"https:\/\/www.ticket-isladelobos.es\/wp-content\/uploads\/2021\/03\/rsw_1080.webp\" data-orig-size=\"1080,720\" data-comments-opened=\"1\" data-image-meta=\"{&quot;aperture&quot;:&quot;0&quot;,&quot;credit&quot;:&quot;&quot;,&quot;camera&quot;:&quot;&quot;,&quot;caption&quot;:&quot;&quot;,&quot;created_timestamp&quot;:&quot;0&quot;,&quot;copyright&quot;:&quot;&quot;,&quot;focal_length&quot;:&quot;0&quot;,&quot;iso&quot;:&quot;0&quot;,&quot;shutter_speed&quot;:&quot;0&quot;,&quot;title&quot;:&quot;&quot;,&quot;orientation&quot;:&quot;0&quot;}\" data-image-title=\"rs=w_1080\" data-image-description=\"\" data-image-caption=\"\" data-medium-file=\"https:\/\/www.ticket-isladelobos.es\/wp-content\/uploads\/2021\/03\/rsw_1080-300x200.webp\" data-large-file=\"https:\/\/www.ticket-isladelobos.es\/wp-content\/uploads\/2021\/03\/rsw_1080-1024x683.webp\" class=\"alignnone size-medium wp-image-22074\" src=\"https:\/\/www.ticket-isladelobos.es\/wp-content\/uploads\/2021\/03\/rsw_1080-300x200.webp\" alt=\"\" width=\"300\" height=\"200\" srcset=\"https:\/\/www.ticket-isladelobos.es\/wp-content\/uploads\/2021\/03\/rsw_1080.webp 300w, https:\/\/www.ticket-isladelobos.es\/wp-content\/uploads\/2021\/03\/rsw_1080.webp 1024w, https:\/\/www.ticket-isladelobos.es\/wp-content\/uploads\/2021\/03\/rsw_1080.webp 768w, https:\/\/www.ticket-isladelobos.es\/wp-content\/uploads\/2021\/03\/rsw_1080.webp 531w, https:\/\/www.ticket-isladelobos.es\/wp-content\/uploads\/2021\/03\/rsw_1080.webp 600w, https:\/\/www.ticket-isladelobos.es\/wp-content\/uploads\/2021\/03\/rsw_1080.webp 180w, https:\/\/www.ticket-isladelobos.es\/wp-content\/uploads\/2021\/03\/rsw_1080.webp 1080w\" sizes=\"auto, (max-width: 300px) 100vw, 300px\" \/><\/p>\n<p>&nbsp;<\/p>\n<h4>Precio: 75\u20ac<\/h4>\n<p><!--more--><\/p>\n<p>&nbsp;<\/p>\n<table class=\"table table-bordered tours-tabs__table\" style=\"height: 267px; width: 80.7181%;\" width=\"862\">\n<tbody>\n<tr style=\"height: 44px;\">\n<td style=\"height: 44px;\"><strong><\/strong><strong>LUGAR DE SALIDA\/REGRESO<\/strong><\/td>\n<td style=\"height: 44px;\">Muelle de Corralejo<\/td>\n<\/tr>\n<tr style=\"height: 22px;\">\n<td style=\"height: 22px;\"><strong><\/strong><strong><span lang=\"es\">HORA DE SALIDA<\/span><\/strong><\/td>\n<td style=\"height: 22px;\">\n<div>10:00 y 14:30<\/div>\n<\/td>\n<\/tr>\n<tr style=\"height: 139px;\">\n<td style=\"height: 139px;\"><strong><\/strong><strong>INCLUYE<\/strong><\/td>\n<td style=\"height: 139px;\">\n<table class=\"table table-bordered\" style=\"height: 99px; width: 84.9802%;\" width=\"300\">\n<tbody>\n<tr style=\"height: 44px;\">\n<td style=\"height: 44px; width: 44.5783%;\"><i class=\"fa fa-check icon-tick icon-tick--on\"><\/i>Navegacion<strong>\u00a0<\/strong><\/td>\n<td style=\"height: 44px; width: 54.0448%;\"><i class=\"fa fa-check icon-tick icon-tick--on\"><\/i>Actividades de agua (kayak, paddle surf y snorkell)<\/td>\n<\/tr>\n<tr style=\"height: 66px;\">\n<td style=\"height: 66px; width: 44.5783%;\"><i class=\"fa fa-check icon-tick icon-tick--on\"><\/i>Almuerzo, frutas\n<p><i class=\"fa fa-check icon-tick icon-tick--on\"><\/i>Fotos submarinas.<\/p><\/td>\n<td style=\"height: 66px; width: 54.0448%;\"><i class=\"fa fa-check icon-tick icon-tick--on\"><\/i>Bebidas (agua, refrescos, Sangria Cerveza, t\u00e9 y caf\u00e9)\n<p><i class=\"fa fa-check icon-tick icon-tick--on\"><\/i>Traslados ida y vuelta (zona Corralejo)<\/p><\/td>\n<\/tr>\n<\/tbody>\n<\/table>\n<\/td>\n<\/tr>\n<tr style=\"height: 62px;\">\n<td style=\"height: 62px;\"><\/td>\n<td style=\"height: 62px;\"><\/td>\n<\/tr>\n<\/tbody>\n<\/table>\n<div class=\"modal-body\">\n<div>\n<p>&nbsp;<\/p>\n<\/div>\n<\/div>\n","protected":false},"excerpt":{"rendered":"<p>&nbsp; Tener un recuerdo \u00fanico de una fiesta de cumplea\u00f1os, una despedida de soltero\/a, una jornada rom\u00e1ntica en el mar&#8230;todo esto es posible con esta excursi\u00f3n que garantiza privacidad en un entorno \u00fanico y con todas las comodidades que le ofrecen nuestros catamaranes. Navega con los tuyos. Todas nuestras excursiones incluyen una deliciosa paella espa\u00f1ola<\/p>\n<div class=\"padding-top text-center\"><a href=\"https:\/\/www.ticket-isladelobos.es\/es\/tours\/catamaran-de-lujo\/\" class=\"atbtn atbtn--medium atbtn--rounded atbtn--transparent\">Lee Mas<i class=\"atbtn__icon atbtn__icon--right fa fa-long-arrow-right\"><\/i><\/a><\/div>\n","protected":false},"featured_media":9708,"comment_status":"open","ping_status":"closed","template":"","meta":{"jetpack_publicize_message":"","jetpack_publicize_feature_enabled":true,"jetpack_social_post_already_shared":true,"jetpack_social_options":{"image_generator_settings":{"template":"highway","default_image_id":0,"font":"","enabled":false},"version":2}},"product_brand":[],"product_cat":[15],"product_tag":[],"class_list":{"0":"post-4970","1":"product","2":"type-product","3":"status-publish","4":"has-post-thumbnail","6":"product_cat-sin-categorizar","7":"tour_category-isla-de-lobos-catamaran-corralejo","9":"first","10":"instock","11":"sale","12":"shipping-taxable","13":"purchasable","14":"product-type-tour"},"yoast_head":"<!-- This site is optimized with the Yoast SEO plugin v23.4 - https:\/\/yoast.com\/wordpress\/plugins\/seo\/ -->\n<title>Catamar\u00e1n de Lujo Solo Adultos - \u2705Isla de Lobos Fuerteventura Tickets Ferry WaterTaxi Excursiones Reservas<\/title>\n<meta name=\"description\" content=\"Catamar\u00e1n Privado isla de lobos fuerteventura corralejo\" \/>\n<meta name=\"robots\" content=\"index, follow, max-snippet:-1, max-image-preview:large, max-video-preview:-1\" \/>\n<link rel=\"canonical\" href=\"https:\/\/www.ticket-isladelobos.es\/es\/tours\/catamaran-de-lujo\/\" \/>\n<meta property=\"og:locale\" content=\"es_ES\" \/>\n<meta property=\"og:type\" content=\"article\" \/>\n<meta property=\"og:title\" content=\"Catamar\u00e1n de Lujo Solo Adultos - \u2705Isla de Lobos Fuerteventura Tickets Ferry WaterTaxi Excursiones Reservas\" \/>\n<meta property=\"og:description\" content=\"Catamar\u00e1n Privado isla de lobos fuerteventura corralejo\" \/>\n<meta property=\"og:url\" content=\"https:\/\/www.ticket-isladelobos.es\/es\/tours\/catamaran-de-lujo\/\" \/>\n<meta property=\"og:site_name\" content=\"\u2705Isla de Lobos Fuerteventura Tickets Ferry WaterTaxi Excursiones Reservas\" \/>\n<meta property=\"article:publisher\" content=\"https:\/\/www.facebook.com\/ticketisladelobos\" \/>\n<meta property=\"article:modified_time\" content=\"2025-11-04T17:31:14+00:00\" \/>\n<meta property=\"og:image\" content=\"https:\/\/www.ticket-isladelobos.es\/wp-content\/uploads\/2021\/03\/rsw_1080.jpg\" \/>\n\t<meta property=\"og:image:width\" content=\"1080\" \/>\n\t<meta property=\"og:image:height\" content=\"721\" \/>\n\t<meta property=\"og:image:type\" content=\"image\/jpeg\" \/>\n<meta name=\"twitter:card\" content=\"summary_large_image\" \/>\n<meta name=\"twitter:label1\" content=\"Tiempo de lectura\" \/>\n\t<meta name=\"twitter:data1\" content=\"2 minutos\" \/>\n<script type=\"application\/ld+json\" class=\"yoast-schema-graph\">{\"@context\":\"https:\/\/schema.org\",\"@graph\":[{\"@type\":\"WebPage\",\"@id\":\"https:\/\/www.ticket-isladelobos.es\/es\/tours\/catamaran-de-lujo\/\",\"url\":\"https:\/\/www.ticket-isladelobos.es\/es\/tours\/catamaran-de-lujo\/\",\"name\":\"Catamar\u00e1n de Lujo Solo Adultos - \u2705Isla de Lobos Fuerteventura Tickets Ferry WaterTaxi Excursiones Reservas\",\"isPartOf\":{\"@id\":\"https:\/\/www.ticket-isladelobos.es\/es\/#website\"},\"primaryImageOfPage\":{\"@id\":\"https:\/\/www.ticket-isladelobos.es\/es\/tours\/catamaran-de-lujo\/#primaryimage\"},\"image\":{\"@id\":\"https:\/\/www.ticket-isladelobos.es\/es\/tours\/catamaran-de-lujo\/#primaryimage\"},\"thumbnailUrl\":\"https:\/\/www.ticket-isladelobos.es\/wp-content\/uploads\/2021\/03\/rsw_1080.jpg\",\"datePublished\":\"2021-03-12T20:35:59+00:00\",\"dateModified\":\"2025-11-04T17:31:14+00:00\",\"description\":\"Catamar\u00e1n Privado isla de lobos fuerteventura corralejo\",\"breadcrumb\":{\"@id\":\"https:\/\/www.ticket-isladelobos.es\/es\/tours\/catamaran-de-lujo\/#breadcrumb\"},\"inLanguage\":\"es\",\"potentialAction\":[{\"@type\":\"ReadAction\",\"target\":[\"https:\/\/www.ticket-isladelobos.es\/es\/tours\/catamaran-de-lujo\/\"]}]},{\"@type\":\"ImageObject\",\"inLanguage\":\"es\",\"@id\":\"https:\/\/www.ticket-isladelobos.es\/es\/tours\/catamaran-de-lujo\/#primaryimage\",\"url\":\"https:\/\/www.ticket-isladelobos.es\/wp-content\/uploads\/2021\/03\/rsw_1080.jpg\",\"contentUrl\":\"https:\/\/www.ticket-isladelobos.es\/wp-content\/uploads\/2021\/03\/rsw_1080.jpg\",\"width\":1080,\"height\":721},{\"@type\":\"BreadcrumbList\",\"@id\":\"https:\/\/www.ticket-isladelobos.es\/es\/tours\/catamaran-de-lujo\/#breadcrumb\",\"itemListElement\":[{\"@type\":\"ListItem\",\"position\":1,\"name\":\"Portada\",\"item\":\"https:\/\/www.ticket-isladelobos.es\/es\/\"},{\"@type\":\"ListItem\",\"position\":2,\"name\":\"Tienda\",\"item\":\"https:\/\/www.ticket-isladelobos.es\/es\/tienda\/\"},{\"@type\":\"ListItem\",\"position\":3,\"name\":\"Catamar\u00e1n de Lujo Solo Adultos\"}]},{\"@type\":\"WebSite\",\"@id\":\"https:\/\/www.ticket-isladelobos.es\/es\/#website\",\"url\":\"https:\/\/www.ticket-isladelobos.es\/es\/\",\"name\":\"\u2705Isla de Lobos Fuerteventura Tickets Ferry WaterTaxi Excursiones Reservas\",\"description\":\"\u00bfQuieres hacer un viaje completamente inolvidable? Reserva hoy! Todo sobre la Isla de Lobos en un sitio!\",\"publisher\":{\"@id\":\"https:\/\/www.ticket-isladelobos.es\/es\/#organization\"},\"potentialAction\":[{\"@type\":\"SearchAction\",\"target\":{\"@type\":\"EntryPoint\",\"urlTemplate\":\"https:\/\/www.ticket-isladelobos.es\/es\/?s={search_term_string}\"},\"query-input\":{\"@type\":\"PropertyValueSpecification\",\"valueRequired\":true,\"valueName\":\"search_term_string\"}}],\"inLanguage\":\"es\"},{\"@type\":\"Organization\",\"@id\":\"https:\/\/www.ticket-isladelobos.es\/es\/#organization\",\"name\":\"Ticket Isla-de-lobos\",\"url\":\"https:\/\/www.ticket-isladelobos.es\/es\/\",\"logo\":{\"@type\":\"ImageObject\",\"inLanguage\":\"es\",\"@id\":\"https:\/\/www.ticket-isladelobos.es\/es\/#\/schema\/logo\/image\/\",\"url\":\"https:\/\/www.ticket-isladelobos.es\/wp-content\/uploads\/2021\/04\/Photo_1614613341266.jpg\",\"contentUrl\":\"https:\/\/www.ticket-isladelobos.es\/wp-content\/uploads\/2021\/04\/Photo_1614613341266.jpg\",\"width\":720,\"height\":720,\"caption\":\"Ticket Isla-de-lobos\"},\"image\":{\"@id\":\"https:\/\/www.ticket-isladelobos.es\/es\/#\/schema\/logo\/image\/\"},\"sameAs\":[\"https:\/\/www.facebook.com\/ticketisladelobos\"]}]}<\/script>\n<!-- \/ Yoast SEO plugin. -->","yoast_head_json":{"title":"Catamar\u00e1n de Lujo Solo Adultos - \u2705Isla de Lobos Fuerteventura Tickets Ferry WaterTaxi Excursiones Reservas","description":"Catamar\u00e1n Privado isla de lobos fuerteventura corralejo","robots":{"index":"index","follow":"follow","max-snippet":"max-snippet:-1","max-image-preview":"max-image-preview:large","max-video-preview":"max-video-preview:-1"},"canonical":"https:\/\/www.ticket-isladelobos.es\/es\/tours\/catamaran-de-lujo\/","og_locale":"es_ES","og_type":"article","og_title":"Catamar\u00e1n de Lujo Solo Adultos - \u2705Isla de Lobos Fuerteventura Tickets Ferry WaterTaxi Excursiones Reservas","og_description":"Catamar\u00e1n Privado isla de lobos fuerteventura corralejo","og_url":"https:\/\/www.ticket-isladelobos.es\/es\/tours\/catamaran-de-lujo\/","og_site_name":"\u2705Isla de Lobos Fuerteventura Tickets Ferry WaterTaxi Excursiones Reservas","article_publisher":"https:\/\/www.facebook.com\/ticketisladelobos","article_modified_time":"2025-11-04T17:31:14+00:00","og_image":[{"width":1080,"height":721,"url":"https:\/\/www.ticket-isladelobos.es\/wp-content\/uploads\/2021\/03\/rsw_1080.jpg","type":"image\/jpeg"}],"twitter_card":"summary_large_image","twitter_misc":{"Tiempo de lectura":"2 minutos"},"schema":{"@context":"https:\/\/schema.org","@graph":[{"@type":"WebPage","@id":"https:\/\/www.ticket-isladelobos.es\/es\/tours\/catamaran-de-lujo\/","url":"https:\/\/www.ticket-isladelobos.es\/es\/tours\/catamaran-de-lujo\/","name":"Catamar\u00e1n de Lujo Solo Adultos - \u2705Isla de Lobos Fuerteventura Tickets Ferry WaterTaxi Excursiones Reservas","isPartOf":{"@id":"https:\/\/www.ticket-isladelobos.es\/es\/#website"},"primaryImageOfPage":{"@id":"https:\/\/www.ticket-isladelobos.es\/es\/tours\/catamaran-de-lujo\/#primaryimage"},"image":{"@id":"https:\/\/www.ticket-isladelobos.es\/es\/tours\/catamaran-de-lujo\/#primaryimage"},"thumbnailUrl":"https:\/\/www.ticket-isladelobos.es\/wp-content\/uploads\/2021\/03\/rsw_1080.jpg","datePublished":"2021-03-12T20:35:59+00:00","dateModified":"2025-11-04T17:31:14+00:00","description":"Catamar\u00e1n Privado isla de lobos fuerteventura corralejo","breadcrumb":{"@id":"https:\/\/www.ticket-isladelobos.es\/es\/tours\/catamaran-de-lujo\/#breadcrumb"},"inLanguage":"es","potentialAction":[{"@type":"ReadAction","target":["https:\/\/www.ticket-isladelobos.es\/es\/tours\/catamaran-de-lujo\/"]}]},{"@type":"ImageObject","inLanguage":"es","@id":"https:\/\/www.ticket-isladelobos.es\/es\/tours\/catamaran-de-lujo\/#primaryimage","url":"https:\/\/www.ticket-isladelobos.es\/wp-content\/uploads\/2021\/03\/rsw_1080.jpg","contentUrl":"https:\/\/www.ticket-isladelobos.es\/wp-content\/uploads\/2021\/03\/rsw_1080.jpg","width":1080,"height":721},{"@type":"BreadcrumbList","@id":"https:\/\/www.ticket-isladelobos.es\/es\/tours\/catamaran-de-lujo\/#breadcrumb","itemListElement":[{"@type":"ListItem","position":1,"name":"Portada","item":"https:\/\/www.ticket-isladelobos.es\/es\/"},{"@type":"ListItem","position":2,"name":"Tienda","item":"https:\/\/www.ticket-isladelobos.es\/es\/tienda\/"},{"@type":"ListItem","position":3,"name":"Catamar\u00e1n de Lujo Solo Adultos"}]},{"@type":"WebSite","@id":"https:\/\/www.ticket-isladelobos.es\/es\/#website","url":"https:\/\/www.ticket-isladelobos.es\/es\/","name":"\u2705Isla de Lobos Fuerteventura Tickets Ferry WaterTaxi Excursiones Reservas","description":"\u00bfQuieres hacer un viaje completamente inolvidable? Reserva hoy! Todo sobre la Isla de Lobos en un sitio!","publisher":{"@id":"https:\/\/www.ticket-isladelobos.es\/es\/#organization"},"potentialAction":[{"@type":"SearchAction","target":{"@type":"EntryPoint","urlTemplate":"https:\/\/www.ticket-isladelobos.es\/es\/?s={search_term_string}"},"query-input":{"@type":"PropertyValueSpecification","valueRequired":true,"valueName":"search_term_string"}}],"inLanguage":"es"},{"@type":"Organization","@id":"https:\/\/www.ticket-isladelobos.es\/es\/#organization","name":"Ticket Isla-de-lobos","url":"https:\/\/www.ticket-isladelobos.es\/es\/","logo":{"@type":"ImageObject","inLanguage":"es","@id":"https:\/\/www.ticket-isladelobos.es\/es\/#\/schema\/logo\/image\/","url":"https:\/\/www.ticket-isladelobos.es\/wp-content\/uploads\/2021\/04\/Photo_1614613341266.jpg","contentUrl":"https:\/\/www.ticket-isladelobos.es\/wp-content\/uploads\/2021\/04\/Photo_1614613341266.jpg","width":720,"height":720,"caption":"Ticket Isla-de-lobos"},"image":{"@id":"https:\/\/www.ticket-isladelobos.es\/es\/#\/schema\/logo\/image\/"},"sameAs":["https:\/\/www.facebook.com\/ticketisladelobos"]}]}},"jetpack_publicize_connections":[],"jetpack_likes_enabled":true,"jetpack_sharing_enabled":true,"_links":{"self":[{"href":"https:\/\/www.ticket-isladelobos.es\/es\/wp-json\/wp\/v2\/product\/4970","targetHints":{"allow":["GET"]}}],"collection":[{"href":"https:\/\/www.ticket-isladelobos.es\/es\/wp-json\/wp\/v2\/product"}],"about":[{"href":"https:\/\/www.ticket-isladelobos.es\/es\/wp-json\/wp\/v2\/types\/product"}],"replies":[{"embeddable":true,"href":"https:\/\/www.ticket-isladelobos.es\/es\/wp-json\/wp\/v2\/comments?post=4970"}],"wp:featuredmedia":[{"embeddable":true,"href":"https:\/\/www.ticket-isladelobos.es\/es\/wp-json\/wp\/v2\/media\/9708"}],"wp:attachment":[{"href":"https:\/\/www.ticket-isladelobos.es\/es\/wp-json\/wp\/v2\/media?parent=4970"}],"wp:term":[{"taxonomy":"product_brand","embeddable":true,"href":"https:\/\/www.ticket-isladelobos.es\/es\/wp-json\/wp\/v2\/product_brand?post=4970"},{"taxonomy":"product_cat","embeddable":true,"href":"https:\/\/www.ticket-isladelobos.es\/es\/wp-json\/wp\/v2\/product_cat?post=4970"},{"taxonomy":"product_tag","embeddable":true,"href":"https:\/\/www.ticket-isladelobos.es\/es\/wp-json\/wp\/v2\/product_tag?post=4970"}],"curies":[{"name":"wp","href":"https:\/\/api.w.org\/{rel}","templated":true}]}}