{"id":15575,"date":"2020-04-20T16:45:28","date_gmt":"2020-04-20T16:45:28","guid":{"rendered":"https:\/\/www.ticket-isladelobos.es\/?post_type=product&#038;p=15575"},"modified":"2026-01-01T09:41:47","modified_gmt":"2026-01-01T09:41:47","slug":"visitar-corralejo-y-isla-de-lobos-desde-lanzarote-playa-blanca","status":"publish","type":"product","link":"https:\/\/www.ticket-isladelobos.es\/hu\/kirandulasok-hajojegyek-corralejo-lobos\/visitar-corralejo-y-isla-de-lobos-desde-lanzarote-playa-blanca\/","title":{"rendered":"Isla Lobos &#038; Shopping Corralejo desde Lanzarote"},"content":{"rendered":"<h1 dir=\"ltr\" data-placeholder=\"Traducci\u00f3n\">Visita Corralejo y Isla de Lobos desde Lanzarote por el mejor Precio!<\/h1>\n<p>&nbsp;<\/p>\n<p id=\"tw-target-text\" class=\"tw-data-text tw-text-large tw-ta\" dir=\"ltr\" data-placeholder=\"Traducci\u00f3n\"><span class=\"Y2IQFc\" lang=\"es\">Comenzamos el viaje a Isla de Lobos en Lanzarote\u00a0 con un ferry grande y c\u00f3modo desde Playa Blanca,<\/span><\/p>\n<p dir=\"ltr\" data-placeholder=\"Traducci\u00f3n\"><img loading=\"lazy\" decoding=\"async\" class=\"alignnone size-medium wp-image-15578\" src=\"https:\/\/www.ticket-isladelobos.es\/wp-content\/uploads\/2022\/09\/ferry-armas-300x160.png\" alt=\"\" width=\"300\" height=\"160\" srcset=\"https:\/\/www.ticket-isladelobos.es\/wp-content\/uploads\/2022\/09\/ferry-armas.png 300w, https:\/\/www.ticket-isladelobos.es\/wp-content\/uploads\/2022\/09\/ferry-armas.png 768w, https:\/\/www.ticket-isladelobos.es\/wp-content\/uploads\/2022\/09\/ferry-armas.png 600w, https:\/\/www.ticket-isladelobos.es\/wp-content\/uploads\/2022\/09\/ferry-armas.png 780w\" sizes=\"auto, (max-width: 300px) 100vw, 300px\" \/>\u00a0 \u00a0 \u00a0 \u00a0 \u00a0 \u00a0 <img loading=\"lazy\" decoding=\"async\" class=\"alignnone size-medium wp-image-15580\" src=\"https:\/\/www.ticket-isladelobos.es\/wp-content\/uploads\/2022\/09\/volcan-de-tindaya-12-300x222.jpg\" alt=\"\" width=\"300\" height=\"222\" srcset=\"https:\/\/www.ticket-isladelobos.es\/wp-content\/uploads\/2022\/09\/volcan-de-tindaya-12.jpg 300w, https:\/\/www.ticket-isladelobos.es\/wp-content\/uploads\/2022\/09\/volcan-de-tindaya-12.jpg 1024w, https:\/\/www.ticket-isladelobos.es\/wp-content\/uploads\/2022\/09\/volcan-de-tindaya-12.jpg 768w, https:\/\/www.ticket-isladelobos.es\/wp-content\/uploads\/2022\/09\/volcan-de-tindaya-12.jpg 600w, https:\/\/www.ticket-isladelobos.es\/wp-content\/uploads\/2022\/09\/volcan-de-tindaya-12.jpg 1417w\" sizes=\"auto, (max-width: 300px) 100vw, 300px\" \/>\u00a0 \u00a0 \u00a0 \u00a0 \u00a0 <img loading=\"lazy\" decoding=\"async\" class=\"alignnone size-medium wp-image-15582\" src=\"https:\/\/www.ticket-isladelobos.es\/wp-content\/uploads\/2022\/09\/52532908_388924145003944_7265018081187987456_n-300x225.jpg\" alt=\"\" width=\"300\" height=\"225\" srcset=\"https:\/\/www.ticket-isladelobos.es\/wp-content\/uploads\/2022\/09\/52532908_388924145003944_7265018081187987456_n.jpg 300w, https:\/\/www.ticket-isladelobos.es\/wp-content\/uploads\/2022\/09\/52532908_388924145003944_7265018081187987456_n.jpg 768w, https:\/\/www.ticket-isladelobos.es\/wp-content\/uploads\/2022\/09\/52532908_388924145003944_7265018081187987456_n.jpg 600w, https:\/\/www.ticket-isladelobos.es\/wp-content\/uploads\/2022\/09\/52532908_388924145003944_7265018081187987456_n.jpg 1024w\" sizes=\"auto, (max-width: 300px) 100vw, 300px\" \/><\/p>\n<p class=\"tw-data-text tw-text-large tw-ta\" dir=\"ltr\" data-placeholder=\"Traducci\u00f3n\"><span class=\"Y2IQFc\" lang=\"es\">luego de media hora llegamos a Corralejo para trasladarnos a Isla de Lobos.<\/span><\/p>\n<p dir=\"ltr\" data-placeholder=\"Traducci\u00f3n\">En Corralejo cambiamos la embarcaci\u00f3n y dirigimos a Isla de Lobos.<\/p>\n<p dir=\"ltr\" data-placeholder=\"Traducci\u00f3n\"><img loading=\"lazy\" decoding=\"async\" class=\"alignnone size-medium wp-image-3724\" src=\"https:\/\/www.ticket-isladelobos.es\/wp-content\/uploads\/2021\/04\/image001_optimized-300x199.png\" alt=\"\" width=\"300\" height=\"199\" srcset=\"https:\/\/www.ticket-isladelobos.es\/wp-content\/uploads\/2021\/04\/image001_optimized.png 300w, https:\/\/www.ticket-isladelobos.es\/wp-content\/uploads\/2021\/04\/image001_optimized.png 768w, https:\/\/www.ticket-isladelobos.es\/wp-content\/uploads\/2021\/04\/image001_optimized.png 531w, https:\/\/www.ticket-isladelobos.es\/wp-content\/uploads\/2021\/04\/image001_optimized.png 600w, https:\/\/www.ticket-isladelobos.es\/wp-content\/uploads\/2021\/04\/image001_optimized.png 180w, https:\/\/www.ticket-isladelobos.es\/wp-content\/uploads\/2021\/04\/image001_optimized.png 360w, https:\/\/www.ticket-isladelobos.es\/wp-content\/uploads\/2021\/04\/image001_optimized.png 270w, https:\/\/www.ticket-isladelobos.es\/wp-content\/uploads\/2021\/04\/image001_optimized.png 853w\" sizes=\"auto, (max-width: 300px) 100vw, 300px\" \/>\u00a0 \u00a0 \u00a0 \u00a0 \u00a0 <img loading=\"lazy\" decoding=\"async\" class=\"alignnone size-medium wp-image-8269\" src=\"https:\/\/www.ticket-isladelobos.es\/wp-content\/uploads\/2022\/03\/celiacruzslide_optimized-300x139.webp\" alt=\"\" width=\"300\" height=\"139\" srcset=\"https:\/\/www.ticket-isladelobos.es\/wp-content\/uploads\/2022\/03\/celiacruzslide_optimized-scaled.webp 300w, https:\/\/www.ticket-isladelobos.es\/wp-content\/uploads\/2022\/03\/celiacruzslide_optimized-scaled.webp 1024w, https:\/\/www.ticket-isladelobos.es\/wp-content\/uploads\/2022\/03\/celiacruzslide_optimized-scaled.webp 768w, https:\/\/www.ticket-isladelobos.es\/wp-content\/uploads\/2022\/03\/celiacruzslide_optimized-scaled.webp 1536w, https:\/\/www.ticket-isladelobos.es\/wp-content\/uploads\/2022\/03\/celiacruzslide_optimized-scaled.webp 2048w, https:\/\/www.ticket-isladelobos.es\/wp-content\/uploads\/2022\/03\/celiacruzslide_optimized-scaled.webp 600w, https:\/\/www.ticket-isladelobos.es\/wp-content\/uploads\/2022\/03\/celiacruzslide_optimized-scaled.webp 1140w, https:\/\/www.ticket-isladelobos.es\/wp-content\/uploads\/2022\/03\/celiacruzslide_optimized-scaled.webp 2244w\" sizes=\"auto, (max-width: 300px) 100vw, 300px\" \/>\u00a0 \u00a0 \u00a0 <img loading=\"lazy\" decoding=\"async\" class=\"alignnone size-medium wp-image-15584\" src=\"https:\/\/www.ticket-isladelobos.es\/wp-content\/uploads\/2022\/09\/isla-de-lobos-300x176.jpg\" alt=\"\" width=\"300\" height=\"176\" srcset=\"https:\/\/www.ticket-isladelobos.es\/wp-content\/uploads\/2022\/09\/isla-de-lobos.jpg 300w, https:\/\/www.ticket-isladelobos.es\/wp-content\/uploads\/2022\/09\/isla-de-lobos.jpg 768w, https:\/\/www.ticket-isladelobos.es\/wp-content\/uploads\/2022\/09\/isla-de-lobos.jpg 600w, https:\/\/www.ticket-isladelobos.es\/wp-content\/uploads\/2022\/09\/isla-de-lobos.jpg 940w\" sizes=\"auto, (max-width: 300px) 100vw, 300px\" \/><\/p>\n<p dir=\"ltr\" data-placeholder=\"Traducci\u00f3n\">Llegamos a la Isla de Lobos a las 10:00.<\/p>\n<p>Una vez all\u00ed, desembarcamos en el muelle para disfrutar de la isla, recorriendo sus senderos o relaj\u00e1ndose en las tranquilas aguas de la playa de La Concha.<\/p>\n<p>Te recomendamos hacer snorkel en este parque natural donde podr\u00e1s disfrutar de una gran fauna marina y de un agua absolutamente cristalina.<\/p>\n<h4>La vuelta de Lobos puede ser:<\/h4>\n<p>11:30<\/p>\n<p>14:00<\/p>\n<p>16:15<\/p>\n<p>17:15<\/p>\n<h2 id=\"tw-target-text\" class=\"tw-data-text tw-text-large XcVN5d tw-ta\" dir=\"ltr\" data-placeholder=\"Ford\u00edt\u00e1s\"><span style=\"color: #0000ff;\"><strong><span lang=\"es\">La hora de regreso se confirma a bordo.<\/span><\/strong><\/span><\/h2>\n<h3>Por la tarde se puede visitar las tiendas de Corralejo.<\/h3>\n<p><img loading=\"lazy\" decoding=\"async\" class=\"alignnone size-medium wp-image-15587\" src=\"https:\/\/www.ticket-isladelobos.es\/wp-content\/uploads\/2022\/09\/islas_canarias-turismo-erte_expediente_de_regulacion_de_empleo_temporal_514460022_158078891_1706x960-300x169.jpg\" alt=\"\" width=\"300\" height=\"169\" srcset=\"https:\/\/www.ticket-isladelobos.es\/wp-content\/uploads\/2022\/09\/islas_canarias-turismo-erte_expediente_de_regulacion_de_empleo_temporal_514460022_158078891_1706x960.jpg 300w, https:\/\/www.ticket-isladelobos.es\/wp-content\/uploads\/2022\/09\/islas_canarias-turismo-erte_expediente_de_regulacion_de_empleo_temporal_514460022_158078891_1706x960.jpg 1024w, https:\/\/www.ticket-isladelobos.es\/wp-content\/uploads\/2022\/09\/islas_canarias-turismo-erte_expediente_de_regulacion_de_empleo_temporal_514460022_158078891_1706x960.jpg 768w, https:\/\/www.ticket-isladelobos.es\/wp-content\/uploads\/2022\/09\/islas_canarias-turismo-erte_expediente_de_regulacion_de_empleo_temporal_514460022_158078891_1706x960.jpg 1536w, https:\/\/www.ticket-isladelobos.es\/wp-content\/uploads\/2022\/09\/islas_canarias-turismo-erte_expediente_de_regulacion_de_empleo_temporal_514460022_158078891_1706x960.jpg 600w, https:\/\/www.ticket-isladelobos.es\/wp-content\/uploads\/2022\/09\/islas_canarias-turismo-erte_expediente_de_regulacion_de_empleo_temporal_514460022_158078891_1706x960.jpg 1706w\" sizes=\"auto, (max-width: 300px) 100vw, 300px\" \/><\/p>\n<p>La vuelte de Corralejo a Playa Blanca puede ser:<\/p>\n<p>14:05<\/p>\n<p>16:00<\/p>\n<p>18:00<\/p>\n<p>20:00<\/p>\n<h4>Precios:<\/h4>\n<p>Adulto: 51\u20ac<\/p>\n<p>Ni\u00f1o: 28\u20ac<\/p>\n<p>Adulto Residente: 40\u20ac<\/p>\n<p>Ni\u00f1o Residente: 25\u20ac<\/p>\n<table class=\"table table-bordered tours-tabs__table\" style=\"width: 72.3647%; height: 280px;\">\n<tbody>\n<tr style=\"height: 214px;\">\n<td style=\"height: 280px; width: 18.1347%;\"><strong>INCLUYE<\/strong><\/td>\n<td style=\"height: 280px; width: 196.632%;\">\n<table class=\"table table-bordered\" style=\"height: 62px; width: 100.902%;\" width=\"300\">\n<tbody>\n<tr>\n<td style=\"width: 49.7267%;\"><i class=\"fa fa-check icon-tick icon-tick--on\"><\/i>Billete de barco ida y vuelta: Playa Blanca \u2013 Corralejo<\/td>\n<td style=\"width: 176.94%;\"><i class=\"fa fa-check icon-tick icon-tick--on\"><\/i>Visita a la isla de Lobos<\/td>\n<\/tr>\n<tr>\n<td style=\"width: 49.7267%;\"><i class=\"fa fa-check icon-tick icon-tick--on\"><\/i>Billete de barco ida y vuelta: Corralejo \u2013 Isla de Lobos<\/td>\n<td style=\"width: 176.94%;\"><i class=\"fa fa-check icon-tick icon-tick--on\"><\/i>Seguro Obligatorio de Viajeros<\/td>\n<\/tr>\n<\/tbody>\n<\/table>\n<\/td>\n<\/tr>\n<\/tbody>\n<\/table>\n<table class=\"table table-bordered tours-tabs__table\" style=\"width: 72.3285%;\">\n<tbody>\n<tr style=\"height: 22px;\">\n<td style=\"height: 22px; width: 45.328%;\"><strong>LUGAR DE SALIDA \/ REGRESO<\/strong><\/td>\n<td style=\"height: 22px; width: 121.471%;\">Muelle de Playa Blanca<\/td>\n<\/tr>\n<tr>\n<td style=\"width: 45.328%;\">\n<p id=\"tw-target-text\" class=\"tw-data-text tw-text-large XcVN5d tw-ta\" dir=\"ltr\" data-placeholder=\"Ford\u00edt\u00e1s\"><strong><span lang=\"es\">HORA DE SALIDA\u00a0<\/span><\/strong><\/p>\n<\/td>\n<td style=\"width: 121.471%;\">\n<div class=\"stripLine\">\n<div class=\"content\"><span style=\"font-family: inherit; font-size: inherit;\">8:40, 10:40 Los S\u00e1bados: 9:15 11:15 Los Domingos: 8:00 11:00<\/span><\/div>\n<\/div>\n<\/td>\n<\/tr>\n<tr>\n<td style=\"width: 45.328%;\">\n<p id=\"tw-target-text\" class=\"tw-data-text tw-text-large XcVN5d tw-ta\" dir=\"ltr\" data-placeholder=\"Ford\u00edt\u00e1s\"><strong><span lang=\"es\">HORA DE REGRESO\u00a0<\/span><\/strong><\/p>\n<\/td>\n<td style=\"width: 121.471%;\">\n<div class=\"stripLine\"><span style=\"font-family: inherit; font-size: inherit;\">14:40, 16:35, 18:35, 20:35<\/span><\/div>\n<\/td>\n<\/tr>\n<tr>\n<td style=\"width: 166.799%;\" colspan=\"2\">\n<div class=\"stripLine\"><\/div>\n<\/td>\n<\/tr>\n<\/tbody>\n<\/table>\n","protected":false},"excerpt":{"rendered":"<p>Visita Corralejo y Isla de Lobos desde Lanzarote por el mejor Precio! &nbsp; Comenzamos el viaje a Isla de Lobos en Lanzarote\u00a0 con un ferry grande y c\u00f3modo desde Playa Blanca, \u00a0 \u00a0 \u00a0 \u00a0 \u00a0 \u00a0 \u00a0 \u00a0 \u00a0 \u00a0 \u00a0 luego de media hora llegamos a Corralejo para trasladarnos a Isla de Lobos.<\/p>\n<div class=\"padding-top text-center\"><a href=\"https:\/\/www.ticket-isladelobos.es\/hu\/kirandulasok-hajojegyek-corralejo-lobos\/visitar-corralejo-y-isla-de-lobos-desde-lanzarote-playa-blanca\/\" class=\"atbtn atbtn--medium atbtn--rounded atbtn--transparent\">Lee Mas<i class=\"atbtn__icon atbtn__icon--right fa fa-long-arrow-right\"><\/i><\/a><\/div>\n","protected":false},"featured_media":15584,"comment_status":"open","ping_status":"closed","template":"","meta":{"jetpack_publicize_message":"","jetpack_publicize_feature_enabled":true,"jetpack_social_post_already_shared":true,"jetpack_social_options":{"image_generator_settings":{"template":"highway","default_image_id":0,"font":"","enabled":false},"version":2}},"product_brand":[],"product_cat":[15],"product_tag":[],"class_list":{"0":"post-15575","1":"product","2":"type-product","3":"status-publish","4":"has-post-thumbnail","6":"product_cat-sin-categorizar","7":"tour_category-desde-lanzarote","9":"first","10":"instock","11":"shipping-taxable","12":"purchasable","13":"product-type-tour","14":"has-default-attributes"},"yoast_head":"<!-- This site is optimized with the Yoast SEO plugin v23.4 - https:\/\/yoast.com\/wordpress\/plugins\/seo\/ -->\n<title>Isla Lobos &amp; Shopping Corralejo desde Lanzarote - \u2705Isla de Lobos Fuerteventura Tickets Ferry WaterTaxi Excursiones Reservas<\/title>\n<meta name=\"description\" content=\"excursi\u00f3n a isla de lobos desde playa blanca Todo incluido! Tiempo libre en Lobos y en Corralejo. C\u00f3modo, Libre, Al mejor precio!\" \/>\n<meta name=\"robots\" content=\"index, follow, max-snippet:-1, max-image-preview:large, max-video-preview:-1\" \/>\n<link rel=\"canonical\" href=\"https:\/\/www.ticket-isladelobos.es\/es\/tours\/visitar-corralejo-y-isla-de-lobos-desde-lanzarote-playa-blanca\/\" \/>\n<meta property=\"og:locale\" content=\"hu_HU\" \/>\n<meta property=\"og:type\" content=\"article\" \/>\n<meta property=\"og:title\" content=\"Isla Lobos &amp; Shopping Corralejo desde Lanzarote - \u2705Isla de Lobos Fuerteventura Tickets Ferry WaterTaxi Excursiones Reservas\" \/>\n<meta property=\"og:description\" content=\"excursi\u00f3n a isla de lobos desde playa blanca Todo incluido! Tiempo libre en Lobos y en Corralejo. C\u00f3modo, Libre, Al mejor precio!\" \/>\n<meta property=\"og:url\" content=\"https:\/\/www.ticket-isladelobos.es\/es\/tours\/visitar-corralejo-y-isla-de-lobos-desde-lanzarote-playa-blanca\/\" \/>\n<meta property=\"og:site_name\" content=\"\u2705Isla de Lobos Fuerteventura Tickets Ferry WaterTaxi Excursiones Reservas\" \/>\n<meta property=\"article:publisher\" content=\"https:\/\/www.facebook.com\/ticketisladelobos\" \/>\n<meta property=\"article:modified_time\" content=\"2026-01-01T09:41:47+00:00\" \/>\n<meta property=\"og:image\" content=\"https:\/\/www.ticket-isladelobos.es\/wp-content\/uploads\/2022\/09\/isla-de-lobos.jpg\" \/>\n\t<meta property=\"og:image:width\" content=\"940\" \/>\n\t<meta property=\"og:image:height\" content=\"550\" \/>\n\t<meta property=\"og:image:type\" content=\"image\/jpeg\" \/>\n<meta name=\"twitter:card\" content=\"summary_large_image\" \/>\n<meta name=\"twitter:label1\" content=\"Becs\u00fclt olvas\u00e1si id\u0151\" \/>\n\t<meta name=\"twitter:data1\" content=\"3 perc\" \/>\n<script type=\"application\/ld+json\" class=\"yoast-schema-graph\">{\"@context\":\"https:\/\/schema.org\",\"@graph\":[{\"@type\":\"WebPage\",\"@id\":\"https:\/\/www.ticket-isladelobos.es\/es\/tours\/visitar-corralejo-y-isla-de-lobos-desde-lanzarote-playa-blanca\/\",\"url\":\"https:\/\/www.ticket-isladelobos.es\/es\/tours\/visitar-corralejo-y-isla-de-lobos-desde-lanzarote-playa-blanca\/\",\"name\":\"Isla Lobos & Shopping Corralejo desde Lanzarote - \u2705Isla de Lobos Fuerteventura Tickets Ferry WaterTaxi Excursiones Reservas\",\"isPartOf\":{\"@id\":\"https:\/\/www.ticket-isladelobos.es\/es\/#website\"},\"primaryImageOfPage\":{\"@id\":\"https:\/\/www.ticket-isladelobos.es\/es\/tours\/visitar-corralejo-y-isla-de-lobos-desde-lanzarote-playa-blanca\/#primaryimage\"},\"image\":{\"@id\":\"https:\/\/www.ticket-isladelobos.es\/es\/tours\/visitar-corralejo-y-isla-de-lobos-desde-lanzarote-playa-blanca\/#primaryimage\"},\"thumbnailUrl\":\"https:\/\/www.ticket-isladelobos.es\/wp-content\/uploads\/2022\/09\/isla-de-lobos.jpg\",\"datePublished\":\"2020-04-20T16:45:28+00:00\",\"dateModified\":\"2026-01-01T09:41:47+00:00\",\"description\":\"excursi\u00f3n a isla de lobos desde playa blanca Todo incluido! Tiempo libre en Lobos y en Corralejo. C\u00f3modo, Libre, Al mejor precio!\",\"breadcrumb\":{\"@id\":\"https:\/\/www.ticket-isladelobos.es\/es\/tours\/visitar-corralejo-y-isla-de-lobos-desde-lanzarote-playa-blanca\/#breadcrumb\"},\"inLanguage\":\"hu\",\"potentialAction\":[{\"@type\":\"ReadAction\",\"target\":[\"https:\/\/www.ticket-isladelobos.es\/es\/tours\/visitar-corralejo-y-isla-de-lobos-desde-lanzarote-playa-blanca\/\"]}]},{\"@type\":\"ImageObject\",\"inLanguage\":\"hu\",\"@id\":\"https:\/\/www.ticket-isladelobos.es\/es\/tours\/visitar-corralejo-y-isla-de-lobos-desde-lanzarote-playa-blanca\/#primaryimage\",\"url\":\"https:\/\/www.ticket-isladelobos.es\/wp-content\/uploads\/2022\/09\/isla-de-lobos.jpg\",\"contentUrl\":\"https:\/\/www.ticket-isladelobos.es\/wp-content\/uploads\/2022\/09\/isla-de-lobos.jpg\",\"width\":940,\"height\":550},{\"@type\":\"BreadcrumbList\",\"@id\":\"https:\/\/www.ticket-isladelobos.es\/es\/tours\/visitar-corralejo-y-isla-de-lobos-desde-lanzarote-playa-blanca\/#breadcrumb\",\"itemListElement\":[{\"@type\":\"ListItem\",\"position\":1,\"name\":\"Portada\",\"item\":\"https:\/\/www.ticket-isladelobos.es\/hu\/\"},{\"@type\":\"ListItem\",\"position\":2,\"name\":\"Tienda\",\"item\":\"https:\/\/www.ticket-isladelobos.es\/es\/tienda\/\"},{\"@type\":\"ListItem\",\"position\":3,\"name\":\"Isla Lobos &#038; Shopping Corralejo desde Lanzarote\"}]},{\"@type\":\"WebSite\",\"@id\":\"https:\/\/www.ticket-isladelobos.es\/es\/#website\",\"url\":\"https:\/\/www.ticket-isladelobos.es\/es\/\",\"name\":\"\u2705Isla de Lobos Fuerteventura Tickets Ferry WaterTaxi Excursiones Reservas\",\"description\":\"\u00bfQuieres hacer un viaje completamente inolvidable? Reserva hoy! Todo sobre la Isla de Lobos en un sitio!\",\"publisher\":{\"@id\":\"https:\/\/www.ticket-isladelobos.es\/es\/#organization\"},\"potentialAction\":[{\"@type\":\"SearchAction\",\"target\":{\"@type\":\"EntryPoint\",\"urlTemplate\":\"https:\/\/www.ticket-isladelobos.es\/es\/?s={search_term_string}\"},\"query-input\":{\"@type\":\"PropertyValueSpecification\",\"valueRequired\":true,\"valueName\":\"search_term_string\"}}],\"inLanguage\":\"hu\"},{\"@type\":\"Organization\",\"@id\":\"https:\/\/www.ticket-isladelobos.es\/es\/#organization\",\"name\":\"Ticket Isla-de-lobos\",\"url\":\"https:\/\/www.ticket-isladelobos.es\/es\/\",\"logo\":{\"@type\":\"ImageObject\",\"inLanguage\":\"hu\",\"@id\":\"https:\/\/www.ticket-isladelobos.es\/es\/#\/schema\/logo\/image\/\",\"url\":\"https:\/\/www.ticket-isladelobos.es\/wp-content\/uploads\/2021\/04\/Photo_1614613341266.jpg\",\"contentUrl\":\"https:\/\/www.ticket-isladelobos.es\/wp-content\/uploads\/2021\/04\/Photo_1614613341266.jpg\",\"width\":720,\"height\":720,\"caption\":\"Ticket Isla-de-lobos\"},\"image\":{\"@id\":\"https:\/\/www.ticket-isladelobos.es\/es\/#\/schema\/logo\/image\/\"},\"sameAs\":[\"https:\/\/www.facebook.com\/ticketisladelobos\"]}]}<\/script>\n<!-- \/ Yoast SEO plugin. -->","yoast_head_json":{"title":"Isla Lobos & Shopping Corralejo desde Lanzarote - \u2705Isla de Lobos Fuerteventura Tickets Ferry WaterTaxi Excursiones Reservas","description":"excursi\u00f3n a isla de lobos desde playa blanca Todo incluido! Tiempo libre en Lobos y en Corralejo. C\u00f3modo, Libre, Al mejor precio!","robots":{"index":"index","follow":"follow","max-snippet":"max-snippet:-1","max-image-preview":"max-image-preview:large","max-video-preview":"max-video-preview:-1"},"canonical":"https:\/\/www.ticket-isladelobos.es\/es\/tours\/visitar-corralejo-y-isla-de-lobos-desde-lanzarote-playa-blanca\/","og_locale":"hu_HU","og_type":"article","og_title":"Isla Lobos & Shopping Corralejo desde Lanzarote - \u2705Isla de Lobos Fuerteventura Tickets Ferry WaterTaxi Excursiones Reservas","og_description":"excursi\u00f3n a isla de lobos desde playa blanca Todo incluido! Tiempo libre en Lobos y en Corralejo. C\u00f3modo, Libre, Al mejor precio!","og_url":"https:\/\/www.ticket-isladelobos.es\/es\/tours\/visitar-corralejo-y-isla-de-lobos-desde-lanzarote-playa-blanca\/","og_site_name":"\u2705Isla de Lobos Fuerteventura Tickets Ferry WaterTaxi Excursiones Reservas","article_publisher":"https:\/\/www.facebook.com\/ticketisladelobos","article_modified_time":"2026-01-01T09:41:47+00:00","og_image":[{"width":940,"height":550,"url":"https:\/\/www.ticket-isladelobos.es\/wp-content\/uploads\/2022\/09\/isla-de-lobos.jpg","type":"image\/jpeg"}],"twitter_card":"summary_large_image","twitter_misc":{"Becs\u00fclt olvas\u00e1si id\u0151":"3 perc"},"schema":{"@context":"https:\/\/schema.org","@graph":[{"@type":"WebPage","@id":"https:\/\/www.ticket-isladelobos.es\/es\/tours\/visitar-corralejo-y-isla-de-lobos-desde-lanzarote-playa-blanca\/","url":"https:\/\/www.ticket-isladelobos.es\/es\/tours\/visitar-corralejo-y-isla-de-lobos-desde-lanzarote-playa-blanca\/","name":"Isla Lobos & Shopping Corralejo desde Lanzarote - \u2705Isla de Lobos Fuerteventura Tickets Ferry WaterTaxi Excursiones Reservas","isPartOf":{"@id":"https:\/\/www.ticket-isladelobos.es\/es\/#website"},"primaryImageOfPage":{"@id":"https:\/\/www.ticket-isladelobos.es\/es\/tours\/visitar-corralejo-y-isla-de-lobos-desde-lanzarote-playa-blanca\/#primaryimage"},"image":{"@id":"https:\/\/www.ticket-isladelobos.es\/es\/tours\/visitar-corralejo-y-isla-de-lobos-desde-lanzarote-playa-blanca\/#primaryimage"},"thumbnailUrl":"https:\/\/www.ticket-isladelobos.es\/wp-content\/uploads\/2022\/09\/isla-de-lobos.jpg","datePublished":"2020-04-20T16:45:28+00:00","dateModified":"2026-01-01T09:41:47+00:00","description":"excursi\u00f3n a isla de lobos desde playa blanca Todo incluido! Tiempo libre en Lobos y en Corralejo. C\u00f3modo, Libre, Al mejor precio!","breadcrumb":{"@id":"https:\/\/www.ticket-isladelobos.es\/es\/tours\/visitar-corralejo-y-isla-de-lobos-desde-lanzarote-playa-blanca\/#breadcrumb"},"inLanguage":"hu","potentialAction":[{"@type":"ReadAction","target":["https:\/\/www.ticket-isladelobos.es\/es\/tours\/visitar-corralejo-y-isla-de-lobos-desde-lanzarote-playa-blanca\/"]}]},{"@type":"ImageObject","inLanguage":"hu","@id":"https:\/\/www.ticket-isladelobos.es\/es\/tours\/visitar-corralejo-y-isla-de-lobos-desde-lanzarote-playa-blanca\/#primaryimage","url":"https:\/\/www.ticket-isladelobos.es\/wp-content\/uploads\/2022\/09\/isla-de-lobos.jpg","contentUrl":"https:\/\/www.ticket-isladelobos.es\/wp-content\/uploads\/2022\/09\/isla-de-lobos.jpg","width":940,"height":550},{"@type":"BreadcrumbList","@id":"https:\/\/www.ticket-isladelobos.es\/es\/tours\/visitar-corralejo-y-isla-de-lobos-desde-lanzarote-playa-blanca\/#breadcrumb","itemListElement":[{"@type":"ListItem","position":1,"name":"Portada","item":"https:\/\/www.ticket-isladelobos.es\/hu\/"},{"@type":"ListItem","position":2,"name":"Tienda","item":"https:\/\/www.ticket-isladelobos.es\/es\/tienda\/"},{"@type":"ListItem","position":3,"name":"Isla Lobos &#038; Shopping Corralejo desde Lanzarote"}]},{"@type":"WebSite","@id":"https:\/\/www.ticket-isladelobos.es\/es\/#website","url":"https:\/\/www.ticket-isladelobos.es\/es\/","name":"\u2705Isla de Lobos Fuerteventura Tickets Ferry WaterTaxi Excursiones Reservas","description":"\u00bfQuieres hacer un viaje completamente inolvidable? Reserva hoy! Todo sobre la Isla de Lobos en un sitio!","publisher":{"@id":"https:\/\/www.ticket-isladelobos.es\/es\/#organization"},"potentialAction":[{"@type":"SearchAction","target":{"@type":"EntryPoint","urlTemplate":"https:\/\/www.ticket-isladelobos.es\/es\/?s={search_term_string}"},"query-input":{"@type":"PropertyValueSpecification","valueRequired":true,"valueName":"search_term_string"}}],"inLanguage":"hu"},{"@type":"Organization","@id":"https:\/\/www.ticket-isladelobos.es\/es\/#organization","name":"Ticket Isla-de-lobos","url":"https:\/\/www.ticket-isladelobos.es\/es\/","logo":{"@type":"ImageObject","inLanguage":"hu","@id":"https:\/\/www.ticket-isladelobos.es\/es\/#\/schema\/logo\/image\/","url":"https:\/\/www.ticket-isladelobos.es\/wp-content\/uploads\/2021\/04\/Photo_1614613341266.jpg","contentUrl":"https:\/\/www.ticket-isladelobos.es\/wp-content\/uploads\/2021\/04\/Photo_1614613341266.jpg","width":720,"height":720,"caption":"Ticket Isla-de-lobos"},"image":{"@id":"https:\/\/www.ticket-isladelobos.es\/es\/#\/schema\/logo\/image\/"},"sameAs":["https:\/\/www.facebook.com\/ticketisladelobos"]}]}},"jetpack_publicize_connections":[],"jetpack_likes_enabled":true,"jetpack_sharing_enabled":true,"_links":{"self":[{"href":"https:\/\/www.ticket-isladelobos.es\/hu\/wp-json\/wp\/v2\/product\/15575","targetHints":{"allow":["GET"]}}],"collection":[{"href":"https:\/\/www.ticket-isladelobos.es\/hu\/wp-json\/wp\/v2\/product"}],"about":[{"href":"https:\/\/www.ticket-isladelobos.es\/hu\/wp-json\/wp\/v2\/types\/product"}],"replies":[{"embeddable":true,"href":"https:\/\/www.ticket-isladelobos.es\/hu\/wp-json\/wp\/v2\/comments?post=15575"}],"wp:featuredmedia":[{"embeddable":true,"href":"https:\/\/www.ticket-isladelobos.es\/hu\/wp-json\/wp\/v2\/media\/15584"}],"wp:attachment":[{"href":"https:\/\/www.ticket-isladelobos.es\/hu\/wp-json\/wp\/v2\/media?parent=15575"}],"wp:term":[{"taxonomy":"product_brand","embeddable":true,"href":"https:\/\/www.ticket-isladelobos.es\/hu\/wp-json\/wp\/v2\/product_brand?post=15575"},{"taxonomy":"product_cat","embeddable":true,"href":"https:\/\/www.ticket-isladelobos.es\/hu\/wp-json\/wp\/v2\/product_cat?post=15575"},{"taxonomy":"product_tag","embeddable":true,"href":"https:\/\/www.ticket-isladelobos.es\/hu\/wp-json\/wp\/v2\/product_tag?post=15575"}],"curies":[{"name":"wp","href":"https:\/\/api.w.org\/{rel}","templated":true}]}}