{"id":19698,"date":"2022-03-01T18:10:57","date_gmt":"2023-02-11T13:55:30","guid":{"rendered":"https:\/\/www.ticket-isladelobos.es\/?post_type=product&#038;p=19698"},"modified":"2025-06-15T16:01:50","modified_gmt":"2025-06-15T16:01:50","slug":"uvegfeneku-hajo-snorkel","status":"publish","type":"product","link":"https:\/\/www.ticket-isladelobos.es\/hu\/kirandulasok-hajojegyek-corralejo-lobos\/uvegfeneku-hajo-snorkel\/","title":{"rendered":"Lobos sziget + \u00dcvegfenek\u00fc Haj\u00f3 + Sznorkelez\u00e9s"},"content":{"rendered":"<h1>\u00dcvegfenek\u00fc Haj\u00f3 + Sznorkelez\u00e9s Loboson<\/h1>\n<h2 class=\"ff-primary fc-black fw-light fs-medium mtpx-30\"><strong>A csomag a k\u00f6vetkez\u0151kb\u0151l \u00e1ll:<\/strong><\/h2>\n<h3 class=\"ff-primary fc-black fw-light fs-medium mtpx-30\">&#8211; Oda-vissza jegy Corralejob\u00f3l Isla de Los Lobosra.<\/h3>\n<h3 class=\"ff-primary fc-black fw-light fs-medium mtpx-30\">&#8211; Sznorkelez\u00e9s egy \u00fcvegfenek\u0171 haj\u00f3n<\/h3>\n<p class=\"ff-primary fc-black fw-light fs-medium mtpx-30\">Az \u00fcvegfenek\u0171 haj\u00f3 (Celia Cruz ) egy k\u00f6r\u00fatra visz Lobos sziget\u00e9nek gy\u00f6ny\u00f6r\u0171 d\u00e9li partj\u00e1n, miel\u0151tt visszat\u00e9rne Corralejoba. Az \u00fcvegfen\u00e9k lehet\u0151v\u00e9 teszi a v\u00edz alatti kil\u00e1t\u00e1st a sziget k\u00f6r\u00fcl. A haj\u00f3 40 percig kik\u00f6t, ahol lehet\u0151s\u00e9g lesz \u00faszni \u00e9s sznorkelezni.<\/p>\n<p><img loading=\"lazy\" decoding=\"async\" class=\"alignnone size-full wp-image-3713\" src=\"https:\/\/www.ticket-isladelobos.es\/wp-content\/uploads\/2021\/05\/download-1.jpg\" alt=\"\" width=\"259\" height=\"194\" \/>\u00a0 \u00a0 \u00a0 \u00a0 \u00a0 \u00a0 \u00a0 \u00a0 \u00a0 \u00a0 \u00a0 \u00a0 \u00a0 \u00a0 \u00a0 \u00a0 \u00a0 \u00a0 \u00a0 <img loading=\"lazy\" decoding=\"async\" class=\"alignnone size-medium wp-image-3983\" src=\"https:\/\/www.ticket-isladelobos.es\/wp-content\/uploads\/2021\/05\/20525584_10159206619040370_2813923388648402288_n-300x233.jpg\" alt=\"snorkel isla de lobos\" width=\"300\" height=\"233\" srcset=\"https:\/\/www.ticket-isladelobos.es\/wp-content\/uploads\/2021\/05\/20525584_10159206619040370_2813923388648402288_n.jpg 300w, https:\/\/www.ticket-isladelobos.es\/wp-content\/uploads\/2021\/05\/20525584_10159206619040370_2813923388648402288_n.jpg 768w, https:\/\/www.ticket-isladelobos.es\/wp-content\/uploads\/2021\/05\/20525584_10159206619040370_2813923388648402288_n.jpg 600w, https:\/\/www.ticket-isladelobos.es\/wp-content\/uploads\/2021\/05\/20525584_10159206619040370_2813923388648402288_n.jpg 960w\" sizes=\"auto, (max-width: 300px) 100vw, 300px\" \/><\/p>\n<p class=\"ff-primary fc-black fw-light fs-medium mtpx-30\">K\u00e9rj\u00fck, vedd figyelembe, hogy az ehhez a tev\u00e9kenys\u00e9ghez megadott id\u0151 hozz\u00e1vet\u0151leges. Tervezhetsz hosszabb tart\u00f3zkod\u00e1st a Lobos-szigeten korai haj\u00f3val, majd az utols\u00f3 haj\u00f3val j\u00f6ssz vissza.<\/p>\n<p><img loading=\"lazy\" decoding=\"async\" class=\"alignnone wp-image-3722\" src=\"https:\/\/www.ticket-isladelobos.es\/wp-content\/uploads\/2021\/04\/5_optimized-300x176.jpg\" alt=\"\" width=\"428\" height=\"251\" srcset=\"https:\/\/www.ticket-isladelobos.es\/wp-content\/uploads\/2021\/04\/5_optimized.jpg 300w, https:\/\/www.ticket-isladelobos.es\/wp-content\/uploads\/2021\/04\/5_optimized.jpg 1024w, https:\/\/www.ticket-isladelobos.es\/wp-content\/uploads\/2021\/04\/5_optimized.jpg 768w, https:\/\/www.ticket-isladelobos.es\/wp-content\/uploads\/2021\/04\/5_optimized.jpg 1536w, https:\/\/www.ticket-isladelobos.es\/wp-content\/uploads\/2021\/04\/5_optimized.jpg 600w, https:\/\/www.ticket-isladelobos.es\/wp-content\/uploads\/2021\/04\/5_optimized.jpg 1608w\" sizes=\"auto, (max-width: 428px) 100vw, 428px\" \/><\/p>\n<p><strong>\u00a0<\/strong><\/p>\n<p>\u00c1rak:<\/p>\n<p>Feln\u0151tt: 27 \u20ac<\/p>\n<p>Gyerek (3-11): 15 \u20ac<\/p>\n<p>Bab\u00e1k (0-3): Ingyenes<\/p>\n<p>K\u00e9rd\u00e9sed van? <span style=\"color: #00ff00;\">K\u00fcldj nek\u00fcnk WhatsApp-ot!<\/span><\/p>\n<p><!--more--><\/p>\n<p>&nbsp;<\/p>\n<table class=\"table table-bordered tours-tabs__table\" style=\"height: 422px; width: 81%;\" width=\"862\">\n<tbody>\n<tr style=\"height: 22px;\">\n<td style=\"height: 22px;\"><strong>INDUL\u00c1S\/VISSZAT\u00c9R\u00c9S HELYE<\/strong><\/td>\n<td style=\"height: 22px;\">Corralejo kik\u00f6t\u0151<\/td>\n<\/tr>\n<tr style=\"height: 54px;\">\n<td style=\"height: 54px;\">\n<p id=\"tw-target-text\" class=\"tw-data-text tw-text-large XcVN5d tw-ta\" dir=\"ltr\" data-placeholder=\"Ford\u00edt\u00e1s\"><strong>INDUL\u00c1SI ID\u0150<\/strong><\/p>\n<\/td>\n<td style=\"height: 54px;\">\n<div class=\"stripLine\">\n<div class=\"content\"><span style=\"font-family: inherit; font-size: inherit;\">\u00a09:45, 11:00, 12:30\u00a0<\/span><\/div>\n<\/div>\n<\/td>\n<\/tr>\n<tr style=\"height: 67px;\">\n<td style=\"height: 67px;\">\n<p id=\"tw-target-text\" class=\"tw-data-text tw-text-large XcVN5d tw-ta\" dir=\"ltr\" data-placeholder=\"Ford\u00edt\u00e1s\"><strong>VISSZAT\u00c9R\u00c9SI ID\u0150<\/strong><\/p>\n<\/td>\n<td style=\"height: 67px;\">\n<div class=\"stripLine\"><span style=\"font-family: inherit; font-size: inherit;\">14:00, 16:15, 17:15,\u00a0<\/span><\/div>\n<\/td>\n<\/tr>\n<tr style=\"height: 23px;\">\n<td style=\"height: 23px;\"><\/td>\n<td style=\"height: 23px;\"><\/td>\n<\/tr>\n<tr style=\"height: 233px;\">\n<td style=\"height: 233px;\"><strong>TARTALMAZZA<\/strong><\/td>\n<td style=\"height: 233px;\">\n<table class=\"table table-bordered\" style=\"height: 62px;\" width=\"300\">\n<tbody>\n<tr>\n<td><i class=\"fa fa-check icon-tick icon-tick--on\"><\/i> <strong>Sznorkelez\u00e9s szem\u00fcveggel \u00e9s pip\u00e1val a fed\u00e9lzeten<\/strong><\/td>\n<td><i class=\"fa fa-check icon-tick icon-tick--on\"><\/i><strong>Oda-vissza komppal Isla de Lobosba.<\/strong><\/td>\n<\/tr>\n<tr>\n<td><i class=\"fa fa-check icon-tick icon-tick--on\"><\/i> <span style=\"font-size: 12pt;\"><strong>Egy ital<\/strong><\/span><\/td>\n<td><i class=\"fa fa-check icon-tick icon-tick--on\"><\/i><span style=\"font-size: 12pt;\"><b>R\u00f6vid k\u00f6r\u00fct az \u00fcvegfenek\u0171 haj\u00f3n<\/b><\/span><\/td>\n<\/tr>\n<\/tbody>\n<\/table>\n<\/td>\n<\/tr>\n<tr style=\"height: 23px;\">\n<td style=\"height: 23px;\"><\/td>\n<td style=\"height: 23px;\"><\/td>\n<\/tr>\n<\/tbody>\n<\/table>\n<p>&nbsp;<\/p>\n","protected":false},"excerpt":{"rendered":"<p>\u00dcvegfenek\u00fc Haj\u00f3 + Sznorkelez\u00e9s Loboson A csomag a k\u00f6vetkez\u0151kb\u0151l \u00e1ll: &#8211; Oda-vissza jegy Corralejob\u00f3l Isla de Los Lobosra. &#8211; Sznorkelez\u00e9s egy \u00fcvegfenek\u0171 haj\u00f3n Az \u00fcvegfenek\u0171 haj\u00f3 (Celia Cruz ) egy k\u00f6r\u00fatra visz Lobos sziget\u00e9nek gy\u00f6ny\u00f6r\u0171 d\u00e9li partj\u00e1n, miel\u0151tt visszat\u00e9rne Corralejoba. Az \u00fcvegfen\u00e9k lehet\u0151v\u00e9 teszi a v\u00edz alatti kil\u00e1t\u00e1st a sziget k\u00f6r\u00fcl. A haj\u00f3 40 percig<\/p>\n<div class=\"padding-top text-center\"><a href=\"https:\/\/www.ticket-isladelobos.es\/hu\/kirandulasok-hajojegyek-corralejo-lobos\/uvegfeneku-hajo-snorkel\/\" class=\"atbtn atbtn--medium atbtn--rounded atbtn--transparent\">Lee Mas<i class=\"atbtn__icon atbtn__icon--right fa fa-long-arrow-right\"><\/i><\/a><\/div>\n","protected":false},"featured_media":19183,"comment_status":"open","ping_status":"closed","template":"","meta":{"jetpack_publicize_message":"","jetpack_publicize_feature_enabled":true,"jetpack_social_post_already_shared":true,"jetpack_social_options":{"image_generator_settings":{"template":"highway","default_image_id":0,"font":"","enabled":false},"version":2}},"product_brand":[],"product_cat":[],"product_tag":[],"class_list":{"0":"post-19698","1":"product","2":"type-product","3":"status-publish","4":"has-post-thumbnail","6":"tour_category-hajo-komp-vizitaxi-komp-sznorkelezessel-viz-alatti-megtekintes","7":"tour_category-hajos-turak-corralejo-lobos","9":"first","10":"instock","11":"shipping-taxable","12":"purchasable","13":"product-type-tour"},"yoast_head":"<!-- This site is optimized with the Yoast SEO plugin v23.4 - https:\/\/yoast.com\/wordpress\/plugins\/seo\/ -->\n<title>Lobos sziget + \u00dcvegfenek\u00fc Haj\u00f3 + Sznorkelez\u00e9s - \u2705Isla de Lobos Fuerteventura Tickets Ferry WaterTaxi Excursiones Reservas<\/title>\n<meta name=\"robots\" content=\"index, follow, max-snippet:-1, max-image-preview:large, max-video-preview:-1\" \/>\n<link rel=\"canonical\" href=\"https:\/\/www.ticket-isladelobos.es\/es\/tours\/minicrucero-vision-submarino\/\" \/>\n<meta property=\"og:locale\" content=\"hu_HU\" \/>\n<meta property=\"og:type\" content=\"article\" \/>\n<meta property=\"og:title\" content=\"Lobos sziget + \u00dcvegfenek\u00fc Haj\u00f3 + Sznorkelez\u00e9s - \u2705Isla de Lobos Fuerteventura Tickets Ferry WaterTaxi Excursiones Reservas\" \/>\n<meta property=\"og:description\" content=\"\u00dcvegfenek\u00fc Haj\u00f3 + Sznorkelez\u00e9s Loboson A csomag a k\u00f6vetkez\u0151kb\u0151l \u00e1ll: &#8211; Oda-vissza jegy Corralejob\u00f3l Isla de Los Lobosra. &#8211; Sznorkelez\u00e9s egy \u00fcvegfenek\u0171 haj\u00f3n Az \u00fcvegfenek\u0171 haj\u00f3 (Celia Cruz ) egy k\u00f6r\u00fatra visz Lobos sziget\u00e9nek gy\u00f6ny\u00f6r\u0171 d\u00e9li partj\u00e1n, miel\u0151tt visszat\u00e9rne Corralejoba. Az \u00fcvegfen\u00e9k lehet\u0151v\u00e9 teszi a v\u00edz alatti kil\u00e1t\u00e1st a sziget k\u00f6r\u00fcl. A haj\u00f3 40 percigLee Mas\" \/>\n<meta property=\"og:url\" content=\"https:\/\/www.ticket-isladelobos.es\/es\/tours\/minicrucero-vision-submarino\/\" \/>\n<meta property=\"og:site_name\" content=\"\u2705Isla de Lobos Fuerteventura Tickets Ferry WaterTaxi Excursiones Reservas\" \/>\n<meta property=\"article:publisher\" content=\"https:\/\/www.facebook.com\/ticketisladelobos\" \/>\n<meta property=\"article:modified_time\" content=\"2025-06-15T16:01:50+00:00\" \/>\n<meta property=\"og:image\" content=\"https:\/\/www.ticket-isladelobos.es\/wp-content\/uploads\/2021\/04\/5_optimized.jpg\" \/>\n\t<meta property=\"og:image:width\" content=\"1608\" \/>\n\t<meta property=\"og:image:height\" content=\"945\" \/>\n\t<meta property=\"og:image:type\" content=\"image\/jpeg\" \/>\n<meta name=\"twitter:card\" content=\"summary_large_image\" \/>\n<meta name=\"twitter:label1\" content=\"Becs\u00fclt olvas\u00e1si id\u0151\" \/>\n\t<meta name=\"twitter:data1\" content=\"2 perc\" \/>\n<script type=\"application\/ld+json\" class=\"yoast-schema-graph\">{\"@context\":\"https:\/\/schema.org\",\"@graph\":[{\"@type\":\"WebPage\",\"@id\":\"https:\/\/www.ticket-isladelobos.es\/es\/tours\/minicrucero-vision-submarino\/\",\"url\":\"https:\/\/www.ticket-isladelobos.es\/es\/tours\/minicrucero-vision-submarino\/\",\"name\":\"Lobos sziget + \u00dcvegfenek\u00fc Haj\u00f3 + Sznorkelez\u00e9s - \u2705Isla de Lobos Fuerteventura Tickets Ferry WaterTaxi Excursiones Reservas\",\"isPartOf\":{\"@id\":\"https:\/\/www.ticket-isladelobos.es\/es\/#website\"},\"primaryImageOfPage\":{\"@id\":\"https:\/\/www.ticket-isladelobos.es\/es\/tours\/minicrucero-vision-submarino\/#primaryimage\"},\"image\":{\"@id\":\"https:\/\/www.ticket-isladelobos.es\/es\/tours\/minicrucero-vision-submarino\/#primaryimage\"},\"thumbnailUrl\":\"https:\/\/www.ticket-isladelobos.es\/wp-content\/uploads\/2021\/04\/5_optimized.jpg\",\"datePublished\":\"2023-02-11T13:55:30+00:00\",\"dateModified\":\"2025-06-15T16:01:50+00:00\",\"breadcrumb\":{\"@id\":\"https:\/\/www.ticket-isladelobos.es\/es\/tours\/minicrucero-vision-submarino\/#breadcrumb\"},\"inLanguage\":\"hu\",\"potentialAction\":[{\"@type\":\"ReadAction\",\"target\":[\"https:\/\/www.ticket-isladelobos.es\/es\/tours\/minicrucero-vision-submarino\/\"]}]},{\"@type\":\"ImageObject\",\"inLanguage\":\"hu\",\"@id\":\"https:\/\/www.ticket-isladelobos.es\/es\/tours\/minicrucero-vision-submarino\/#primaryimage\",\"url\":\"https:\/\/www.ticket-isladelobos.es\/wp-content\/uploads\/2021\/04\/5_optimized.jpg\",\"contentUrl\":\"https:\/\/www.ticket-isladelobos.es\/wp-content\/uploads\/2021\/04\/5_optimized.jpg\",\"width\":1608,\"height\":945},{\"@type\":\"BreadcrumbList\",\"@id\":\"https:\/\/www.ticket-isladelobos.es\/es\/tours\/minicrucero-vision-submarino\/#breadcrumb\",\"itemListElement\":[{\"@type\":\"ListItem\",\"position\":1,\"name\":\"Portada\",\"item\":\"https:\/\/www.ticket-isladelobos.es\/hu\/\"},{\"@type\":\"ListItem\",\"position\":2,\"name\":\"Tienda\",\"item\":\"https:\/\/www.ticket-isladelobos.es\/es\/tienda\/\"},{\"@type\":\"ListItem\",\"position\":3,\"name\":\"Lobos sziget + \u00dcvegfenek\u00fc Haj\u00f3 + Sznorkelez\u00e9s\"}]},{\"@type\":\"WebSite\",\"@id\":\"https:\/\/www.ticket-isladelobos.es\/es\/#website\",\"url\":\"https:\/\/www.ticket-isladelobos.es\/es\/\",\"name\":\"\u2705Isla de Lobos Fuerteventura Tickets Ferry WaterTaxi Excursiones Reservas\",\"description\":\"\u00bfQuieres hacer un viaje completamente inolvidable? Reserva hoy! Todo sobre la Isla de Lobos en un sitio!\",\"publisher\":{\"@id\":\"https:\/\/www.ticket-isladelobos.es\/es\/#organization\"},\"potentialAction\":[{\"@type\":\"SearchAction\",\"target\":{\"@type\":\"EntryPoint\",\"urlTemplate\":\"https:\/\/www.ticket-isladelobos.es\/es\/?s={search_term_string}\"},\"query-input\":{\"@type\":\"PropertyValueSpecification\",\"valueRequired\":true,\"valueName\":\"search_term_string\"}}],\"inLanguage\":\"hu\"},{\"@type\":\"Organization\",\"@id\":\"https:\/\/www.ticket-isladelobos.es\/es\/#organization\",\"name\":\"Ticket Isla-de-lobos\",\"url\":\"https:\/\/www.ticket-isladelobos.es\/es\/\",\"logo\":{\"@type\":\"ImageObject\",\"inLanguage\":\"hu\",\"@id\":\"https:\/\/www.ticket-isladelobos.es\/es\/#\/schema\/logo\/image\/\",\"url\":\"https:\/\/www.ticket-isladelobos.es\/wp-content\/uploads\/2021\/04\/Photo_1614613341266.jpg\",\"contentUrl\":\"https:\/\/www.ticket-isladelobos.es\/wp-content\/uploads\/2021\/04\/Photo_1614613341266.jpg\",\"width\":720,\"height\":720,\"caption\":\"Ticket Isla-de-lobos\"},\"image\":{\"@id\":\"https:\/\/www.ticket-isladelobos.es\/es\/#\/schema\/logo\/image\/\"},\"sameAs\":[\"https:\/\/www.facebook.com\/ticketisladelobos\"]}]}<\/script>\n<!-- \/ Yoast SEO plugin. -->","yoast_head_json":{"title":"Lobos sziget + \u00dcvegfenek\u00fc Haj\u00f3 + Sznorkelez\u00e9s - \u2705Isla de Lobos Fuerteventura Tickets Ferry WaterTaxi Excursiones Reservas","robots":{"index":"index","follow":"follow","max-snippet":"max-snippet:-1","max-image-preview":"max-image-preview:large","max-video-preview":"max-video-preview:-1"},"canonical":"https:\/\/www.ticket-isladelobos.es\/es\/tours\/minicrucero-vision-submarino\/","og_locale":"hu_HU","og_type":"article","og_title":"Lobos sziget + \u00dcvegfenek\u00fc Haj\u00f3 + Sznorkelez\u00e9s - \u2705Isla de Lobos Fuerteventura Tickets Ferry WaterTaxi Excursiones Reservas","og_description":"\u00dcvegfenek\u00fc Haj\u00f3 + Sznorkelez\u00e9s Loboson A csomag a k\u00f6vetkez\u0151kb\u0151l \u00e1ll: &#8211; Oda-vissza jegy Corralejob\u00f3l Isla de Los Lobosra. &#8211; Sznorkelez\u00e9s egy \u00fcvegfenek\u0171 haj\u00f3n Az \u00fcvegfenek\u0171 haj\u00f3 (Celia Cruz ) egy k\u00f6r\u00fatra visz Lobos sziget\u00e9nek gy\u00f6ny\u00f6r\u0171 d\u00e9li partj\u00e1n, miel\u0151tt visszat\u00e9rne Corralejoba. Az \u00fcvegfen\u00e9k lehet\u0151v\u00e9 teszi a v\u00edz alatti kil\u00e1t\u00e1st a sziget k\u00f6r\u00fcl. A haj\u00f3 40 percigLee Mas","og_url":"https:\/\/www.ticket-isladelobos.es\/es\/tours\/minicrucero-vision-submarino\/","og_site_name":"\u2705Isla de Lobos Fuerteventura Tickets Ferry WaterTaxi Excursiones Reservas","article_publisher":"https:\/\/www.facebook.com\/ticketisladelobos","article_modified_time":"2025-06-15T16:01:50+00:00","og_image":[{"width":1608,"height":945,"url":"https:\/\/www.ticket-isladelobos.es\/wp-content\/uploads\/2021\/04\/5_optimized.jpg","type":"image\/jpeg"}],"twitter_card":"summary_large_image","twitter_misc":{"Becs\u00fclt olvas\u00e1si id\u0151":"2 perc"},"schema":{"@context":"https:\/\/schema.org","@graph":[{"@type":"WebPage","@id":"https:\/\/www.ticket-isladelobos.es\/es\/tours\/minicrucero-vision-submarino\/","url":"https:\/\/www.ticket-isladelobos.es\/es\/tours\/minicrucero-vision-submarino\/","name":"Lobos sziget + \u00dcvegfenek\u00fc Haj\u00f3 + Sznorkelez\u00e9s - \u2705Isla de Lobos Fuerteventura Tickets Ferry WaterTaxi Excursiones Reservas","isPartOf":{"@id":"https:\/\/www.ticket-isladelobos.es\/es\/#website"},"primaryImageOfPage":{"@id":"https:\/\/www.ticket-isladelobos.es\/es\/tours\/minicrucero-vision-submarino\/#primaryimage"},"image":{"@id":"https:\/\/www.ticket-isladelobos.es\/es\/tours\/minicrucero-vision-submarino\/#primaryimage"},"thumbnailUrl":"https:\/\/www.ticket-isladelobos.es\/wp-content\/uploads\/2021\/04\/5_optimized.jpg","datePublished":"2023-02-11T13:55:30+00:00","dateModified":"2025-06-15T16:01:50+00:00","breadcrumb":{"@id":"https:\/\/www.ticket-isladelobos.es\/es\/tours\/minicrucero-vision-submarino\/#breadcrumb"},"inLanguage":"hu","potentialAction":[{"@type":"ReadAction","target":["https:\/\/www.ticket-isladelobos.es\/es\/tours\/minicrucero-vision-submarino\/"]}]},{"@type":"ImageObject","inLanguage":"hu","@id":"https:\/\/www.ticket-isladelobos.es\/es\/tours\/minicrucero-vision-submarino\/#primaryimage","url":"https:\/\/www.ticket-isladelobos.es\/wp-content\/uploads\/2021\/04\/5_optimized.jpg","contentUrl":"https:\/\/www.ticket-isladelobos.es\/wp-content\/uploads\/2021\/04\/5_optimized.jpg","width":1608,"height":945},{"@type":"BreadcrumbList","@id":"https:\/\/www.ticket-isladelobos.es\/es\/tours\/minicrucero-vision-submarino\/#breadcrumb","itemListElement":[{"@type":"ListItem","position":1,"name":"Portada","item":"https:\/\/www.ticket-isladelobos.es\/hu\/"},{"@type":"ListItem","position":2,"name":"Tienda","item":"https:\/\/www.ticket-isladelobos.es\/es\/tienda\/"},{"@type":"ListItem","position":3,"name":"Lobos sziget + \u00dcvegfenek\u00fc Haj\u00f3 + Sznorkelez\u00e9s"}]},{"@type":"WebSite","@id":"https:\/\/www.ticket-isladelobos.es\/es\/#website","url":"https:\/\/www.ticket-isladelobos.es\/es\/","name":"\u2705Isla de Lobos Fuerteventura Tickets Ferry WaterTaxi Excursiones Reservas","description":"\u00bfQuieres hacer un viaje completamente inolvidable? Reserva hoy! Todo sobre la Isla de Lobos en un sitio!","publisher":{"@id":"https:\/\/www.ticket-isladelobos.es\/es\/#organization"},"potentialAction":[{"@type":"SearchAction","target":{"@type":"EntryPoint","urlTemplate":"https:\/\/www.ticket-isladelobos.es\/es\/?s={search_term_string}"},"query-input":{"@type":"PropertyValueSpecification","valueRequired":true,"valueName":"search_term_string"}}],"inLanguage":"hu"},{"@type":"Organization","@id":"https:\/\/www.ticket-isladelobos.es\/es\/#organization","name":"Ticket Isla-de-lobos","url":"https:\/\/www.ticket-isladelobos.es\/es\/","logo":{"@type":"ImageObject","inLanguage":"hu","@id":"https:\/\/www.ticket-isladelobos.es\/es\/#\/schema\/logo\/image\/","url":"https:\/\/www.ticket-isladelobos.es\/wp-content\/uploads\/2021\/04\/Photo_1614613341266.jpg","contentUrl":"https:\/\/www.ticket-isladelobos.es\/wp-content\/uploads\/2021\/04\/Photo_1614613341266.jpg","width":720,"height":720,"caption":"Ticket Isla-de-lobos"},"image":{"@id":"https:\/\/www.ticket-isladelobos.es\/es\/#\/schema\/logo\/image\/"},"sameAs":["https:\/\/www.facebook.com\/ticketisladelobos"]}]}},"jetpack_publicize_connections":[],"jetpack_likes_enabled":true,"jetpack_sharing_enabled":true,"_links":{"self":[{"href":"https:\/\/www.ticket-isladelobos.es\/hu\/wp-json\/wp\/v2\/product\/19698","targetHints":{"allow":["GET"]}}],"collection":[{"href":"https:\/\/www.ticket-isladelobos.es\/hu\/wp-json\/wp\/v2\/product"}],"about":[{"href":"https:\/\/www.ticket-isladelobos.es\/hu\/wp-json\/wp\/v2\/types\/product"}],"replies":[{"embeddable":true,"href":"https:\/\/www.ticket-isladelobos.es\/hu\/wp-json\/wp\/v2\/comments?post=19698"}],"wp:featuredmedia":[{"embeddable":true,"href":"https:\/\/www.ticket-isladelobos.es\/hu\/wp-json\/wp\/v2\/media\/19183"}],"wp:attachment":[{"href":"https:\/\/www.ticket-isladelobos.es\/hu\/wp-json\/wp\/v2\/media?parent=19698"}],"wp:term":[{"taxonomy":"product_brand","embeddable":true,"href":"https:\/\/www.ticket-isladelobos.es\/hu\/wp-json\/wp\/v2\/product_brand?post=19698"},{"taxonomy":"product_cat","embeddable":true,"href":"https:\/\/www.ticket-isladelobos.es\/hu\/wp-json\/wp\/v2\/product_cat?post=19698"},{"taxonomy":"product_tag","embeddable":true,"href":"https:\/\/www.ticket-isladelobos.es\/hu\/wp-json\/wp\/v2\/product_tag?post=19698"}],"curies":[{"name":"wp","href":"https:\/\/api.w.org\/{rel}","templated":true}]}}