{"id":19703,"date":"2022-02-21T19:28:12","date_gmt":"2023-02-11T17:55:37","guid":{"rendered":"https:\/\/www.ticket-isladelobos.es\/?post_type=product&#038;p=19703"},"modified":"2025-06-15T16:05:11","modified_gmt":"2025-06-15T16:05:11","slug":"komp-jarat-corralejobol","status":"publish","type":"product","link":"https:\/\/www.ticket-isladelobos.es\/hu\/kirandulasok-hajojegyek-corralejo-lobos\/komp-jarat-corralejobol\/","title":{"rendered":"Komp j\u00e1rat Corralejob\u00f3l"},"content":{"rendered":"<h1 class=\"ff-primary fc-black fw-light fs-medium mtpx-30\">L\u00e1togasd meg Lobos sziget\u00e9t komppal Corralejob\u00f3l.<\/h1>\n<h3><\/h3>\n<p><strong>\u00c1rak (oda-vissza \u00fat):<\/strong><\/p>\n<p>Feln\u0151tt: 17 \u20ac<\/p>\n<p>Gyerek (3-12): 11 \u20ac<\/p>\n<p>Bab\u00e1k (0-3): Ingyenes<\/p>\n<p>Ker\u00e9kp\u00e1rsz\u00e1ll\u00edt\u00e1s: 5 \u20ac<\/p>\n<p>&nbsp;<\/p>\n<h2>A JEGY 2 KOMPRA \u00c9RV\u00c9NYES<\/h2>\n<p><img loading=\"lazy\" decoding=\"async\" class=\"alignnone size-medium wp-image-8269\" src=\"https:\/\/www.ticket-isladelobos.es\/wp-content\/uploads\/2022\/03\/celiacruzslide_optimized-300x139.webp\" alt=\"\" width=\"300\" height=\"139\" srcset=\"https:\/\/www.ticket-isladelobos.es\/wp-content\/uploads\/2022\/03\/celiacruzslide_optimized-scaled.webp 300w, https:\/\/www.ticket-isladelobos.es\/wp-content\/uploads\/2022\/03\/celiacruzslide_optimized-scaled.webp 1024w, https:\/\/www.ticket-isladelobos.es\/wp-content\/uploads\/2022\/03\/celiacruzslide_optimized-scaled.webp 768w, https:\/\/www.ticket-isladelobos.es\/wp-content\/uploads\/2022\/03\/celiacruzslide_optimized-scaled.webp 1536w, https:\/\/www.ticket-isladelobos.es\/wp-content\/uploads\/2022\/03\/celiacruzslide_optimized-scaled.webp 2048w, https:\/\/www.ticket-isladelobos.es\/wp-content\/uploads\/2022\/03\/celiacruzslide_optimized-scaled.webp 600w, https:\/\/www.ticket-isladelobos.es\/wp-content\/uploads\/2022\/03\/celiacruzslide_optimized-scaled.webp 1140w, https:\/\/www.ticket-isladelobos.es\/wp-content\/uploads\/2022\/03\/celiacruzslide_optimized-scaled.webp 2244w\" sizes=\"auto, (max-width: 300px) 100vw, 300px\" \/><\/p>\n<h3><strong>Az \u00fcvegfenek\u0171 haj\u00f3 indul\u00e1sai:<\/strong><\/h3>\n<p>9:45, 12:30<\/p>\n<p>&nbsp;<\/p>\n<p><img loading=\"lazy\" decoding=\"async\" class=\"size-medium wp-image-9186\" src=\"https:\/\/www.ticket-isladelobos.es\/wp-content\/uploads\/2022\/05\/ezgif.com-gif-maker-300x101.webp\" alt=\"ferry isla de lobos caleta de fuste\" width=\"300\" height=\"101\" srcset=\"https:\/\/www.ticket-isladelobos.es\/wp-content\/uploads\/2022\/05\/ezgif.com-gif-maker.webp 300w, https:\/\/www.ticket-isladelobos.es\/wp-content\/uploads\/2022\/05\/ezgif.com-gif-maker.webp 1024w, https:\/\/www.ticket-isladelobos.es\/wp-content\/uploads\/2022\/05\/ezgif.com-gif-maker.webp 768w, https:\/\/www.ticket-isladelobos.es\/wp-content\/uploads\/2022\/05\/ezgif.com-gif-maker.webp 1536w, https:\/\/www.ticket-isladelobos.es\/wp-content\/uploads\/2022\/05\/ezgif.com-gif-maker.webp 600w, https:\/\/www.ticket-isladelobos.es\/wp-content\/uploads\/2022\/05\/ezgif.com-gif-maker.webp 1920w\" sizes=\"auto, (max-width: 300px) 100vw, 300px\" \/><\/p>\n<h3>A &#8222;Ferry Isla Lobos&#8221; indul\u00e1sai:<\/h3>\n<h3>11:00, 13:30, 15:30<\/h3>\n<h4>Van k\u00e9rd\u00e9sed? K\u00fcldj nek\u00fcnk <span style=\"color: #00ff00;\">WhatsApp-ot<\/span>!<\/h4>\n<p><!--more--><\/p>\n<ul>\n<li style=\"list-style-type: none;\">\n<ul>\n<li><\/li>\n<\/ul>\n<\/li>\n<\/ul>\n<table class=\"table table-bordered tours-tabs__table\" style=\"height: 531px; width: 80.7181%;\" width=\"862\">\n<tbody>\n<tr style=\"height: 22px;\">\n<td style=\"height: 22px;\"><strong>INDUL\u00c1S\/VISSZAT\u00c9R\u00c9S HELYE<\/strong><\/td>\n<td style=\"height: 22px;\">Corralejo Kik\u00f6t\u0151<\/td>\n<\/tr>\n<tr>\n<td>\n<p id=\"tw-target-text\" class=\"tw-data-text tw-text-large XcVN5d tw-ta\" dir=\"ltr\" data-placeholder=\"Ford\u00edt\u00e1s\"><strong><span lang=\"es\">INDUL\u00c1SI ID\u0150K<\/span><\/strong><\/p>\n<\/td>\n<td>\n<div class=\"stripLine\">\n<div class=\"content\"><span style=\"font-family: inherit; font-size: inherit;\">9:45,\u00a0 11:00, 12:30, 13:30<\/span><\/div>\n<\/div>\n<\/td>\n<\/tr>\n<tr>\n<td>\n<p id=\"tw-target-text\" class=\"tw-data-text tw-text-large XcVN5d tw-ta\" dir=\"ltr\" data-placeholder=\"Ford\u00edt\u00e1s\"><strong>VISSZAT\u00c9R\u00c9SI ID\u0150K<\/strong><\/p>\n<\/td>\n<td>\n<div class=\"stripLine\"><span style=\"font-family: inherit; font-size: inherit;\">14:00, 16:15, 17:15, 18:15<\/span><\/div>\n<\/td>\n<\/tr>\n<tr>\n<td colspan=\"2\">\n<h2 id=\"tw-target-text\" class=\"tw-data-text tw-text-large XcVN5d tw-ta\" dir=\"ltr\" data-placeholder=\"Ford\u00edt\u00e1s\">A visszat\u00e9r\u00e9si id\u0151t a felsz\u00e1ll\u00e1skor kell kiv\u00e1lasztani!<\/h2>\n<div class=\"stripLine\"><span style=\"font-family: inherit; font-size: inherit;\">\u00a0<\/span><\/div>\n<\/td>\n<\/tr>\n<tr style=\"height: 141px;\">\n<td style=\"height: 141px;\">\n<h4>Mit vigyek magammal?<\/h4>\n<\/td>\n<td style=\"height: 141px;\">\n<ul>\n<li>F\u00e9nyv\u00e9delem (kr\u00e9m, sapka, eserny\u0151 stb.)<\/li>\n<li>Megfelel\u0151 \u00e9s k\u00e9nyelmes cip\u0151 (tornacip\u0151)<\/li>\n<li>T\u00f6r\u00f6lk\u00f6z\u0151, f\u00fcrd\u0151ruha \u00e9s papucs<\/li>\n<\/ul>\n<\/td>\n<\/tr>\n<tr style=\"height: 214px;\">\n<td style=\"height: 214px;\"><strong>Az \u00e1r tartalmazza:<\/strong><\/td>\n<td style=\"height: 214px;\">\n<table class=\"table table-bordered\" style=\"height: 62px;\" width=\"300\">\n<tbody>\n<tr>\n<td><i class=\"fa fa-check icon-tick icon-tick--on\"><\/i>Oda-vissza haj\u00f3jegy: Corralejo \u2013 Isla de Lobos \u2013 Corralejo<\/td>\n<td><i class=\"fa fa-check icon-tick icon-tick--on\"><\/i>L\u00e1togat\u00e1s Lobos sziget\u00e9re<\/td>\n<\/tr>\n<tr>\n<td><\/td>\n<td><i class=\"fa fa-check icon-tick icon-tick--on\"><\/i>K\u00f6telez\u0151 utaz\u00e1si biztos\u00edt\u00e1s<\/td>\n<\/tr>\n<\/tbody>\n<\/table>\n<\/td>\n<\/tr>\n<tr style=\"height: 22px;\">\n<td style=\"height: 22px;\"><\/td>\n<td style=\"height: 22px;\"><\/td>\n<\/tr>\n<\/tbody>\n<\/table>\n<p>&nbsp;<\/p>\n","protected":false},"excerpt":{"rendered":"<p>L\u00e1togasd meg Lobos sziget\u00e9t komppal Corralejob\u00f3l. \u00c1rak (oda-vissza \u00fat): Feln\u0151tt: 17 \u20ac Gyerek (3-12): 11 \u20ac Bab\u00e1k (0-3): Ingyenes Ker\u00e9kp\u00e1rsz\u00e1ll\u00edt\u00e1s: 5 \u20ac &nbsp; A JEGY 2 KOMPRA \u00c9RV\u00c9NYES Az \u00fcvegfenek\u0171 haj\u00f3 indul\u00e1sai: 9:45, 12:30 &nbsp; A &#8222;Ferry Isla Lobos&#8221; indul\u00e1sai: 11:00, 13:30, 15:30 Van k\u00e9rd\u00e9sed? K\u00fcldj nek\u00fcnk WhatsApp-ot!<\/p>\n","protected":false},"featured_media":19185,"comment_status":"open","ping_status":"closed","template":"","meta":{"jetpack_publicize_message":"","jetpack_publicize_feature_enabled":true,"jetpack_social_post_already_shared":true,"jetpack_social_options":{"image_generator_settings":{"template":"highway","default_image_id":0,"font":"","enabled":false},"version":2}},"product_brand":[],"product_cat":[],"product_tag":[],"class_list":{"0":"post-19703","1":"product","2":"type-product","3":"status-publish","4":"has-post-thumbnail","6":"tour_category-hajo-komp-vizitaxi-komp-sznorkelezessel-viz-alatti-megtekintes","8":"first","9":"instock","10":"shipping-taxable","11":"purchasable","12":"product-type-tour"},"yoast_head":"<!-- This site is optimized with the Yoast SEO plugin v23.4 - https:\/\/yoast.com\/wordpress\/plugins\/seo\/ -->\n<title>Komp j\u00e1rat Corralejob\u00f3l - \u2705Isla de Lobos Fuerteventura Tickets Ferry WaterTaxi Excursiones Reservas<\/title>\n<meta name=\"robots\" content=\"index, follow, max-snippet:-1, max-image-preview:large, max-video-preview:-1\" \/>\n<link rel=\"canonical\" href=\"https:\/\/www.ticket-isladelobos.es\/es\/tours\/ferry-con-fondo-de-cristal\/\" \/>\n<meta property=\"og:locale\" content=\"hu_HU\" \/>\n<meta property=\"og:type\" content=\"article\" \/>\n<meta property=\"og:title\" content=\"Komp j\u00e1rat Corralejob\u00f3l - \u2705Isla de Lobos Fuerteventura Tickets Ferry WaterTaxi Excursiones Reservas\" \/>\n<meta property=\"og:description\" content=\"L\u00e1togasd meg Lobos sziget\u00e9t komppal Corralejob\u00f3l. \u00c1rak (oda-vissza \u00fat): Feln\u0151tt: 17 \u20ac Gyerek (3-12): 11 \u20ac Bab\u00e1k (0-3): Ingyenes Ker\u00e9kp\u00e1rsz\u00e1ll\u00edt\u00e1s: 5 \u20ac &nbsp; A JEGY 2 KOMPRA \u00c9RV\u00c9NYES Az \u00fcvegfenek\u0171 haj\u00f3 indul\u00e1sai: 9:45, 12:30 &nbsp; A &#8222;Ferry Isla Lobos&#8221; indul\u00e1sai: 11:00, 13:30, 15:30 Van k\u00e9rd\u00e9sed? K\u00fcldj nek\u00fcnk WhatsApp-ot!\" \/>\n<meta property=\"og:url\" content=\"https:\/\/www.ticket-isladelobos.es\/es\/tours\/ferry-con-fondo-de-cristal\/\" \/>\n<meta property=\"og:site_name\" content=\"\u2705Isla de Lobos Fuerteventura Tickets Ferry WaterTaxi Excursiones Reservas\" \/>\n<meta property=\"article:publisher\" content=\"https:\/\/www.facebook.com\/ticketisladelobos\" \/>\n<meta property=\"article:modified_time\" content=\"2025-06-15T16:05:11+00:00\" \/>\n<meta property=\"og:image\" content=\"https:\/\/www.ticket-isladelobos.es\/wp-content\/uploads\/2021\/04\/image001_optimized.png\" \/>\n\t<meta property=\"og:image:width\" content=\"853\" \/>\n\t<meta property=\"og:image:height\" content=\"567\" \/>\n\t<meta property=\"og:image:type\" content=\"image\/png\" \/>\n<meta name=\"twitter:card\" content=\"summary_large_image\" \/>\n<meta name=\"twitter:label1\" content=\"Becs\u00fclt olvas\u00e1si id\u0151\" \/>\n\t<meta name=\"twitter:data1\" content=\"2 perc\" \/>\n<script type=\"application\/ld+json\" class=\"yoast-schema-graph\">{\"@context\":\"https:\/\/schema.org\",\"@graph\":[{\"@type\":\"WebPage\",\"@id\":\"https:\/\/www.ticket-isladelobos.es\/es\/tours\/ferry-con-fondo-de-cristal\/\",\"url\":\"https:\/\/www.ticket-isladelobos.es\/es\/tours\/ferry-con-fondo-de-cristal\/\",\"name\":\"Komp j\u00e1rat Corralejob\u00f3l - \u2705Isla de Lobos Fuerteventura Tickets Ferry WaterTaxi Excursiones Reservas\",\"isPartOf\":{\"@id\":\"https:\/\/www.ticket-isladelobos.es\/es\/#website\"},\"primaryImageOfPage\":{\"@id\":\"https:\/\/www.ticket-isladelobos.es\/es\/tours\/ferry-con-fondo-de-cristal\/#primaryimage\"},\"image\":{\"@id\":\"https:\/\/www.ticket-isladelobos.es\/es\/tours\/ferry-con-fondo-de-cristal\/#primaryimage\"},\"thumbnailUrl\":\"https:\/\/www.ticket-isladelobos.es\/wp-content\/uploads\/2021\/04\/image001_optimized.png\",\"datePublished\":\"2023-02-11T17:55:37+00:00\",\"dateModified\":\"2025-06-15T16:05:11+00:00\",\"breadcrumb\":{\"@id\":\"https:\/\/www.ticket-isladelobos.es\/es\/tours\/ferry-con-fondo-de-cristal\/#breadcrumb\"},\"inLanguage\":\"hu\",\"potentialAction\":[{\"@type\":\"ReadAction\",\"target\":[\"https:\/\/www.ticket-isladelobos.es\/es\/tours\/ferry-con-fondo-de-cristal\/\"]}]},{\"@type\":\"ImageObject\",\"inLanguage\":\"hu\",\"@id\":\"https:\/\/www.ticket-isladelobos.es\/es\/tours\/ferry-con-fondo-de-cristal\/#primaryimage\",\"url\":\"https:\/\/www.ticket-isladelobos.es\/wp-content\/uploads\/2021\/04\/image001_optimized.png\",\"contentUrl\":\"https:\/\/www.ticket-isladelobos.es\/wp-content\/uploads\/2021\/04\/image001_optimized.png\",\"width\":853,\"height\":567},{\"@type\":\"BreadcrumbList\",\"@id\":\"https:\/\/www.ticket-isladelobos.es\/es\/tours\/ferry-con-fondo-de-cristal\/#breadcrumb\",\"itemListElement\":[{\"@type\":\"ListItem\",\"position\":1,\"name\":\"Portada\",\"item\":\"https:\/\/www.ticket-isladelobos.es\/hu\/\"},{\"@type\":\"ListItem\",\"position\":2,\"name\":\"Tienda\",\"item\":\"https:\/\/www.ticket-isladelobos.es\/es\/tienda\/\"},{\"@type\":\"ListItem\",\"position\":3,\"name\":\"Komp j\u00e1rat Corralejob\u00f3l\"}]},{\"@type\":\"WebSite\",\"@id\":\"https:\/\/www.ticket-isladelobos.es\/es\/#website\",\"url\":\"https:\/\/www.ticket-isladelobos.es\/es\/\",\"name\":\"\u2705Isla de Lobos Fuerteventura Tickets Ferry WaterTaxi Excursiones Reservas\",\"description\":\"\u00bfQuieres hacer un viaje completamente inolvidable? Reserva hoy! Todo sobre la Isla de Lobos en un sitio!\",\"publisher\":{\"@id\":\"https:\/\/www.ticket-isladelobos.es\/es\/#organization\"},\"potentialAction\":[{\"@type\":\"SearchAction\",\"target\":{\"@type\":\"EntryPoint\",\"urlTemplate\":\"https:\/\/www.ticket-isladelobos.es\/es\/?s={search_term_string}\"},\"query-input\":{\"@type\":\"PropertyValueSpecification\",\"valueRequired\":true,\"valueName\":\"search_term_string\"}}],\"inLanguage\":\"hu\"},{\"@type\":\"Organization\",\"@id\":\"https:\/\/www.ticket-isladelobos.es\/es\/#organization\",\"name\":\"Ticket Isla-de-lobos\",\"url\":\"https:\/\/www.ticket-isladelobos.es\/es\/\",\"logo\":{\"@type\":\"ImageObject\",\"inLanguage\":\"hu\",\"@id\":\"https:\/\/www.ticket-isladelobos.es\/es\/#\/schema\/logo\/image\/\",\"url\":\"https:\/\/www.ticket-isladelobos.es\/wp-content\/uploads\/2021\/04\/Photo_1614613341266.jpg\",\"contentUrl\":\"https:\/\/www.ticket-isladelobos.es\/wp-content\/uploads\/2021\/04\/Photo_1614613341266.jpg\",\"width\":720,\"height\":720,\"caption\":\"Ticket Isla-de-lobos\"},\"image\":{\"@id\":\"https:\/\/www.ticket-isladelobos.es\/es\/#\/schema\/logo\/image\/\"},\"sameAs\":[\"https:\/\/www.facebook.com\/ticketisladelobos\"]}]}<\/script>\n<!-- \/ Yoast SEO plugin. -->","yoast_head_json":{"title":"Komp j\u00e1rat Corralejob\u00f3l - \u2705Isla de Lobos Fuerteventura Tickets Ferry WaterTaxi Excursiones Reservas","robots":{"index":"index","follow":"follow","max-snippet":"max-snippet:-1","max-image-preview":"max-image-preview:large","max-video-preview":"max-video-preview:-1"},"canonical":"https:\/\/www.ticket-isladelobos.es\/es\/tours\/ferry-con-fondo-de-cristal\/","og_locale":"hu_HU","og_type":"article","og_title":"Komp j\u00e1rat Corralejob\u00f3l - \u2705Isla de Lobos Fuerteventura Tickets Ferry WaterTaxi Excursiones Reservas","og_description":"L\u00e1togasd meg Lobos sziget\u00e9t komppal Corralejob\u00f3l. \u00c1rak (oda-vissza \u00fat): Feln\u0151tt: 17 \u20ac Gyerek (3-12): 11 \u20ac Bab\u00e1k (0-3): Ingyenes Ker\u00e9kp\u00e1rsz\u00e1ll\u00edt\u00e1s: 5 \u20ac &nbsp; A JEGY 2 KOMPRA \u00c9RV\u00c9NYES Az \u00fcvegfenek\u0171 haj\u00f3 indul\u00e1sai: 9:45, 12:30 &nbsp; A &#8222;Ferry Isla Lobos&#8221; indul\u00e1sai: 11:00, 13:30, 15:30 Van k\u00e9rd\u00e9sed? K\u00fcldj nek\u00fcnk WhatsApp-ot!","og_url":"https:\/\/www.ticket-isladelobos.es\/es\/tours\/ferry-con-fondo-de-cristal\/","og_site_name":"\u2705Isla de Lobos Fuerteventura Tickets Ferry WaterTaxi Excursiones Reservas","article_publisher":"https:\/\/www.facebook.com\/ticketisladelobos","article_modified_time":"2025-06-15T16:05:11+00:00","og_image":[{"width":853,"height":567,"url":"https:\/\/www.ticket-isladelobos.es\/wp-content\/uploads\/2021\/04\/image001_optimized.png","type":"image\/png"}],"twitter_card":"summary_large_image","twitter_misc":{"Becs\u00fclt olvas\u00e1si id\u0151":"2 perc"},"schema":{"@context":"https:\/\/schema.org","@graph":[{"@type":"WebPage","@id":"https:\/\/www.ticket-isladelobos.es\/es\/tours\/ferry-con-fondo-de-cristal\/","url":"https:\/\/www.ticket-isladelobos.es\/es\/tours\/ferry-con-fondo-de-cristal\/","name":"Komp j\u00e1rat Corralejob\u00f3l - \u2705Isla de Lobos Fuerteventura Tickets Ferry WaterTaxi Excursiones Reservas","isPartOf":{"@id":"https:\/\/www.ticket-isladelobos.es\/es\/#website"},"primaryImageOfPage":{"@id":"https:\/\/www.ticket-isladelobos.es\/es\/tours\/ferry-con-fondo-de-cristal\/#primaryimage"},"image":{"@id":"https:\/\/www.ticket-isladelobos.es\/es\/tours\/ferry-con-fondo-de-cristal\/#primaryimage"},"thumbnailUrl":"https:\/\/www.ticket-isladelobos.es\/wp-content\/uploads\/2021\/04\/image001_optimized.png","datePublished":"2023-02-11T17:55:37+00:00","dateModified":"2025-06-15T16:05:11+00:00","breadcrumb":{"@id":"https:\/\/www.ticket-isladelobos.es\/es\/tours\/ferry-con-fondo-de-cristal\/#breadcrumb"},"inLanguage":"hu","potentialAction":[{"@type":"ReadAction","target":["https:\/\/www.ticket-isladelobos.es\/es\/tours\/ferry-con-fondo-de-cristal\/"]}]},{"@type":"ImageObject","inLanguage":"hu","@id":"https:\/\/www.ticket-isladelobos.es\/es\/tours\/ferry-con-fondo-de-cristal\/#primaryimage","url":"https:\/\/www.ticket-isladelobos.es\/wp-content\/uploads\/2021\/04\/image001_optimized.png","contentUrl":"https:\/\/www.ticket-isladelobos.es\/wp-content\/uploads\/2021\/04\/image001_optimized.png","width":853,"height":567},{"@type":"BreadcrumbList","@id":"https:\/\/www.ticket-isladelobos.es\/es\/tours\/ferry-con-fondo-de-cristal\/#breadcrumb","itemListElement":[{"@type":"ListItem","position":1,"name":"Portada","item":"https:\/\/www.ticket-isladelobos.es\/hu\/"},{"@type":"ListItem","position":2,"name":"Tienda","item":"https:\/\/www.ticket-isladelobos.es\/es\/tienda\/"},{"@type":"ListItem","position":3,"name":"Komp j\u00e1rat Corralejob\u00f3l"}]},{"@type":"WebSite","@id":"https:\/\/www.ticket-isladelobos.es\/es\/#website","url":"https:\/\/www.ticket-isladelobos.es\/es\/","name":"\u2705Isla de Lobos Fuerteventura Tickets Ferry WaterTaxi Excursiones Reservas","description":"\u00bfQuieres hacer un viaje completamente inolvidable? Reserva hoy! Todo sobre la Isla de Lobos en un sitio!","publisher":{"@id":"https:\/\/www.ticket-isladelobos.es\/es\/#organization"},"potentialAction":[{"@type":"SearchAction","target":{"@type":"EntryPoint","urlTemplate":"https:\/\/www.ticket-isladelobos.es\/es\/?s={search_term_string}"},"query-input":{"@type":"PropertyValueSpecification","valueRequired":true,"valueName":"search_term_string"}}],"inLanguage":"hu"},{"@type":"Organization","@id":"https:\/\/www.ticket-isladelobos.es\/es\/#organization","name":"Ticket Isla-de-lobos","url":"https:\/\/www.ticket-isladelobos.es\/es\/","logo":{"@type":"ImageObject","inLanguage":"hu","@id":"https:\/\/www.ticket-isladelobos.es\/es\/#\/schema\/logo\/image\/","url":"https:\/\/www.ticket-isladelobos.es\/wp-content\/uploads\/2021\/04\/Photo_1614613341266.jpg","contentUrl":"https:\/\/www.ticket-isladelobos.es\/wp-content\/uploads\/2021\/04\/Photo_1614613341266.jpg","width":720,"height":720,"caption":"Ticket Isla-de-lobos"},"image":{"@id":"https:\/\/www.ticket-isladelobos.es\/es\/#\/schema\/logo\/image\/"},"sameAs":["https:\/\/www.facebook.com\/ticketisladelobos"]}]}},"jetpack_publicize_connections":[],"jetpack_likes_enabled":true,"jetpack_sharing_enabled":true,"_links":{"self":[{"href":"https:\/\/www.ticket-isladelobos.es\/hu\/wp-json\/wp\/v2\/product\/19703","targetHints":{"allow":["GET"]}}],"collection":[{"href":"https:\/\/www.ticket-isladelobos.es\/hu\/wp-json\/wp\/v2\/product"}],"about":[{"href":"https:\/\/www.ticket-isladelobos.es\/hu\/wp-json\/wp\/v2\/types\/product"}],"replies":[{"embeddable":true,"href":"https:\/\/www.ticket-isladelobos.es\/hu\/wp-json\/wp\/v2\/comments?post=19703"}],"wp:featuredmedia":[{"embeddable":true,"href":"https:\/\/www.ticket-isladelobos.es\/hu\/wp-json\/wp\/v2\/media\/19185"}],"wp:attachment":[{"href":"https:\/\/www.ticket-isladelobos.es\/hu\/wp-json\/wp\/v2\/media?parent=19703"}],"wp:term":[{"taxonomy":"product_brand","embeddable":true,"href":"https:\/\/www.ticket-isladelobos.es\/hu\/wp-json\/wp\/v2\/product_brand?post=19703"},{"taxonomy":"product_cat","embeddable":true,"href":"https:\/\/www.ticket-isladelobos.es\/hu\/wp-json\/wp\/v2\/product_cat?post=19703"},{"taxonomy":"product_tag","embeddable":true,"href":"https:\/\/www.ticket-isladelobos.es\/hu\/wp-json\/wp\/v2\/product_tag?post=19703"}],"curies":[{"name":"wp","href":"https:\/\/api.w.org\/{rel}","templated":true}]}}