{"id":2347,"date":"2021-03-13T17:45:33","date_gmt":"2021-03-13T17:45:33","guid":{"rendered":"https:\/\/www.ticket-isladelobos.es\/?post_type=product&#038;p=2347"},"modified":"2025-11-04T17:32:01","modified_gmt":"2025-11-04T17:32:01","slug":"catamaran-privado-lobos","status":"publish","type":"product","link":"https:\/\/www.ticket-isladelobos.es\/hu\/kirandulasok-hajojegyek-corralejo-lobos\/catamaran-privado-lobos\/","title":{"rendered":"Catamar\u00e1n Privado Lobos"},"content":{"rendered":"<p>Todos nuestros catamaranes est\u00e1n totalmente equipados para dar la mayor comodidad y seguridad.<\/p>\n<p>Este tipo de embarcaci\u00f3n gracias a su estabilidad y confort son ideales para pasar una jornada rom\u00e1ntica o grandes celebraciones como despedidas, cumplea\u00f1os.<\/p>\n<p><span dir=\"auto\"><span class=\"VIpgJd-yAWNEb-VIpgJd-fmcmS-sn54Q\" dir=\"auto\">Tras media hora de navegaci\u00f3n aproximadamente, nos detendremos frente al islote, donde podr\u00e1s disfrutar de sus\u00a0<\/span><\/span><strong><span dir=\"auto\"><span class=\"VIpgJd-yAWNEb-VIpgJd-fmcmS-sn54Q\" dir=\"auto\">aguas cristalinas<\/span><\/span><\/strong><span dir=\"auto\"><span class=\"VIpgJd-yAWNEb-VIpgJd-fmcmS-sn54Q\" dir=\"auto\">\u00a0, maravillarte con su belleza y realizar actividades como snorkel o probar nuestras tablas de paddle surf.<\/span><\/span><\/p>\n<p><img loading=\"lazy\" decoding=\"async\" class=\"alignnone size-medium wp-image-3855\" src=\"https:\/\/www.ticket-isladelobos.es\/wp-content\/uploads\/2021\/06\/catamaran_3-e1419069145248-300x169.jpg\" alt=\"\" width=\"300\" height=\"169\" srcset=\"https:\/\/www.ticket-isladelobos.es\/wp-content\/uploads\/2021\/06\/catamaran_3-e1419069145248.jpg 300w, https:\/\/www.ticket-isladelobos.es\/wp-content\/uploads\/2021\/06\/catamaran_3-e1419069145248.jpg 768w, https:\/\/www.ticket-isladelobos.es\/wp-content\/uploads\/2021\/06\/catamaran_3-e1419069145248.jpg 600w, https:\/\/www.ticket-isladelobos.es\/wp-content\/uploads\/2021\/06\/catamaran_3-e1419069145248.jpg 960w\" sizes=\"auto, (max-width: 300px) 100vw, 300px\" \/><\/p>\n<p><span dir=\"auto\"><span class=\"\" dir=\"auto\">Les serviremos una <\/span><\/span><strong><span dir=\"auto\"><span class=\"\" dir=\"auto\">comida reci\u00e9n preparada<\/span><\/span><\/strong><span dir=\"auto\"><span class=\"\" dir=\"auto\">\u00a0a diario con\u00a0<\/span><strong><span class=\"\" dir=\"auto\">productos\u00a0<\/span><\/strong><\/span><strong><span dir=\"auto\"><span class=\"\" dir=\"auto\">locales<\/span><\/span><\/strong><span dir=\"auto\"><span class=\"\" dir=\"auto\">\u00a0y de temporada\u00a0<\/span><span class=\"\" dir=\"auto\">. El men\u00fa incluye papas arrugadas con mojo (un plato tradicional canario), tortilla espa\u00f1ola y, de postre, una ensalada de frutas frescas preparada por nuestra tripulaci\u00f3n.<\/span><\/span><\/p>\n<p><img loading=\"lazy\" decoding=\"async\" class=\"alignnone size-medium wp-image-34022\" src=\"https:\/\/www.ticket-isladelobos.es\/wp-content\/uploads\/2021\/03\/comida-catamaran-corralejo-300x175.jpg\" alt=\"\" width=\"300\" height=\"175\" srcset=\"https:\/\/www.ticket-isladelobos.es\/wp-content\/uploads\/2021\/03\/comida-catamaran-corralejo.jpg 300w, https:\/\/www.ticket-isladelobos.es\/wp-content\/uploads\/2021\/03\/comida-catamaran-corralejo.jpg 600w\" sizes=\"auto, (max-width: 300px) 100vw, 300px\" \/><\/p>\n<p><span dir=\"auto\">\u00a1Las bebidas tambi\u00e9n est\u00e1n incluidas!<\/span><br \/>\n<span dir=\"auto\">Refrescos, agua, cerveza, sangr\u00eda y vino espa\u00f1ol.<\/span><\/p>\n<p>.<\/p>\n<p><img loading=\"lazy\" decoding=\"async\" class=\"alignnone size-medium wp-image-3822\" src=\"https:\/\/www.ticket-isladelobos.es\/wp-content\/uploads\/2021\/06\/comida1-300x185.jpg\" alt=\"\" width=\"300\" height=\"185\" srcset=\"https:\/\/www.ticket-isladelobos.es\/wp-content\/uploads\/2021\/06\/comida1.jpg 300w, https:\/\/www.ticket-isladelobos.es\/wp-content\/uploads\/2021\/06\/comida1.jpg 370w\" sizes=\"auto, (max-width: 300px) 100vw, 300px\" \/><\/p>\n<p>Todo nuestro equipo de snorkel, as\u00ed como las tablas de paddle surf, est\u00e1n incluidos.<\/p>\n<p><img loading=\"lazy\" decoding=\"async\" class=\"alignnone size-medium wp-image-34018\" src=\"https:\/\/www.ticket-isladelobos.es\/wp-content\/uploads\/2021\/03\/lobos-catamaran-con-paddle-surf-300x175.jpg\" alt=\"\" width=\"300\" height=\"175\" srcset=\"https:\/\/www.ticket-isladelobos.es\/wp-content\/uploads\/2021\/03\/lobos-catamaran-con-paddle-surf.jpg 300w, https:\/\/www.ticket-isladelobos.es\/wp-content\/uploads\/2021\/03\/lobos-catamaran-con-paddle-surf.jpg 600w\" sizes=\"auto, (max-width: 300px) 100vw, 300px\" \/><\/p>\n<p>Proporcionamos m\u00e1scaras y trajes de neopreno, junto con 4 tablas de paddle surf, para que todos nuestros hu\u00e9spedes puedan disfrutar plenamente de la excursi\u00f3n bajo la atenta supervisi\u00f3n de nuestro capit\u00e1n y tripulaci\u00f3n.<\/p>\n<p>&nbsp;<\/p>\n<p><img loading=\"lazy\" decoding=\"async\" class=\"alignnone size-medium wp-image-3826\" src=\"https:\/\/www.ticket-isladelobos.es\/wp-content\/uploads\/2021\/06\/LOBOSIN-21-A-300x97.jpg\" alt=\"\" width=\"300\" height=\"97\" srcset=\"https:\/\/www.ticket-isladelobos.es\/wp-content\/uploads\/2021\/06\/LOBOSIN-21-A.jpg 300w, https:\/\/www.ticket-isladelobos.es\/wp-content\/uploads\/2021\/06\/LOBOSIN-21-A.jpg 1024w, https:\/\/www.ticket-isladelobos.es\/wp-content\/uploads\/2021\/06\/LOBOSIN-21-A.jpg 768w, https:\/\/www.ticket-isladelobos.es\/wp-content\/uploads\/2021\/06\/LOBOSIN-21-A.jpg 600w, https:\/\/www.ticket-isladelobos.es\/wp-content\/uploads\/2021\/06\/LOBOSIN-21-A.jpg 1080w\" sizes=\"auto, (max-width: 300px) 100vw, 300px\" \/><\/p>\n<h4>Precio: 520\u20ac 4 horas (m\u00e1ximo 10 personas)<\/h4>\n<p><strong>\u00a0 \u00a0 \u00a0 \u00a0 \u00a0 \u00a0 \u00a0550\u20ac 4 horas (m\u00e1ximo 11 personas)<\/strong><\/p>\n<p><!--more--><\/p>\n<p>&nbsp;<\/p>\n<table class=\"table table-bordered tours-tabs__table\" style=\"height: 267px; width: 80.7181%;\" width=\"862\">\n<tbody>\n<tr style=\"height: 44px;\">\n<td style=\"height: 44px;\"><strong><\/strong><strong>LUGAR DE SALIDA\/REGRESO<\/strong><\/td>\n<td style=\"height: 44px;\">Muelle de Corralejo<\/td>\n<\/tr>\n<tr style=\"height: 22px;\">\n<td style=\"height: 22px;\"><strong><\/strong><strong><span lang=\"es\">HORA DE SALIDA<\/span><\/strong><\/td>\n<td style=\"height: 22px;\">\n<div>10:00 y 14:30<\/div>\n<\/td>\n<\/tr>\n<tr style=\"height: 139px;\">\n<td style=\"height: 139px;\"><strong><\/strong><strong>INCLUYE<\/strong><\/td>\n<td style=\"height: 139px;\">\n<table class=\"table table-bordered\" style=\"height: 99px; width: 84.9802%;\" width=\"300\">\n<tbody>\n<tr style=\"height: 44px;\">\n<td style=\"height: 44px; width: 44.5783%;\"><i class=\"fa fa-check icon-tick icon-tick--on\"><\/i>Navegacion<strong>\u00a0<\/strong><\/td>\n<td style=\"height: 44px; width: 54.0448%;\"><i class=\"fa fa-check icon-tick icon-tick--on\"><\/i>Actividades de agua (kayak, paddle surf y snorkell)<\/td>\n<\/tr>\n<tr style=\"height: 66px;\">\n<td style=\"height: 66px; width: 44.5783%;\"><i class=\"fa fa-check icon-tick icon-tick--on\"><\/i>Almuerzo, frutas\n<p><i class=\"fa fa-check icon-tick icon-tick--on\"><\/i>Seguro de viaje<\/p><\/td>\n<td style=\"height: 66px; width: 54.0448%;\"><i class=\"fa fa-check icon-tick icon-tick--on\"><\/i>Bebidas (agua, refrescos, Sangria Cerveza, t\u00e9 y caf\u00e9)\n<p><i class=\"fa fa-check icon-tick icon-tick--on\"><\/i>Traslados ida y vuelta (zona Corralejo)<\/p><\/td>\n<\/tr>\n<\/tbody>\n<\/table>\n<\/td>\n<\/tr>\n<tr style=\"height: 62px;\">\n<td style=\"height: 62px;\"><\/td>\n<td style=\"height: 62px;\"><\/td>\n<\/tr>\n<\/tbody>\n<\/table>\n<p>&nbsp;<\/p>\n","protected":false},"excerpt":{"rendered":"<p>Todos nuestros catamaranes est\u00e1n totalmente equipados para dar la mayor comodidad y seguridad. Este tipo de embarcaci\u00f3n gracias a su estabilidad y confort son ideales para pasar una jornada rom\u00e1ntica o grandes celebraciones como despedidas, cumplea\u00f1os. Tras media hora de navegaci\u00f3n aproximadamente, nos detendremos frente al islote, donde podr\u00e1s disfrutar de sus\u00a0aguas cristalinas\u00a0, maravillarte con<\/p>\n<div class=\"padding-top text-center\"><a href=\"https:\/\/www.ticket-isladelobos.es\/hu\/kirandulasok-hajojegyek-corralejo-lobos\/catamaran-privado-lobos\/\" class=\"atbtn atbtn--medium atbtn--rounded atbtn--transparent\">Lee Mas<i class=\"atbtn__icon atbtn__icon--right fa fa-long-arrow-right\"><\/i><\/a><\/div>\n","protected":false},"featured_media":3855,"comment_status":"open","ping_status":"closed","template":"","meta":{"jetpack_publicize_message":"","jetpack_publicize_feature_enabled":true,"jetpack_social_post_already_shared":false,"jetpack_social_options":{"image_generator_settings":{"template":"highway","default_image_id":0,"font":"","enabled":false},"version":2}},"product_brand":[],"product_cat":[15],"product_tag":[],"class_list":{"0":"post-2347","1":"product","2":"type-product","3":"status-publish","4":"has-post-thumbnail","6":"product_cat-sin-categorizar","7":"tour_category-isla-de-lobos-catamaran-corralejo","9":"first","10":"instock","11":"sold-individually","12":"shipping-taxable","13":"purchasable","14":"product-type-tour","15":"has-default-attributes"},"yoast_head":"<!-- This site is optimized with the Yoast SEO plugin v23.4 - https:\/\/yoast.com\/wordpress\/plugins\/seo\/ -->\n<title>Catamar\u00e1n Privado Lobos - \u2705Isla de Lobos Fuerteventura Tickets Ferry WaterTaxi Excursiones Reservas<\/title>\n<meta name=\"description\" content=\"Catamar\u00e1n Privado isla de lobos fuerteventura corralejo\" \/>\n<meta name=\"robots\" content=\"index, follow, max-snippet:-1, max-image-preview:large, max-video-preview:-1\" \/>\n<link rel=\"canonical\" href=\"https:\/\/www.ticket-isladelobos.es\/es\/tours\/catamaran-privado-lobos\/\" \/>\n<meta property=\"og:locale\" content=\"hu_HU\" \/>\n<meta property=\"og:type\" content=\"article\" \/>\n<meta property=\"og:title\" content=\"Catamar\u00e1n Privado Lobos - \u2705Isla de Lobos Fuerteventura Tickets Ferry WaterTaxi Excursiones Reservas\" \/>\n<meta property=\"og:description\" content=\"Catamar\u00e1n Privado isla de lobos fuerteventura corralejo\" \/>\n<meta property=\"og:url\" content=\"https:\/\/www.ticket-isladelobos.es\/es\/tours\/catamaran-privado-lobos\/\" \/>\n<meta property=\"og:site_name\" content=\"\u2705Isla de Lobos Fuerteventura Tickets Ferry WaterTaxi Excursiones Reservas\" \/>\n<meta property=\"article:publisher\" content=\"https:\/\/www.facebook.com\/ticketisladelobos\" \/>\n<meta property=\"article:modified_time\" content=\"2025-11-04T17:32:01+00:00\" \/>\n<meta property=\"og:image\" content=\"https:\/\/www.ticket-isladelobos.es\/wp-content\/uploads\/2021\/06\/catamaran_3-e1419069145248.jpg\" \/>\n\t<meta property=\"og:image:width\" content=\"960\" \/>\n\t<meta property=\"og:image:height\" content=\"540\" \/>\n\t<meta property=\"og:image:type\" content=\"image\/jpeg\" \/>\n<meta name=\"twitter:card\" content=\"summary_large_image\" \/>\n<meta name=\"twitter:label1\" content=\"Becs\u00fclt olvas\u00e1si id\u0151\" \/>\n\t<meta name=\"twitter:data1\" content=\"3 perc\" \/>\n<script type=\"application\/ld+json\" class=\"yoast-schema-graph\">{\"@context\":\"https:\/\/schema.org\",\"@graph\":[{\"@type\":\"WebPage\",\"@id\":\"https:\/\/www.ticket-isladelobos.es\/es\/tours\/catamaran-privado-lobos\/\",\"url\":\"https:\/\/www.ticket-isladelobos.es\/es\/tours\/catamaran-privado-lobos\/\",\"name\":\"Catamar\u00e1n Privado Lobos - \u2705Isla de Lobos Fuerteventura Tickets Ferry WaterTaxi Excursiones Reservas\",\"isPartOf\":{\"@id\":\"https:\/\/www.ticket-isladelobos.es\/es\/#website\"},\"primaryImageOfPage\":{\"@id\":\"https:\/\/www.ticket-isladelobos.es\/es\/tours\/catamaran-privado-lobos\/#primaryimage\"},\"image\":{\"@id\":\"https:\/\/www.ticket-isladelobos.es\/es\/tours\/catamaran-privado-lobos\/#primaryimage\"},\"thumbnailUrl\":\"https:\/\/www.ticket-isladelobos.es\/wp-content\/uploads\/2021\/06\/catamaran_3-e1419069145248.jpg\",\"datePublished\":\"2021-03-13T17:45:33+00:00\",\"dateModified\":\"2025-11-04T17:32:01+00:00\",\"description\":\"Catamar\u00e1n Privado isla de lobos fuerteventura corralejo\",\"breadcrumb\":{\"@id\":\"https:\/\/www.ticket-isladelobos.es\/es\/tours\/catamaran-privado-lobos\/#breadcrumb\"},\"inLanguage\":\"hu\",\"potentialAction\":[{\"@type\":\"ReadAction\",\"target\":[\"https:\/\/www.ticket-isladelobos.es\/es\/tours\/catamaran-privado-lobos\/\"]}]},{\"@type\":\"ImageObject\",\"inLanguage\":\"hu\",\"@id\":\"https:\/\/www.ticket-isladelobos.es\/es\/tours\/catamaran-privado-lobos\/#primaryimage\",\"url\":\"https:\/\/www.ticket-isladelobos.es\/wp-content\/uploads\/2021\/06\/catamaran_3-e1419069145248.jpg\",\"contentUrl\":\"https:\/\/www.ticket-isladelobos.es\/wp-content\/uploads\/2021\/06\/catamaran_3-e1419069145248.jpg\",\"width\":960,\"height\":540},{\"@type\":\"BreadcrumbList\",\"@id\":\"https:\/\/www.ticket-isladelobos.es\/es\/tours\/catamaran-privado-lobos\/#breadcrumb\",\"itemListElement\":[{\"@type\":\"ListItem\",\"position\":1,\"name\":\"Portada\",\"item\":\"https:\/\/www.ticket-isladelobos.es\/hu\/\"},{\"@type\":\"ListItem\",\"position\":2,\"name\":\"Tienda\",\"item\":\"https:\/\/www.ticket-isladelobos.es\/es\/tienda\/\"},{\"@type\":\"ListItem\",\"position\":3,\"name\":\"Catamar\u00e1n Privado Lobos\"}]},{\"@type\":\"WebSite\",\"@id\":\"https:\/\/www.ticket-isladelobos.es\/es\/#website\",\"url\":\"https:\/\/www.ticket-isladelobos.es\/es\/\",\"name\":\"\u2705Isla de Lobos Fuerteventura Tickets Ferry WaterTaxi Excursiones Reservas\",\"description\":\"\u00bfQuieres hacer un viaje completamente inolvidable? Reserva hoy! Todo sobre la Isla de Lobos en un sitio!\",\"publisher\":{\"@id\":\"https:\/\/www.ticket-isladelobos.es\/es\/#organization\"},\"potentialAction\":[{\"@type\":\"SearchAction\",\"target\":{\"@type\":\"EntryPoint\",\"urlTemplate\":\"https:\/\/www.ticket-isladelobos.es\/es\/?s={search_term_string}\"},\"query-input\":{\"@type\":\"PropertyValueSpecification\",\"valueRequired\":true,\"valueName\":\"search_term_string\"}}],\"inLanguage\":\"hu\"},{\"@type\":\"Organization\",\"@id\":\"https:\/\/www.ticket-isladelobos.es\/es\/#organization\",\"name\":\"Ticket Isla-de-lobos\",\"url\":\"https:\/\/www.ticket-isladelobos.es\/es\/\",\"logo\":{\"@type\":\"ImageObject\",\"inLanguage\":\"hu\",\"@id\":\"https:\/\/www.ticket-isladelobos.es\/es\/#\/schema\/logo\/image\/\",\"url\":\"https:\/\/www.ticket-isladelobos.es\/wp-content\/uploads\/2021\/04\/Photo_1614613341266.jpg\",\"contentUrl\":\"https:\/\/www.ticket-isladelobos.es\/wp-content\/uploads\/2021\/04\/Photo_1614613341266.jpg\",\"width\":720,\"height\":720,\"caption\":\"Ticket Isla-de-lobos\"},\"image\":{\"@id\":\"https:\/\/www.ticket-isladelobos.es\/es\/#\/schema\/logo\/image\/\"},\"sameAs\":[\"https:\/\/www.facebook.com\/ticketisladelobos\"]}]}<\/script>\n<!-- \/ Yoast SEO plugin. -->","yoast_head_json":{"title":"Catamar\u00e1n Privado Lobos - \u2705Isla de Lobos Fuerteventura Tickets Ferry WaterTaxi Excursiones Reservas","description":"Catamar\u00e1n Privado isla de lobos fuerteventura corralejo","robots":{"index":"index","follow":"follow","max-snippet":"max-snippet:-1","max-image-preview":"max-image-preview:large","max-video-preview":"max-video-preview:-1"},"canonical":"https:\/\/www.ticket-isladelobos.es\/es\/tours\/catamaran-privado-lobos\/","og_locale":"hu_HU","og_type":"article","og_title":"Catamar\u00e1n Privado Lobos - \u2705Isla de Lobos Fuerteventura Tickets Ferry WaterTaxi Excursiones Reservas","og_description":"Catamar\u00e1n Privado isla de lobos fuerteventura corralejo","og_url":"https:\/\/www.ticket-isladelobos.es\/es\/tours\/catamaran-privado-lobos\/","og_site_name":"\u2705Isla de Lobos Fuerteventura Tickets Ferry WaterTaxi Excursiones Reservas","article_publisher":"https:\/\/www.facebook.com\/ticketisladelobos","article_modified_time":"2025-11-04T17:32:01+00:00","og_image":[{"width":960,"height":540,"url":"https:\/\/www.ticket-isladelobos.es\/wp-content\/uploads\/2021\/06\/catamaran_3-e1419069145248.jpg","type":"image\/jpeg"}],"twitter_card":"summary_large_image","twitter_misc":{"Becs\u00fclt olvas\u00e1si id\u0151":"3 perc"},"schema":{"@context":"https:\/\/schema.org","@graph":[{"@type":"WebPage","@id":"https:\/\/www.ticket-isladelobos.es\/es\/tours\/catamaran-privado-lobos\/","url":"https:\/\/www.ticket-isladelobos.es\/es\/tours\/catamaran-privado-lobos\/","name":"Catamar\u00e1n Privado Lobos - \u2705Isla de Lobos Fuerteventura Tickets Ferry WaterTaxi Excursiones Reservas","isPartOf":{"@id":"https:\/\/www.ticket-isladelobos.es\/es\/#website"},"primaryImageOfPage":{"@id":"https:\/\/www.ticket-isladelobos.es\/es\/tours\/catamaran-privado-lobos\/#primaryimage"},"image":{"@id":"https:\/\/www.ticket-isladelobos.es\/es\/tours\/catamaran-privado-lobos\/#primaryimage"},"thumbnailUrl":"https:\/\/www.ticket-isladelobos.es\/wp-content\/uploads\/2021\/06\/catamaran_3-e1419069145248.jpg","datePublished":"2021-03-13T17:45:33+00:00","dateModified":"2025-11-04T17:32:01+00:00","description":"Catamar\u00e1n Privado isla de lobos fuerteventura corralejo","breadcrumb":{"@id":"https:\/\/www.ticket-isladelobos.es\/es\/tours\/catamaran-privado-lobos\/#breadcrumb"},"inLanguage":"hu","potentialAction":[{"@type":"ReadAction","target":["https:\/\/www.ticket-isladelobos.es\/es\/tours\/catamaran-privado-lobos\/"]}]},{"@type":"ImageObject","inLanguage":"hu","@id":"https:\/\/www.ticket-isladelobos.es\/es\/tours\/catamaran-privado-lobos\/#primaryimage","url":"https:\/\/www.ticket-isladelobos.es\/wp-content\/uploads\/2021\/06\/catamaran_3-e1419069145248.jpg","contentUrl":"https:\/\/www.ticket-isladelobos.es\/wp-content\/uploads\/2021\/06\/catamaran_3-e1419069145248.jpg","width":960,"height":540},{"@type":"BreadcrumbList","@id":"https:\/\/www.ticket-isladelobos.es\/es\/tours\/catamaran-privado-lobos\/#breadcrumb","itemListElement":[{"@type":"ListItem","position":1,"name":"Portada","item":"https:\/\/www.ticket-isladelobos.es\/hu\/"},{"@type":"ListItem","position":2,"name":"Tienda","item":"https:\/\/www.ticket-isladelobos.es\/es\/tienda\/"},{"@type":"ListItem","position":3,"name":"Catamar\u00e1n Privado Lobos"}]},{"@type":"WebSite","@id":"https:\/\/www.ticket-isladelobos.es\/es\/#website","url":"https:\/\/www.ticket-isladelobos.es\/es\/","name":"\u2705Isla de Lobos Fuerteventura Tickets Ferry WaterTaxi Excursiones Reservas","description":"\u00bfQuieres hacer un viaje completamente inolvidable? Reserva hoy! Todo sobre la Isla de Lobos en un sitio!","publisher":{"@id":"https:\/\/www.ticket-isladelobos.es\/es\/#organization"},"potentialAction":[{"@type":"SearchAction","target":{"@type":"EntryPoint","urlTemplate":"https:\/\/www.ticket-isladelobos.es\/es\/?s={search_term_string}"},"query-input":{"@type":"PropertyValueSpecification","valueRequired":true,"valueName":"search_term_string"}}],"inLanguage":"hu"},{"@type":"Organization","@id":"https:\/\/www.ticket-isladelobos.es\/es\/#organization","name":"Ticket Isla-de-lobos","url":"https:\/\/www.ticket-isladelobos.es\/es\/","logo":{"@type":"ImageObject","inLanguage":"hu","@id":"https:\/\/www.ticket-isladelobos.es\/es\/#\/schema\/logo\/image\/","url":"https:\/\/www.ticket-isladelobos.es\/wp-content\/uploads\/2021\/04\/Photo_1614613341266.jpg","contentUrl":"https:\/\/www.ticket-isladelobos.es\/wp-content\/uploads\/2021\/04\/Photo_1614613341266.jpg","width":720,"height":720,"caption":"Ticket Isla-de-lobos"},"image":{"@id":"https:\/\/www.ticket-isladelobos.es\/es\/#\/schema\/logo\/image\/"},"sameAs":["https:\/\/www.facebook.com\/ticketisladelobos"]}]}},"jetpack_publicize_connections":[],"jetpack_likes_enabled":true,"jetpack_sharing_enabled":true,"_links":{"self":[{"href":"https:\/\/www.ticket-isladelobos.es\/hu\/wp-json\/wp\/v2\/product\/2347","targetHints":{"allow":["GET"]}}],"collection":[{"href":"https:\/\/www.ticket-isladelobos.es\/hu\/wp-json\/wp\/v2\/product"}],"about":[{"href":"https:\/\/www.ticket-isladelobos.es\/hu\/wp-json\/wp\/v2\/types\/product"}],"replies":[{"embeddable":true,"href":"https:\/\/www.ticket-isladelobos.es\/hu\/wp-json\/wp\/v2\/comments?post=2347"}],"wp:featuredmedia":[{"embeddable":true,"href":"https:\/\/www.ticket-isladelobos.es\/hu\/wp-json\/wp\/v2\/media\/3855"}],"wp:attachment":[{"href":"https:\/\/www.ticket-isladelobos.es\/hu\/wp-json\/wp\/v2\/media?parent=2347"}],"wp:term":[{"taxonomy":"product_brand","embeddable":true,"href":"https:\/\/www.ticket-isladelobos.es\/hu\/wp-json\/wp\/v2\/product_brand?post=2347"},{"taxonomy":"product_cat","embeddable":true,"href":"https:\/\/www.ticket-isladelobos.es\/hu\/wp-json\/wp\/v2\/product_cat?post=2347"},{"taxonomy":"product_tag","embeddable":true,"href":"https:\/\/www.ticket-isladelobos.es\/hu\/wp-json\/wp\/v2\/product_tag?post=2347"}],"curies":[{"name":"wp","href":"https:\/\/api.w.org\/{rel}","templated":true}]}}