{"id":27511,"date":"2024-08-30T09:56:33","date_gmt":"2024-08-30T09:56:33","guid":{"rendered":"https:\/\/www.ticket-isladelobos.es\/?post_type=product&#038;p=27511"},"modified":"2024-08-30T10:02:18","modified_gmt":"2024-08-30T10:02:18","slug":"ferry-bus-zona-norte","status":"publish","type":"product","link":"https:\/\/www.ticket-isladelobos.es\/hu\/kirandulasok-hajojegyek-corralejo-lobos\/ferry-bus-zona-norte\/","title":{"rendered":"FERRY + BUS (ZONA NORTE)"},"content":{"rendered":"<h1 class=\"ff-primary fc-black fw-light fs-medium mtpx-30\">Visita la isla de Lobos con transporte ida y vuelta!<\/h1>\n<p>&nbsp;<\/p>\n<ol>\n<li class=\"ff-primary fc-black fw-light fs-medium mtpx-30\">El bus ya estar\u00eda esperando en Corralejo para llevarlos de vuelta a su hotel.<br \/>\n<strong>Las recogidas en el hotel por la ma\u00f1ana dependen del Hotel.<\/strong>&nbsp;<\/li>\n<\/ol>\n<h4>Tarifas (Billetes ida y vuelta):<\/h4>\n<p>Adulto: 25\u20ac<\/p>\n<p>Ni\u00f1o (3-11): 18\u20ac<\/p>\n<p>Bebes (0-3): Gratis (SI NO OCUPA PLAZA EN BUS)<\/p>\n<p><strong>Ida y vuelta incluido en el precio.<\/strong><\/p>\n<p>Horario barco de vuelta:<br \/>\n<strong>-14:00<\/strong><\/p>\n<table class=\"table table-bordered tours-tabs__table\" width=\"862\">\n<tbody>\n<tr>\n<td>\n<h4><b>\u00bfQUE TENGO QUE LLEVAR?<\/b><\/h4>\n<\/td>\n<td>\n<ul>\n<li>Agua y algo de comida<\/li>\n<li>Protecci\u00f3n solar (crema, sombreros, sombrillas etc.)<\/li>\n<li>Zapatos apropiados y c\u00f3modos (zapatos deportivos)<\/li>\n<li>Toalla, ba\u00f1ador y chanclas<\/li>\n<\/ul>\n<\/td>\n<\/tr>\n<tr>\n<td><\/td>\n<td><\/td>\n<\/tr>\n<\/tbody>\n<\/table>\n<h4><span lang=\"es\" style=\"color: #00ff00;\" tabindex=\"-1\">\u00bfTienes preguntas? \u00a1Env\u00edanos un <strong>WhatsApp!<\/strong><\/span><\/h4>\n<p><!--more--><\/p>\n<p>&nbsp;<\/p>\n<table class=\"table table-bordered tours-tabs__table\" style=\"height: 531px; width: 80.7181%;\" width=\"862\">\n<tbody>\n<tr style=\"height: 22px;\">\n<td style=\"height: 22px;\"><strong>LUGAR DE SALIDA \/ REGRESO<\/strong><\/td>\n<td style=\"height: 22px;\">Corralejo<\/td>\n<\/tr>\n<tr>\n<td>\n<p id=\"tw-target-text\" class=\"tw-data-text tw-text-large XcVN5d tw-ta\" dir=\"ltr\" data-placeholder=\"Ford\u00edt\u00e1s\"><strong><span lang=\"es\">HORA DE SALIDA\u00a0<\/span><\/strong><\/p>\n<\/td>\n<td>\n<div class=\"stripLine\">\n<div class=\"content\"><span style=\"font-family: inherit; font-size: inherit;\">9:45,<\/span><\/div>\n<\/div>\n<\/td>\n<\/tr>\n<tr>\n<td>\n<p id=\"tw-target-text\" class=\"tw-data-text tw-text-large XcVN5d tw-ta\" dir=\"ltr\" data-placeholder=\"Ford\u00edt\u00e1s\"><strong><span lang=\"es\">HORA DE REGRESO\u00a0<\/span><\/strong><\/p>\n<\/td>\n<td>\n<div class=\"stripLine\"><span style=\"font-family: inherit; font-size: inherit;\">1400<\/span><\/div>\n<\/td>\n<\/tr>\n<tr>\n<td colspan=\"2\">\n<div class=\"stripLine\"><\/div>\n<\/td>\n<\/tr>\n<tr style=\"height: 214px;\">\n<td style=\"height: 214px;\"><strong>INCLUYE<\/strong><\/td>\n<td style=\"height: 214px;\">\n<table class=\"table table-bordered\" style=\"height: 62px;\" width=\"300\">\n<tbody>\n<tr>\n<td><i class=\"fa fa-check icon-tick icon-tick--on\"><\/i>Billete de barco ida y vuelta: Corralejo \u2013 Isla de Lobos \u2013 Corralejo<\/td>\n<td><i class=\"fa fa-check icon-tick icon-tick--on\"><\/i>Visita a la isla de Lobos<\/td>\n<\/tr>\n<tr>\n<td><i class=\"fa fa-check icon-tick icon-tick--on\"><\/i> <strong>Transporte Zona Norte \u2013 ISLA DE LOBOS<\/strong><\/td>\n<td><i class=\"fa fa-check icon-tick icon-tick--on\"><\/i>Seguro Obligatorio de Viajeros<\/td>\n<\/tr>\n<\/tbody>\n<\/table>\n<\/td>\n<\/tr>\n<tr style=\"height: 22px;\">\n<td style=\"height: 22px;\"><\/td>\n<td style=\"height: 22px;\"><\/td>\n<\/tr>\n<\/tbody>\n<\/table>\n<p>&nbsp;<\/p>\n","protected":false},"excerpt":{"rendered":"<h1 class=\"ff-primary fc-black fw-light fs-medium mtpx-30\">Visita la isla de Lobos\u00a0 con transporte ida y vuelta!<\/h1>\n<p>&nbsp;<\/p>\n","protected":false},"featured_media":9186,"comment_status":"open","ping_status":"closed","template":"","meta":{"jetpack_publicize_message":"","jetpack_publicize_feature_enabled":true,"jetpack_social_post_already_shared":true,"jetpack_social_options":{"image_generator_settings":{"template":"highway","default_image_id":0,"font":"","enabled":false},"version":2}},"product_brand":[],"product_cat":[15],"product_tag":[],"class_list":{"0":"post-27511","1":"product","2":"type-product","3":"status-publish","4":"has-post-thumbnail","6":"product_cat-sin-categorizar","7":"tour_category-barco-ferry-water-taxi","8":"tour_category-line-regular-isla_de_lobos","10":"first","11":"instock","12":"shipping-taxable","13":"purchasable","14":"product-type-tour"},"yoast_head":"<!-- This site is optimized with the Yoast SEO plugin v23.4 - https:\/\/yoast.com\/wordpress\/plugins\/seo\/ -->\n<title>FERRY + BUS (ZONA NORTE) - \u2705Isla de Lobos Fuerteventura Tickets Ferry WaterTaxi Excursiones Reservas<\/title>\n<meta name=\"description\" content=\"Visita a la isla de Lobos con el \u00fanico Ferry Celia Cruz con Fondo de Cristal al el mejor precio\" \/>\n<meta name=\"robots\" content=\"index, follow, max-snippet:-1, max-image-preview:large, max-video-preview:-1\" \/>\n<link rel=\"canonical\" href=\"https:\/\/www.ticket-isladelobos.es\/es\/tours\/ferry-bus-zona-norte\/\" \/>\n<meta property=\"og:locale\" content=\"hu_HU\" \/>\n<meta property=\"og:type\" content=\"article\" \/>\n<meta property=\"og:title\" content=\"FERRY + BUS (ZONA NORTE) - \u2705Isla de Lobos Fuerteventura Tickets Ferry WaterTaxi Excursiones Reservas\" \/>\n<meta property=\"og:description\" content=\"Visita a la isla de Lobos con el \u00fanico Ferry Celia Cruz con Fondo de Cristal al el mejor precio\" \/>\n<meta property=\"og:url\" content=\"https:\/\/www.ticket-isladelobos.es\/es\/tours\/ferry-bus-zona-norte\/\" \/>\n<meta property=\"og:site_name\" content=\"\u2705Isla de Lobos Fuerteventura Tickets Ferry WaterTaxi Excursiones Reservas\" \/>\n<meta property=\"article:publisher\" content=\"https:\/\/www.facebook.com\/ticketisladelobos\" \/>\n<meta property=\"article:modified_time\" content=\"2024-08-30T10:02:18+00:00\" \/>\n<meta property=\"og:image\" content=\"https:\/\/www.ticket-isladelobos.es\/wp-content\/uploads\/2022\/05\/ezgif.com-gif-maker.webp\" \/>\n\t<meta property=\"og:image:width\" content=\"1920\" \/>\n\t<meta property=\"og:image:height\" content=\"645\" \/>\n\t<meta property=\"og:image:type\" content=\"image\/webp\" \/>\n<meta name=\"twitter:card\" content=\"summary_large_image\" \/>\n<meta name=\"twitter:label1\" content=\"Becs\u00fclt olvas\u00e1si id\u0151\" \/>\n\t<meta name=\"twitter:data1\" content=\"1 perc\" \/>\n<script type=\"application\/ld+json\" class=\"yoast-schema-graph\">{\"@context\":\"https:\/\/schema.org\",\"@graph\":[{\"@type\":\"WebPage\",\"@id\":\"https:\/\/www.ticket-isladelobos.es\/es\/tours\/ferry-bus-zona-norte\/\",\"url\":\"https:\/\/www.ticket-isladelobos.es\/es\/tours\/ferry-bus-zona-norte\/\",\"name\":\"FERRY + BUS (ZONA NORTE) - \u2705Isla de Lobos Fuerteventura Tickets Ferry WaterTaxi Excursiones Reservas\",\"isPartOf\":{\"@id\":\"https:\/\/www.ticket-isladelobos.es\/es\/#website\"},\"primaryImageOfPage\":{\"@id\":\"https:\/\/www.ticket-isladelobos.es\/es\/tours\/ferry-bus-zona-norte\/#primaryimage\"},\"image\":{\"@id\":\"https:\/\/www.ticket-isladelobos.es\/es\/tours\/ferry-bus-zona-norte\/#primaryimage\"},\"thumbnailUrl\":\"https:\/\/www.ticket-isladelobos.es\/wp-content\/uploads\/2022\/05\/ezgif.com-gif-maker.webp\",\"datePublished\":\"2024-08-30T09:56:33+00:00\",\"dateModified\":\"2024-08-30T10:02:18+00:00\",\"description\":\"Visita a la isla de Lobos con el \u00fanico Ferry Celia Cruz con Fondo de Cristal al el mejor precio\",\"breadcrumb\":{\"@id\":\"https:\/\/www.ticket-isladelobos.es\/es\/tours\/ferry-bus-zona-norte\/#breadcrumb\"},\"inLanguage\":\"hu\",\"potentialAction\":[{\"@type\":\"ReadAction\",\"target\":[\"https:\/\/www.ticket-isladelobos.es\/es\/tours\/ferry-bus-zona-norte\/\"]}]},{\"@type\":\"ImageObject\",\"inLanguage\":\"hu\",\"@id\":\"https:\/\/www.ticket-isladelobos.es\/es\/tours\/ferry-bus-zona-norte\/#primaryimage\",\"url\":\"https:\/\/www.ticket-isladelobos.es\/wp-content\/uploads\/2022\/05\/ezgif.com-gif-maker.webp\",\"contentUrl\":\"https:\/\/www.ticket-isladelobos.es\/wp-content\/uploads\/2022\/05\/ezgif.com-gif-maker.webp\",\"width\":1920,\"height\":645,\"caption\":\"ferry isla de lobos caleta de fuste\"},{\"@type\":\"BreadcrumbList\",\"@id\":\"https:\/\/www.ticket-isladelobos.es\/es\/tours\/ferry-bus-zona-norte\/#breadcrumb\",\"itemListElement\":[{\"@type\":\"ListItem\",\"position\":1,\"name\":\"Portada\",\"item\":\"https:\/\/www.ticket-isladelobos.es\/hu\/\"},{\"@type\":\"ListItem\",\"position\":2,\"name\":\"Tienda\",\"item\":\"https:\/\/www.ticket-isladelobos.es\/es\/tienda\/\"},{\"@type\":\"ListItem\",\"position\":3,\"name\":\"FERRY + BUS (ZONA NORTE)\"}]},{\"@type\":\"WebSite\",\"@id\":\"https:\/\/www.ticket-isladelobos.es\/es\/#website\",\"url\":\"https:\/\/www.ticket-isladelobos.es\/es\/\",\"name\":\"\u2705Isla de Lobos Fuerteventura Tickets Ferry WaterTaxi Excursiones Reservas\",\"description\":\"\u00bfQuieres hacer un viaje completamente inolvidable? Reserva hoy! Todo sobre la Isla de Lobos en un sitio!\",\"publisher\":{\"@id\":\"https:\/\/www.ticket-isladelobos.es\/es\/#organization\"},\"potentialAction\":[{\"@type\":\"SearchAction\",\"target\":{\"@type\":\"EntryPoint\",\"urlTemplate\":\"https:\/\/www.ticket-isladelobos.es\/es\/?s={search_term_string}\"},\"query-input\":{\"@type\":\"PropertyValueSpecification\",\"valueRequired\":true,\"valueName\":\"search_term_string\"}}],\"inLanguage\":\"hu\"},{\"@type\":\"Organization\",\"@id\":\"https:\/\/www.ticket-isladelobos.es\/es\/#organization\",\"name\":\"Ticket Isla-de-lobos\",\"url\":\"https:\/\/www.ticket-isladelobos.es\/es\/\",\"logo\":{\"@type\":\"ImageObject\",\"inLanguage\":\"hu\",\"@id\":\"https:\/\/www.ticket-isladelobos.es\/es\/#\/schema\/logo\/image\/\",\"url\":\"https:\/\/www.ticket-isladelobos.es\/wp-content\/uploads\/2021\/04\/Photo_1614613341266.jpg\",\"contentUrl\":\"https:\/\/www.ticket-isladelobos.es\/wp-content\/uploads\/2021\/04\/Photo_1614613341266.jpg\",\"width\":720,\"height\":720,\"caption\":\"Ticket Isla-de-lobos\"},\"image\":{\"@id\":\"https:\/\/www.ticket-isladelobos.es\/es\/#\/schema\/logo\/image\/\"},\"sameAs\":[\"https:\/\/www.facebook.com\/ticketisladelobos\"]}]}<\/script>\n<!-- \/ Yoast SEO plugin. -->","yoast_head_json":{"title":"FERRY + BUS (ZONA NORTE) - \u2705Isla de Lobos Fuerteventura Tickets Ferry WaterTaxi Excursiones Reservas","description":"Visita a la isla de Lobos con el \u00fanico Ferry Celia Cruz con Fondo de Cristal al el mejor precio","robots":{"index":"index","follow":"follow","max-snippet":"max-snippet:-1","max-image-preview":"max-image-preview:large","max-video-preview":"max-video-preview:-1"},"canonical":"https:\/\/www.ticket-isladelobos.es\/es\/tours\/ferry-bus-zona-norte\/","og_locale":"hu_HU","og_type":"article","og_title":"FERRY + BUS (ZONA NORTE) - \u2705Isla de Lobos Fuerteventura Tickets Ferry WaterTaxi Excursiones Reservas","og_description":"Visita a la isla de Lobos con el \u00fanico Ferry Celia Cruz con Fondo de Cristal al el mejor precio","og_url":"https:\/\/www.ticket-isladelobos.es\/es\/tours\/ferry-bus-zona-norte\/","og_site_name":"\u2705Isla de Lobos Fuerteventura Tickets Ferry WaterTaxi Excursiones Reservas","article_publisher":"https:\/\/www.facebook.com\/ticketisladelobos","article_modified_time":"2024-08-30T10:02:18+00:00","og_image":[{"width":1920,"height":645,"url":"https:\/\/www.ticket-isladelobos.es\/wp-content\/uploads\/2022\/05\/ezgif.com-gif-maker.webp","type":"image\/webp"}],"twitter_card":"summary_large_image","twitter_misc":{"Becs\u00fclt olvas\u00e1si id\u0151":"1 perc"},"schema":{"@context":"https:\/\/schema.org","@graph":[{"@type":"WebPage","@id":"https:\/\/www.ticket-isladelobos.es\/es\/tours\/ferry-bus-zona-norte\/","url":"https:\/\/www.ticket-isladelobos.es\/es\/tours\/ferry-bus-zona-norte\/","name":"FERRY + BUS (ZONA NORTE) - \u2705Isla de Lobos Fuerteventura Tickets Ferry WaterTaxi Excursiones Reservas","isPartOf":{"@id":"https:\/\/www.ticket-isladelobos.es\/es\/#website"},"primaryImageOfPage":{"@id":"https:\/\/www.ticket-isladelobos.es\/es\/tours\/ferry-bus-zona-norte\/#primaryimage"},"image":{"@id":"https:\/\/www.ticket-isladelobos.es\/es\/tours\/ferry-bus-zona-norte\/#primaryimage"},"thumbnailUrl":"https:\/\/www.ticket-isladelobos.es\/wp-content\/uploads\/2022\/05\/ezgif.com-gif-maker.webp","datePublished":"2024-08-30T09:56:33+00:00","dateModified":"2024-08-30T10:02:18+00:00","description":"Visita a la isla de Lobos con el \u00fanico Ferry Celia Cruz con Fondo de Cristal al el mejor precio","breadcrumb":{"@id":"https:\/\/www.ticket-isladelobos.es\/es\/tours\/ferry-bus-zona-norte\/#breadcrumb"},"inLanguage":"hu","potentialAction":[{"@type":"ReadAction","target":["https:\/\/www.ticket-isladelobos.es\/es\/tours\/ferry-bus-zona-norte\/"]}]},{"@type":"ImageObject","inLanguage":"hu","@id":"https:\/\/www.ticket-isladelobos.es\/es\/tours\/ferry-bus-zona-norte\/#primaryimage","url":"https:\/\/www.ticket-isladelobos.es\/wp-content\/uploads\/2022\/05\/ezgif.com-gif-maker.webp","contentUrl":"https:\/\/www.ticket-isladelobos.es\/wp-content\/uploads\/2022\/05\/ezgif.com-gif-maker.webp","width":1920,"height":645,"caption":"ferry isla de lobos caleta de fuste"},{"@type":"BreadcrumbList","@id":"https:\/\/www.ticket-isladelobos.es\/es\/tours\/ferry-bus-zona-norte\/#breadcrumb","itemListElement":[{"@type":"ListItem","position":1,"name":"Portada","item":"https:\/\/www.ticket-isladelobos.es\/hu\/"},{"@type":"ListItem","position":2,"name":"Tienda","item":"https:\/\/www.ticket-isladelobos.es\/es\/tienda\/"},{"@type":"ListItem","position":3,"name":"FERRY + BUS (ZONA NORTE)"}]},{"@type":"WebSite","@id":"https:\/\/www.ticket-isladelobos.es\/es\/#website","url":"https:\/\/www.ticket-isladelobos.es\/es\/","name":"\u2705Isla de Lobos Fuerteventura Tickets Ferry WaterTaxi Excursiones Reservas","description":"\u00bfQuieres hacer un viaje completamente inolvidable? Reserva hoy! Todo sobre la Isla de Lobos en un sitio!","publisher":{"@id":"https:\/\/www.ticket-isladelobos.es\/es\/#organization"},"potentialAction":[{"@type":"SearchAction","target":{"@type":"EntryPoint","urlTemplate":"https:\/\/www.ticket-isladelobos.es\/es\/?s={search_term_string}"},"query-input":{"@type":"PropertyValueSpecification","valueRequired":true,"valueName":"search_term_string"}}],"inLanguage":"hu"},{"@type":"Organization","@id":"https:\/\/www.ticket-isladelobos.es\/es\/#organization","name":"Ticket Isla-de-lobos","url":"https:\/\/www.ticket-isladelobos.es\/es\/","logo":{"@type":"ImageObject","inLanguage":"hu","@id":"https:\/\/www.ticket-isladelobos.es\/es\/#\/schema\/logo\/image\/","url":"https:\/\/www.ticket-isladelobos.es\/wp-content\/uploads\/2021\/04\/Photo_1614613341266.jpg","contentUrl":"https:\/\/www.ticket-isladelobos.es\/wp-content\/uploads\/2021\/04\/Photo_1614613341266.jpg","width":720,"height":720,"caption":"Ticket Isla-de-lobos"},"image":{"@id":"https:\/\/www.ticket-isladelobos.es\/es\/#\/schema\/logo\/image\/"},"sameAs":["https:\/\/www.facebook.com\/ticketisladelobos"]}]}},"jetpack_publicize_connections":[],"jetpack_likes_enabled":true,"jetpack_sharing_enabled":true,"_links":{"self":[{"href":"https:\/\/www.ticket-isladelobos.es\/hu\/wp-json\/wp\/v2\/product\/27511","targetHints":{"allow":["GET"]}}],"collection":[{"href":"https:\/\/www.ticket-isladelobos.es\/hu\/wp-json\/wp\/v2\/product"}],"about":[{"href":"https:\/\/www.ticket-isladelobos.es\/hu\/wp-json\/wp\/v2\/types\/product"}],"replies":[{"embeddable":true,"href":"https:\/\/www.ticket-isladelobos.es\/hu\/wp-json\/wp\/v2\/comments?post=27511"}],"wp:featuredmedia":[{"embeddable":true,"href":"https:\/\/www.ticket-isladelobos.es\/hu\/wp-json\/wp\/v2\/media\/9186"}],"wp:attachment":[{"href":"https:\/\/www.ticket-isladelobos.es\/hu\/wp-json\/wp\/v2\/media?parent=27511"}],"wp:term":[{"taxonomy":"product_brand","embeddable":true,"href":"https:\/\/www.ticket-isladelobos.es\/hu\/wp-json\/wp\/v2\/product_brand?post=27511"},{"taxonomy":"product_cat","embeddable":true,"href":"https:\/\/www.ticket-isladelobos.es\/hu\/wp-json\/wp\/v2\/product_cat?post=27511"},{"taxonomy":"product_tag","embeddable":true,"href":"https:\/\/www.ticket-isladelobos.es\/hu\/wp-json\/wp\/v2\/product_tag?post=27511"}],"curies":[{"name":"wp","href":"https:\/\/api.w.org\/{rel}","templated":true}]}}