{"id":33013,"date":"2025-06-15T16:24:27","date_gmt":"2025-06-15T16:24:27","guid":{"rendered":"https:\/\/www.ticket-isladelobos.es\/?post_type=product&#038;p=33013"},"modified":"2025-06-15T16:24:27","modified_gmt":"2025-06-15T16:24:27","slug":"lobos-sziget-lanzarote-rol-delfinekkel","status":"publish","type":"product","link":"https:\/\/www.ticket-isladelobos.es\/hu\/kirandulasok-hajojegyek-corralejo-lobos\/lobos-sziget-lanzarote-rol-delfinekkel\/","title":{"rendered":"Lobos-sziget Lanzarote-r\u00f3l delfinekkel"},"content":{"rendered":"<h1 class=\"item-name\">Lobos-sziget Lanzarote-r\u00f3l &#8211; A Delfin \u00fatvonal<\/h1>\n<p>&nbsp;<\/p>\n<p>Csatlakozz hozz\u00e1nk, \u00e9s fedezd fel a hihetetlen Lobosz szigetet ezen az izgalmas kir\u00e1ndul\u00e1son egy modern, gyors haj\u00f3n.<\/p>\n<p>Indul\u00e1s a Puerto del Carmen kik\u00f6t\u0151j\u00e9b\u0151l, ahonnan 1,5 \u00f3r\u00e1s haj\u00f3\u00fat k\u00f6vetkezik Lobos sziget\u00e9re a Delfin \u00fatvonalon, ahol rendszeresen megfigyelhet\u0151k k\u00fcl\u00f6nb\u00f6z\u0151 cetfajok*, mik\u00f6zben \u00e9lvezheted Lanzarote \u00e9s Fuerteventura partjainak csod\u00e1latos kil\u00e1t\u00e1s\u00e1t.<\/p>\n<p>A Loboson val\u00f3 kik\u00f6t\u00e9s ut\u00e1n 2,5 \u00f3ra szabadid\u0151 \u00e1ll rendelkez\u00e9s\u00e9re, ahol k\u00fcl\u00f6nf\u00e9le tev\u00e9kenys\u00e9gekben vehetsz r\u00e9szt a term\u00e9szetv\u00e9delmi parkban, p\u00e9ld\u00e1ul ell\u00e1togathatsz a kis hal\u00e1szfaluba, \u00e9s \u00faszhatsz vagy sznorkelezhetsz** ; megl\u00e1togathatod az infok\u00f6zpontot, \u00e9s megismerkedhetsz a n\u00f6v\u00e9ny- \u00e9s \u00e1llatvil\u00e1ggal \u00e9s a t\u00f6rt\u00e9nelemmel; t\u00far\u00e1zhatsz a vulk\u00e1nhoz vagy a Marti\u00f1o vil\u00e1g\u00edt\u00f3toronyhoz; vagy egyszer\u0171en pihenhetsz a La Concha strandon.<br \/>\nA vissza\u00fat szint\u00e9n a Puerto del Carmen kik\u00f6t\u0151j\u00e9be t\u00f6rt\u00e9nik.<\/p>\n<p><strong>\u00c1rlista:<\/strong><\/p>\n<p>Feln\u00f6tt: 72\u20ac<\/p>\n<p>Gyerek (3-12): 47\u20ac<\/p>\n<p><strong>\u00a0Kisgyermekek(0-3 a\u00f1os): Ingyenes<\/strong><\/p>\n<p><strong><span style=\"color: #0000ff;\">Szabadhelyek leigazol\u00e1sa WhatsAppon:<\/span> <\/strong><div  data-pre_filled=\"\" data-style=\"2\" style=\"display: inline; cursor: pointer; z-index: 99999999; \" class=\"ht-ctc-sc ht-ctc-sc-chat sc-style-2 ht-ctc-inline\">\r\n<img decoding=\"async\" class=\"img-icon ctc-analytics ctc_cta\" title=\"Envianos un WhatsApp\" style=\"height: 50px;\" src=\"https:\/\/www.ticket-isladelobos.es\/wp-content\/plugins\/click-to-chat-for-whatsapp\/.\/new\/inc\/assets\/img\/whatsapp-icon-square.svg\" alt=\"Envianos un WhatsApp\"\/>\r\n<\/div><p>&nbsp;<\/p>\n<p>*Mivel vadon \u00e9l\u0151 \u00e1llatokr\u00f3l van sz\u00f3, a megfigyel\u00e9sek val\u00f3sz\u00edn\u0171s\u00e9ge nem garant\u00e1lhat\u00f3 100%-ban.<br \/>\n**A c\u00e9g nem tud b\u00fav\u00e1r-\/snorkeling felszerel\u00e9st biztos\u00edtani.<\/p>\n<table class=\"table table-bordered tours-tabs__table\">\n<tbody>\n<tr style=\"height: 44px;\">\n<td style=\"height: 44px;\">INDUL\u00c1SI\/VISSZAT\u00c9R\u00c9SI HELY<\/td>\n<td style=\"height: 44px;\">Puerto del Carmen<\/td>\n<\/tr>\n<tr style=\"height: 22px;\">\n<td style=\"height: 22px;\">INDUL\u00c1SI ID\u0150<\/td>\n<td style=\"height: 22px;\">\n<div>10:00<\/div>\n<\/td>\n<\/tr>\n<tr style=\"height: 139px;\">\n<td style=\"height: 139px;\">TARTALMAZZA<\/td>\n<td style=\"height: 139px;\">\n<table class=\"table table-bordered\" style=\"height: 99px; width: 84.9802%;\" width=\"300\">\n<tbody>\n<tr style=\"height: 44px;\">\n<td style=\"height: 44px; width: 44.5783%;\"><i class=\"fa fa-check icon-tick icon-tick--on\"><\/i>Oda-vissza sz\u00e1llodai transzfer<\/td>\n<td style=\"height: 44px; width: 54.0448%;\"><i class=\"fa fa-check icon-tick icon-tick--on\"><\/i>\u00c1tkel\u00e9s Lobosba<\/td>\n<\/tr>\n<tr style=\"height: 66px;\">\n<td style=\"height: 66px; width: 44.5783%;\"><i class=\"fa fa-check icon-tick icon-tick--on\"><\/i>B\u00e1lnales\n<p><i class=\"fa fa-check icon-tick icon-tick--on\"><\/i>Piknik eb\u00e9d \u00e9s italok<\/p><\/td>\n<td style=\"height: 66px; width: 54.0448%;\"><i class=\"fa fa-check icon-tick icon-tick--on\"><\/i>Szabadid\u0151 Loboson\n<p><i class=\"fa fa-check icon-tick icon-tick--on\"><\/i>A fed\u00e9lzeten utaz\u00f3 idegenvezet\u0151 komment\u00e1rja<\/p><\/td>\n<\/tr>\n<\/tbody>\n<\/table>\n<\/td>\n<\/tr>\n<tr style=\"height: 62px;\">\n<td style=\"height: 62px;\"><\/td>\n<td style=\"height: 62px;\"><\/td>\n<\/tr>\n<\/tbody>\n<\/table>\n<p>Fontos: Ne felejtsd el kiv\u00e1lasztani az Busz felv\u00e9tel idej\u00e9t-hely\u00e9t. Lanzarote f\u0151bb turisztikai ter\u00fcletein a sz\u00e1llod\u00e1kban a felv\u00e9teli id\u0151 8:30 el\u0151tt kezd\u0151dik. A kijel\u00f6lt felv\u00e9teli id\u0151t \u00e9s helysz\u00ednt a foglal\u00e1skor er\u0151s\u00edtj\u00fck meg. K\u00e9rj\u00fck, l\u00e9gy pontos.<\/p>\n","protected":false},"excerpt":{"rendered":"<p>Lobos-sziget Lanzarote-r\u00f3l &#8211; A Delfin \u00fatvonal &nbsp; Csatlakozz hozz\u00e1nk, \u00e9s fedezd fel a hihetetlen Lobosz szigetet ezen az izgalmas kir\u00e1ndul\u00e1son egy modern, gyors haj\u00f3n. Indul\u00e1s a Puerto del Carmen kik\u00f6t\u0151j\u00e9b\u0151l, ahonnan 1,5 \u00f3r\u00e1s haj\u00f3\u00fat k\u00f6vetkezik Lobos sziget\u00e9re a Delfin \u00fatvonalon, ahol rendszeresen megfigyelhet\u0151k k\u00fcl\u00f6nb\u00f6z\u0151 cetfajok*, mik\u00f6zben \u00e9lvezheted Lanzarote \u00e9s Fuerteventura partjainak csod\u00e1latos kil\u00e1t\u00e1s\u00e1t. A Loboson<\/p>\n<div class=\"padding-top text-center\"><a href=\"https:\/\/www.ticket-isladelobos.es\/hu\/kirandulasok-hajojegyek-corralejo-lobos\/lobos-sziget-lanzarote-rol-delfinekkel\/\" class=\"atbtn atbtn--medium atbtn--rounded atbtn--transparent\">Lee Mas<i class=\"atbtn__icon atbtn__icon--right fa fa-long-arrow-right\"><\/i><\/a><\/div>\n","protected":false},"featured_media":19095,"comment_status":"open","ping_status":"closed","template":"","meta":{"jetpack_publicize_message":"","jetpack_publicize_feature_enabled":true,"jetpack_social_post_already_shared":true,"jetpack_social_options":{"image_generator_settings":{"template":"highway","default_image_id":0,"font":"","enabled":false},"version":2}},"product_brand":[],"product_cat":[],"product_tag":[],"class_list":{"0":"post-33013","1":"product","2":"type-product","3":"status-publish","4":"has-post-thumbnail","6":"tour_category-lobos-sziget-lanzaroterol","8":"first","9":"instock","10":"shipping-taxable","11":"purchasable","12":"product-type-tour"},"yoast_head":"<!-- This site is optimized with the Yoast SEO plugin v23.4 - https:\/\/yoast.com\/wordpress\/plugins\/seo\/ -->\n<title>Lobos-sziget Lanzarote-r\u00f3l - A Delfin \u00fatvonal<\/title>\n<meta name=\"description\" content=\"Lobos-sziget Lanzarote-r\u00f3l Csatlakozz hozz\u00e1nk, \u00e9s fedezd fel a hihetetlen Lobosz szigetet ezen az izgalmas kir\u00e1ndul\u00e1son egy modern, gyors haj\u00f3n.\" \/>\n<meta name=\"robots\" content=\"index, follow, max-snippet:-1, max-image-preview:large, max-video-preview:-1\" \/>\n<link rel=\"canonical\" href=\"https:\/\/www.ticket-isladelobos.es\/es\/tours\/lobos-con-delfines\/\" \/>\n<meta property=\"og:locale\" content=\"hu_HU\" \/>\n<meta property=\"og:type\" content=\"article\" \/>\n<meta property=\"og:title\" content=\"Lobos-sziget Lanzarote-r\u00f3l - A Delfin \u00fatvonal\" \/>\n<meta property=\"og:description\" content=\"Lobos-sziget Lanzarote-r\u00f3l Csatlakozz hozz\u00e1nk, \u00e9s fedezd fel a hihetetlen Lobosz szigetet ezen az izgalmas kir\u00e1ndul\u00e1son egy modern, gyors haj\u00f3n.\" \/>\n<meta property=\"og:url\" content=\"https:\/\/www.ticket-isladelobos.es\/es\/tours\/lobos-con-delfines\/\" \/>\n<meta property=\"og:site_name\" content=\"\u2705Isla de Lobos Fuerteventura Tickets Ferry WaterTaxi Excursiones Reservas\" \/>\n<meta property=\"article:publisher\" content=\"https:\/\/www.facebook.com\/ticketisladelobos\" \/>\n<meta property=\"og:image\" content=\"https:\/\/www.ticket-isladelobos.es\/wp-content\/uploads\/2021\/04\/lobos-lanzarote.jpg\" \/>\n\t<meta property=\"og:image:width\" content=\"550\" \/>\n\t<meta property=\"og:image:height\" content=\"366\" \/>\n\t<meta property=\"og:image:type\" content=\"image\/jpeg\" \/>\n<meta name=\"twitter:card\" content=\"summary_large_image\" \/>\n<meta name=\"twitter:label1\" content=\"Becs\u00fclt olvas\u00e1si id\u0151\" \/>\n\t<meta name=\"twitter:data1\" content=\"2 perc\" \/>\n<script type=\"application\/ld+json\" class=\"yoast-schema-graph\">{\"@context\":\"https:\/\/schema.org\",\"@graph\":[{\"@type\":\"WebPage\",\"@id\":\"https:\/\/www.ticket-isladelobos.es\/es\/tours\/lobos-con-delfines\/\",\"url\":\"https:\/\/www.ticket-isladelobos.es\/es\/tours\/lobos-con-delfines\/\",\"name\":\"Lobos-sziget Lanzarote-r\u00f3l - A Delfin \u00fatvonal\",\"isPartOf\":{\"@id\":\"https:\/\/www.ticket-isladelobos.es\/es\/#website\"},\"primaryImageOfPage\":{\"@id\":\"https:\/\/www.ticket-isladelobos.es\/es\/tours\/lobos-con-delfines\/#primaryimage\"},\"image\":{\"@id\":\"https:\/\/www.ticket-isladelobos.es\/es\/tours\/lobos-con-delfines\/#primaryimage\"},\"thumbnailUrl\":\"https:\/\/www.ticket-isladelobos.es\/wp-content\/uploads\/2021\/04\/lobos-lanzarote.jpg\",\"datePublished\":\"2025-06-15T16:24:27+00:00\",\"dateModified\":\"2025-06-15T16:24:27+00:00\",\"description\":\"Lobos-sziget Lanzarote-r\u00f3l Csatlakozz hozz\u00e1nk, \u00e9s fedezd fel a hihetetlen Lobosz szigetet ezen az izgalmas kir\u00e1ndul\u00e1son egy modern, gyors haj\u00f3n.\",\"breadcrumb\":{\"@id\":\"https:\/\/www.ticket-isladelobos.es\/es\/tours\/lobos-con-delfines\/#breadcrumb\"},\"inLanguage\":\"hu\",\"potentialAction\":[{\"@type\":\"ReadAction\",\"target\":[\"https:\/\/www.ticket-isladelobos.es\/es\/tours\/lobos-con-delfines\/\"]}]},{\"@type\":\"ImageObject\",\"inLanguage\":\"hu\",\"@id\":\"https:\/\/www.ticket-isladelobos.es\/es\/tours\/lobos-con-delfines\/#primaryimage\",\"url\":\"https:\/\/www.ticket-isladelobos.es\/wp-content\/uploads\/2021\/04\/lobos-lanzarote.jpg\",\"contentUrl\":\"https:\/\/www.ticket-isladelobos.es\/wp-content\/uploads\/2021\/04\/lobos-lanzarote.jpg\",\"width\":550,\"height\":366},{\"@type\":\"BreadcrumbList\",\"@id\":\"https:\/\/www.ticket-isladelobos.es\/es\/tours\/lobos-con-delfines\/#breadcrumb\",\"itemListElement\":[{\"@type\":\"ListItem\",\"position\":1,\"name\":\"Portada\",\"item\":\"https:\/\/www.ticket-isladelobos.es\/hu\/\"},{\"@type\":\"ListItem\",\"position\":2,\"name\":\"Tienda\",\"item\":\"https:\/\/www.ticket-isladelobos.es\/es\/tienda\/\"},{\"@type\":\"ListItem\",\"position\":3,\"name\":\"Lobos-sziget Lanzarote-r\u00f3l delfinekkel\"}]},{\"@type\":\"WebSite\",\"@id\":\"https:\/\/www.ticket-isladelobos.es\/es\/#website\",\"url\":\"https:\/\/www.ticket-isladelobos.es\/es\/\",\"name\":\"\u2705Isla de Lobos Fuerteventura Tickets Ferry WaterTaxi Excursiones Reservas\",\"description\":\"\u00bfQuieres hacer un viaje completamente inolvidable? Reserva hoy! Todo sobre la Isla de Lobos en un sitio!\",\"publisher\":{\"@id\":\"https:\/\/www.ticket-isladelobos.es\/es\/#organization\"},\"potentialAction\":[{\"@type\":\"SearchAction\",\"target\":{\"@type\":\"EntryPoint\",\"urlTemplate\":\"https:\/\/www.ticket-isladelobos.es\/es\/?s={search_term_string}\"},\"query-input\":{\"@type\":\"PropertyValueSpecification\",\"valueRequired\":true,\"valueName\":\"search_term_string\"}}],\"inLanguage\":\"hu\"},{\"@type\":\"Organization\",\"@id\":\"https:\/\/www.ticket-isladelobos.es\/es\/#organization\",\"name\":\"Ticket Isla-de-lobos\",\"url\":\"https:\/\/www.ticket-isladelobos.es\/es\/\",\"logo\":{\"@type\":\"ImageObject\",\"inLanguage\":\"hu\",\"@id\":\"https:\/\/www.ticket-isladelobos.es\/es\/#\/schema\/logo\/image\/\",\"url\":\"https:\/\/www.ticket-isladelobos.es\/wp-content\/uploads\/2021\/04\/Photo_1614613341266.jpg\",\"contentUrl\":\"https:\/\/www.ticket-isladelobos.es\/wp-content\/uploads\/2021\/04\/Photo_1614613341266.jpg\",\"width\":720,\"height\":720,\"caption\":\"Ticket Isla-de-lobos\"},\"image\":{\"@id\":\"https:\/\/www.ticket-isladelobos.es\/es\/#\/schema\/logo\/image\/\"},\"sameAs\":[\"https:\/\/www.facebook.com\/ticketisladelobos\"]}]}<\/script>\n<!-- \/ Yoast SEO plugin. -->","yoast_head_json":{"title":"Lobos-sziget Lanzarote-r\u00f3l - A Delfin \u00fatvonal","description":"Lobos-sziget Lanzarote-r\u00f3l Csatlakozz hozz\u00e1nk, \u00e9s fedezd fel a hihetetlen Lobosz szigetet ezen az izgalmas kir\u00e1ndul\u00e1son egy modern, gyors haj\u00f3n.","robots":{"index":"index","follow":"follow","max-snippet":"max-snippet:-1","max-image-preview":"max-image-preview:large","max-video-preview":"max-video-preview:-1"},"canonical":"https:\/\/www.ticket-isladelobos.es\/es\/tours\/lobos-con-delfines\/","og_locale":"hu_HU","og_type":"article","og_title":"Lobos-sziget Lanzarote-r\u00f3l - A Delfin \u00fatvonal","og_description":"Lobos-sziget Lanzarote-r\u00f3l Csatlakozz hozz\u00e1nk, \u00e9s fedezd fel a hihetetlen Lobosz szigetet ezen az izgalmas kir\u00e1ndul\u00e1son egy modern, gyors haj\u00f3n.","og_url":"https:\/\/www.ticket-isladelobos.es\/es\/tours\/lobos-con-delfines\/","og_site_name":"\u2705Isla de Lobos Fuerteventura Tickets Ferry WaterTaxi Excursiones Reservas","article_publisher":"https:\/\/www.facebook.com\/ticketisladelobos","og_image":[{"width":550,"height":366,"url":"https:\/\/www.ticket-isladelobos.es\/wp-content\/uploads\/2021\/04\/lobos-lanzarote.jpg","type":"image\/jpeg"}],"twitter_card":"summary_large_image","twitter_misc":{"Becs\u00fclt olvas\u00e1si id\u0151":"2 perc"},"schema":{"@context":"https:\/\/schema.org","@graph":[{"@type":"WebPage","@id":"https:\/\/www.ticket-isladelobos.es\/es\/tours\/lobos-con-delfines\/","url":"https:\/\/www.ticket-isladelobos.es\/es\/tours\/lobos-con-delfines\/","name":"Lobos-sziget Lanzarote-r\u00f3l - A Delfin \u00fatvonal","isPartOf":{"@id":"https:\/\/www.ticket-isladelobos.es\/es\/#website"},"primaryImageOfPage":{"@id":"https:\/\/www.ticket-isladelobos.es\/es\/tours\/lobos-con-delfines\/#primaryimage"},"image":{"@id":"https:\/\/www.ticket-isladelobos.es\/es\/tours\/lobos-con-delfines\/#primaryimage"},"thumbnailUrl":"https:\/\/www.ticket-isladelobos.es\/wp-content\/uploads\/2021\/04\/lobos-lanzarote.jpg","datePublished":"2025-06-15T16:24:27+00:00","dateModified":"2025-06-15T16:24:27+00:00","description":"Lobos-sziget Lanzarote-r\u00f3l Csatlakozz hozz\u00e1nk, \u00e9s fedezd fel a hihetetlen Lobosz szigetet ezen az izgalmas kir\u00e1ndul\u00e1son egy modern, gyors haj\u00f3n.","breadcrumb":{"@id":"https:\/\/www.ticket-isladelobos.es\/es\/tours\/lobos-con-delfines\/#breadcrumb"},"inLanguage":"hu","potentialAction":[{"@type":"ReadAction","target":["https:\/\/www.ticket-isladelobos.es\/es\/tours\/lobos-con-delfines\/"]}]},{"@type":"ImageObject","inLanguage":"hu","@id":"https:\/\/www.ticket-isladelobos.es\/es\/tours\/lobos-con-delfines\/#primaryimage","url":"https:\/\/www.ticket-isladelobos.es\/wp-content\/uploads\/2021\/04\/lobos-lanzarote.jpg","contentUrl":"https:\/\/www.ticket-isladelobos.es\/wp-content\/uploads\/2021\/04\/lobos-lanzarote.jpg","width":550,"height":366},{"@type":"BreadcrumbList","@id":"https:\/\/www.ticket-isladelobos.es\/es\/tours\/lobos-con-delfines\/#breadcrumb","itemListElement":[{"@type":"ListItem","position":1,"name":"Portada","item":"https:\/\/www.ticket-isladelobos.es\/hu\/"},{"@type":"ListItem","position":2,"name":"Tienda","item":"https:\/\/www.ticket-isladelobos.es\/es\/tienda\/"},{"@type":"ListItem","position":3,"name":"Lobos-sziget Lanzarote-r\u00f3l delfinekkel"}]},{"@type":"WebSite","@id":"https:\/\/www.ticket-isladelobos.es\/es\/#website","url":"https:\/\/www.ticket-isladelobos.es\/es\/","name":"\u2705Isla de Lobos Fuerteventura Tickets Ferry WaterTaxi Excursiones Reservas","description":"\u00bfQuieres hacer un viaje completamente inolvidable? Reserva hoy! Todo sobre la Isla de Lobos en un sitio!","publisher":{"@id":"https:\/\/www.ticket-isladelobos.es\/es\/#organization"},"potentialAction":[{"@type":"SearchAction","target":{"@type":"EntryPoint","urlTemplate":"https:\/\/www.ticket-isladelobos.es\/es\/?s={search_term_string}"},"query-input":{"@type":"PropertyValueSpecification","valueRequired":true,"valueName":"search_term_string"}}],"inLanguage":"hu"},{"@type":"Organization","@id":"https:\/\/www.ticket-isladelobos.es\/es\/#organization","name":"Ticket Isla-de-lobos","url":"https:\/\/www.ticket-isladelobos.es\/es\/","logo":{"@type":"ImageObject","inLanguage":"hu","@id":"https:\/\/www.ticket-isladelobos.es\/es\/#\/schema\/logo\/image\/","url":"https:\/\/www.ticket-isladelobos.es\/wp-content\/uploads\/2021\/04\/Photo_1614613341266.jpg","contentUrl":"https:\/\/www.ticket-isladelobos.es\/wp-content\/uploads\/2021\/04\/Photo_1614613341266.jpg","width":720,"height":720,"caption":"Ticket Isla-de-lobos"},"image":{"@id":"https:\/\/www.ticket-isladelobos.es\/es\/#\/schema\/logo\/image\/"},"sameAs":["https:\/\/www.facebook.com\/ticketisladelobos"]}]}},"jetpack_publicize_connections":[],"jetpack_likes_enabled":true,"jetpack_sharing_enabled":true,"_links":{"self":[{"href":"https:\/\/www.ticket-isladelobos.es\/hu\/wp-json\/wp\/v2\/product\/33013","targetHints":{"allow":["GET"]}}],"collection":[{"href":"https:\/\/www.ticket-isladelobos.es\/hu\/wp-json\/wp\/v2\/product"}],"about":[{"href":"https:\/\/www.ticket-isladelobos.es\/hu\/wp-json\/wp\/v2\/types\/product"}],"replies":[{"embeddable":true,"href":"https:\/\/www.ticket-isladelobos.es\/hu\/wp-json\/wp\/v2\/comments?post=33013"}],"wp:featuredmedia":[{"embeddable":true,"href":"https:\/\/www.ticket-isladelobos.es\/hu\/wp-json\/wp\/v2\/media\/19095"}],"wp:attachment":[{"href":"https:\/\/www.ticket-isladelobos.es\/hu\/wp-json\/wp\/v2\/media?parent=33013"}],"wp:term":[{"taxonomy":"product_brand","embeddable":true,"href":"https:\/\/www.ticket-isladelobos.es\/hu\/wp-json\/wp\/v2\/product_brand?post=33013"},{"taxonomy":"product_cat","embeddable":true,"href":"https:\/\/www.ticket-isladelobos.es\/hu\/wp-json\/wp\/v2\/product_cat?post=33013"},{"taxonomy":"product_tag","embeddable":true,"href":"https:\/\/www.ticket-isladelobos.es\/hu\/wp-json\/wp\/v2\/product_tag?post=33013"}],"curies":[{"name":"wp","href":"https:\/\/api.w.org\/{rel}","templated":true}]}}