{"id":3513,"date":"2021-03-20T10:21:59","date_gmt":"2021-03-20T10:21:59","guid":{"rendered":"https:\/\/www.ticket-isladelobos.es\/?post_type=product&#038;p=3513"},"modified":"2025-07-20T09:41:23","modified_gmt":"2025-07-20T09:41:23","slug":"catamaran-en-la-graciosa","status":"publish","type":"product","link":"https:\/\/www.ticket-isladelobos.es\/hu\/kirandulasok-hajojegyek-corralejo-lobos\/catamaran-en-la-graciosa\/","title":{"rendered":"La Graciosa en Catamar\u00e1n"},"content":{"rendered":"<h2>Precios<\/h2>\n<p><strong>Adultos (12+ a\u00f1os):<\/strong> \u20ac69<br \/>\n<strong>Ni\u00f1os (3-11 a\u00f1os):<\/strong> \u20ac47<br \/>\n<strong>Bebes (0-3 a\u00f1os):<\/strong>\u00a0GRATIS!<\/p>\n<h2>Duraci\u00f3n<\/h2>\n<p>6hrs<\/p>\n<h2>Informaci\u00f3n<\/h2>\n<p>Realice una traves\u00eda en catamar\u00e1n hasta la virgen isla de La Graciosa. Disfrute de tranquilas y hermosas playas. Navegue, nade, haga kayak, buceo* de superficie y rel\u00e1jese en las cristalinas aguas del parque natural y reserva marina de La Graciosa.<\/p>\n<p>Un autob\u00fas con aire acondicionado le recoger\u00e1 en su hotel para llevarle hasta el puerto de Orzola donde subir\u00e1 a bordo del ferry Biosfera Express que le llevar\u00e1 a la vecina isla de La Graciosa. El viaje de 30 minutos es corto, pero es un momento perfecto para disfrutar de las vistas panor\u00e1micas de la costa norte de Lanzarote.<\/p>\n<p>Una vez que llegue a la isla de La Graciosa, subir\u00e1 a bordo de un lujoso catamar\u00e1n y disfrutar\u00e1 de una copa de champ\u00e1n y aperitivos, a continuaci\u00f3n, zarpar\u00e1 para disfrutar de un una hora de viaje por la costa sur de la isla y contemplar sus vistas impresionantes y playas \u00fanicas. Tendr\u00e1 una vista panor\u00e1mica de la maravillosa playa de Monta\u00f1a Amarilla, con su contraste de arena blanca, aguas cristalinas y monta\u00f1as volc\u00e1nicas en el fondo que hace que esta playa sea \u00fanica y un lugar dif\u00edcil de encontrar.<\/p>\n<p>Despu\u00e9s de echar el ancla en Playa Francesa, situada en el sur de La Graciosa, tendr\u00e1 tiempo de relajarse en el c\u00f3modo catamar\u00e1n, nadar, hacer uso de nuestros kayaks o bucear* en las aguas cristalinas de la reserva marina. Visite la playa en taxi acu\u00e1tico donde hay disponible una nevera de bebidas.<\/p>\n<p>La comida se sirve a bordo, una ensalada mixta que acompa\u00f1a a pasta con dos tipos de salsas (tomate con verduras o at\u00fan), pan, fruta fresca y barra libre.<\/p>\n<p>Despu\u00e9s de finalizar el almuerzo, navegue a lo largo de la costa y desembarque en el puerto de La Graciosa, donde podr\u00e1 dar un paseo por la tranquila aldea de Caleta del Sebo para admirar las calles sin asfalto donde se detiene el tiempo. Tras el regreso en ferry a Lanzarote, un servicio de lanzadera le llevar\u00e1 de vuelta a su punto de partida.<\/p>\n<p>*La empresa no puede facilitar el equipamiento de buceo o snorkel por motivos de seguridad frente a la covid-19.<\/p>\n<h2>El precio incluye<\/h2>\n<ul>\n<li>Traslado de ida y vuelta al hotel<\/li>\n<li>Ticket de ferry \u00d3rzola-La Graciosa de ida y vuelta<\/li>\n<li>Copa de champ\u00e1n<\/li>\n<li>Aperitivos<\/li>\n<li>Almuerzo<\/li>\n<li>Cerveza, vino y refrescos sin l\u00edmite<\/li>\n<li>Comentario ofrecido por un gu\u00eda que viajar\u00e1 a bordo<\/li>\n<li>Kayak<\/li>\n<li>Crucero con visita tur\u00edstica<\/li>\n<\/ul>\n<h2>Programa<\/h2>\n<ul>\n<li>Hora de salida: 11:30<\/li>\n<li>Las paradas para recoger a viajeros en sus hoteles comienzan antes de esta hora. Al realizar la reserva se le indicar\u00e1 la hora y punto de recogida asignado.<\/li>\n<\/ul>\n","protected":false},"excerpt":{"rendered":"<p>Realice una traves\u00eda en catamar\u00e1n hasta la virgen isla de La Graciosa. Disfrute de tranquilas y hermosas playas.<\/p>\n","protected":false},"featured_media":3522,"comment_status":"open","ping_status":"closed","template":"","meta":{"jetpack_publicize_message":"","jetpack_publicize_feature_enabled":true,"jetpack_social_post_already_shared":true,"jetpack_social_options":{"image_generator_settings":{"template":"highway","default_image_id":0,"font":"","enabled":false},"version":2}},"product_brand":[],"product_cat":[15],"product_tag":[],"class_list":{"0":"post-3513","1":"product","2":"type-product","3":"status-publish","4":"has-post-thumbnail","6":"product_cat-sin-categorizar","7":"tour_category-desde-lanzarote","9":"first","10":"instock","11":"shipping-taxable","12":"purchasable","13":"product-type-tour"},"yoast_head":"<!-- This site is optimized with the Yoast SEO plugin v23.4 - https:\/\/yoast.com\/wordpress\/plugins\/seo\/ -->\n<title>La Graciosa en Catamar\u00e1n - \u2705Isla de Lobos Fuerteventura Tickets Ferry WaterTaxi Excursiones Reservas<\/title>\n<meta name=\"description\" content=\"Realice una traves\u00eda en catamar\u00e1n hasta la virgen isla de La Graciosa. Disfrute de tranquilas y hermosas playas. Navegue, nade, haga kayak, buceo* de superficie y rel\u00e1jese en las cristalinas aguas del parque natural y reserva marina de La Graciosa.\" \/>\n<meta name=\"robots\" content=\"index, follow, max-snippet:-1, max-image-preview:large, max-video-preview:-1\" \/>\n<link rel=\"canonical\" href=\"https:\/\/www.ticket-isladelobos.es\/es\/tours\/catamaran-en-la-graciosa\/\" \/>\n<meta property=\"og:locale\" content=\"hu_HU\" \/>\n<meta property=\"og:type\" content=\"article\" \/>\n<meta property=\"og:title\" content=\"La Graciosa en Catamar\u00e1n - \u2705Isla de Lobos Fuerteventura Tickets Ferry WaterTaxi Excursiones Reservas\" \/>\n<meta property=\"og:description\" content=\"Realice una traves\u00eda en catamar\u00e1n hasta la virgen isla de La Graciosa. Disfrute de tranquilas y hermosas playas. Navegue, nade, haga kayak, buceo* de superficie y rel\u00e1jese en las cristalinas aguas del parque natural y reserva marina de La Graciosa.\" \/>\n<meta property=\"og:url\" content=\"https:\/\/www.ticket-isladelobos.es\/es\/tours\/catamaran-en-la-graciosa\/\" \/>\n<meta property=\"og:site_name\" content=\"\u2705Isla de Lobos Fuerteventura Tickets Ferry WaterTaxi Excursiones Reservas\" \/>\n<meta property=\"article:publisher\" content=\"https:\/\/www.facebook.com\/ticketisladelobos\" \/>\n<meta property=\"article:modified_time\" content=\"2025-07-20T09:41:23+00:00\" \/>\n<meta property=\"og:image\" content=\"https:\/\/www.ticket-isladelobos.es\/wp-content\/uploads\/2021\/05\/graciosasail-1_optimized.jpg\" \/>\n\t<meta property=\"og:image:width\" content=\"1000\" \/>\n\t<meta property=\"og:image:height\" content=\"526\" \/>\n\t<meta property=\"og:image:type\" content=\"image\/jpeg\" \/>\n<meta name=\"twitter:card\" content=\"summary_large_image\" \/>\n<meta name=\"twitter:label1\" content=\"Becs\u00fclt olvas\u00e1si id\u0151\" \/>\n\t<meta name=\"twitter:data1\" content=\"3 perc\" \/>\n<script type=\"application\/ld+json\" class=\"yoast-schema-graph\">{\"@context\":\"https:\/\/schema.org\",\"@graph\":[{\"@type\":\"WebPage\",\"@id\":\"https:\/\/www.ticket-isladelobos.es\/es\/tours\/catamaran-en-la-graciosa\/\",\"url\":\"https:\/\/www.ticket-isladelobos.es\/es\/tours\/catamaran-en-la-graciosa\/\",\"name\":\"La Graciosa en Catamar\u00e1n - \u2705Isla de Lobos Fuerteventura Tickets Ferry WaterTaxi Excursiones Reservas\",\"isPartOf\":{\"@id\":\"https:\/\/www.ticket-isladelobos.es\/es\/#website\"},\"primaryImageOfPage\":{\"@id\":\"https:\/\/www.ticket-isladelobos.es\/es\/tours\/catamaran-en-la-graciosa\/#primaryimage\"},\"image\":{\"@id\":\"https:\/\/www.ticket-isladelobos.es\/es\/tours\/catamaran-en-la-graciosa\/#primaryimage\"},\"thumbnailUrl\":\"https:\/\/www.ticket-isladelobos.es\/wp-content\/uploads\/2021\/05\/graciosasail-1_optimized.jpg\",\"datePublished\":\"2021-03-20T10:21:59+00:00\",\"dateModified\":\"2025-07-20T09:41:23+00:00\",\"description\":\"Realice una traves\u00eda en catamar\u00e1n hasta la virgen isla de La Graciosa. Disfrute de tranquilas y hermosas playas. Navegue, nade, haga kayak, buceo* de superficie y rel\u00e1jese en las cristalinas aguas del parque natural y reserva marina de La Graciosa.\",\"breadcrumb\":{\"@id\":\"https:\/\/www.ticket-isladelobos.es\/es\/tours\/catamaran-en-la-graciosa\/#breadcrumb\"},\"inLanguage\":\"hu\",\"potentialAction\":[{\"@type\":\"ReadAction\",\"target\":[\"https:\/\/www.ticket-isladelobos.es\/es\/tours\/catamaran-en-la-graciosa\/\"]}]},{\"@type\":\"ImageObject\",\"inLanguage\":\"hu\",\"@id\":\"https:\/\/www.ticket-isladelobos.es\/es\/tours\/catamaran-en-la-graciosa\/#primaryimage\",\"url\":\"https:\/\/www.ticket-isladelobos.es\/wp-content\/uploads\/2021\/05\/graciosasail-1_optimized.jpg\",\"contentUrl\":\"https:\/\/www.ticket-isladelobos.es\/wp-content\/uploads\/2021\/05\/graciosasail-1_optimized.jpg\",\"width\":1000,\"height\":526},{\"@type\":\"BreadcrumbList\",\"@id\":\"https:\/\/www.ticket-isladelobos.es\/es\/tours\/catamaran-en-la-graciosa\/#breadcrumb\",\"itemListElement\":[{\"@type\":\"ListItem\",\"position\":1,\"name\":\"Portada\",\"item\":\"https:\/\/www.ticket-isladelobos.es\/hu\/\"},{\"@type\":\"ListItem\",\"position\":2,\"name\":\"Tienda\",\"item\":\"https:\/\/www.ticket-isladelobos.es\/es\/tienda\/\"},{\"@type\":\"ListItem\",\"position\":3,\"name\":\"La Graciosa en Catamar\u00e1n\"}]},{\"@type\":\"WebSite\",\"@id\":\"https:\/\/www.ticket-isladelobos.es\/es\/#website\",\"url\":\"https:\/\/www.ticket-isladelobos.es\/es\/\",\"name\":\"\u2705Isla de Lobos Fuerteventura Tickets Ferry WaterTaxi Excursiones Reservas\",\"description\":\"\u00bfQuieres hacer un viaje completamente inolvidable? Reserva hoy! Todo sobre la Isla de Lobos en un sitio!\",\"publisher\":{\"@id\":\"https:\/\/www.ticket-isladelobos.es\/es\/#organization\"},\"potentialAction\":[{\"@type\":\"SearchAction\",\"target\":{\"@type\":\"EntryPoint\",\"urlTemplate\":\"https:\/\/www.ticket-isladelobos.es\/es\/?s={search_term_string}\"},\"query-input\":{\"@type\":\"PropertyValueSpecification\",\"valueRequired\":true,\"valueName\":\"search_term_string\"}}],\"inLanguage\":\"hu\"},{\"@type\":\"Organization\",\"@id\":\"https:\/\/www.ticket-isladelobos.es\/es\/#organization\",\"name\":\"Ticket Isla-de-lobos\",\"url\":\"https:\/\/www.ticket-isladelobos.es\/es\/\",\"logo\":{\"@type\":\"ImageObject\",\"inLanguage\":\"hu\",\"@id\":\"https:\/\/www.ticket-isladelobos.es\/es\/#\/schema\/logo\/image\/\",\"url\":\"https:\/\/www.ticket-isladelobos.es\/wp-content\/uploads\/2021\/04\/Photo_1614613341266.jpg\",\"contentUrl\":\"https:\/\/www.ticket-isladelobos.es\/wp-content\/uploads\/2021\/04\/Photo_1614613341266.jpg\",\"width\":720,\"height\":720,\"caption\":\"Ticket Isla-de-lobos\"},\"image\":{\"@id\":\"https:\/\/www.ticket-isladelobos.es\/es\/#\/schema\/logo\/image\/\"},\"sameAs\":[\"https:\/\/www.facebook.com\/ticketisladelobos\"]}]}<\/script>\n<!-- \/ Yoast SEO plugin. -->","yoast_head_json":{"title":"La Graciosa en Catamar\u00e1n - \u2705Isla de Lobos Fuerteventura Tickets Ferry WaterTaxi Excursiones Reservas","description":"Realice una traves\u00eda en catamar\u00e1n hasta la virgen isla de La Graciosa. Disfrute de tranquilas y hermosas playas. Navegue, nade, haga kayak, buceo* de superficie y rel\u00e1jese en las cristalinas aguas del parque natural y reserva marina de La Graciosa.","robots":{"index":"index","follow":"follow","max-snippet":"max-snippet:-1","max-image-preview":"max-image-preview:large","max-video-preview":"max-video-preview:-1"},"canonical":"https:\/\/www.ticket-isladelobos.es\/es\/tours\/catamaran-en-la-graciosa\/","og_locale":"hu_HU","og_type":"article","og_title":"La Graciosa en Catamar\u00e1n - \u2705Isla de Lobos Fuerteventura Tickets Ferry WaterTaxi Excursiones Reservas","og_description":"Realice una traves\u00eda en catamar\u00e1n hasta la virgen isla de La Graciosa. Disfrute de tranquilas y hermosas playas. Navegue, nade, haga kayak, buceo* de superficie y rel\u00e1jese en las cristalinas aguas del parque natural y reserva marina de La Graciosa.","og_url":"https:\/\/www.ticket-isladelobos.es\/es\/tours\/catamaran-en-la-graciosa\/","og_site_name":"\u2705Isla de Lobos Fuerteventura Tickets Ferry WaterTaxi Excursiones Reservas","article_publisher":"https:\/\/www.facebook.com\/ticketisladelobos","article_modified_time":"2025-07-20T09:41:23+00:00","og_image":[{"width":1000,"height":526,"url":"https:\/\/www.ticket-isladelobos.es\/wp-content\/uploads\/2021\/05\/graciosasail-1_optimized.jpg","type":"image\/jpeg"}],"twitter_card":"summary_large_image","twitter_misc":{"Becs\u00fclt olvas\u00e1si id\u0151":"3 perc"},"schema":{"@context":"https:\/\/schema.org","@graph":[{"@type":"WebPage","@id":"https:\/\/www.ticket-isladelobos.es\/es\/tours\/catamaran-en-la-graciosa\/","url":"https:\/\/www.ticket-isladelobos.es\/es\/tours\/catamaran-en-la-graciosa\/","name":"La Graciosa en Catamar\u00e1n - \u2705Isla de Lobos Fuerteventura Tickets Ferry WaterTaxi Excursiones Reservas","isPartOf":{"@id":"https:\/\/www.ticket-isladelobos.es\/es\/#website"},"primaryImageOfPage":{"@id":"https:\/\/www.ticket-isladelobos.es\/es\/tours\/catamaran-en-la-graciosa\/#primaryimage"},"image":{"@id":"https:\/\/www.ticket-isladelobos.es\/es\/tours\/catamaran-en-la-graciosa\/#primaryimage"},"thumbnailUrl":"https:\/\/www.ticket-isladelobos.es\/wp-content\/uploads\/2021\/05\/graciosasail-1_optimized.jpg","datePublished":"2021-03-20T10:21:59+00:00","dateModified":"2025-07-20T09:41:23+00:00","description":"Realice una traves\u00eda en catamar\u00e1n hasta la virgen isla de La Graciosa. Disfrute de tranquilas y hermosas playas. Navegue, nade, haga kayak, buceo* de superficie y rel\u00e1jese en las cristalinas aguas del parque natural y reserva marina de La Graciosa.","breadcrumb":{"@id":"https:\/\/www.ticket-isladelobos.es\/es\/tours\/catamaran-en-la-graciosa\/#breadcrumb"},"inLanguage":"hu","potentialAction":[{"@type":"ReadAction","target":["https:\/\/www.ticket-isladelobos.es\/es\/tours\/catamaran-en-la-graciosa\/"]}]},{"@type":"ImageObject","inLanguage":"hu","@id":"https:\/\/www.ticket-isladelobos.es\/es\/tours\/catamaran-en-la-graciosa\/#primaryimage","url":"https:\/\/www.ticket-isladelobos.es\/wp-content\/uploads\/2021\/05\/graciosasail-1_optimized.jpg","contentUrl":"https:\/\/www.ticket-isladelobos.es\/wp-content\/uploads\/2021\/05\/graciosasail-1_optimized.jpg","width":1000,"height":526},{"@type":"BreadcrumbList","@id":"https:\/\/www.ticket-isladelobos.es\/es\/tours\/catamaran-en-la-graciosa\/#breadcrumb","itemListElement":[{"@type":"ListItem","position":1,"name":"Portada","item":"https:\/\/www.ticket-isladelobos.es\/hu\/"},{"@type":"ListItem","position":2,"name":"Tienda","item":"https:\/\/www.ticket-isladelobos.es\/es\/tienda\/"},{"@type":"ListItem","position":3,"name":"La Graciosa en Catamar\u00e1n"}]},{"@type":"WebSite","@id":"https:\/\/www.ticket-isladelobos.es\/es\/#website","url":"https:\/\/www.ticket-isladelobos.es\/es\/","name":"\u2705Isla de Lobos Fuerteventura Tickets Ferry WaterTaxi Excursiones Reservas","description":"\u00bfQuieres hacer un viaje completamente inolvidable? Reserva hoy! Todo sobre la Isla de Lobos en un sitio!","publisher":{"@id":"https:\/\/www.ticket-isladelobos.es\/es\/#organization"},"potentialAction":[{"@type":"SearchAction","target":{"@type":"EntryPoint","urlTemplate":"https:\/\/www.ticket-isladelobos.es\/es\/?s={search_term_string}"},"query-input":{"@type":"PropertyValueSpecification","valueRequired":true,"valueName":"search_term_string"}}],"inLanguage":"hu"},{"@type":"Organization","@id":"https:\/\/www.ticket-isladelobos.es\/es\/#organization","name":"Ticket Isla-de-lobos","url":"https:\/\/www.ticket-isladelobos.es\/es\/","logo":{"@type":"ImageObject","inLanguage":"hu","@id":"https:\/\/www.ticket-isladelobos.es\/es\/#\/schema\/logo\/image\/","url":"https:\/\/www.ticket-isladelobos.es\/wp-content\/uploads\/2021\/04\/Photo_1614613341266.jpg","contentUrl":"https:\/\/www.ticket-isladelobos.es\/wp-content\/uploads\/2021\/04\/Photo_1614613341266.jpg","width":720,"height":720,"caption":"Ticket Isla-de-lobos"},"image":{"@id":"https:\/\/www.ticket-isladelobos.es\/es\/#\/schema\/logo\/image\/"},"sameAs":["https:\/\/www.facebook.com\/ticketisladelobos"]}]}},"jetpack_publicize_connections":[],"jetpack_likes_enabled":true,"jetpack_sharing_enabled":true,"_links":{"self":[{"href":"https:\/\/www.ticket-isladelobos.es\/hu\/wp-json\/wp\/v2\/product\/3513","targetHints":{"allow":["GET"]}}],"collection":[{"href":"https:\/\/www.ticket-isladelobos.es\/hu\/wp-json\/wp\/v2\/product"}],"about":[{"href":"https:\/\/www.ticket-isladelobos.es\/hu\/wp-json\/wp\/v2\/types\/product"}],"replies":[{"embeddable":true,"href":"https:\/\/www.ticket-isladelobos.es\/hu\/wp-json\/wp\/v2\/comments?post=3513"}],"wp:featuredmedia":[{"embeddable":true,"href":"https:\/\/www.ticket-isladelobos.es\/hu\/wp-json\/wp\/v2\/media\/3522"}],"wp:attachment":[{"href":"https:\/\/www.ticket-isladelobos.es\/hu\/wp-json\/wp\/v2\/media?parent=3513"}],"wp:term":[{"taxonomy":"product_brand","embeddable":true,"href":"https:\/\/www.ticket-isladelobos.es\/hu\/wp-json\/wp\/v2\/product_brand?post=3513"},{"taxonomy":"product_cat","embeddable":true,"href":"https:\/\/www.ticket-isladelobos.es\/hu\/wp-json\/wp\/v2\/product_cat?post=3513"},{"taxonomy":"product_tag","embeddable":true,"href":"https:\/\/www.ticket-isladelobos.es\/hu\/wp-json\/wp\/v2\/product_tag?post=3513"}],"curies":[{"name":"wp","href":"https:\/\/api.w.org\/{rel}","templated":true}]}}