{"id":3676,"date":"2021-05-23T20:15:54","date_gmt":"2021-05-23T20:15:54","guid":{"rendered":"https:\/\/www.ticket-isladelobos.es\/?post_type=product&#038;p=3676"},"modified":"2025-11-20T07:37:15","modified_gmt":"2025-11-20T07:37:15","slug":"pitch-650b-mountain-bike","status":"publish","type":"product","link":"https:\/\/www.ticket-isladelobos.es\/hu\/kirandulasok-hajojegyek-corralejo-lobos\/pitch-650b-mountain-bike\/","title":{"rendered":"Trek Marlin 5 &#8211; Mountain Bike"},"content":{"rendered":"<h3>PRECIO por d\u00eda<\/h3>\n<h3>1 dia 15\u20ac \/ 3 dias 13 \u20ac \/ 5 dias 10 \u20ac \/ 7 dias 9 \u20ac \/ 10 dias 8 \u20ac \/ 14 dias 7 \u20ac<\/h3>\n<h3>DESCRIPCI\u00d3N<\/h3>\n<p>La Marlin 5 es una bicicleta preparada para trail, ideal para las aventuras del d\u00eda a d\u00eda, ya sea por senderos o fuera de ellos. La horquilla de suspensi\u00f3n, la transmisi\u00f3n 2&#215;8 y los soportes para el portabultos y la pata de cabra la convierten en la elecci\u00f3n ideal para los ciclistas que se inician en el trail o para aquellos que buscan una bicicleta c\u00f3moda y estable para moverse por la ciudad con la robustez de una aut\u00e9ntica bicicleta de monta\u00f1a.<\/p>\n","protected":false},"excerpt":{"rendered":"<p>PRECIO por d\u00eda 1 dia 15\u20ac \/ 3 dias 13 \u20ac \/ 5 dias 10 \u20ac \/ 7 dias 9 \u20ac \/ 10 dias 8 \u20ac \/ 14 dias 7 \u20ac DESCRIPCI\u00d3N La Marlin 5 es una bicicleta preparada para trail, ideal para las aventuras del d\u00eda a d\u00eda, ya sea por senderos o fuera<\/p>\n<div class=\"padding-top text-center\"><a href=\"https:\/\/www.ticket-isladelobos.es\/hu\/kirandulasok-hajojegyek-corralejo-lobos\/pitch-650b-mountain-bike\/\" class=\"atbtn atbtn--medium atbtn--rounded atbtn--transparent\">Lee Mas<i class=\"atbtn__icon atbtn__icon--right fa fa-long-arrow-right\"><\/i><\/a><\/div>\n","protected":false},"featured_media":3677,"comment_status":"open","ping_status":"closed","template":"","meta":{"jetpack_publicize_message":"","jetpack_publicize_feature_enabled":true,"jetpack_social_post_already_shared":true,"jetpack_social_options":{"image_generator_settings":{"template":"highway","default_image_id":0,"font":"","enabled":false},"version":2}},"product_brand":[],"product_cat":[15],"product_tag":[],"class_list":{"0":"post-3676","1":"product","2":"type-product","3":"status-publish","4":"has-post-thumbnail","6":"product_cat-sin-categorizar","7":"tour_category-alquiler-bicicletas","9":"first","10":"instock","11":"shipping-taxable","12":"purchasable","13":"product-type-tour","14":"has-default-attributes"},"yoast_head":"<!-- This site is optimized with the Yoast SEO plugin v23.4 - https:\/\/yoast.com\/wordpress\/plugins\/seo\/ -->\n<title>Trek Marlin 5 - Mountain Bike - \u2705Isla de Lobos Fuerteventura Tickets Ferry WaterTaxi Excursiones Reservas<\/title>\n<meta name=\"robots\" content=\"index, follow, max-snippet:-1, max-image-preview:large, max-video-preview:-1\" \/>\n<link rel=\"canonical\" href=\"https:\/\/www.ticket-isladelobos.es\/es\/tours\/pitch-650b-mountain-bike\/\" \/>\n<meta property=\"og:locale\" content=\"hu_HU\" \/>\n<meta property=\"og:type\" content=\"article\" \/>\n<meta property=\"og:title\" content=\"Trek Marlin 5 - Mountain Bike - \u2705Isla de Lobos Fuerteventura Tickets Ferry WaterTaxi Excursiones Reservas\" \/>\n<meta property=\"og:description\" content=\"PRECIO por d\u00eda 1 dia 15\u20ac \/ 3 dias 13 \u20ac \/ 5 dias 10 \u20ac \/ 7 dias 9 \u20ac \/ 10 dias 8 \u20ac \/ 14 dias 7 \u20ac DESCRIPCI\u00d3N La Marlin 5 es una bicicleta preparada para trail, ideal para las aventuras del d\u00eda a d\u00eda, ya sea por senderos o fueraLee Mas\" \/>\n<meta property=\"og:url\" content=\"https:\/\/www.ticket-isladelobos.es\/es\/tours\/pitch-650b-mountain-bike\/\" \/>\n<meta property=\"og:site_name\" content=\"\u2705Isla de Lobos Fuerteventura Tickets Ferry WaterTaxi Excursiones Reservas\" \/>\n<meta property=\"article:publisher\" content=\"https:\/\/www.facebook.com\/ticketisladelobos\" \/>\n<meta property=\"article:modified_time\" content=\"2025-11-20T07:37:15+00:00\" \/>\n<meta property=\"og:image\" content=\"https:\/\/www.ticket-isladelobos.es\/wp-content\/uploads\/2021\/05\/hardrock.jpg\" \/>\n\t<meta property=\"og:image:width\" content=\"534\" \/>\n\t<meta property=\"og:image:height\" content=\"400\" \/>\n\t<meta property=\"og:image:type\" content=\"image\/jpeg\" \/>\n<meta name=\"twitter:card\" content=\"summary_large_image\" \/>\n<meta name=\"twitter:label1\" content=\"Becs\u00fclt olvas\u00e1si id\u0151\" \/>\n\t<meta name=\"twitter:data1\" content=\"1 perc\" \/>\n<script type=\"application\/ld+json\" class=\"yoast-schema-graph\">{\"@context\":\"https:\/\/schema.org\",\"@graph\":[{\"@type\":\"WebPage\",\"@id\":\"https:\/\/www.ticket-isladelobos.es\/es\/tours\/pitch-650b-mountain-bike\/\",\"url\":\"https:\/\/www.ticket-isladelobos.es\/es\/tours\/pitch-650b-mountain-bike\/\",\"name\":\"Trek Marlin 5 - Mountain Bike - \u2705Isla de Lobos Fuerteventura Tickets Ferry WaterTaxi Excursiones Reservas\",\"isPartOf\":{\"@id\":\"https:\/\/www.ticket-isladelobos.es\/es\/#website\"},\"primaryImageOfPage\":{\"@id\":\"https:\/\/www.ticket-isladelobos.es\/es\/tours\/pitch-650b-mountain-bike\/#primaryimage\"},\"image\":{\"@id\":\"https:\/\/www.ticket-isladelobos.es\/es\/tours\/pitch-650b-mountain-bike\/#primaryimage\"},\"thumbnailUrl\":\"https:\/\/www.ticket-isladelobos.es\/wp-content\/uploads\/2021\/05\/hardrock.jpg\",\"datePublished\":\"2021-05-23T20:15:54+00:00\",\"dateModified\":\"2025-11-20T07:37:15+00:00\",\"breadcrumb\":{\"@id\":\"https:\/\/www.ticket-isladelobos.es\/es\/tours\/pitch-650b-mountain-bike\/#breadcrumb\"},\"inLanguage\":\"hu\",\"potentialAction\":[{\"@type\":\"ReadAction\",\"target\":[\"https:\/\/www.ticket-isladelobos.es\/es\/tours\/pitch-650b-mountain-bike\/\"]}]},{\"@type\":\"ImageObject\",\"inLanguage\":\"hu\",\"@id\":\"https:\/\/www.ticket-isladelobos.es\/es\/tours\/pitch-650b-mountain-bike\/#primaryimage\",\"url\":\"https:\/\/www.ticket-isladelobos.es\/wp-content\/uploads\/2021\/05\/hardrock.jpg\",\"contentUrl\":\"https:\/\/www.ticket-isladelobos.es\/wp-content\/uploads\/2021\/05\/hardrock.jpg\",\"width\":534,\"height\":400},{\"@type\":\"BreadcrumbList\",\"@id\":\"https:\/\/www.ticket-isladelobos.es\/es\/tours\/pitch-650b-mountain-bike\/#breadcrumb\",\"itemListElement\":[{\"@type\":\"ListItem\",\"position\":1,\"name\":\"Portada\",\"item\":\"https:\/\/www.ticket-isladelobos.es\/hu\/\"},{\"@type\":\"ListItem\",\"position\":2,\"name\":\"Tienda\",\"item\":\"https:\/\/www.ticket-isladelobos.es\/es\/tienda\/\"},{\"@type\":\"ListItem\",\"position\":3,\"name\":\"Trek Marlin 5 &#8211; Mountain Bike\"}]},{\"@type\":\"WebSite\",\"@id\":\"https:\/\/www.ticket-isladelobos.es\/es\/#website\",\"url\":\"https:\/\/www.ticket-isladelobos.es\/es\/\",\"name\":\"\u2705Isla de Lobos Fuerteventura Tickets Ferry WaterTaxi Excursiones Reservas\",\"description\":\"\u00bfQuieres hacer un viaje completamente inolvidable? Reserva hoy! Todo sobre la Isla de Lobos en un sitio!\",\"publisher\":{\"@id\":\"https:\/\/www.ticket-isladelobos.es\/es\/#organization\"},\"potentialAction\":[{\"@type\":\"SearchAction\",\"target\":{\"@type\":\"EntryPoint\",\"urlTemplate\":\"https:\/\/www.ticket-isladelobos.es\/es\/?s={search_term_string}\"},\"query-input\":{\"@type\":\"PropertyValueSpecification\",\"valueRequired\":true,\"valueName\":\"search_term_string\"}}],\"inLanguage\":\"hu\"},{\"@type\":\"Organization\",\"@id\":\"https:\/\/www.ticket-isladelobos.es\/es\/#organization\",\"name\":\"Ticket Isla-de-lobos\",\"url\":\"https:\/\/www.ticket-isladelobos.es\/es\/\",\"logo\":{\"@type\":\"ImageObject\",\"inLanguage\":\"hu\",\"@id\":\"https:\/\/www.ticket-isladelobos.es\/es\/#\/schema\/logo\/image\/\",\"url\":\"https:\/\/www.ticket-isladelobos.es\/wp-content\/uploads\/2021\/04\/Photo_1614613341266.jpg\",\"contentUrl\":\"https:\/\/www.ticket-isladelobos.es\/wp-content\/uploads\/2021\/04\/Photo_1614613341266.jpg\",\"width\":720,\"height\":720,\"caption\":\"Ticket Isla-de-lobos\"},\"image\":{\"@id\":\"https:\/\/www.ticket-isladelobos.es\/es\/#\/schema\/logo\/image\/\"},\"sameAs\":[\"https:\/\/www.facebook.com\/ticketisladelobos\"]}]}<\/script>\n<!-- \/ Yoast SEO plugin. -->","yoast_head_json":{"title":"Trek Marlin 5 - Mountain Bike - \u2705Isla de Lobos Fuerteventura Tickets Ferry WaterTaxi Excursiones Reservas","robots":{"index":"index","follow":"follow","max-snippet":"max-snippet:-1","max-image-preview":"max-image-preview:large","max-video-preview":"max-video-preview:-1"},"canonical":"https:\/\/www.ticket-isladelobos.es\/es\/tours\/pitch-650b-mountain-bike\/","og_locale":"hu_HU","og_type":"article","og_title":"Trek Marlin 5 - Mountain Bike - \u2705Isla de Lobos Fuerteventura Tickets Ferry WaterTaxi Excursiones Reservas","og_description":"PRECIO por d\u00eda 1 dia 15\u20ac \/ 3 dias 13 \u20ac \/ 5 dias 10 \u20ac \/ 7 dias 9 \u20ac \/ 10 dias 8 \u20ac \/ 14 dias 7 \u20ac DESCRIPCI\u00d3N La Marlin 5 es una bicicleta preparada para trail, ideal para las aventuras del d\u00eda a d\u00eda, ya sea por senderos o fueraLee Mas","og_url":"https:\/\/www.ticket-isladelobos.es\/es\/tours\/pitch-650b-mountain-bike\/","og_site_name":"\u2705Isla de Lobos Fuerteventura Tickets Ferry WaterTaxi Excursiones Reservas","article_publisher":"https:\/\/www.facebook.com\/ticketisladelobos","article_modified_time":"2025-11-20T07:37:15+00:00","og_image":[{"width":534,"height":400,"url":"https:\/\/www.ticket-isladelobos.es\/wp-content\/uploads\/2021\/05\/hardrock.jpg","type":"image\/jpeg"}],"twitter_card":"summary_large_image","twitter_misc":{"Becs\u00fclt olvas\u00e1si id\u0151":"1 perc"},"schema":{"@context":"https:\/\/schema.org","@graph":[{"@type":"WebPage","@id":"https:\/\/www.ticket-isladelobos.es\/es\/tours\/pitch-650b-mountain-bike\/","url":"https:\/\/www.ticket-isladelobos.es\/es\/tours\/pitch-650b-mountain-bike\/","name":"Trek Marlin 5 - Mountain Bike - \u2705Isla de Lobos Fuerteventura Tickets Ferry WaterTaxi Excursiones Reservas","isPartOf":{"@id":"https:\/\/www.ticket-isladelobos.es\/es\/#website"},"primaryImageOfPage":{"@id":"https:\/\/www.ticket-isladelobos.es\/es\/tours\/pitch-650b-mountain-bike\/#primaryimage"},"image":{"@id":"https:\/\/www.ticket-isladelobos.es\/es\/tours\/pitch-650b-mountain-bike\/#primaryimage"},"thumbnailUrl":"https:\/\/www.ticket-isladelobos.es\/wp-content\/uploads\/2021\/05\/hardrock.jpg","datePublished":"2021-05-23T20:15:54+00:00","dateModified":"2025-11-20T07:37:15+00:00","breadcrumb":{"@id":"https:\/\/www.ticket-isladelobos.es\/es\/tours\/pitch-650b-mountain-bike\/#breadcrumb"},"inLanguage":"hu","potentialAction":[{"@type":"ReadAction","target":["https:\/\/www.ticket-isladelobos.es\/es\/tours\/pitch-650b-mountain-bike\/"]}]},{"@type":"ImageObject","inLanguage":"hu","@id":"https:\/\/www.ticket-isladelobos.es\/es\/tours\/pitch-650b-mountain-bike\/#primaryimage","url":"https:\/\/www.ticket-isladelobos.es\/wp-content\/uploads\/2021\/05\/hardrock.jpg","contentUrl":"https:\/\/www.ticket-isladelobos.es\/wp-content\/uploads\/2021\/05\/hardrock.jpg","width":534,"height":400},{"@type":"BreadcrumbList","@id":"https:\/\/www.ticket-isladelobos.es\/es\/tours\/pitch-650b-mountain-bike\/#breadcrumb","itemListElement":[{"@type":"ListItem","position":1,"name":"Portada","item":"https:\/\/www.ticket-isladelobos.es\/hu\/"},{"@type":"ListItem","position":2,"name":"Tienda","item":"https:\/\/www.ticket-isladelobos.es\/es\/tienda\/"},{"@type":"ListItem","position":3,"name":"Trek Marlin 5 &#8211; Mountain Bike"}]},{"@type":"WebSite","@id":"https:\/\/www.ticket-isladelobos.es\/es\/#website","url":"https:\/\/www.ticket-isladelobos.es\/es\/","name":"\u2705Isla de Lobos Fuerteventura Tickets Ferry WaterTaxi Excursiones Reservas","description":"\u00bfQuieres hacer un viaje completamente inolvidable? Reserva hoy! Todo sobre la Isla de Lobos en un sitio!","publisher":{"@id":"https:\/\/www.ticket-isladelobos.es\/es\/#organization"},"potentialAction":[{"@type":"SearchAction","target":{"@type":"EntryPoint","urlTemplate":"https:\/\/www.ticket-isladelobos.es\/es\/?s={search_term_string}"},"query-input":{"@type":"PropertyValueSpecification","valueRequired":true,"valueName":"search_term_string"}}],"inLanguage":"hu"},{"@type":"Organization","@id":"https:\/\/www.ticket-isladelobos.es\/es\/#organization","name":"Ticket Isla-de-lobos","url":"https:\/\/www.ticket-isladelobos.es\/es\/","logo":{"@type":"ImageObject","inLanguage":"hu","@id":"https:\/\/www.ticket-isladelobos.es\/es\/#\/schema\/logo\/image\/","url":"https:\/\/www.ticket-isladelobos.es\/wp-content\/uploads\/2021\/04\/Photo_1614613341266.jpg","contentUrl":"https:\/\/www.ticket-isladelobos.es\/wp-content\/uploads\/2021\/04\/Photo_1614613341266.jpg","width":720,"height":720,"caption":"Ticket Isla-de-lobos"},"image":{"@id":"https:\/\/www.ticket-isladelobos.es\/es\/#\/schema\/logo\/image\/"},"sameAs":["https:\/\/www.facebook.com\/ticketisladelobos"]}]}},"jetpack_publicize_connections":[],"jetpack_likes_enabled":true,"jetpack_sharing_enabled":true,"_links":{"self":[{"href":"https:\/\/www.ticket-isladelobos.es\/hu\/wp-json\/wp\/v2\/product\/3676","targetHints":{"allow":["GET"]}}],"collection":[{"href":"https:\/\/www.ticket-isladelobos.es\/hu\/wp-json\/wp\/v2\/product"}],"about":[{"href":"https:\/\/www.ticket-isladelobos.es\/hu\/wp-json\/wp\/v2\/types\/product"}],"replies":[{"embeddable":true,"href":"https:\/\/www.ticket-isladelobos.es\/hu\/wp-json\/wp\/v2\/comments?post=3676"}],"wp:featuredmedia":[{"embeddable":true,"href":"https:\/\/www.ticket-isladelobos.es\/hu\/wp-json\/wp\/v2\/media\/3677"}],"wp:attachment":[{"href":"https:\/\/www.ticket-isladelobos.es\/hu\/wp-json\/wp\/v2\/media?parent=3676"}],"wp:term":[{"taxonomy":"product_brand","embeddable":true,"href":"https:\/\/www.ticket-isladelobos.es\/hu\/wp-json\/wp\/v2\/product_brand?post=3676"},{"taxonomy":"product_cat","embeddable":true,"href":"https:\/\/www.ticket-isladelobos.es\/hu\/wp-json\/wp\/v2\/product_cat?post=3676"},{"taxonomy":"product_tag","embeddable":true,"href":"https:\/\/www.ticket-isladelobos.es\/hu\/wp-json\/wp\/v2\/product_tag?post=3676"}],"curies":[{"name":"wp","href":"https:\/\/api.w.org\/{rel}","templated":true}]}}