{"id":3816,"date":"2021-03-01T11:11:15","date_gmt":"2021-03-01T11:11:15","guid":{"rendered":"https:\/\/www.ticket-isladelobos.es\/?post_type=product&#038;p=3816"},"modified":"2025-12-25T08:05:22","modified_gmt":"2025-12-25T08:05:22","slug":"catamaran-lobosin","status":"publish","type":"product","link":"https:\/\/www.ticket-isladelobos.es\/hu\/kirandulasok-hajojegyek-corralejo-lobos\/catamaran-lobosin\/","title":{"rendered":"Catamar\u00e1n Lobos-In"},"content":{"rendered":"<p>Un viaje inolvidable alrededor de la Isla de Lobos, navegando a vela, se fondeara para practicar actividades acuaticas: snorkle, paddle surf y kayak.<\/p>\n<p>&nbsp;<\/p>\n<p>Disfrutaras tambien de una deliciosa comida a bordo.<\/p>\n<p>Esta excursion en barco, tambi\u00e9n es disponible de forma totalmente exclusiva para amigos, familias y todo tipo de celebraciones por un precio muy interesante y hasta 10 personas.<\/p>\n<p><img loading=\"lazy\" decoding=\"async\" class=\"alignnone size-medium wp-image-3820\" src=\"https:\/\/www.ticket-isladelobos.es\/wp-content\/uploads\/2021\/06\/MAPA-LOBOSIN-DISCONTINUO-e1421514316876-300x187.jpg\" alt=\"\" width=\"300\" height=\"187\" srcset=\"https:\/\/www.ticket-isladelobos.es\/wp-content\/uploads\/2021\/06\/MAPA-LOBOSIN-DISCONTINUO-e1421514316876.jpg 300w, https:\/\/www.ticket-isladelobos.es\/wp-content\/uploads\/2021\/06\/MAPA-LOBOSIN-DISCONTINUO-e1421514316876.jpg 768w, https:\/\/www.ticket-isladelobos.es\/wp-content\/uploads\/2021\/06\/MAPA-LOBOSIN-DISCONTINUO-e1421514316876.jpg 600w, https:\/\/www.ticket-isladelobos.es\/wp-content\/uploads\/2021\/06\/MAPA-LOBOSIN-DISCONTINUO-e1421514316876.jpg 914w\" sizes=\"auto, (max-width: 300px) 100vw, 300px\" \/><\/p>\n<p>Disfruta de un dia especial\u00a0<strong>navegando a vela<\/strong>\u00a0en nuestro\u00a0<strong>barco<\/strong>. Un recorrido alrededor de la\u00a0<strong>isla de Lobos<\/strong>, considerado<strong>\u00a0Reserva de la Biosfera<\/strong>. Tras un paseo en nuestro\u00a0<strong>barco<\/strong>, saliendo de\u00a0<strong>Corralejo<\/strong>, en el que navegaremos por la cara norte de la\u00a0<strong>Isla de Lobos<\/strong>\u00a0en la que podr\u00e1n observar sitios tan emblem\u00e1ticos como el\u00a0<strong>Faro Martino<\/strong>\u00a0o el<strong>\u00a0cr\u00e1ter<\/strong>\u00a0semihundido de\u00a0<strong>La Caldera<\/strong>, zona conocida por sus fabulosas olas &#8211; la llamada<strong>\u00a0derecha de Lobos<\/strong>\u00a0&#8211; que disfrutan los surfistas de todo el mundo. Nos adentraremos en la cara sur donde se realizaran actividades acu\u00e1ticas a escasos metros de la\u00a0<strong>playa de la Concha<\/strong> con sus espectaculares aguas color turquesa<\/p>\n<p><strong>Lobos in Catamaran<\/strong>\u2018 presta una especial atenci\u00f3n a la comida a bordo, se intenta ofrecer una comida acorde con la exigencia f\u00edsica solicitada por las actividades como el\u00a0<strong>paddle surf, el kayak, el snorkel<\/strong>\u2026todo rodeado del maravilloso entorno natural que se encuentra entre la\u00a0<strong>isla de lobos y Fuerteventura.<\/strong><\/p>\n<p>Un primer plato fri\u00f3, un segundo plato caliente, y el postre natural.<\/p>\n<p>Preparada por el patr\u00f3n, con productos de la tierra, de nuestras\u00a0<strong>Islas Canarias<\/strong>, frutas de temporada y todo esto amenizado con una sangr\u00eda casera.<\/p>\n<p><img loading=\"lazy\" decoding=\"async\" class=\"alignnone size-medium wp-image-3822\" src=\"https:\/\/www.ticket-isladelobos.es\/wp-content\/uploads\/2021\/06\/comida1-300x185.jpg\" alt=\"\" width=\"300\" height=\"185\" srcset=\"https:\/\/www.ticket-isladelobos.es\/wp-content\/uploads\/2021\/06\/comida1.jpg 300w, https:\/\/www.ticket-isladelobos.es\/wp-content\/uploads\/2021\/06\/comida1.jpg 370w\" sizes=\"auto, (max-width: 300px) 100vw, 300px\" \/><\/p>\n<h4><span style=\"color: #0000ff;\"><strong>Confirma la disponibilidad por WhatsApp!<\/strong><\/span><\/h4>\n<p><!--more--><\/p>\n<p>&nbsp;<\/p>\n<table class=\"table table-bordered tours-tabs__table\" style=\"height: 267px; width: 80.7181%;\" width=\"862\">\n<tbody>\n<tr style=\"height: 44px;\">\n<td style=\"height: 44px;\"><strong><\/strong><strong>LUGAR DE SALIDA\/REGRESO<\/strong><\/td>\n<td style=\"height: 44px;\">Muelle de Corralejo<\/td>\n<\/tr>\n<tr style=\"height: 22px;\">\n<td style=\"height: 22px;\"><strong><\/strong><strong><span lang=\"es\">HORA DE SALIDA<\/span><\/strong><\/td>\n<td style=\"height: 22px;\">\n<div>10:00 y 14:15<\/div>\n<\/td>\n<\/tr>\n<tr style=\"height: 139px;\">\n<td style=\"height: 139px;\"><strong><\/strong><strong>INCLUYE<\/strong><\/td>\n<td style=\"height: 139px;\">\n<table class=\"table table-bordered\" style=\"height: 99px; width: 84.9802%;\" width=\"300\">\n<tbody>\n<tr style=\"height: 44px;\">\n<td style=\"height: 44px; width: 44.5783%;\"><i class=\"fa fa-check icon-tick icon-tick--on\"><\/i>Navegacion<strong>\u00a0<\/strong><\/td>\n<td style=\"height: 44px; width: 54.0448%;\"><i class=\"fa fa-check icon-tick icon-tick--on\"><\/i>Actividades de agua (kayak, paddle surf y snorkell)<\/td>\n<\/tr>\n<tr style=\"height: 66px;\">\n<td style=\"height: 66px; width: 44.5783%;\"><i class=\"fa fa-check icon-tick icon-tick--on\"><\/i>Comida<\/td>\n<td style=\"height: 66px; width: 54.0448%;\"><i class=\"fa fa-check icon-tick icon-tick--on\"><\/i>Bebidas (agua, refrescos, t\u00e9 y caf\u00e9, ect..)\n<p><i class=\"fa fa-check icon-tick icon-tick--on\"><\/i>Traslados ida y vuelta (zona Corralejo)<\/p><\/td>\n<\/tr>\n<\/tbody>\n<\/table>\n<\/td>\n<\/tr>\n<tr style=\"height: 62px;\">\n<td style=\"height: 62px;\"><\/td>\n<td style=\"height: 62px;\"><\/td>\n<\/tr>\n<\/tbody>\n<\/table>\n<h4>Tarifas:<\/h4>\n<p>Adultos: 65\u20ac<\/p>\n<p>Ni\u00f1os (4-11): 35\u20ac<\/p>\n<p>BEB\u00c9S HASTA 3 A\u00d1OS GRATIS!<\/p>\n<div class=\"timeline\"><div class=\"timeline__item\">\n\t<div class=\"timeline__item__icon-wrap\">\n\t\t<div class=\"timeline__item__icon\">\n\t\t\t<div class=\"timeline__item__icon__text\">1<\/div>\n\t\t<\/div>\n\t<\/div>\n\t<div class=\"timeline__item__content padding-left\">\n\t\t<h3 class=\"timeline__item__title\">Salida<\/h3>\t\t<div class=\"timeline__item__description\">\n<\/div>\t<\/div>\n<\/div>\n<br \/>\n<div class=\"timeline__item\">\n\t<div class=\"timeline__item__icon-wrap\">\n\t\t<div class=\"timeline__item__icon\">\n\t\t\t<div class=\"timeline__item__icon__text\">2<\/div>\n\t\t<\/div>\n\t<\/div>\n\t<div class=\"timeline__item__content padding-left\">\n\t\t<h3 class=\"timeline__item__title\">Faro de Marti\u00f1o<\/h3>\t\t<div class=\"timeline__item__description\">Llegamos al faro de Marti\u00f1o \u2014la familia de Anto\u00f1ito \u201cEl Farero\u201d habit\u00f3 en la isla hasta 1968.<\/div>\t<\/div>\n<\/div>\n<div class=\"timeline__item\">\n\t<div class=\"timeline__item__icon-wrap\">\n\t\t<div class=\"timeline__item__icon\">\n\t\t\t<div class=\"timeline__item__icon__text\">3<\/div>\n\t\t<\/div>\n\t<\/div>\n\t<div class=\"timeline__item__content padding-left\">\n\t\t<h3 class=\"timeline__item__title\">Puertito<\/h3>\t\t<div class=\"timeline__item__description\">Navegamos al sur donde llegaremos al Puertito, con sus casitas blancas de pescadores viviendo en un remanso de paz.<\/div>\t<\/div>\n<\/div>\n<div class=\"timeline__item\">\n\t<div class=\"timeline__item__icon-wrap\">\n\t\t<div class=\"timeline__item__icon\">\n\t\t\t<div class=\"timeline__item__icon__text\">4<\/div>\n\t\t<\/div>\n\t<\/div>\n\t<div class=\"timeline__item__content padding-left\">\n\t\t<h3 class=\"timeline__item__title\">Almuerzo<\/h3>\t\t<div class=\"timeline__item__description\">Un primer plato fri\u00f3, un segundo plato caliente, y el postre natural.<\/div>\t<\/div>\n<\/div>\n<div class=\"timeline__item\">\n\t<div class=\"timeline__item__icon-wrap\">\n\t\t<div class=\"timeline__item__icon\">\n\t\t\t<div class=\"timeline__item__icon__text\">5<\/div>\n\t\t<\/div>\n\t<\/div>\n\t<div class=\"timeline__item__content padding-left\">\n\t\t<h3 class=\"timeline__item__title\">Regreso<\/h3>\t\t\t<\/div>\n<\/div>\n<\/div>\n<h3><\/h3>\n","protected":false},"excerpt":{"rendered":"<p><strong>4 horas maravillosas con actividades y comida incluida desde 35\u20ac<\/strong><\/p>\n","protected":false},"featured_media":3855,"comment_status":"open","ping_status":"closed","template":"","meta":{"jetpack_publicize_message":"","jetpack_publicize_feature_enabled":true,"jetpack_social_post_already_shared":true,"jetpack_social_options":{"image_generator_settings":{"template":"highway","default_image_id":0,"font":"","enabled":false},"version":2}},"product_brand":[],"product_cat":[15],"product_tag":[],"class_list":{"0":"post-3816","1":"product","2":"type-product","3":"status-publish","4":"has-post-thumbnail","6":"product_cat-sin-categorizar","7":"tour_category-isla-de-lobos-catamaran-corralejo","9":"first","10":"instock","11":"shipping-taxable","12":"purchasable","13":"product-type-tour"},"yoast_head":"<!-- This site is optimized with the Yoast SEO plugin v23.4 - https:\/\/yoast.com\/wordpress\/plugins\/seo\/ -->\n<title>Catamar\u00e1n Lobos-In - \u2705Isla de Lobos Fuerteventura Tickets Ferry WaterTaxi Excursiones Reservas<\/title>\n<meta name=\"description\" content=\"Este viaje completo en Catamaran a la isla de Lobos desde Corralejo (norte de Fuerteventura) comienza desde nuestro puerto base.\" \/>\n<meta name=\"robots\" content=\"index, follow, max-snippet:-1, max-image-preview:large, max-video-preview:-1\" \/>\n<link rel=\"canonical\" href=\"https:\/\/www.ticket-isladelobos.es\/es\/tours\/catamaran-lobosin\/\" \/>\n<meta property=\"og:locale\" content=\"hu_HU\" \/>\n<meta property=\"og:type\" content=\"article\" \/>\n<meta property=\"og:title\" content=\"Catamar\u00e1n Lobos-In - \u2705Isla de Lobos Fuerteventura Tickets Ferry WaterTaxi Excursiones Reservas\" \/>\n<meta property=\"og:description\" content=\"Este viaje completo en Catamaran a la isla de Lobos desde Corralejo (norte de Fuerteventura) comienza desde nuestro puerto base.\" \/>\n<meta property=\"og:url\" content=\"https:\/\/www.ticket-isladelobos.es\/es\/tours\/catamaran-lobosin\/\" \/>\n<meta property=\"og:site_name\" content=\"\u2705Isla de Lobos Fuerteventura Tickets Ferry WaterTaxi Excursiones Reservas\" \/>\n<meta property=\"article:publisher\" content=\"https:\/\/www.facebook.com\/ticketisladelobos\" \/>\n<meta property=\"article:modified_time\" content=\"2025-12-25T08:05:22+00:00\" \/>\n<meta property=\"og:image\" content=\"https:\/\/www.ticket-isladelobos.es\/wp-content\/uploads\/2021\/06\/LOBOSIN-2.jpg\" \/>\n\t<meta property=\"og:image:width\" content=\"1080\" \/>\n\t<meta property=\"og:image:height\" content=\"350\" \/>\n\t<meta property=\"og:image:type\" content=\"image\/jpeg\" \/>\n<meta name=\"twitter:card\" content=\"summary_large_image\" \/>\n<meta name=\"twitter:label1\" content=\"Becs\u00fclt olvas\u00e1si id\u0151\" \/>\n\t<meta name=\"twitter:data1\" content=\"3 perc\" \/>\n<script type=\"application\/ld+json\" class=\"yoast-schema-graph\">{\"@context\":\"https:\/\/schema.org\",\"@graph\":[{\"@type\":\"WebPage\",\"@id\":\"https:\/\/www.ticket-isladelobos.es\/es\/tours\/catamaran-lobosin\/\",\"url\":\"https:\/\/www.ticket-isladelobos.es\/es\/tours\/catamaran-lobosin\/\",\"name\":\"Catamar\u00e1n Lobos-In - \u2705Isla de Lobos Fuerteventura Tickets Ferry WaterTaxi Excursiones Reservas\",\"isPartOf\":{\"@id\":\"https:\/\/www.ticket-isladelobos.es\/es\/#website\"},\"primaryImageOfPage\":{\"@id\":\"https:\/\/www.ticket-isladelobos.es\/es\/tours\/catamaran-lobosin\/#primaryimage\"},\"image\":{\"@id\":\"https:\/\/www.ticket-isladelobos.es\/es\/tours\/catamaran-lobosin\/#primaryimage\"},\"thumbnailUrl\":\"https:\/\/www.ticket-isladelobos.es\/wp-content\/uploads\/2021\/06\/catamaran_3-e1419069145248.jpg\",\"datePublished\":\"2021-03-01T11:11:15+00:00\",\"dateModified\":\"2025-12-25T08:05:22+00:00\",\"description\":\"Este viaje completo en Catamaran a la isla de Lobos desde Corralejo (norte de Fuerteventura) comienza desde nuestro puerto base.\",\"breadcrumb\":{\"@id\":\"https:\/\/www.ticket-isladelobos.es\/es\/tours\/catamaran-lobosin\/#breadcrumb\"},\"inLanguage\":\"hu\",\"potentialAction\":[{\"@type\":\"ReadAction\",\"target\":[\"https:\/\/www.ticket-isladelobos.es\/es\/tours\/catamaran-lobosin\/\"]}]},{\"@type\":\"ImageObject\",\"inLanguage\":\"hu\",\"@id\":\"https:\/\/www.ticket-isladelobos.es\/es\/tours\/catamaran-lobosin\/#primaryimage\",\"url\":\"https:\/\/www.ticket-isladelobos.es\/wp-content\/uploads\/2021\/06\/catamaran_3-e1419069145248.jpg\",\"contentUrl\":\"https:\/\/www.ticket-isladelobos.es\/wp-content\/uploads\/2021\/06\/catamaran_3-e1419069145248.jpg\",\"width\":960,\"height\":540},{\"@type\":\"BreadcrumbList\",\"@id\":\"https:\/\/www.ticket-isladelobos.es\/es\/tours\/catamaran-lobosin\/#breadcrumb\",\"itemListElement\":[{\"@type\":\"ListItem\",\"position\":1,\"name\":\"Portada\",\"item\":\"https:\/\/www.ticket-isladelobos.es\/hu\/\"},{\"@type\":\"ListItem\",\"position\":2,\"name\":\"Tienda\",\"item\":\"https:\/\/www.ticket-isladelobos.es\/es\/tienda\/\"},{\"@type\":\"ListItem\",\"position\":3,\"name\":\"Catamar\u00e1n Lobos-In\"}]},{\"@type\":\"WebSite\",\"@id\":\"https:\/\/www.ticket-isladelobos.es\/es\/#website\",\"url\":\"https:\/\/www.ticket-isladelobos.es\/es\/\",\"name\":\"\u2705Isla de Lobos Fuerteventura Tickets Ferry WaterTaxi Excursiones Reservas\",\"description\":\"\u00bfQuieres hacer un viaje completamente inolvidable? Reserva hoy! Todo sobre la Isla de Lobos en un sitio!\",\"publisher\":{\"@id\":\"https:\/\/www.ticket-isladelobos.es\/es\/#organization\"},\"potentialAction\":[{\"@type\":\"SearchAction\",\"target\":{\"@type\":\"EntryPoint\",\"urlTemplate\":\"https:\/\/www.ticket-isladelobos.es\/es\/?s={search_term_string}\"},\"query-input\":{\"@type\":\"PropertyValueSpecification\",\"valueRequired\":true,\"valueName\":\"search_term_string\"}}],\"inLanguage\":\"hu\"},{\"@type\":\"Organization\",\"@id\":\"https:\/\/www.ticket-isladelobos.es\/es\/#organization\",\"name\":\"Ticket Isla-de-lobos\",\"url\":\"https:\/\/www.ticket-isladelobos.es\/es\/\",\"logo\":{\"@type\":\"ImageObject\",\"inLanguage\":\"hu\",\"@id\":\"https:\/\/www.ticket-isladelobos.es\/es\/#\/schema\/logo\/image\/\",\"url\":\"https:\/\/www.ticket-isladelobos.es\/wp-content\/uploads\/2021\/04\/Photo_1614613341266.jpg\",\"contentUrl\":\"https:\/\/www.ticket-isladelobos.es\/wp-content\/uploads\/2021\/04\/Photo_1614613341266.jpg\",\"width\":720,\"height\":720,\"caption\":\"Ticket Isla-de-lobos\"},\"image\":{\"@id\":\"https:\/\/www.ticket-isladelobos.es\/es\/#\/schema\/logo\/image\/\"},\"sameAs\":[\"https:\/\/www.facebook.com\/ticketisladelobos\"]}]}<\/script>\n<!-- \/ Yoast SEO plugin. -->","yoast_head_json":{"title":"Catamar\u00e1n Lobos-In - \u2705Isla de Lobos Fuerteventura Tickets Ferry WaterTaxi Excursiones Reservas","description":"Este viaje completo en Catamaran a la isla de Lobos desde Corralejo (norte de Fuerteventura) comienza desde nuestro puerto base.","robots":{"index":"index","follow":"follow","max-snippet":"max-snippet:-1","max-image-preview":"max-image-preview:large","max-video-preview":"max-video-preview:-1"},"canonical":"https:\/\/www.ticket-isladelobos.es\/es\/tours\/catamaran-lobosin\/","og_locale":"hu_HU","og_type":"article","og_title":"Catamar\u00e1n Lobos-In - \u2705Isla de Lobos Fuerteventura Tickets Ferry WaterTaxi Excursiones Reservas","og_description":"Este viaje completo en Catamaran a la isla de Lobos desde Corralejo (norte de Fuerteventura) comienza desde nuestro puerto base.","og_url":"https:\/\/www.ticket-isladelobos.es\/es\/tours\/catamaran-lobosin\/","og_site_name":"\u2705Isla de Lobos Fuerteventura Tickets Ferry WaterTaxi Excursiones Reservas","article_publisher":"https:\/\/www.facebook.com\/ticketisladelobos","article_modified_time":"2025-12-25T08:05:22+00:00","og_image":[{"width":1080,"height":350,"url":"https:\/\/www.ticket-isladelobos.es\/wp-content\/uploads\/2021\/06\/LOBOSIN-2.jpg","type":"image\/jpeg"}],"twitter_card":"summary_large_image","twitter_misc":{"Becs\u00fclt olvas\u00e1si id\u0151":"3 perc"},"schema":{"@context":"https:\/\/schema.org","@graph":[{"@type":"WebPage","@id":"https:\/\/www.ticket-isladelobos.es\/es\/tours\/catamaran-lobosin\/","url":"https:\/\/www.ticket-isladelobos.es\/es\/tours\/catamaran-lobosin\/","name":"Catamar\u00e1n Lobos-In - \u2705Isla de Lobos Fuerteventura Tickets Ferry WaterTaxi Excursiones Reservas","isPartOf":{"@id":"https:\/\/www.ticket-isladelobos.es\/es\/#website"},"primaryImageOfPage":{"@id":"https:\/\/www.ticket-isladelobos.es\/es\/tours\/catamaran-lobosin\/#primaryimage"},"image":{"@id":"https:\/\/www.ticket-isladelobos.es\/es\/tours\/catamaran-lobosin\/#primaryimage"},"thumbnailUrl":"https:\/\/www.ticket-isladelobos.es\/wp-content\/uploads\/2021\/06\/catamaran_3-e1419069145248.jpg","datePublished":"2021-03-01T11:11:15+00:00","dateModified":"2025-12-25T08:05:22+00:00","description":"Este viaje completo en Catamaran a la isla de Lobos desde Corralejo (norte de Fuerteventura) comienza desde nuestro puerto base.","breadcrumb":{"@id":"https:\/\/www.ticket-isladelobos.es\/es\/tours\/catamaran-lobosin\/#breadcrumb"},"inLanguage":"hu","potentialAction":[{"@type":"ReadAction","target":["https:\/\/www.ticket-isladelobos.es\/es\/tours\/catamaran-lobosin\/"]}]},{"@type":"ImageObject","inLanguage":"hu","@id":"https:\/\/www.ticket-isladelobos.es\/es\/tours\/catamaran-lobosin\/#primaryimage","url":"https:\/\/www.ticket-isladelobos.es\/wp-content\/uploads\/2021\/06\/catamaran_3-e1419069145248.jpg","contentUrl":"https:\/\/www.ticket-isladelobos.es\/wp-content\/uploads\/2021\/06\/catamaran_3-e1419069145248.jpg","width":960,"height":540},{"@type":"BreadcrumbList","@id":"https:\/\/www.ticket-isladelobos.es\/es\/tours\/catamaran-lobosin\/#breadcrumb","itemListElement":[{"@type":"ListItem","position":1,"name":"Portada","item":"https:\/\/www.ticket-isladelobos.es\/hu\/"},{"@type":"ListItem","position":2,"name":"Tienda","item":"https:\/\/www.ticket-isladelobos.es\/es\/tienda\/"},{"@type":"ListItem","position":3,"name":"Catamar\u00e1n Lobos-In"}]},{"@type":"WebSite","@id":"https:\/\/www.ticket-isladelobos.es\/es\/#website","url":"https:\/\/www.ticket-isladelobos.es\/es\/","name":"\u2705Isla de Lobos Fuerteventura Tickets Ferry WaterTaxi Excursiones Reservas","description":"\u00bfQuieres hacer un viaje completamente inolvidable? Reserva hoy! Todo sobre la Isla de Lobos en un sitio!","publisher":{"@id":"https:\/\/www.ticket-isladelobos.es\/es\/#organization"},"potentialAction":[{"@type":"SearchAction","target":{"@type":"EntryPoint","urlTemplate":"https:\/\/www.ticket-isladelobos.es\/es\/?s={search_term_string}"},"query-input":{"@type":"PropertyValueSpecification","valueRequired":true,"valueName":"search_term_string"}}],"inLanguage":"hu"},{"@type":"Organization","@id":"https:\/\/www.ticket-isladelobos.es\/es\/#organization","name":"Ticket Isla-de-lobos","url":"https:\/\/www.ticket-isladelobos.es\/es\/","logo":{"@type":"ImageObject","inLanguage":"hu","@id":"https:\/\/www.ticket-isladelobos.es\/es\/#\/schema\/logo\/image\/","url":"https:\/\/www.ticket-isladelobos.es\/wp-content\/uploads\/2021\/04\/Photo_1614613341266.jpg","contentUrl":"https:\/\/www.ticket-isladelobos.es\/wp-content\/uploads\/2021\/04\/Photo_1614613341266.jpg","width":720,"height":720,"caption":"Ticket Isla-de-lobos"},"image":{"@id":"https:\/\/www.ticket-isladelobos.es\/es\/#\/schema\/logo\/image\/"},"sameAs":["https:\/\/www.facebook.com\/ticketisladelobos"]}]}},"jetpack_publicize_connections":[],"jetpack_likes_enabled":true,"jetpack_sharing_enabled":true,"_links":{"self":[{"href":"https:\/\/www.ticket-isladelobos.es\/hu\/wp-json\/wp\/v2\/product\/3816","targetHints":{"allow":["GET"]}}],"collection":[{"href":"https:\/\/www.ticket-isladelobos.es\/hu\/wp-json\/wp\/v2\/product"}],"about":[{"href":"https:\/\/www.ticket-isladelobos.es\/hu\/wp-json\/wp\/v2\/types\/product"}],"replies":[{"embeddable":true,"href":"https:\/\/www.ticket-isladelobos.es\/hu\/wp-json\/wp\/v2\/comments?post=3816"}],"wp:featuredmedia":[{"embeddable":true,"href":"https:\/\/www.ticket-isladelobos.es\/hu\/wp-json\/wp\/v2\/media\/3855"}],"wp:attachment":[{"href":"https:\/\/www.ticket-isladelobos.es\/hu\/wp-json\/wp\/v2\/media?parent=3816"}],"wp:term":[{"taxonomy":"product_brand","embeddable":true,"href":"https:\/\/www.ticket-isladelobos.es\/hu\/wp-json\/wp\/v2\/product_brand?post=3816"},{"taxonomy":"product_cat","embeddable":true,"href":"https:\/\/www.ticket-isladelobos.es\/hu\/wp-json\/wp\/v2\/product_cat?post=3816"},{"taxonomy":"product_tag","embeddable":true,"href":"https:\/\/www.ticket-isladelobos.es\/hu\/wp-json\/wp\/v2\/product_tag?post=3816"}],"curies":[{"name":"wp","href":"https:\/\/api.w.org\/{rel}","templated":true}]}}