{"id":5027,"date":"2021-07-23T13:01:40","date_gmt":"2021-07-23T13:01:40","guid":{"rendered":"https:\/\/www.ticket-isladelobos.es\/?post_type=product&#038;p=5027"},"modified":"2025-11-04T17:35:08","modified_gmt":"2025-11-04T17:35:08","slug":"velero-privado-lobos","status":"publish","type":"product","link":"https:\/\/www.ticket-isladelobos.es\/hu\/kirandulasok-hajojegyek-corralejo-lobos\/velero-privado-lobos\/","title":{"rendered":"Velero Privado Corralejo Lobos"},"content":{"rendered":"<p>Velero Corralejo Lobos<\/p>\n<p>Beneteau Oceanis es un velero de dimensiones espectaculares. Un elegante barco de maderas nobles y con acabado en roble. Tiene un sal\u00f3n muy amplio con cocina independiente y dispone de 4 camarotes con ba\u00f1o propio y un camarote para el patr\u00f3n. Su eslora es de 12,60m y su manga de 4,75m.<\/p>\n<p>&nbsp;<\/p>\n<p><img loading=\"lazy\" decoding=\"async\" class=\"alignnone size-medium wp-image-5030\" src=\"https:\/\/www.ticket-isladelobos.es\/wp-content\/uploads\/2021\/07\/IMG-20210723-WA0056-300x182.jpg\" alt=\"\" width=\"300\" height=\"182\" srcset=\"https:\/\/www.ticket-isladelobos.es\/wp-content\/uploads\/2021\/07\/IMG-20210723-WA0056.jpg 300w, https:\/\/www.ticket-isladelobos.es\/wp-content\/uploads\/2021\/07\/IMG-20210723-WA0056.jpg 600w, https:\/\/www.ticket-isladelobos.es\/wp-content\/uploads\/2021\/07\/IMG-20210723-WA0056.jpg 768w\" sizes=\"auto, (max-width: 300px) 100vw, 300px\" \/><\/p>\n<p>Almuerzo incluido: Bocadillos variados, ensalada, hummus o guacamole, crudites, pepinillos, patatas fritas&#8230; Y bebidas: agua, refrescos, cerveza, vino blanco y tinto<\/p>\n<p>Tambi\u00e9n tenemos a tu servicio todo lo necesario para realizar actividades acu\u00e1ticas como Snorkel, Kayak o Paddle Surf, toda esta experiencia inolvidable.<\/p>\n<h4><\/h4>\n<p><strong>Precio hasta 7 pax: 450\u20ac<\/strong><\/p>\n<p><strong><span style=\"color: #0000ff;\">Consulta la disponibilidad por WhatsApp antes de reservar!:<\/span> <\/strong><div  data-pre_filled=\"\" data-style=\"2\" style=\"display: inline; cursor: pointer; z-index: 99999999; \" class=\"ht-ctc-sc ht-ctc-sc-chat sc-style-2 ht-ctc-inline\">\r\n<img decoding=\"async\" class=\"img-icon ctc-analytics ctc_cta\" title=\"Envianos un WhatsApp\" style=\"height: 50px;\" src=\"https:\/\/www.ticket-isladelobos.es\/wp-content\/plugins\/click-to-chat-for-whatsapp\/.\/new\/inc\/assets\/img\/whatsapp-icon-square.svg\" alt=\"Envianos un WhatsApp\"\/>\r\n<\/div><p>&nbsp;<\/p>\n<p><!--more--><\/p>\n<p>&nbsp;<\/p>\n<table class=\"table table-bordered tours-tabs__table\" style=\"height: 267px; width: 80.7181%;\" width=\"862\">\n<tbody>\n<tr style=\"height: 44px;\">\n<td style=\"height: 44px;\"><strong>PLACE OF DEPARTURE\/RETURN<\/strong><\/td>\n<td style=\"height: 44px;\">Corralejo Dock<\/td>\n<\/tr>\n<tr style=\"height: 22px;\">\n<td style=\"height: 22px;\"><strong><\/strong><strong><span lang=\"es\">DEPARTURE TIME<\/span><\/strong><\/td>\n<td style=\"height: 22px;\">\n<div>10:00 and 14:00<\/div>\n<\/td>\n<\/tr>\n<tr style=\"height: 139px;\">\n<td style=\"height: 139px;\"><strong><\/strong><strong>INCLUDED<\/strong><\/td>\n<td style=\"height: 139px;\">\n<table class=\"table table-bordered\" style=\"height: 107px; width: 84.9802%;\" width=\"300\">\n<tbody>\n<tr style=\"height: 44px;\">\n<td style=\"height: 41px; width: 44.5783%;\"><i class=\"fa fa-check icon-tick icon-tick--on\"><\/i>Navegation<\/td>\n<td style=\"height: 41px; width: 54.0448%;\"><i class=\"fa fa-check icon-tick icon-tick--on\"><\/i>Actividades acu\u00e1ticas (kayak, paddle surf y snorkell)<\/td>\n<\/tr>\n<tr style=\"height: 66px;\">\n<td style=\"height: 66px; width: 44.5783%;\"><i class=\"fa fa-check icon-tick icon-tick--on\"><\/i>Comida frutas\n<p><i class=\"fa fa-check icon-tick icon-tick--on\"><\/i>Seguro de viaje<\/p><\/td>\n<td style=\"height: 66px; width: 54.0448%;\"><i class=\"fa fa-check icon-tick icon-tick--on\"><\/i>Bebidas (agua, refrescos, cerveza\n<p><i class=\"fa fa-check icon-tick icon-tick--on\"><\/i>Buen ambiente<\/p><\/td>\n<\/tr>\n<\/tbody>\n<\/table>\n<\/td>\n<\/tr>\n<tr style=\"height: 62px;\">\n<td style=\"height: 62px;\"><\/td>\n<td style=\"height: 62px;\"><\/td>\n<\/tr>\n<\/tbody>\n<\/table>\n<p>&nbsp;<\/p>\n","protected":false},"excerpt":{"rendered":"<p>Velero Corralejo Lobos Beneteau Oceanis es un velero de dimensiones espectaculares. Un elegante barco de maderas nobles y con acabado en roble. Tiene un sal\u00f3n muy amplio con cocina independiente y dispone de 4 camarotes con ba\u00f1o propio y un camarote para el patr\u00f3n. Su eslora es de 12,60m y su manga de 4,75m. &nbsp;<\/p>\n<div class=\"padding-top text-center\"><a href=\"https:\/\/www.ticket-isladelobos.es\/hu\/kirandulasok-hajojegyek-corralejo-lobos\/velero-privado-lobos\/\" class=\"atbtn atbtn--medium atbtn--rounded atbtn--transparent\">Lee Mas<i class=\"atbtn__icon atbtn__icon--right fa fa-long-arrow-right\"><\/i><\/a><\/div>\n","protected":false},"featured_media":5028,"comment_status":"open","ping_status":"closed","template":"","meta":{"jetpack_publicize_message":"","jetpack_publicize_feature_enabled":true,"jetpack_social_post_already_shared":true,"jetpack_social_options":{"image_generator_settings":{"template":"highway","default_image_id":0,"font":"","enabled":false},"version":2}},"product_brand":[],"product_cat":[15],"product_tag":[],"class_list":{"0":"post-5027","1":"product","2":"type-product","3":"status-publish","4":"has-post-thumbnail","6":"product_cat-sin-categorizar","7":"tour_category-isla-de-lobos-catamaran-corralejo","9":"first","10":"instock","11":"sale","12":"shipping-taxable","13":"purchasable","14":"product-type-tour"},"yoast_head":"<!-- This site is optimized with the Yoast SEO plugin v23.4 - https:\/\/yoast.com\/wordpress\/plugins\/seo\/ -->\n<title>Velero Privado Corralejo Lobos - \u2705Isla de Lobos Fuerteventura Tickets Ferry WaterTaxi Excursiones Reservas<\/title>\n<meta name=\"description\" content=\"Catamar\u00e1n Privado isla de lobos fuerteventura corralejo\" \/>\n<meta name=\"robots\" content=\"index, follow, max-snippet:-1, max-image-preview:large, max-video-preview:-1\" \/>\n<link rel=\"canonical\" href=\"https:\/\/www.ticket-isladelobos.es\/es\/tours\/velero-privado-lobos\/\" \/>\n<meta property=\"og:locale\" content=\"hu_HU\" \/>\n<meta property=\"og:type\" content=\"article\" \/>\n<meta property=\"og:title\" content=\"Velero Privado Corralejo Lobos - \u2705Isla de Lobos Fuerteventura Tickets Ferry WaterTaxi Excursiones Reservas\" \/>\n<meta property=\"og:description\" content=\"Catamar\u00e1n Privado isla de lobos fuerteventura corralejo\" \/>\n<meta property=\"og:url\" content=\"https:\/\/www.ticket-isladelobos.es\/es\/tours\/velero-privado-lobos\/\" \/>\n<meta property=\"og:site_name\" content=\"\u2705Isla de Lobos Fuerteventura Tickets Ferry WaterTaxi Excursiones Reservas\" \/>\n<meta property=\"article:publisher\" content=\"https:\/\/www.facebook.com\/ticketisladelobos\" \/>\n<meta property=\"article:modified_time\" content=\"2025-11-04T17:35:08+00:00\" \/>\n<meta property=\"og:image\" content=\"https:\/\/www.ticket-isladelobos.es\/wp-content\/uploads\/2021\/07\/IMG-20210723-WA0057.jpg\" \/>\n\t<meta property=\"og:image:width\" content=\"768\" \/>\n\t<meta property=\"og:image:height\" content=\"432\" \/>\n\t<meta property=\"og:image:type\" content=\"image\/jpeg\" \/>\n<meta name=\"twitter:card\" content=\"summary_large_image\" \/>\n<meta name=\"twitter:label1\" content=\"Becs\u00fclt olvas\u00e1si id\u0151\" \/>\n\t<meta name=\"twitter:data1\" content=\"2 perc\" \/>\n<script type=\"application\/ld+json\" class=\"yoast-schema-graph\">{\"@context\":\"https:\/\/schema.org\",\"@graph\":[{\"@type\":\"WebPage\",\"@id\":\"https:\/\/www.ticket-isladelobos.es\/es\/tours\/velero-privado-lobos\/\",\"url\":\"https:\/\/www.ticket-isladelobos.es\/es\/tours\/velero-privado-lobos\/\",\"name\":\"Velero Privado Corralejo Lobos - \u2705Isla de Lobos Fuerteventura Tickets Ferry WaterTaxi Excursiones Reservas\",\"isPartOf\":{\"@id\":\"https:\/\/www.ticket-isladelobos.es\/es\/#website\"},\"primaryImageOfPage\":{\"@id\":\"https:\/\/www.ticket-isladelobos.es\/es\/tours\/velero-privado-lobos\/#primaryimage\"},\"image\":{\"@id\":\"https:\/\/www.ticket-isladelobos.es\/es\/tours\/velero-privado-lobos\/#primaryimage\"},\"thumbnailUrl\":\"https:\/\/www.ticket-isladelobos.es\/wp-content\/uploads\/2021\/07\/IMG-20210723-WA0057.jpg\",\"datePublished\":\"2021-07-23T13:01:40+00:00\",\"dateModified\":\"2025-11-04T17:35:08+00:00\",\"description\":\"Catamar\u00e1n Privado isla de lobos fuerteventura corralejo\",\"breadcrumb\":{\"@id\":\"https:\/\/www.ticket-isladelobos.es\/es\/tours\/velero-privado-lobos\/#breadcrumb\"},\"inLanguage\":\"hu\",\"potentialAction\":[{\"@type\":\"ReadAction\",\"target\":[\"https:\/\/www.ticket-isladelobos.es\/es\/tours\/velero-privado-lobos\/\"]}]},{\"@type\":\"ImageObject\",\"inLanguage\":\"hu\",\"@id\":\"https:\/\/www.ticket-isladelobos.es\/es\/tours\/velero-privado-lobos\/#primaryimage\",\"url\":\"https:\/\/www.ticket-isladelobos.es\/wp-content\/uploads\/2021\/07\/IMG-20210723-WA0057.jpg\",\"contentUrl\":\"https:\/\/www.ticket-isladelobos.es\/wp-content\/uploads\/2021\/07\/IMG-20210723-WA0057.jpg\",\"width\":768,\"height\":432},{\"@type\":\"BreadcrumbList\",\"@id\":\"https:\/\/www.ticket-isladelobos.es\/es\/tours\/velero-privado-lobos\/#breadcrumb\",\"itemListElement\":[{\"@type\":\"ListItem\",\"position\":1,\"name\":\"Portada\",\"item\":\"https:\/\/www.ticket-isladelobos.es\/hu\/\"},{\"@type\":\"ListItem\",\"position\":2,\"name\":\"Tienda\",\"item\":\"https:\/\/www.ticket-isladelobos.es\/es\/tienda\/\"},{\"@type\":\"ListItem\",\"position\":3,\"name\":\"Velero Privado Corralejo Lobos\"}]},{\"@type\":\"WebSite\",\"@id\":\"https:\/\/www.ticket-isladelobos.es\/es\/#website\",\"url\":\"https:\/\/www.ticket-isladelobos.es\/es\/\",\"name\":\"\u2705Isla de Lobos Fuerteventura Tickets Ferry WaterTaxi Excursiones Reservas\",\"description\":\"\u00bfQuieres hacer un viaje completamente inolvidable? Reserva hoy! Todo sobre la Isla de Lobos en un sitio!\",\"publisher\":{\"@id\":\"https:\/\/www.ticket-isladelobos.es\/es\/#organization\"},\"potentialAction\":[{\"@type\":\"SearchAction\",\"target\":{\"@type\":\"EntryPoint\",\"urlTemplate\":\"https:\/\/www.ticket-isladelobos.es\/es\/?s={search_term_string}\"},\"query-input\":{\"@type\":\"PropertyValueSpecification\",\"valueRequired\":true,\"valueName\":\"search_term_string\"}}],\"inLanguage\":\"hu\"},{\"@type\":\"Organization\",\"@id\":\"https:\/\/www.ticket-isladelobos.es\/es\/#organization\",\"name\":\"Ticket Isla-de-lobos\",\"url\":\"https:\/\/www.ticket-isladelobos.es\/es\/\",\"logo\":{\"@type\":\"ImageObject\",\"inLanguage\":\"hu\",\"@id\":\"https:\/\/www.ticket-isladelobos.es\/es\/#\/schema\/logo\/image\/\",\"url\":\"https:\/\/www.ticket-isladelobos.es\/wp-content\/uploads\/2021\/04\/Photo_1614613341266.jpg\",\"contentUrl\":\"https:\/\/www.ticket-isladelobos.es\/wp-content\/uploads\/2021\/04\/Photo_1614613341266.jpg\",\"width\":720,\"height\":720,\"caption\":\"Ticket Isla-de-lobos\"},\"image\":{\"@id\":\"https:\/\/www.ticket-isladelobos.es\/es\/#\/schema\/logo\/image\/\"},\"sameAs\":[\"https:\/\/www.facebook.com\/ticketisladelobos\"]}]}<\/script>\n<!-- \/ Yoast SEO plugin. -->","yoast_head_json":{"title":"Velero Privado Corralejo Lobos - \u2705Isla de Lobos Fuerteventura Tickets Ferry WaterTaxi Excursiones Reservas","description":"Catamar\u00e1n Privado isla de lobos fuerteventura corralejo","robots":{"index":"index","follow":"follow","max-snippet":"max-snippet:-1","max-image-preview":"max-image-preview:large","max-video-preview":"max-video-preview:-1"},"canonical":"https:\/\/www.ticket-isladelobos.es\/es\/tours\/velero-privado-lobos\/","og_locale":"hu_HU","og_type":"article","og_title":"Velero Privado Corralejo Lobos - \u2705Isla de Lobos Fuerteventura Tickets Ferry WaterTaxi Excursiones Reservas","og_description":"Catamar\u00e1n Privado isla de lobos fuerteventura corralejo","og_url":"https:\/\/www.ticket-isladelobos.es\/es\/tours\/velero-privado-lobos\/","og_site_name":"\u2705Isla de Lobos Fuerteventura Tickets Ferry WaterTaxi Excursiones Reservas","article_publisher":"https:\/\/www.facebook.com\/ticketisladelobos","article_modified_time":"2025-11-04T17:35:08+00:00","og_image":[{"width":768,"height":432,"url":"https:\/\/www.ticket-isladelobos.es\/wp-content\/uploads\/2021\/07\/IMG-20210723-WA0057.jpg","type":"image\/jpeg"}],"twitter_card":"summary_large_image","twitter_misc":{"Becs\u00fclt olvas\u00e1si id\u0151":"2 perc"},"schema":{"@context":"https:\/\/schema.org","@graph":[{"@type":"WebPage","@id":"https:\/\/www.ticket-isladelobos.es\/es\/tours\/velero-privado-lobos\/","url":"https:\/\/www.ticket-isladelobos.es\/es\/tours\/velero-privado-lobos\/","name":"Velero Privado Corralejo Lobos - \u2705Isla de Lobos Fuerteventura Tickets Ferry WaterTaxi Excursiones Reservas","isPartOf":{"@id":"https:\/\/www.ticket-isladelobos.es\/es\/#website"},"primaryImageOfPage":{"@id":"https:\/\/www.ticket-isladelobos.es\/es\/tours\/velero-privado-lobos\/#primaryimage"},"image":{"@id":"https:\/\/www.ticket-isladelobos.es\/es\/tours\/velero-privado-lobos\/#primaryimage"},"thumbnailUrl":"https:\/\/www.ticket-isladelobos.es\/wp-content\/uploads\/2021\/07\/IMG-20210723-WA0057.jpg","datePublished":"2021-07-23T13:01:40+00:00","dateModified":"2025-11-04T17:35:08+00:00","description":"Catamar\u00e1n Privado isla de lobos fuerteventura corralejo","breadcrumb":{"@id":"https:\/\/www.ticket-isladelobos.es\/es\/tours\/velero-privado-lobos\/#breadcrumb"},"inLanguage":"hu","potentialAction":[{"@type":"ReadAction","target":["https:\/\/www.ticket-isladelobos.es\/es\/tours\/velero-privado-lobos\/"]}]},{"@type":"ImageObject","inLanguage":"hu","@id":"https:\/\/www.ticket-isladelobos.es\/es\/tours\/velero-privado-lobos\/#primaryimage","url":"https:\/\/www.ticket-isladelobos.es\/wp-content\/uploads\/2021\/07\/IMG-20210723-WA0057.jpg","contentUrl":"https:\/\/www.ticket-isladelobos.es\/wp-content\/uploads\/2021\/07\/IMG-20210723-WA0057.jpg","width":768,"height":432},{"@type":"BreadcrumbList","@id":"https:\/\/www.ticket-isladelobos.es\/es\/tours\/velero-privado-lobos\/#breadcrumb","itemListElement":[{"@type":"ListItem","position":1,"name":"Portada","item":"https:\/\/www.ticket-isladelobos.es\/hu\/"},{"@type":"ListItem","position":2,"name":"Tienda","item":"https:\/\/www.ticket-isladelobos.es\/es\/tienda\/"},{"@type":"ListItem","position":3,"name":"Velero Privado Corralejo Lobos"}]},{"@type":"WebSite","@id":"https:\/\/www.ticket-isladelobos.es\/es\/#website","url":"https:\/\/www.ticket-isladelobos.es\/es\/","name":"\u2705Isla de Lobos Fuerteventura Tickets Ferry WaterTaxi Excursiones Reservas","description":"\u00bfQuieres hacer un viaje completamente inolvidable? Reserva hoy! Todo sobre la Isla de Lobos en un sitio!","publisher":{"@id":"https:\/\/www.ticket-isladelobos.es\/es\/#organization"},"potentialAction":[{"@type":"SearchAction","target":{"@type":"EntryPoint","urlTemplate":"https:\/\/www.ticket-isladelobos.es\/es\/?s={search_term_string}"},"query-input":{"@type":"PropertyValueSpecification","valueRequired":true,"valueName":"search_term_string"}}],"inLanguage":"hu"},{"@type":"Organization","@id":"https:\/\/www.ticket-isladelobos.es\/es\/#organization","name":"Ticket Isla-de-lobos","url":"https:\/\/www.ticket-isladelobos.es\/es\/","logo":{"@type":"ImageObject","inLanguage":"hu","@id":"https:\/\/www.ticket-isladelobos.es\/es\/#\/schema\/logo\/image\/","url":"https:\/\/www.ticket-isladelobos.es\/wp-content\/uploads\/2021\/04\/Photo_1614613341266.jpg","contentUrl":"https:\/\/www.ticket-isladelobos.es\/wp-content\/uploads\/2021\/04\/Photo_1614613341266.jpg","width":720,"height":720,"caption":"Ticket Isla-de-lobos"},"image":{"@id":"https:\/\/www.ticket-isladelobos.es\/es\/#\/schema\/logo\/image\/"},"sameAs":["https:\/\/www.facebook.com\/ticketisladelobos"]}]}},"jetpack_publicize_connections":[],"jetpack_likes_enabled":true,"jetpack_sharing_enabled":true,"_links":{"self":[{"href":"https:\/\/www.ticket-isladelobos.es\/hu\/wp-json\/wp\/v2\/product\/5027","targetHints":{"allow":["GET"]}}],"collection":[{"href":"https:\/\/www.ticket-isladelobos.es\/hu\/wp-json\/wp\/v2\/product"}],"about":[{"href":"https:\/\/www.ticket-isladelobos.es\/hu\/wp-json\/wp\/v2\/types\/product"}],"replies":[{"embeddable":true,"href":"https:\/\/www.ticket-isladelobos.es\/hu\/wp-json\/wp\/v2\/comments?post=5027"}],"wp:featuredmedia":[{"embeddable":true,"href":"https:\/\/www.ticket-isladelobos.es\/hu\/wp-json\/wp\/v2\/media\/5028"}],"wp:attachment":[{"href":"https:\/\/www.ticket-isladelobos.es\/hu\/wp-json\/wp\/v2\/media?parent=5027"}],"wp:term":[{"taxonomy":"product_brand","embeddable":true,"href":"https:\/\/www.ticket-isladelobos.es\/hu\/wp-json\/wp\/v2\/product_brand?post=5027"},{"taxonomy":"product_cat","embeddable":true,"href":"https:\/\/www.ticket-isladelobos.es\/hu\/wp-json\/wp\/v2\/product_cat?post=5027"},{"taxonomy":"product_tag","embeddable":true,"href":"https:\/\/www.ticket-isladelobos.es\/hu\/wp-json\/wp\/v2\/product_tag?post=5027"}],"curies":[{"name":"wp","href":"https:\/\/api.w.org\/{rel}","templated":true}]}}