{"id":5676,"date":"2022-02-28T15:13:49","date_gmt":"2022-02-28T15:13:49","guid":{"rendered":"https:\/\/www.ticket-isladelobos.es\/?post_type=product&#038;p=5676"},"modified":"2025-12-25T08:05:07","modified_gmt":"2025-12-25T08:05:07","slug":"catamaran-freebird","status":"publish","type":"product","link":"https:\/\/www.ticket-isladelobos.es\/hu\/kirandulasok-hajojegyek-corralejo-lobos\/catamaran-freebird\/","title":{"rendered":"Catamar\u00e1n Freebird con Desembarque"},"content":{"rendered":"<h1>LOBOS Catamar\u00e1n Freebird con Desembarque<\/h1>\n<p>ITINERARIO:<br \/>\nDisfrute de un inolvidable d\u00eda navegando a vela a bordo de un lujoso catamar\u00e1n desde Corralejo hacia la paradis\u00edaca Isla de Lobos,<\/p>\n<p>2. Una vez all\u00ed anclaremos en una de sus maravillosas calas en las que podr\u00e1 nadar en sus aguas cristalinas, relajarse tomando el sol en cubierta y disfrutar de un exquisito almuerzo (Barra Libre de Bebidas).<\/p>\n<p><strong>Tambi\u00e9n tendremos la posibilidad de desembarcar en el Islote para visitarlo.<\/strong><\/p>\n<p>Actividades Acu\u00e1ticas Incluidas: Snorkeling (gafas y tubos disponibles), Paddel Sup y Neum\u00e1tica.<\/p>\n<p><img loading=\"lazy\" decoding=\"async\" class=\"alignnone size-medium wp-image-21575\" src=\"https:\/\/www.ticket-isladelobos.es\/wp-content\/uploads\/2022\/02\/barco-a-lobos-8-300x200.jpg\" alt=\"\" width=\"300\" height=\"200\" srcset=\"https:\/\/www.ticket-isladelobos.es\/wp-content\/uploads\/2022\/02\/barco-a-lobos-8.jpg 300w, https:\/\/www.ticket-isladelobos.es\/wp-content\/uploads\/2022\/02\/barco-a-lobos-8.jpg 1024w, https:\/\/www.ticket-isladelobos.es\/wp-content\/uploads\/2022\/02\/barco-a-lobos-8.jpg 768w, https:\/\/www.ticket-isladelobos.es\/wp-content\/uploads\/2022\/02\/barco-a-lobos-8.jpg 531w, https:\/\/www.ticket-isladelobos.es\/wp-content\/uploads\/2022\/02\/barco-a-lobos-8.jpg 600w, https:\/\/www.ticket-isladelobos.es\/wp-content\/uploads\/2022\/02\/barco-a-lobos-8.jpg 180w, https:\/\/www.ticket-isladelobos.es\/wp-content\/uploads\/2022\/02\/barco-a-lobos-8.jpg 1200w\" sizes=\"auto, (max-width: 300px) 100vw, 300px\" \/><\/p>\n<h4><span style=\"color: #0000ff;\"><strong>Confirma la disponibilidad por WhatsApp!<\/strong><\/span><\/h4>\n<p>D\u00cdAS DE SALIDA<\/p>\n<p>(Zona Norte Y Zona Sur)<\/p>\n<p>HORARIO<br \/>\nDE 10:00 H A 14:00 H<\/p>\n<p>PRECIOS:<\/p>\n<p>Adulto (12 &#8211; 99 a\u00f1os) 62EUR<\/p>\n<p>Ni\u00f1o (4 &#8211; 11 a\u00f1os) 38EUR<\/p>\n<p>Beb\u00e9 (0 &#8211; 3 a\u00f1os) Gratis<\/p>\n<p>&nbsp;<\/p>\n<p><img loading=\"lazy\" decoding=\"async\" class=\"alignnone size-medium wp-image-21579\" src=\"https:\/\/www.ticket-isladelobos.es\/wp-content\/uploads\/2022\/02\/barco-a-lobos-9-300x200.jpg\" alt=\"\" width=\"300\" height=\"200\" srcset=\"https:\/\/www.ticket-isladelobos.es\/wp-content\/uploads\/2022\/02\/barco-a-lobos-9.jpg 300w, https:\/\/www.ticket-isladelobos.es\/wp-content\/uploads\/2022\/02\/barco-a-lobos-9.jpg 1024w, https:\/\/www.ticket-isladelobos.es\/wp-content\/uploads\/2022\/02\/barco-a-lobos-9.jpg 768w, https:\/\/www.ticket-isladelobos.es\/wp-content\/uploads\/2022\/02\/barco-a-lobos-9.jpg 531w, https:\/\/www.ticket-isladelobos.es\/wp-content\/uploads\/2022\/02\/barco-a-lobos-9.jpg 600w, https:\/\/www.ticket-isladelobos.es\/wp-content\/uploads\/2022\/02\/barco-a-lobos-9.jpg 180w, https:\/\/www.ticket-isladelobos.es\/wp-content\/uploads\/2022\/02\/barco-a-lobos-9.jpg 1200w\" sizes=\"auto, (max-width: 300px) 100vw, 300px\" \/><\/p>\n<p>&nbsp;<\/p>\n<p><!--more--><\/p>\n<table class=\"table table-bordered tours-tabs__table\" style=\"height: 233px; width: 854px;\" width=\"862\">\n<tbody>\n<tr>\n<td style=\"width: 327px;\"><strong>LUGAR DE SALIDA\/REGRESO<\/strong><\/td>\n<td style=\"width: 527px;\">Muelle de Corralejo<\/td>\n<\/tr>\n<tr>\n<td style=\"width: 327px;\"><strong><span lang=\"es\">HORA DE SALIDA<\/span><\/strong><\/td>\n<td style=\"width: 527px;\">10:00<\/td>\n<\/tr>\n<tr>\n<td style=\"width: 327px;\"><strong>INCLUYE<\/strong><\/td>\n<td style=\"width: 527px;\">\n<table class=\"table table-bordered\" style=\"height: 438px; width: 59.3882%;\" width=\"300\">\n<tbody>\n<tr style=\"height: 142px;\">\n<td style=\"width: 116px; height: 142px;\"><i class=\"fa fa-check icon-tick icon-tick--on\"><\/i>Patr\u00f3n de embarcaci\u00f3n, marinero<\/td>\n<td style=\"width: 176px; height: 142px;\"><i class=\"fa fa-check icon-tick icon-tick--on\"><\/i><strong>Desembarque en el Islotel de Lobos<\/strong><\/td>\n<\/tr>\n<tr style=\"height: 154px;\">\n<td style=\"width: 116px; height: 154px;\"><i class=\"fa fa-check icon-tick icon-tick--on\"><\/i><strong>Almuerzo paella mixta y postre<\/strong><\/td>\n<td style=\"width: 176px; height: 154px;\"><i class=\"fa fa-check icon-tick icon-tick--on\"><\/i><strong>Bebidas est\u00e1n incluidas durante todo el trayecto<\/strong>\n<p>&nbsp;<\/p><\/td>\n<\/tr>\n<tr style=\"height: 142px;\">\n<td style=\"width: 116px; height: 142px;\"><i class=\"fa fa-check icon-tick icon-tick--on\"><\/i><strong>Tablas de SUP<\/strong><\/td>\n<td style=\"width: 176px; height: 142px;\"><i class=\"fa fa-check icon-tick icon-tick--on\"><\/i>Material de snorkel (gafas de buceo, tubos y aletas<\/td>\n<\/tr>\n<\/tbody>\n<\/table>\n<\/td>\n<\/tr>\n<tr>\n<td style=\"width: 327px;\"><\/td>\n<td style=\"width: 527px;\">\n<table class=\"table table-bordered\" style=\"height: 62px;\" width=\"300\">\n<tbody>\n<tr>\n<td>&nbsp;\n<h5><\/h5>\n<\/td>\n<\/tr>\n<\/tbody>\n<\/table>\n<\/td>\n<\/tr>\n<\/tbody>\n<\/table>\n<p><img loading=\"lazy\" decoding=\"async\" class=\"alignnone size-medium wp-image-21585\" src=\"https:\/\/www.ticket-isladelobos.es\/wp-content\/uploads\/2022\/02\/oby-freebir-catamaran-50-plazas-214x300.jpg\" alt=\"\" width=\"214\" height=\"300\" srcset=\"https:\/\/www.ticket-isladelobos.es\/wp-content\/uploads\/2022\/02\/oby-freebir-catamaran-50-plazas.jpg 214w, https:\/\/www.ticket-isladelobos.es\/wp-content\/uploads\/2022\/02\/oby-freebir-catamaran-50-plazas.jpg 731w, https:\/\/www.ticket-isladelobos.es\/wp-content\/uploads\/2022\/02\/oby-freebir-catamaran-50-plazas.jpg 600w, https:\/\/www.ticket-isladelobos.es\/wp-content\/uploads\/2022\/02\/oby-freebir-catamaran-50-plazas.jpg 750w\" sizes=\"auto, (max-width: 214px) 100vw, 214px\" \/><\/p>\n<div class=\"timeline__item\">\n\t<div class=\"timeline__item__icon-wrap\">\n\t\t<div class=\"timeline__item__icon\">\n\t\t\t<div class=\"timeline__item__icon__text\">1<\/div>\n\t\t<\/div>\n\t<\/div>\n\t<div class=\"timeline__item__content padding-left\">\n\t\t<h3 class=\"timeline__item__title\">Salida<\/h3>\t\t<div class=\"timeline__item__description\">Partimos desde el Puerto de Corralejo<\/div>\t<\/div>\n<\/div>\n<div class=\"timeline__item\">\n\t<div class=\"timeline__item__icon-wrap\">\n\t\t<div class=\"timeline__item__icon\">\n\t\t\t<div class=\"timeline__item__icon__text\">2<\/div>\n\t\t<\/div>\n\t<\/div>\n\t<div class=\"timeline__item__content padding-left\">\n\t\t<h3 class=\"timeline__item__title\">Navegaci\u00f3n<\/h3>\t\t<div class=\"timeline__item__description\">Cogemos rumbo hacia la Isla de Lobos\n<\/div>\t<\/div>\n<\/div>\n<div class=\"timeline__item\">\n\t<div class=\"timeline__item__icon-wrap\">\n\t\t<div class=\"timeline__item__icon\">\n\t\t\t<div class=\"timeline__item__icon__text\">3<\/div>\n\t\t<\/div>\n\t<\/div>\n\t<div class=\"timeline__item__content padding-left\">\n\t\t<h3 class=\"timeline__item__title\">Vamos al agua!<\/h3>\t\t<div class=\"timeline__item__description\">Anclaremos cerca de la costa, y tendr\u00e1 tiempo para practicar snorkell (bucear con gafas, tubos y aletas),\u00a0 practicar Stand up padel<\/div>\t<\/div>\n<\/div>\n<div class=\"timeline__item\">\n\t<div class=\"timeline__item__icon-wrap\">\n\t\t<div class=\"timeline__item__icon\">\n\t\t\t<div class=\"timeline__item__icon__text\">4<\/div>\n\t\t<\/div>\n\t<\/div>\n\t<div class=\"timeline__item__content padding-left\">\n\t\t<h3 class=\"timeline__item__title\">Almuerzo<\/h3>\t\t<div class=\"timeline__item__description\">En el almuerzo se sirve paella mixta <\/div>\t<\/div>\n<\/div>\n<div class=\"timeline__item\">\n\t<div class=\"timeline__item__icon-wrap\">\n\t\t<div class=\"timeline__item__icon\">\n\t\t\t<div class=\"timeline__item__icon__text\">5<\/div>\n\t\t<\/div>\n\t<\/div>\n\t<div class=\"timeline__item__content padding-left\">\n\t\t<h3 class=\"timeline__item__title\">Regreso<\/h3>\t\t<div class=\"timeline__item__description\">.<\/div>\t<\/div>\n<\/div>\n<p>&nbsp;<\/p>\n","protected":false},"excerpt":{"rendered":"<p>LOBOS Catamar\u00e1n Freebird con Desembarque ITINERARIO: Disfrute de un inolvidable d\u00eda navegando a vela a bordo de un lujoso catamar\u00e1n desde Corralejo hacia la paradis\u00edaca Isla de Lobos, 2. Una vez all\u00ed anclaremos en una de sus maravillosas calas en las que podr\u00e1 nadar en sus aguas cristalinas, relajarse tomando el sol en cubierta y<\/p>\n<div class=\"padding-top text-center\"><a href=\"https:\/\/www.ticket-isladelobos.es\/hu\/kirandulasok-hajojegyek-corralejo-lobos\/catamaran-freebird\/\" class=\"atbtn atbtn--medium atbtn--rounded atbtn--transparent\">Lee Mas<i class=\"atbtn__icon atbtn__icon--right fa fa-long-arrow-right\"><\/i><\/a><\/div>\n","protected":false},"featured_media":21571,"comment_status":"open","ping_status":"closed","template":"","meta":{"jetpack_publicize_message":"","jetpack_publicize_feature_enabled":true,"jetpack_social_post_already_shared":true,"jetpack_social_options":{"image_generator_settings":{"template":"highway","default_image_id":0,"font":"","enabled":false},"version":2}},"product_brand":[],"product_cat":[15],"product_tag":[],"class_list":{"0":"post-5676","1":"product","2":"type-product","3":"status-publish","4":"has-post-thumbnail","6":"product_cat-sin-categorizar","7":"tour_category-isla-de-lobos-catamaran-corralejo","9":"first","10":"instock","11":"shipping-taxable","12":"purchasable","13":"product-type-tour","14":"has-default-attributes"},"yoast_head":"<!-- This site is optimized with the Yoast SEO plugin v23.4 - https:\/\/yoast.com\/wordpress\/plugins\/seo\/ -->\n<title>Catamar\u00e1n Freebird con Desembarque - \u2705Isla de Lobos Fuerteventura Tickets Ferry WaterTaxi Excursiones Reservas<\/title>\n<meta name=\"description\" content=\"Disfrute de un fant\u00e1stico d\u00eda a bordo de nuestro exclusivo catamar\u00e1n. , ofrecemos una atenci\u00f3n personalizada a cada uno de nuestros clientes.\" \/>\n<meta name=\"robots\" content=\"index, follow, max-snippet:-1, max-image-preview:large, max-video-preview:-1\" \/>\n<link rel=\"canonical\" href=\"https:\/\/www.ticket-isladelobos.es\/es\/tours\/catamaran-freebird\/\" \/>\n<meta property=\"og:locale\" content=\"hu_HU\" \/>\n<meta property=\"og:type\" content=\"article\" \/>\n<meta property=\"og:title\" content=\"Catamar\u00e1n Freebird con Desembarque - \u2705Isla de Lobos Fuerteventura Tickets Ferry WaterTaxi Excursiones Reservas\" \/>\n<meta property=\"og:description\" content=\"Disfrute de un fant\u00e1stico d\u00eda a bordo de nuestro exclusivo catamar\u00e1n. , ofrecemos una atenci\u00f3n personalizada a cada uno de nuestros clientes.\" \/>\n<meta property=\"og:url\" content=\"https:\/\/www.ticket-isladelobos.es\/es\/tours\/catamaran-freebird\/\" \/>\n<meta property=\"og:site_name\" content=\"\u2705Isla de Lobos Fuerteventura Tickets Ferry WaterTaxi Excursiones Reservas\" \/>\n<meta property=\"article:publisher\" content=\"https:\/\/www.facebook.com\/ticketisladelobos\" \/>\n<meta property=\"article:modified_time\" content=\"2025-12-25T08:05:07+00:00\" \/>\n<meta property=\"og:image\" content=\"https:\/\/www.ticket-isladelobos.es\/wp-content\/uploads\/2022\/02\/barco-a-lobos-7.jpg\" \/>\n\t<meta property=\"og:image:width\" content=\"1200\" \/>\n\t<meta property=\"og:image:height\" content=\"800\" \/>\n\t<meta property=\"og:image:type\" content=\"image\/jpeg\" \/>\n<meta name=\"twitter:card\" content=\"summary_large_image\" \/>\n<meta name=\"twitter:label1\" content=\"Becs\u00fclt olvas\u00e1si id\u0151\" \/>\n\t<meta name=\"twitter:data1\" content=\"2 perc\" \/>\n<script type=\"application\/ld+json\" class=\"yoast-schema-graph\">{\"@context\":\"https:\/\/schema.org\",\"@graph\":[{\"@type\":\"WebPage\",\"@id\":\"https:\/\/www.ticket-isladelobos.es\/es\/tours\/catamaran-freebird\/\",\"url\":\"https:\/\/www.ticket-isladelobos.es\/es\/tours\/catamaran-freebird\/\",\"name\":\"Catamar\u00e1n Freebird con Desembarque - \u2705Isla de Lobos Fuerteventura Tickets Ferry WaterTaxi Excursiones Reservas\",\"isPartOf\":{\"@id\":\"https:\/\/www.ticket-isladelobos.es\/es\/#website\"},\"primaryImageOfPage\":{\"@id\":\"https:\/\/www.ticket-isladelobos.es\/es\/tours\/catamaran-freebird\/#primaryimage\"},\"image\":{\"@id\":\"https:\/\/www.ticket-isladelobos.es\/es\/tours\/catamaran-freebird\/#primaryimage\"},\"thumbnailUrl\":\"https:\/\/www.ticket-isladelobos.es\/wp-content\/uploads\/2022\/02\/barco-a-lobos-7.jpg\",\"datePublished\":\"2022-02-28T15:13:49+00:00\",\"dateModified\":\"2025-12-25T08:05:07+00:00\",\"description\":\"Disfrute de un fant\u00e1stico d\u00eda a bordo de nuestro exclusivo catamar\u00e1n. , ofrecemos una atenci\u00f3n personalizada a cada uno de nuestros clientes.\",\"breadcrumb\":{\"@id\":\"https:\/\/www.ticket-isladelobos.es\/es\/tours\/catamaran-freebird\/#breadcrumb\"},\"inLanguage\":\"hu\",\"potentialAction\":[{\"@type\":\"ReadAction\",\"target\":[\"https:\/\/www.ticket-isladelobos.es\/es\/tours\/catamaran-freebird\/\"]}]},{\"@type\":\"ImageObject\",\"inLanguage\":\"hu\",\"@id\":\"https:\/\/www.ticket-isladelobos.es\/es\/tours\/catamaran-freebird\/#primaryimage\",\"url\":\"https:\/\/www.ticket-isladelobos.es\/wp-content\/uploads\/2022\/02\/barco-a-lobos-7.jpg\",\"contentUrl\":\"https:\/\/www.ticket-isladelobos.es\/wp-content\/uploads\/2022\/02\/barco-a-lobos-7.jpg\",\"width\":1200,\"height\":800},{\"@type\":\"BreadcrumbList\",\"@id\":\"https:\/\/www.ticket-isladelobos.es\/es\/tours\/catamaran-freebird\/#breadcrumb\",\"itemListElement\":[{\"@type\":\"ListItem\",\"position\":1,\"name\":\"Portada\",\"item\":\"https:\/\/www.ticket-isladelobos.es\/hu\/\"},{\"@type\":\"ListItem\",\"position\":2,\"name\":\"Tienda\",\"item\":\"https:\/\/www.ticket-isladelobos.es\/es\/tienda\/\"},{\"@type\":\"ListItem\",\"position\":3,\"name\":\"Catamar\u00e1n Freebird con Desembarque\"}]},{\"@type\":\"WebSite\",\"@id\":\"https:\/\/www.ticket-isladelobos.es\/es\/#website\",\"url\":\"https:\/\/www.ticket-isladelobos.es\/es\/\",\"name\":\"\u2705Isla de Lobos Fuerteventura Tickets Ferry WaterTaxi Excursiones Reservas\",\"description\":\"\u00bfQuieres hacer un viaje completamente inolvidable? Reserva hoy! Todo sobre la Isla de Lobos en un sitio!\",\"publisher\":{\"@id\":\"https:\/\/www.ticket-isladelobos.es\/es\/#organization\"},\"potentialAction\":[{\"@type\":\"SearchAction\",\"target\":{\"@type\":\"EntryPoint\",\"urlTemplate\":\"https:\/\/www.ticket-isladelobos.es\/es\/?s={search_term_string}\"},\"query-input\":{\"@type\":\"PropertyValueSpecification\",\"valueRequired\":true,\"valueName\":\"search_term_string\"}}],\"inLanguage\":\"hu\"},{\"@type\":\"Organization\",\"@id\":\"https:\/\/www.ticket-isladelobos.es\/es\/#organization\",\"name\":\"Ticket Isla-de-lobos\",\"url\":\"https:\/\/www.ticket-isladelobos.es\/es\/\",\"logo\":{\"@type\":\"ImageObject\",\"inLanguage\":\"hu\",\"@id\":\"https:\/\/www.ticket-isladelobos.es\/es\/#\/schema\/logo\/image\/\",\"url\":\"https:\/\/www.ticket-isladelobos.es\/wp-content\/uploads\/2021\/04\/Photo_1614613341266.jpg\",\"contentUrl\":\"https:\/\/www.ticket-isladelobos.es\/wp-content\/uploads\/2021\/04\/Photo_1614613341266.jpg\",\"width\":720,\"height\":720,\"caption\":\"Ticket Isla-de-lobos\"},\"image\":{\"@id\":\"https:\/\/www.ticket-isladelobos.es\/es\/#\/schema\/logo\/image\/\"},\"sameAs\":[\"https:\/\/www.facebook.com\/ticketisladelobos\"]}]}<\/script>\n<!-- \/ Yoast SEO plugin. -->","yoast_head_json":{"title":"Catamar\u00e1n Freebird con Desembarque - \u2705Isla de Lobos Fuerteventura Tickets Ferry WaterTaxi Excursiones Reservas","description":"Disfrute de un fant\u00e1stico d\u00eda a bordo de nuestro exclusivo catamar\u00e1n. , ofrecemos una atenci\u00f3n personalizada a cada uno de nuestros clientes.","robots":{"index":"index","follow":"follow","max-snippet":"max-snippet:-1","max-image-preview":"max-image-preview:large","max-video-preview":"max-video-preview:-1"},"canonical":"https:\/\/www.ticket-isladelobos.es\/es\/tours\/catamaran-freebird\/","og_locale":"hu_HU","og_type":"article","og_title":"Catamar\u00e1n Freebird con Desembarque - \u2705Isla de Lobos Fuerteventura Tickets Ferry WaterTaxi Excursiones Reservas","og_description":"Disfrute de un fant\u00e1stico d\u00eda a bordo de nuestro exclusivo catamar\u00e1n. , ofrecemos una atenci\u00f3n personalizada a cada uno de nuestros clientes.","og_url":"https:\/\/www.ticket-isladelobos.es\/es\/tours\/catamaran-freebird\/","og_site_name":"\u2705Isla de Lobos Fuerteventura Tickets Ferry WaterTaxi Excursiones Reservas","article_publisher":"https:\/\/www.facebook.com\/ticketisladelobos","article_modified_time":"2025-12-25T08:05:07+00:00","og_image":[{"width":1200,"height":800,"url":"https:\/\/www.ticket-isladelobos.es\/wp-content\/uploads\/2022\/02\/barco-a-lobos-7.jpg","type":"image\/jpeg"}],"twitter_card":"summary_large_image","twitter_misc":{"Becs\u00fclt olvas\u00e1si id\u0151":"2 perc"},"schema":{"@context":"https:\/\/schema.org","@graph":[{"@type":"WebPage","@id":"https:\/\/www.ticket-isladelobos.es\/es\/tours\/catamaran-freebird\/","url":"https:\/\/www.ticket-isladelobos.es\/es\/tours\/catamaran-freebird\/","name":"Catamar\u00e1n Freebird con Desembarque - \u2705Isla de Lobos Fuerteventura Tickets Ferry WaterTaxi Excursiones Reservas","isPartOf":{"@id":"https:\/\/www.ticket-isladelobos.es\/es\/#website"},"primaryImageOfPage":{"@id":"https:\/\/www.ticket-isladelobos.es\/es\/tours\/catamaran-freebird\/#primaryimage"},"image":{"@id":"https:\/\/www.ticket-isladelobos.es\/es\/tours\/catamaran-freebird\/#primaryimage"},"thumbnailUrl":"https:\/\/www.ticket-isladelobos.es\/wp-content\/uploads\/2022\/02\/barco-a-lobos-7.jpg","datePublished":"2022-02-28T15:13:49+00:00","dateModified":"2025-12-25T08:05:07+00:00","description":"Disfrute de un fant\u00e1stico d\u00eda a bordo de nuestro exclusivo catamar\u00e1n. , ofrecemos una atenci\u00f3n personalizada a cada uno de nuestros clientes.","breadcrumb":{"@id":"https:\/\/www.ticket-isladelobos.es\/es\/tours\/catamaran-freebird\/#breadcrumb"},"inLanguage":"hu","potentialAction":[{"@type":"ReadAction","target":["https:\/\/www.ticket-isladelobos.es\/es\/tours\/catamaran-freebird\/"]}]},{"@type":"ImageObject","inLanguage":"hu","@id":"https:\/\/www.ticket-isladelobos.es\/es\/tours\/catamaran-freebird\/#primaryimage","url":"https:\/\/www.ticket-isladelobos.es\/wp-content\/uploads\/2022\/02\/barco-a-lobos-7.jpg","contentUrl":"https:\/\/www.ticket-isladelobos.es\/wp-content\/uploads\/2022\/02\/barco-a-lobos-7.jpg","width":1200,"height":800},{"@type":"BreadcrumbList","@id":"https:\/\/www.ticket-isladelobos.es\/es\/tours\/catamaran-freebird\/#breadcrumb","itemListElement":[{"@type":"ListItem","position":1,"name":"Portada","item":"https:\/\/www.ticket-isladelobos.es\/hu\/"},{"@type":"ListItem","position":2,"name":"Tienda","item":"https:\/\/www.ticket-isladelobos.es\/es\/tienda\/"},{"@type":"ListItem","position":3,"name":"Catamar\u00e1n Freebird con Desembarque"}]},{"@type":"WebSite","@id":"https:\/\/www.ticket-isladelobos.es\/es\/#website","url":"https:\/\/www.ticket-isladelobos.es\/es\/","name":"\u2705Isla de Lobos Fuerteventura Tickets Ferry WaterTaxi Excursiones Reservas","description":"\u00bfQuieres hacer un viaje completamente inolvidable? Reserva hoy! Todo sobre la Isla de Lobos en un sitio!","publisher":{"@id":"https:\/\/www.ticket-isladelobos.es\/es\/#organization"},"potentialAction":[{"@type":"SearchAction","target":{"@type":"EntryPoint","urlTemplate":"https:\/\/www.ticket-isladelobos.es\/es\/?s={search_term_string}"},"query-input":{"@type":"PropertyValueSpecification","valueRequired":true,"valueName":"search_term_string"}}],"inLanguage":"hu"},{"@type":"Organization","@id":"https:\/\/www.ticket-isladelobos.es\/es\/#organization","name":"Ticket Isla-de-lobos","url":"https:\/\/www.ticket-isladelobos.es\/es\/","logo":{"@type":"ImageObject","inLanguage":"hu","@id":"https:\/\/www.ticket-isladelobos.es\/es\/#\/schema\/logo\/image\/","url":"https:\/\/www.ticket-isladelobos.es\/wp-content\/uploads\/2021\/04\/Photo_1614613341266.jpg","contentUrl":"https:\/\/www.ticket-isladelobos.es\/wp-content\/uploads\/2021\/04\/Photo_1614613341266.jpg","width":720,"height":720,"caption":"Ticket Isla-de-lobos"},"image":{"@id":"https:\/\/www.ticket-isladelobos.es\/es\/#\/schema\/logo\/image\/"},"sameAs":["https:\/\/www.facebook.com\/ticketisladelobos"]}]}},"jetpack_publicize_connections":[],"jetpack_likes_enabled":true,"jetpack_sharing_enabled":true,"_links":{"self":[{"href":"https:\/\/www.ticket-isladelobos.es\/hu\/wp-json\/wp\/v2\/product\/5676","targetHints":{"allow":["GET"]}}],"collection":[{"href":"https:\/\/www.ticket-isladelobos.es\/hu\/wp-json\/wp\/v2\/product"}],"about":[{"href":"https:\/\/www.ticket-isladelobos.es\/hu\/wp-json\/wp\/v2\/types\/product"}],"replies":[{"embeddable":true,"href":"https:\/\/www.ticket-isladelobos.es\/hu\/wp-json\/wp\/v2\/comments?post=5676"}],"wp:featuredmedia":[{"embeddable":true,"href":"https:\/\/www.ticket-isladelobos.es\/hu\/wp-json\/wp\/v2\/media\/21571"}],"wp:attachment":[{"href":"https:\/\/www.ticket-isladelobos.es\/hu\/wp-json\/wp\/v2\/media?parent=5676"}],"wp:term":[{"taxonomy":"product_brand","embeddable":true,"href":"https:\/\/www.ticket-isladelobos.es\/hu\/wp-json\/wp\/v2\/product_brand?post=5676"},{"taxonomy":"product_cat","embeddable":true,"href":"https:\/\/www.ticket-isladelobos.es\/hu\/wp-json\/wp\/v2\/product_cat?post=5676"},{"taxonomy":"product_tag","embeddable":true,"href":"https:\/\/www.ticket-isladelobos.es\/hu\/wp-json\/wp\/v2\/product_tag?post=5676"}],"curies":[{"name":"wp","href":"https:\/\/api.w.org\/{rel}","templated":true}]}}