{"id":11154,"date":"2022-07-09T14:02:34","date_gmt":"2022-07-09T14:02:34","guid":{"rendered":"https:\/\/www.ticket-isladelobos.es\/?post_type=product&#038;p=11154"},"modified":"2025-11-03T01:41:10","modified_gmt":"2025-11-03T01:41:10","slug":"moto-de-agua-safari-90min","status":"publish","type":"product","link":"https:\/\/www.ticket-isladelobos.es\/it\/tours\/moto-de-agua-safari-90min\/","title":{"rendered":"Moto de Agua Safari Isla de Lobos 40 min"},"content":{"rendered":"<h1>Moto de Agua Safari Isla de Lobos 40 min<\/h1>\n<p>&nbsp;<\/p>\n<div class=\"elementor-element elementor-element-42bfb16e elementor-widget elementor-widget-heading\" data-id=\"42bfb16e\" data-element_type=\"widget\" data-widget_type=\"heading.default\">\n<div class=\"elementor-widget-container\">\n<h2 class=\"elementor-heading-title elementor-size-default\">Disfruta de 40 minutos de pura adrenalina en el circuito para motos de agua.<\/h2>\n<\/div>\n<\/div>\n<div class=\"elementor-element elementor-element-8ea7c7b elementor-widget elementor-widget-text-editor\" data-id=\"8ea7c7b\" data-element_type=\"widget\" data-widget_type=\"text-editor.default\">\n<div class=\"elementor-widget-container\">\n<p>Montar una moto de agua es como desatar la velocidad pura sobre el agua, desliz\u00e1ndote a trav\u00e9s de olas con un rugido de motor atronador. Sientes la adrenalina bombeando mientras cortas las aguas cristalinas, saltando sobre crestas y sumergi\u00e9ndote en valles con cada giro. El viento azota tu rostro, el agua salpica a tu alrededor y la emoci\u00f3n te embriaga mientras te entregas a la velocidad. Cada curva es una explosi\u00f3n de energ\u00eda, cada salto un vuelo moment\u00e1neo sobre el oc\u00e9ano. La moto de agua te lleva a emociones intensas y momentos inolvidables, una experiencia que enciende tus sentidos y te hace sentir vivo como nunca antes.<\/p>\n<\/div>\n<\/div>\n<p><img loading=\"lazy\" decoding=\"async\" class=\"alignnone size-medium wp-image-11161\" src=\"https:\/\/www.ticket-isladelobos.es\/wp-content\/uploads\/2022\/07\/jet-ski-double-trip-in-corralejo-300x225.jpg\" alt=\"\" width=\"300\" height=\"225\" srcset=\"https:\/\/www.ticket-isladelobos.es\/wp-content\/uploads\/2022\/07\/jet-ski-double-trip-in-corralejo.jpg 300w, https:\/\/www.ticket-isladelobos.es\/wp-content\/uploads\/2022\/07\/jet-ski-double-trip-in-corralejo.jpg 1024w, https:\/\/www.ticket-isladelobos.es\/wp-content\/uploads\/2022\/07\/jet-ski-double-trip-in-corralejo.jpg 768w, https:\/\/www.ticket-isladelobos.es\/wp-content\/uploads\/2022\/07\/jet-ski-double-trip-in-corralejo.jpg 1536w, https:\/\/www.ticket-isladelobos.es\/wp-content\/uploads\/2022\/07\/jet-ski-double-trip-in-corralejo.jpg 600w, https:\/\/www.ticket-isladelobos.es\/wp-content\/uploads\/2022\/07\/jet-ski-double-trip-in-corralejo.jpg 1600w\" sizes=\"auto, (max-width: 300px) 100vw, 300px\" \/><\/p>\n<p>&nbsp;<\/p>\n<p><img loading=\"lazy\" decoding=\"async\" class=\"alignnone size-medium wp-image-11163\" src=\"https:\/\/www.ticket-isladelobos.es\/wp-content\/uploads\/2022\/07\/couple-on-jet-ski-safari-trip-fuerteventura-300x225.jpg\" alt=\"\" width=\"300\" height=\"225\" srcset=\"https:\/\/www.ticket-isladelobos.es\/wp-content\/uploads\/2022\/07\/couple-on-jet-ski-safari-trip-fuerteventura.jpg 300w, https:\/\/www.ticket-isladelobos.es\/wp-content\/uploads\/2022\/07\/couple-on-jet-ski-safari-trip-fuerteventura.jpg 1024w, https:\/\/www.ticket-isladelobos.es\/wp-content\/uploads\/2022\/07\/couple-on-jet-ski-safari-trip-fuerteventura.jpg 768w, https:\/\/www.ticket-isladelobos.es\/wp-content\/uploads\/2022\/07\/couple-on-jet-ski-safari-trip-fuerteventura.jpg 1536w, https:\/\/www.ticket-isladelobos.es\/wp-content\/uploads\/2022\/07\/couple-on-jet-ski-safari-trip-fuerteventura.jpg 600w, https:\/\/www.ticket-isladelobos.es\/wp-content\/uploads\/2022\/07\/couple-on-jet-ski-safari-trip-fuerteventura.jpg 1600w\" sizes=\"auto, (max-width: 300px) 100vw, 300px\" \/><\/p>\n<p>\u00a1En nuestros paseos en moto de agua r\u00e1pidos y llenos de adrenalina, literalmente te volver\u00e1s adicto! Nuestro personal bien capacitado y experimentado est\u00e1 siempre cerca para asegurarse de que se divierta con total seguridad. \u00a1Seguir adelante!<\/p>\n<p><img loading=\"lazy\" decoding=\"async\" class=\"alignnone size-medium wp-image-11165\" src=\"https:\/\/www.ticket-isladelobos.es\/wp-content\/uploads\/2022\/07\/jet-ski-safari-fleet-rent-300x225.jpg\" alt=\"\" width=\"300\" height=\"225\" srcset=\"https:\/\/www.ticket-isladelobos.es\/wp-content\/uploads\/2022\/07\/jet-ski-safari-fleet-rent.jpg 300w, https:\/\/www.ticket-isladelobos.es\/wp-content\/uploads\/2022\/07\/jet-ski-safari-fleet-rent.jpg 1024w, https:\/\/www.ticket-isladelobos.es\/wp-content\/uploads\/2022\/07\/jet-ski-safari-fleet-rent.jpg 768w, https:\/\/www.ticket-isladelobos.es\/wp-content\/uploads\/2022\/07\/jet-ski-safari-fleet-rent.jpg 600w, https:\/\/www.ticket-isladelobos.es\/wp-content\/uploads\/2022\/07\/jet-ski-safari-fleet-rent.jpg 1333w\" sizes=\"auto, (max-width: 300px) 100vw, 300px\" \/><\/p>\n<h2>Con licencia completa para excursiones guiadas en moto de agua!<\/h2>\n<div class=\"elementor-element elementor-element-b93e062 elementor-widget elementor-widget-heading\" data-id=\"b93e062\" data-element_type=\"widget\" data-widget_type=\"heading.default\">\n<div class=\"elementor-widget-container\">\n<h3 class=\"elementor-heading-title elementor-size-default\">Precio<\/h3>\n<\/div>\n<\/div>\n<div class=\"elementor-element elementor-element-5839550 elementor-widget elementor-widget-text-editor\" data-id=\"5839550\" data-element_type=\"widget\" data-widget_type=\"text-editor.default\">\n<div class=\"elementor-widget-container\">\n<p><span style=\"font-size: 18pt;\">129 \u20ac para\u00a0 2 personas Moto Doble<\/span><\/p>\n<p><span style=\"font-size: 18pt;\">99 \u20ac Moto Individual<\/span><\/p>\n<\/div>\n<\/div>\n","protected":false},"excerpt":{"rendered":"<p>Moto de Agua Safari Isla de Lobos 40 min &nbsp; Disfruta de 40 minutos de pura adrenalina en el circuito para motos de agua. Montar una moto de agua es como desatar la velocidad pura sobre el agua, desliz\u00e1ndote a trav\u00e9s de olas con un rugido de motor atronador. Sientes la adrenalina bombeando mientras cortas<\/p>\n<div class=\"padding-top text-center\"><a href=\"https:\/\/www.ticket-isladelobos.es\/it\/tours\/moto-de-agua-safari-90min\/\" class=\"atbtn atbtn--medium atbtn--rounded atbtn--transparent\">Lee Mas<i class=\"atbtn__icon atbtn__icon--right fa fa-long-arrow-right\"><\/i><\/a><\/div>\n","protected":false},"featured_media":11173,"comment_status":"open","ping_status":"closed","template":"","meta":{"jetpack_publicize_message":"","jetpack_publicize_feature_enabled":true,"jetpack_social_post_already_shared":true,"jetpack_social_options":{"image_generator_settings":{"template":"highway","default_image_id":0,"font":"","enabled":false},"version":2}},"product_brand":[],"product_cat":[15],"product_tag":[],"class_list":{"0":"post-11154","1":"product","2":"type-product","3":"status-publish","4":"has-post-thumbnail","6":"product_cat-sin-categorizar","7":"tour_category-tours-nauticas","9":"first","10":"instock","11":"shipping-taxable","12":"purchasable","13":"product-type-tour","14":"has-default-attributes"},"yoast_head":"<!-- This site is optimized with the Yoast SEO plugin v23.4 - https:\/\/yoast.com\/wordpress\/plugins\/seo\/ -->\n<title>Moto de Agua Safari Isla de Lobos 40 min - \u2705Isla de Lobos Fuerteventura Tickets Ferry WaterTaxi Excursiones Reservas<\/title>\n<meta name=\"description\" content=\"Montar una moto de agua es como desatar la velocidad pura sobre el agua, desliz\u00e1ndote a trav\u00e9s de olas con un rugido de motor atronador.\" \/>\n<meta name=\"robots\" content=\"index, follow, max-snippet:-1, max-image-preview:large, max-video-preview:-1\" \/>\n<link rel=\"canonical\" href=\"https:\/\/www.ticket-isladelobos.es\/es\/tours\/moto-de-agua-safari-90min\/\" \/>\n<meta property=\"og:locale\" content=\"it_IT\" \/>\n<meta property=\"og:type\" content=\"article\" \/>\n<meta property=\"og:title\" content=\"Moto de Agua Safari Isla de Lobos 40 min - \u2705Isla de Lobos Fuerteventura Tickets Ferry WaterTaxi Excursiones Reservas\" \/>\n<meta property=\"og:description\" content=\"Montar una moto de agua es como desatar la velocidad pura sobre el agua, desliz\u00e1ndote a trav\u00e9s de olas con un rugido de motor atronador.\" \/>\n<meta property=\"og:url\" content=\"https:\/\/www.ticket-isladelobos.es\/es\/tours\/moto-de-agua-safari-90min\/\" \/>\n<meta property=\"og:site_name\" content=\"\u2705Isla de Lobos Fuerteventura Tickets Ferry WaterTaxi Excursiones Reservas\" \/>\n<meta property=\"article:publisher\" content=\"https:\/\/www.facebook.com\/ticketisladelobos\" \/>\n<meta property=\"article:modified_time\" content=\"2025-11-03T01:41:10+00:00\" \/>\n<meta property=\"og:image\" content=\"https:\/\/www.ticket-isladelobos.es\/wp-content\/uploads\/2022\/07\/fuerteventura-jet-ski.jpg\" \/>\n\t<meta property=\"og:image:width\" content=\"1600\" \/>\n\t<meta property=\"og:image:height\" content=\"1200\" \/>\n\t<meta property=\"og:image:type\" content=\"image\/jpeg\" \/>\n<meta name=\"twitter:card\" content=\"summary_large_image\" \/>\n<meta name=\"twitter:label1\" content=\"Tempo di lettura stimato\" \/>\n\t<meta name=\"twitter:data1\" content=\"2 minuti\" \/>\n<script type=\"application\/ld+json\" class=\"yoast-schema-graph\">{\"@context\":\"https:\/\/schema.org\",\"@graph\":[{\"@type\":\"WebPage\",\"@id\":\"https:\/\/www.ticket-isladelobos.es\/es\/tours\/moto-de-agua-safari-90min\/\",\"url\":\"https:\/\/www.ticket-isladelobos.es\/es\/tours\/moto-de-agua-safari-90min\/\",\"name\":\"Moto de Agua Safari Isla de Lobos 40 min - \u2705Isla de Lobos Fuerteventura Tickets Ferry WaterTaxi Excursiones Reservas\",\"isPartOf\":{\"@id\":\"https:\/\/www.ticket-isladelobos.es\/es\/#website\"},\"primaryImageOfPage\":{\"@id\":\"https:\/\/www.ticket-isladelobos.es\/es\/tours\/moto-de-agua-safari-90min\/#primaryimage\"},\"image\":{\"@id\":\"https:\/\/www.ticket-isladelobos.es\/es\/tours\/moto-de-agua-safari-90min\/#primaryimage\"},\"thumbnailUrl\":\"https:\/\/www.ticket-isladelobos.es\/wp-content\/uploads\/2022\/07\/fuerteventura-jet-ski.jpg\",\"datePublished\":\"2022-07-09T14:02:34+00:00\",\"dateModified\":\"2025-11-03T01:41:10+00:00\",\"description\":\"Montar una moto de agua es como desatar la velocidad pura sobre el agua, desliz\u00e1ndote a trav\u00e9s de olas con un rugido de motor atronador.\",\"breadcrumb\":{\"@id\":\"https:\/\/www.ticket-isladelobos.es\/es\/tours\/moto-de-agua-safari-90min\/#breadcrumb\"},\"inLanguage\":\"it-IT\",\"potentialAction\":[{\"@type\":\"ReadAction\",\"target\":[\"https:\/\/www.ticket-isladelobos.es\/es\/tours\/moto-de-agua-safari-90min\/\"]}]},{\"@type\":\"ImageObject\",\"inLanguage\":\"it-IT\",\"@id\":\"https:\/\/www.ticket-isladelobos.es\/es\/tours\/moto-de-agua-safari-90min\/#primaryimage\",\"url\":\"https:\/\/www.ticket-isladelobos.es\/wp-content\/uploads\/2022\/07\/fuerteventura-jet-ski.jpg\",\"contentUrl\":\"https:\/\/www.ticket-isladelobos.es\/wp-content\/uploads\/2022\/07\/fuerteventura-jet-ski.jpg\",\"width\":1600,\"height\":1200},{\"@type\":\"BreadcrumbList\",\"@id\":\"https:\/\/www.ticket-isladelobos.es\/es\/tours\/moto-de-agua-safari-90min\/#breadcrumb\",\"itemListElement\":[{\"@type\":\"ListItem\",\"position\":1,\"name\":\"Portada\",\"item\":\"https:\/\/www.ticket-isladelobos.es\/it\/\"},{\"@type\":\"ListItem\",\"position\":2,\"name\":\"Tienda\",\"item\":\"https:\/\/www.ticket-isladelobos.es\/es\/tienda\/\"},{\"@type\":\"ListItem\",\"position\":3,\"name\":\"Moto de Agua Safari Isla de Lobos 40 min\"}]},{\"@type\":\"WebSite\",\"@id\":\"https:\/\/www.ticket-isladelobos.es\/es\/#website\",\"url\":\"https:\/\/www.ticket-isladelobos.es\/es\/\",\"name\":\"\u2705Isla de Lobos Fuerteventura Tickets Ferry WaterTaxi Excursiones Reservas\",\"description\":\"\u00bfQuieres hacer un viaje completamente inolvidable? Reserva hoy! Todo sobre la Isla de Lobos en un sitio!\",\"publisher\":{\"@id\":\"https:\/\/www.ticket-isladelobos.es\/es\/#organization\"},\"potentialAction\":[{\"@type\":\"SearchAction\",\"target\":{\"@type\":\"EntryPoint\",\"urlTemplate\":\"https:\/\/www.ticket-isladelobos.es\/es\/?s={search_term_string}\"},\"query-input\":{\"@type\":\"PropertyValueSpecification\",\"valueRequired\":true,\"valueName\":\"search_term_string\"}}],\"inLanguage\":\"it-IT\"},{\"@type\":\"Organization\",\"@id\":\"https:\/\/www.ticket-isladelobos.es\/es\/#organization\",\"name\":\"Ticket Isla-de-lobos\",\"url\":\"https:\/\/www.ticket-isladelobos.es\/es\/\",\"logo\":{\"@type\":\"ImageObject\",\"inLanguage\":\"it-IT\",\"@id\":\"https:\/\/www.ticket-isladelobos.es\/es\/#\/schema\/logo\/image\/\",\"url\":\"https:\/\/www.ticket-isladelobos.es\/wp-content\/uploads\/2021\/04\/Photo_1614613341266.jpg\",\"contentUrl\":\"https:\/\/www.ticket-isladelobos.es\/wp-content\/uploads\/2021\/04\/Photo_1614613341266.jpg\",\"width\":720,\"height\":720,\"caption\":\"Ticket Isla-de-lobos\"},\"image\":{\"@id\":\"https:\/\/www.ticket-isladelobos.es\/es\/#\/schema\/logo\/image\/\"},\"sameAs\":[\"https:\/\/www.facebook.com\/ticketisladelobos\"]}]}<\/script>\n<!-- \/ Yoast SEO plugin. -->","yoast_head_json":{"title":"Moto de Agua Safari Isla de Lobos 40 min - \u2705Isla de Lobos Fuerteventura Tickets Ferry WaterTaxi Excursiones Reservas","description":"Montar una moto de agua es como desatar la velocidad pura sobre el agua, desliz\u00e1ndote a trav\u00e9s de olas con un rugido de motor atronador.","robots":{"index":"index","follow":"follow","max-snippet":"max-snippet:-1","max-image-preview":"max-image-preview:large","max-video-preview":"max-video-preview:-1"},"canonical":"https:\/\/www.ticket-isladelobos.es\/es\/tours\/moto-de-agua-safari-90min\/","og_locale":"it_IT","og_type":"article","og_title":"Moto de Agua Safari Isla de Lobos 40 min - \u2705Isla de Lobos Fuerteventura Tickets Ferry WaterTaxi Excursiones Reservas","og_description":"Montar una moto de agua es como desatar la velocidad pura sobre el agua, desliz\u00e1ndote a trav\u00e9s de olas con un rugido de motor atronador.","og_url":"https:\/\/www.ticket-isladelobos.es\/es\/tours\/moto-de-agua-safari-90min\/","og_site_name":"\u2705Isla de Lobos Fuerteventura Tickets Ferry WaterTaxi Excursiones Reservas","article_publisher":"https:\/\/www.facebook.com\/ticketisladelobos","article_modified_time":"2025-11-03T01:41:10+00:00","og_image":[{"width":1600,"height":1200,"url":"https:\/\/www.ticket-isladelobos.es\/wp-content\/uploads\/2022\/07\/fuerteventura-jet-ski.jpg","type":"image\/jpeg"}],"twitter_card":"summary_large_image","twitter_misc":{"Tempo di lettura stimato":"2 minuti"},"schema":{"@context":"https:\/\/schema.org","@graph":[{"@type":"WebPage","@id":"https:\/\/www.ticket-isladelobos.es\/es\/tours\/moto-de-agua-safari-90min\/","url":"https:\/\/www.ticket-isladelobos.es\/es\/tours\/moto-de-agua-safari-90min\/","name":"Moto de Agua Safari Isla de Lobos 40 min - \u2705Isla de Lobos Fuerteventura Tickets Ferry WaterTaxi Excursiones Reservas","isPartOf":{"@id":"https:\/\/www.ticket-isladelobos.es\/es\/#website"},"primaryImageOfPage":{"@id":"https:\/\/www.ticket-isladelobos.es\/es\/tours\/moto-de-agua-safari-90min\/#primaryimage"},"image":{"@id":"https:\/\/www.ticket-isladelobos.es\/es\/tours\/moto-de-agua-safari-90min\/#primaryimage"},"thumbnailUrl":"https:\/\/www.ticket-isladelobos.es\/wp-content\/uploads\/2022\/07\/fuerteventura-jet-ski.jpg","datePublished":"2022-07-09T14:02:34+00:00","dateModified":"2025-11-03T01:41:10+00:00","description":"Montar una moto de agua es como desatar la velocidad pura sobre el agua, desliz\u00e1ndote a trav\u00e9s de olas con un rugido de motor atronador.","breadcrumb":{"@id":"https:\/\/www.ticket-isladelobos.es\/es\/tours\/moto-de-agua-safari-90min\/#breadcrumb"},"inLanguage":"it-IT","potentialAction":[{"@type":"ReadAction","target":["https:\/\/www.ticket-isladelobos.es\/es\/tours\/moto-de-agua-safari-90min\/"]}]},{"@type":"ImageObject","inLanguage":"it-IT","@id":"https:\/\/www.ticket-isladelobos.es\/es\/tours\/moto-de-agua-safari-90min\/#primaryimage","url":"https:\/\/www.ticket-isladelobos.es\/wp-content\/uploads\/2022\/07\/fuerteventura-jet-ski.jpg","contentUrl":"https:\/\/www.ticket-isladelobos.es\/wp-content\/uploads\/2022\/07\/fuerteventura-jet-ski.jpg","width":1600,"height":1200},{"@type":"BreadcrumbList","@id":"https:\/\/www.ticket-isladelobos.es\/es\/tours\/moto-de-agua-safari-90min\/#breadcrumb","itemListElement":[{"@type":"ListItem","position":1,"name":"Portada","item":"https:\/\/www.ticket-isladelobos.es\/it\/"},{"@type":"ListItem","position":2,"name":"Tienda","item":"https:\/\/www.ticket-isladelobos.es\/es\/tienda\/"},{"@type":"ListItem","position":3,"name":"Moto de Agua Safari Isla de Lobos 40 min"}]},{"@type":"WebSite","@id":"https:\/\/www.ticket-isladelobos.es\/es\/#website","url":"https:\/\/www.ticket-isladelobos.es\/es\/","name":"\u2705Isla de Lobos Fuerteventura Tickets Ferry WaterTaxi Excursiones Reservas","description":"\u00bfQuieres hacer un viaje completamente inolvidable? Reserva hoy! Todo sobre la Isla de Lobos en un sitio!","publisher":{"@id":"https:\/\/www.ticket-isladelobos.es\/es\/#organization"},"potentialAction":[{"@type":"SearchAction","target":{"@type":"EntryPoint","urlTemplate":"https:\/\/www.ticket-isladelobos.es\/es\/?s={search_term_string}"},"query-input":{"@type":"PropertyValueSpecification","valueRequired":true,"valueName":"search_term_string"}}],"inLanguage":"it-IT"},{"@type":"Organization","@id":"https:\/\/www.ticket-isladelobos.es\/es\/#organization","name":"Ticket Isla-de-lobos","url":"https:\/\/www.ticket-isladelobos.es\/es\/","logo":{"@type":"ImageObject","inLanguage":"it-IT","@id":"https:\/\/www.ticket-isladelobos.es\/es\/#\/schema\/logo\/image\/","url":"https:\/\/www.ticket-isladelobos.es\/wp-content\/uploads\/2021\/04\/Photo_1614613341266.jpg","contentUrl":"https:\/\/www.ticket-isladelobos.es\/wp-content\/uploads\/2021\/04\/Photo_1614613341266.jpg","width":720,"height":720,"caption":"Ticket Isla-de-lobos"},"image":{"@id":"https:\/\/www.ticket-isladelobos.es\/es\/#\/schema\/logo\/image\/"},"sameAs":["https:\/\/www.facebook.com\/ticketisladelobos"]}]}},"jetpack_publicize_connections":[],"jetpack_likes_enabled":true,"jetpack_sharing_enabled":true,"_links":{"self":[{"href":"https:\/\/www.ticket-isladelobos.es\/it\/wp-json\/wp\/v2\/product\/11154","targetHints":{"allow":["GET"]}}],"collection":[{"href":"https:\/\/www.ticket-isladelobos.es\/it\/wp-json\/wp\/v2\/product"}],"about":[{"href":"https:\/\/www.ticket-isladelobos.es\/it\/wp-json\/wp\/v2\/types\/product"}],"replies":[{"embeddable":true,"href":"https:\/\/www.ticket-isladelobos.es\/it\/wp-json\/wp\/v2\/comments?post=11154"}],"wp:featuredmedia":[{"embeddable":true,"href":"https:\/\/www.ticket-isladelobos.es\/it\/wp-json\/wp\/v2\/media\/11173"}],"wp:attachment":[{"href":"https:\/\/www.ticket-isladelobos.es\/it\/wp-json\/wp\/v2\/media?parent=11154"}],"wp:term":[{"taxonomy":"product_brand","embeddable":true,"href":"https:\/\/www.ticket-isladelobos.es\/it\/wp-json\/wp\/v2\/product_brand?post=11154"},{"taxonomy":"product_cat","embeddable":true,"href":"https:\/\/www.ticket-isladelobos.es\/it\/wp-json\/wp\/v2\/product_cat?post=11154"},{"taxonomy":"product_tag","embeddable":true,"href":"https:\/\/www.ticket-isladelobos.es\/it\/wp-json\/wp\/v2\/product_tag?post=11154"}],"curies":[{"name":"wp","href":"https:\/\/api.w.org\/{rel}","templated":true}]}}