{"id":112,"date":"2021-03-30T17:53:31","date_gmt":"2021-03-30T17:53:31","guid":{"rendered":"http:\/\/adventure-tours.themedelight.com\/?post_type=product&#038;p=112"},"modified":"2026-02-11T22:27:55","modified_gmt":"2026-02-11T22:27:55","slug":"combo-de-luxe","status":"publish","type":"product","link":"https:\/\/www.ticket-isladelobos.es\/it\/tours\/combo-de-luxe\/","title":{"rendered":"Catamar\u00e1n Deluxe"},"content":{"rendered":"<p>Catamar\u00e1n a la Isla de Lobos desde Corralejo (norte de Fuerteventura) incluye comida, bebida a bordo, actividades n\u00e1uticas, visita de Lobos.<\/p>\n<p>Salimos hacia el norte, con la vista de la isla de Lanzarote\u00a0 hasta llegar al faro de Faro Marti\u00f1o. Desde aqu\u00ed navegamos hacia el sur, donde llegamos a El Puertito, con sus blancas casas de pescadores en un remanso de paz.<\/p>\n<p>Esta todo incluido para tener un d\u00eda especial y divertido para toda la familia.<\/p>\n<p>&nbsp;<\/p>\n<p>Para nuestra pausa para el almuerzo, comeremos una deliciosa paella t\u00edpica espa\u00f1ola a bordo.<\/p>\n<h4><span style=\"color: #0000ff;\"><strong>Confirma la disponibilidad por WhatsApp!<\/strong><\/span><\/h4>\n<p><!--more--><\/p>\n<p>&nbsp;<\/p>\n<table class=\"table table-bordered tours-tabs__table\" style=\"height: 267px; width: 80.7181%;\" width=\"862\">\n<tbody>\n<tr style=\"height: 44px;\">\n<td style=\"height: 44px;\"><strong><\/strong><strong>LUGAR DE SALIDA\/REGRESO<\/strong><\/td>\n<td style=\"height: 44px;\">Muelle de Corralejo<\/td>\n<\/tr>\n<tr style=\"height: 22px;\">\n<td style=\"height: 22px;\"><strong><\/strong><strong><span lang=\"es\">HORA DE SALIDA<\/span><\/strong><\/td>\n<td style=\"height: 22px;\">\n<div>10:00 y 14:30<\/div>\n<\/td>\n<\/tr>\n<tr style=\"height: 139px;\">\n<td style=\"height: 139px;\"><strong><\/strong><strong>INCLUYE<\/strong><\/td>\n<td style=\"height: 139px;\">\n<table class=\"table table-bordered\" style=\"height: 99px; width: 84.9802%;\" width=\"300\">\n<tbody>\n<tr style=\"height: 44px;\">\n<td style=\"height: 44px; width: 44.5783%;\"><i class=\"fa fa-check icon-tick icon-tick--on\"><\/i>Navegacion<strong>\u00a0<\/strong><\/td>\n<td style=\"height: 44px; width: 54.0448%;\"><i class=\"fa fa-check icon-tick icon-tick--on\"><\/i>Actividades de agua (kayak, paddle surf y snorkell)<\/td>\n<\/tr>\n<tr style=\"height: 66px;\">\n<td style=\"height: 66px; width: 44.5783%;\"><i class=\"fa fa-check icon-tick icon-tick--on\"><\/i>Comida (paella de marisco y pescado)\n<p><i class=\"fa fa-check icon-tick icon-tick--on\"><\/i>Fotos con GoPro<\/p><\/td>\n<td style=\"height: 66px; width: 54.0448%;\"><i class=\"fa fa-check icon-tick icon-tick--on\"><\/i>Bebidas (agua, refrescos, t\u00e9 y caf\u00e9, ect..)\n<p><i class=\"fa fa-check icon-tick icon-tick--on\"><\/i>Traslados ida y vuelta (zona Corralejo)<\/p><\/td>\n<\/tr>\n<\/tbody>\n<\/table>\n<\/td>\n<\/tr>\n<tr style=\"height: 62px;\">\n<td style=\"height: 62px;\"><\/td>\n<td style=\"height: 62px;\"><\/td>\n<\/tr>\n<\/tbody>\n<\/table>\n<h4>Tarifas:<\/h4>\n<p>Adultos: 75\u20ac<\/p>\n<p>Ni\u00f1os: 50\u20ac<\/p>\n<p>BEB\u00c9S HASTA 3 A\u00d1OS GRATIS!<\/p>\n<div class=\"timeline\"><div class=\"timeline__item\">\n\t<div class=\"timeline__item__icon-wrap\">\n\t\t<div class=\"timeline__item__icon\">\n\t\t\t<div class=\"timeline__item__icon__text\">1<\/div>\n\t\t<\/div>\n\t<\/div>\n\t<div class=\"timeline__item__content padding-left\">\n\t\t<h3 class=\"timeline__item__title\">Salida<\/h3>\t\t<div class=\"timeline__item__description\">\n<\/div>\t<\/div>\n<\/div>\n<br \/>\n<div class=\"timeline__item\">\n\t<div class=\"timeline__item__icon-wrap\">\n\t\t<div class=\"timeline__item__icon\">\n\t\t\t<div class=\"timeline__item__icon__text\">2<\/div>\n\t\t<\/div>\n\t<\/div>\n\t<div class=\"timeline__item__content padding-left\">\n\t\t<h3 class=\"timeline__item__title\">Faro de Marti\u00f1o<\/h3>\t\t<div class=\"timeline__item__description\">Llegamos al faro de Marti\u00f1o \u2014la familia de Anto\u00f1ito \u201cEl Farero\u201d habit\u00f3 en la isla hasta 1968.<\/div>\t<\/div>\n<\/div>\n<div class=\"timeline__item\">\n\t<div class=\"timeline__item__icon-wrap\">\n\t\t<div class=\"timeline__item__icon\">\n\t\t\t<div class=\"timeline__item__icon__text\">3<\/div>\n\t\t<\/div>\n\t<\/div>\n\t<div class=\"timeline__item__content padding-left\">\n\t\t<h3 class=\"timeline__item__title\">Puertito<\/h3>\t\t<div class=\"timeline__item__description\">Navegamos al sur donde llegaremos al Puertito, con sus casitas blancas de pescadores viviendo en un remanso de paz.<\/div>\t<\/div>\n<\/div>\n<div class=\"timeline__item\">\n\t<div class=\"timeline__item__icon-wrap\">\n\t\t<div class=\"timeline__item__icon\">\n\t\t\t<div class=\"timeline__item__icon__text\">4<\/div>\n\t\t<\/div>\n\t<\/div>\n\t<div class=\"timeline__item__content padding-left\">\n\t\t<h3 class=\"timeline__item__title\">Almuerzo<\/h3>\t\t<div class=\"timeline__item__description\">Para reponer fuerzas comeremos una rica Paella t\u00edpica espa\u00f1ola.<\/div>\t<\/div>\n<\/div>\n<div class=\"timeline__item\">\n\t<div class=\"timeline__item__icon-wrap\">\n\t\t<div class=\"timeline__item__icon\">\n\t\t\t<div class=\"timeline__item__icon__text\">5<\/div>\n\t\t<\/div>\n\t<\/div>\n\t<div class=\"timeline__item__content padding-left\">\n\t\t<h3 class=\"timeline__item__title\">Regreso<\/h3>\t\t\t<\/div>\n<\/div>\n<\/div>\n<h3><\/h3>\n","protected":false},"excerpt":{"rendered":"<p><strong>4 horas en Catamar\u00e1n desde Corralejo con actividades y comida incluida desde 50\u20ac<\/strong><\/p>\n","protected":false},"featured_media":3048,"comment_status":"open","ping_status":"closed","template":"","meta":{"jetpack_publicize_message":"","jetpack_publicize_feature_enabled":true,"jetpack_social_post_already_shared":false,"jetpack_social_options":{"image_generator_settings":{"template":"highway","default_image_id":0,"font":"","enabled":false},"version":2}},"product_brand":[],"product_cat":[15],"product_tag":[],"class_list":{"0":"post-112","1":"product","2":"type-product","3":"status-publish","4":"has-post-thumbnail","6":"product_cat-sin-categorizar","7":"tour_category-isla-de-lobos-catamaran-corralejo","9":"first","10":"instock","11":"shipping-taxable","12":"purchasable","13":"product-type-tour","14":"has-default-attributes"},"yoast_head":"<!-- This site is optimized with the Yoast SEO plugin v23.4 - https:\/\/yoast.com\/wordpress\/plugins\/seo\/ -->\n<title>Catamar\u00e1n Deluxe - \u2705Isla de Lobos Fuerteventura Tickets Ferry WaterTaxi Excursiones Reservas<\/title>\n<meta name=\"description\" content=\"Catamar\u00e1n a la Isla de Lobos desde Corralejo (norte de Fuerteventura) incluye comida, bebida a bordo, actividades n\u00e1uticas, visita de Lobos.\" \/>\n<meta name=\"robots\" content=\"index, follow, max-snippet:-1, max-image-preview:large, max-video-preview:-1\" \/>\n<link rel=\"canonical\" href=\"https:\/\/www.ticket-isladelobos.es\/es\/tours\/combo-de-luxe\/\" \/>\n<meta property=\"og:locale\" content=\"it_IT\" \/>\n<meta property=\"og:type\" content=\"article\" \/>\n<meta property=\"og:title\" content=\"Catamar\u00e1n Deluxe - \u2705Isla de Lobos Fuerteventura Tickets Ferry WaterTaxi Excursiones Reservas\" \/>\n<meta property=\"og:description\" content=\"Catamar\u00e1n a la Isla de Lobos desde Corralejo (norte de Fuerteventura) incluye comida, bebida a bordo, actividades n\u00e1uticas, visita de Lobos.\" \/>\n<meta property=\"og:url\" content=\"https:\/\/www.ticket-isladelobos.es\/es\/tours\/combo-de-luxe\/\" \/>\n<meta property=\"og:site_name\" content=\"\u2705Isla de Lobos Fuerteventura Tickets Ferry WaterTaxi Excursiones Reservas\" \/>\n<meta property=\"article:publisher\" content=\"https:\/\/www.facebook.com\/ticketisladelobos\" \/>\n<meta property=\"article:modified_time\" content=\"2026-02-11T22:27:55+00:00\" \/>\n<meta property=\"og:image\" content=\"https:\/\/www.ticket-isladelobos.es\/wp-content\/uploads\/2021\/03\/fuertecharter-cata_optimized-1.jpg\" \/>\n\t<meta property=\"og:image:width\" content=\"720\" \/>\n\t<meta property=\"og:image:height\" content=\"527\" \/>\n\t<meta property=\"og:image:type\" content=\"image\/jpeg\" \/>\n<meta name=\"twitter:card\" content=\"summary_large_image\" \/>\n<meta name=\"twitter:label1\" content=\"Tempo di lettura stimato\" \/>\n\t<meta name=\"twitter:data1\" content=\"2 minuti\" \/>\n<script type=\"application\/ld+json\" class=\"yoast-schema-graph\">{\"@context\":\"https:\/\/schema.org\",\"@graph\":[{\"@type\":\"WebPage\",\"@id\":\"https:\/\/www.ticket-isladelobos.es\/es\/tours\/combo-de-luxe\/\",\"url\":\"https:\/\/www.ticket-isladelobos.es\/es\/tours\/combo-de-luxe\/\",\"name\":\"Catamar\u00e1n Deluxe - \u2705Isla de Lobos Fuerteventura Tickets Ferry WaterTaxi Excursiones Reservas\",\"isPartOf\":{\"@id\":\"https:\/\/www.ticket-isladelobos.es\/es\/#website\"},\"primaryImageOfPage\":{\"@id\":\"https:\/\/www.ticket-isladelobos.es\/es\/tours\/combo-de-luxe\/#primaryimage\"},\"image\":{\"@id\":\"https:\/\/www.ticket-isladelobos.es\/es\/tours\/combo-de-luxe\/#primaryimage\"},\"thumbnailUrl\":\"https:\/\/www.ticket-isladelobos.es\/wp-content\/uploads\/2021\/03\/fuertecharter-cata_optimized-1.jpg\",\"datePublished\":\"2021-03-30T17:53:31+00:00\",\"dateModified\":\"2026-02-11T22:27:55+00:00\",\"description\":\"Catamar\u00e1n a la Isla de Lobos desde Corralejo (norte de Fuerteventura) incluye comida, bebida a bordo, actividades n\u00e1uticas, visita de Lobos.\",\"breadcrumb\":{\"@id\":\"https:\/\/www.ticket-isladelobos.es\/es\/tours\/combo-de-luxe\/#breadcrumb\"},\"inLanguage\":\"it-IT\",\"potentialAction\":[{\"@type\":\"ReadAction\",\"target\":[\"https:\/\/www.ticket-isladelobos.es\/es\/tours\/combo-de-luxe\/\"]}]},{\"@type\":\"ImageObject\",\"inLanguage\":\"it-IT\",\"@id\":\"https:\/\/www.ticket-isladelobos.es\/es\/tours\/combo-de-luxe\/#primaryimage\",\"url\":\"https:\/\/www.ticket-isladelobos.es\/wp-content\/uploads\/2021\/03\/fuertecharter-cata_optimized-1.jpg\",\"contentUrl\":\"https:\/\/www.ticket-isladelobos.es\/wp-content\/uploads\/2021\/03\/fuertecharter-cata_optimized-1.jpg\",\"width\":720,\"height\":527,\"caption\":\"catamar\u00e1n isla de lobos\"},{\"@type\":\"BreadcrumbList\",\"@id\":\"https:\/\/www.ticket-isladelobos.es\/es\/tours\/combo-de-luxe\/#breadcrumb\",\"itemListElement\":[{\"@type\":\"ListItem\",\"position\":1,\"name\":\"Portada\",\"item\":\"https:\/\/www.ticket-isladelobos.es\/it\/\"},{\"@type\":\"ListItem\",\"position\":2,\"name\":\"Tienda\",\"item\":\"https:\/\/www.ticket-isladelobos.es\/es\/tienda\/\"},{\"@type\":\"ListItem\",\"position\":3,\"name\":\"Catamar\u00e1n Deluxe\"}]},{\"@type\":\"WebSite\",\"@id\":\"https:\/\/www.ticket-isladelobos.es\/es\/#website\",\"url\":\"https:\/\/www.ticket-isladelobos.es\/es\/\",\"name\":\"\u2705Isla de Lobos Fuerteventura Tickets Ferry WaterTaxi Excursiones Reservas\",\"description\":\"\u00bfQuieres hacer un viaje completamente inolvidable? Reserva hoy! Todo sobre la Isla de Lobos en un sitio!\",\"publisher\":{\"@id\":\"https:\/\/www.ticket-isladelobos.es\/es\/#organization\"},\"potentialAction\":[{\"@type\":\"SearchAction\",\"target\":{\"@type\":\"EntryPoint\",\"urlTemplate\":\"https:\/\/www.ticket-isladelobos.es\/es\/?s={search_term_string}\"},\"query-input\":{\"@type\":\"PropertyValueSpecification\",\"valueRequired\":true,\"valueName\":\"search_term_string\"}}],\"inLanguage\":\"it-IT\"},{\"@type\":\"Organization\",\"@id\":\"https:\/\/www.ticket-isladelobos.es\/es\/#organization\",\"name\":\"Ticket Isla-de-lobos\",\"url\":\"https:\/\/www.ticket-isladelobos.es\/es\/\",\"logo\":{\"@type\":\"ImageObject\",\"inLanguage\":\"it-IT\",\"@id\":\"https:\/\/www.ticket-isladelobos.es\/es\/#\/schema\/logo\/image\/\",\"url\":\"https:\/\/www.ticket-isladelobos.es\/wp-content\/uploads\/2021\/04\/Photo_1614613341266.jpg\",\"contentUrl\":\"https:\/\/www.ticket-isladelobos.es\/wp-content\/uploads\/2021\/04\/Photo_1614613341266.jpg\",\"width\":720,\"height\":720,\"caption\":\"Ticket Isla-de-lobos\"},\"image\":{\"@id\":\"https:\/\/www.ticket-isladelobos.es\/es\/#\/schema\/logo\/image\/\"},\"sameAs\":[\"https:\/\/www.facebook.com\/ticketisladelobos\"]}]}<\/script>\n<!-- \/ Yoast SEO plugin. -->","yoast_head_json":{"title":"Catamar\u00e1n Deluxe - \u2705Isla de Lobos Fuerteventura Tickets Ferry WaterTaxi Excursiones Reservas","description":"Catamar\u00e1n a la Isla de Lobos desde Corralejo (norte de Fuerteventura) incluye comida, bebida a bordo, actividades n\u00e1uticas, visita de Lobos.","robots":{"index":"index","follow":"follow","max-snippet":"max-snippet:-1","max-image-preview":"max-image-preview:large","max-video-preview":"max-video-preview:-1"},"canonical":"https:\/\/www.ticket-isladelobos.es\/es\/tours\/combo-de-luxe\/","og_locale":"it_IT","og_type":"article","og_title":"Catamar\u00e1n Deluxe - \u2705Isla de Lobos Fuerteventura Tickets Ferry WaterTaxi Excursiones Reservas","og_description":"Catamar\u00e1n a la Isla de Lobos desde Corralejo (norte de Fuerteventura) incluye comida, bebida a bordo, actividades n\u00e1uticas, visita de Lobos.","og_url":"https:\/\/www.ticket-isladelobos.es\/es\/tours\/combo-de-luxe\/","og_site_name":"\u2705Isla de Lobos Fuerteventura Tickets Ferry WaterTaxi Excursiones Reservas","article_publisher":"https:\/\/www.facebook.com\/ticketisladelobos","article_modified_time":"2026-02-11T22:27:55+00:00","og_image":[{"width":720,"height":527,"url":"https:\/\/www.ticket-isladelobos.es\/wp-content\/uploads\/2021\/03\/fuertecharter-cata_optimized-1.jpg","type":"image\/jpeg"}],"twitter_card":"summary_large_image","twitter_misc":{"Tempo di lettura stimato":"2 minuti"},"schema":{"@context":"https:\/\/schema.org","@graph":[{"@type":"WebPage","@id":"https:\/\/www.ticket-isladelobos.es\/es\/tours\/combo-de-luxe\/","url":"https:\/\/www.ticket-isladelobos.es\/es\/tours\/combo-de-luxe\/","name":"Catamar\u00e1n Deluxe - \u2705Isla de Lobos Fuerteventura Tickets Ferry WaterTaxi Excursiones Reservas","isPartOf":{"@id":"https:\/\/www.ticket-isladelobos.es\/es\/#website"},"primaryImageOfPage":{"@id":"https:\/\/www.ticket-isladelobos.es\/es\/tours\/combo-de-luxe\/#primaryimage"},"image":{"@id":"https:\/\/www.ticket-isladelobos.es\/es\/tours\/combo-de-luxe\/#primaryimage"},"thumbnailUrl":"https:\/\/www.ticket-isladelobos.es\/wp-content\/uploads\/2021\/03\/fuertecharter-cata_optimized-1.jpg","datePublished":"2021-03-30T17:53:31+00:00","dateModified":"2026-02-11T22:27:55+00:00","description":"Catamar\u00e1n a la Isla de Lobos desde Corralejo (norte de Fuerteventura) incluye comida, bebida a bordo, actividades n\u00e1uticas, visita de Lobos.","breadcrumb":{"@id":"https:\/\/www.ticket-isladelobos.es\/es\/tours\/combo-de-luxe\/#breadcrumb"},"inLanguage":"it-IT","potentialAction":[{"@type":"ReadAction","target":["https:\/\/www.ticket-isladelobos.es\/es\/tours\/combo-de-luxe\/"]}]},{"@type":"ImageObject","inLanguage":"it-IT","@id":"https:\/\/www.ticket-isladelobos.es\/es\/tours\/combo-de-luxe\/#primaryimage","url":"https:\/\/www.ticket-isladelobos.es\/wp-content\/uploads\/2021\/03\/fuertecharter-cata_optimized-1.jpg","contentUrl":"https:\/\/www.ticket-isladelobos.es\/wp-content\/uploads\/2021\/03\/fuertecharter-cata_optimized-1.jpg","width":720,"height":527,"caption":"catamar\u00e1n isla de lobos"},{"@type":"BreadcrumbList","@id":"https:\/\/www.ticket-isladelobos.es\/es\/tours\/combo-de-luxe\/#breadcrumb","itemListElement":[{"@type":"ListItem","position":1,"name":"Portada","item":"https:\/\/www.ticket-isladelobos.es\/it\/"},{"@type":"ListItem","position":2,"name":"Tienda","item":"https:\/\/www.ticket-isladelobos.es\/es\/tienda\/"},{"@type":"ListItem","position":3,"name":"Catamar\u00e1n Deluxe"}]},{"@type":"WebSite","@id":"https:\/\/www.ticket-isladelobos.es\/es\/#website","url":"https:\/\/www.ticket-isladelobos.es\/es\/","name":"\u2705Isla de Lobos Fuerteventura Tickets Ferry WaterTaxi Excursiones Reservas","description":"\u00bfQuieres hacer un viaje completamente inolvidable? Reserva hoy! Todo sobre la Isla de Lobos en un sitio!","publisher":{"@id":"https:\/\/www.ticket-isladelobos.es\/es\/#organization"},"potentialAction":[{"@type":"SearchAction","target":{"@type":"EntryPoint","urlTemplate":"https:\/\/www.ticket-isladelobos.es\/es\/?s={search_term_string}"},"query-input":{"@type":"PropertyValueSpecification","valueRequired":true,"valueName":"search_term_string"}}],"inLanguage":"it-IT"},{"@type":"Organization","@id":"https:\/\/www.ticket-isladelobos.es\/es\/#organization","name":"Ticket Isla-de-lobos","url":"https:\/\/www.ticket-isladelobos.es\/es\/","logo":{"@type":"ImageObject","inLanguage":"it-IT","@id":"https:\/\/www.ticket-isladelobos.es\/es\/#\/schema\/logo\/image\/","url":"https:\/\/www.ticket-isladelobos.es\/wp-content\/uploads\/2021\/04\/Photo_1614613341266.jpg","contentUrl":"https:\/\/www.ticket-isladelobos.es\/wp-content\/uploads\/2021\/04\/Photo_1614613341266.jpg","width":720,"height":720,"caption":"Ticket Isla-de-lobos"},"image":{"@id":"https:\/\/www.ticket-isladelobos.es\/es\/#\/schema\/logo\/image\/"},"sameAs":["https:\/\/www.facebook.com\/ticketisladelobos"]}]}},"jetpack_publicize_connections":[],"jetpack_likes_enabled":true,"jetpack_sharing_enabled":true,"_links":{"self":[{"href":"https:\/\/www.ticket-isladelobos.es\/it\/wp-json\/wp\/v2\/product\/112","targetHints":{"allow":["GET"]}}],"collection":[{"href":"https:\/\/www.ticket-isladelobos.es\/it\/wp-json\/wp\/v2\/product"}],"about":[{"href":"https:\/\/www.ticket-isladelobos.es\/it\/wp-json\/wp\/v2\/types\/product"}],"replies":[{"embeddable":true,"href":"https:\/\/www.ticket-isladelobos.es\/it\/wp-json\/wp\/v2\/comments?post=112"}],"wp:featuredmedia":[{"embeddable":true,"href":"https:\/\/www.ticket-isladelobos.es\/it\/wp-json\/wp\/v2\/media\/3048"}],"wp:attachment":[{"href":"https:\/\/www.ticket-isladelobos.es\/it\/wp-json\/wp\/v2\/media?parent=112"}],"wp:term":[{"taxonomy":"product_brand","embeddable":true,"href":"https:\/\/www.ticket-isladelobos.es\/it\/wp-json\/wp\/v2\/product_brand?post=112"},{"taxonomy":"product_cat","embeddable":true,"href":"https:\/\/www.ticket-isladelobos.es\/it\/wp-json\/wp\/v2\/product_cat?post=112"},{"taxonomy":"product_tag","embeddable":true,"href":"https:\/\/www.ticket-isladelobos.es\/it\/wp-json\/wp\/v2\/product_tag?post=112"}],"curies":[{"name":"wp","href":"https:\/\/api.w.org\/{rel}","templated":true}]}}