{"id":124,"date":"2021-02-03T09:56:29","date_gmt":"2021-02-03T09:56:29","guid":{"rendered":"http:\/\/adventure-tours.themedelight.com\/?post_type=product&#038;p=124"},"modified":"2023-03-21T18:06:56","modified_gmt":"2023-03-21T18:06:56","slug":"senderismo-natural","status":"publish","type":"product","link":"https:\/\/www.ticket-isladelobos.es\/it\/tours\/senderismo-natural\/","title":{"rendered":"Senderismo Natural"},"content":{"rendered":"<p>Esta f\u00e1cil caminata te dar\u00e1 la oportunidad de acercarte al mundo del senderismo y al mismo tiempo descubrir la naturaleza, visitando el espacio protegido del parque natural Islote de Lobos. Despu\u00e9s que nuestro gu\u00eda te recoja en tu alojamiento a la hora establecida, nos dirigiremos hacia Corralejo, donde cogeremos el barco que nos llevar\u00e1 al peque\u00f1o muelle de Lobos, punto de salida de nuestra caminata. Empezaremos nuestro recorrido en direcci\u00f3n de la playa de la Calera, lugar de importancia arqueol\u00f3gica. Seguiremos luego hacia el volc\u00e1n LA CALDERA, que con sus 127 mt snm, es un mirador natural donde divisar la Isla, las costas de Fuerteventura y Lanzarote. Alcanzaremos, luego, el faro del Marti\u00f1o, construido en 1865, donde podremos descansar, admirar el paisaje y una peque\u00f1a laguna, zona de descanso de muchas aves. El recorrido terminar\u00e1 en el peque\u00f1o pueblito, antiguo muelle de la isla, donde podremos disfrutar de tiempo libre y tomarnos un ba\u00f1o. A la hora establecida volveremos al muelle para regresar a Corralejo y luego a los alojamientos.<\/p>\n<table class=\"table table-bordered tours-tabs__table\" style=\"height: 236px; width: 80.7181%;\" width=\"862\">\n<tbody>\n<tr style=\"height: 22px;\">\n<td style=\"height: 22px; width: 38.6682%;\"><strong>LUGAR DE SALIDA \/ REGRESO<\/strong><\/td>\n<td style=\"height: 22px; width: 60.3972%;\">Muelle de Corralejo<\/td>\n<\/tr>\n<tr style=\"height: 26px;\">\n<td style=\"height: 26px; width: 38.6682%;\"><strong><span lang=\"es\">HORA DE SALIDA<\/span><\/strong><\/td>\n<td style=\"height: 26px; width: 60.3972%;\">9:00<\/td>\n<\/tr>\n<tr>\n<td style=\"width: 38.6682%;\">\n<h4><b>\u00bfQUE TENGO QUE LLEVAR?<\/b><\/h4>\n<p><strong><span lang=\"es\">\u00a0<\/span><\/strong><\/p><\/td>\n<td style=\"width: 60.3972%;\">\n<ul>\n<li>ropa y calzado adecuados<\/li>\n<li>protecci\u00f3n solar<\/li>\n<li>agua<\/li>\n<li>snack<\/li>\n<li>gorro<\/li>\n<li>mochila<\/li>\n<li>chaqueta corta viento<\/li>\n<li>ba\u00f1ador<\/li>\n<li>toalla<\/li>\n<\/ul>\n<\/td>\n<\/tr>\n<tr style=\"height: 126px;\">\n<td style=\"height: 126px; width: 38.6682%;\"><strong>INCLUYE<\/strong><\/td>\n<td style=\"height: 126px; width: 60.3972%;\">\n<table class=\"table table-bordered\" style=\"height: 62px;\" width=\"300\">\n<tbody>\n<tr>\n<td><i class=\"fa fa-check icon-tick icon-tick--on\"><\/i>Gu\u00eda acompa\u00f1ante<\/td>\n<td><i class=\"fa fa-check icon-tick icon-tick--on\"><\/i>Traslados ida\/vuelta a la Isla<\/td>\n<\/tr>\n<tr>\n<td><i class=\"fa fa-check icon-tick icon-tick--on\"><\/i>Autorizaci\u00f3n para visitar la Isla<\/td>\n<td><i class=\"fa fa-check icon-tick icon-tick--on\"><\/i>Seguros<\/td>\n<\/tr>\n<\/tbody>\n<\/table>\n<\/td>\n<\/tr>\n<tr style=\"height: 62px;\">\n<td style=\"height: 62px; width: 38.6682%;\"><b>NOT INCLUDED<\/b><\/td>\n<td style=\"height: 62px; width: 60.3972%;\">\n<table class=\"table table-bordered\" style=\"height: 62px;\" width=\"300\">\n<tbody>\n<tr>\n<td><i class=\"fa fa-times icon-tick icon-tick--off\"><\/i>Comida, Bebida<\/td>\n<\/tr>\n<tr>\n<td><\/td>\n<\/tr>\n<\/tbody>\n<\/table>\n<\/td>\n<\/tr>\n<\/tbody>\n<\/table>\n<p>&nbsp;<\/p>\n","protected":false},"excerpt":{"rendered":"<p>Esta f\u00e1cil caminata te dar\u00e1 la oportunidad de acercarte al mundo del senderismo y al mismo tiempo descubrir la naturaleza, visitando el espacio protegido del parque natural Islote de Lobos. Despu\u00e9s que nuestro gu\u00eda te recoja en tu alojamiento a la hora establecida, nos dirigiremos hacia Corralejo, donde cogeremos el barco que nos llevar\u00e1 al<\/p>\n<div class=\"padding-top text-center\"><a href=\"https:\/\/www.ticket-isladelobos.es\/it\/tours\/senderismo-natural\/\" class=\"atbtn atbtn--medium atbtn--rounded atbtn--transparent\">Lee Mas<i class=\"atbtn__icon atbtn__icon--right fa fa-long-arrow-right\"><\/i><\/a><\/div>\n","protected":false},"featured_media":2656,"comment_status":"open","ping_status":"closed","template":"","meta":{"jetpack_publicize_message":"","jetpack_publicize_feature_enabled":true,"jetpack_social_post_already_shared":false,"jetpack_social_options":{"image_generator_settings":{"template":"highway","default_image_id":0,"font":"","enabled":false},"version":2}},"product_brand":[],"product_cat":[15],"product_tag":[],"class_list":{"0":"post-124","1":"product","2":"type-product","3":"status-publish","4":"has-post-thumbnail","6":"product_cat-sin-categorizar","7":"tour_category-tours-por-tierra","9":"first","10":"instock","11":"shipping-taxable","12":"purchasable","13":"product-type-tour"},"yoast_head":"<!-- This site is optimized with the Yoast SEO plugin v23.4 - https:\/\/yoast.com\/wordpress\/plugins\/seo\/ -->\n<title>Senderismo Natural - \u2705Isla de Lobos Fuerteventura Tickets Ferry WaterTaxi Excursiones Reservas<\/title>\n<meta name=\"description\" content=\"Esta caminata te dar\u00e1 la oportunidad de acercarte al mundo del senderismo y descubrir la naturaleza, visitando el Islote de Lobos.\" \/>\n<meta name=\"robots\" content=\"index, follow, max-snippet:-1, max-image-preview:large, max-video-preview:-1\" \/>\n<link rel=\"canonical\" href=\"https:\/\/www.ticket-isladelobos.es\/es\/tours\/senderismo-natural\/\" \/>\n<meta property=\"og:locale\" content=\"it_IT\" \/>\n<meta property=\"og:type\" content=\"article\" \/>\n<meta property=\"og:title\" content=\"Senderismo Natural - \u2705Isla de Lobos Fuerteventura Tickets Ferry WaterTaxi Excursiones Reservas\" \/>\n<meta property=\"og:description\" content=\"Esta caminata te dar\u00e1 la oportunidad de acercarte al mundo del senderismo y descubrir la naturaleza, visitando el Islote de Lobos.\" \/>\n<meta property=\"og:url\" content=\"https:\/\/www.ticket-isladelobos.es\/es\/tours\/senderismo-natural\/\" \/>\n<meta property=\"og:site_name\" content=\"\u2705Isla de Lobos Fuerteventura Tickets Ferry WaterTaxi Excursiones Reservas\" \/>\n<meta property=\"article:publisher\" content=\"https:\/\/www.facebook.com\/ticketisladelobos\" \/>\n<meta property=\"article:modified_time\" content=\"2023-03-21T18:06:56+00:00\" \/>\n<meta property=\"og:image\" content=\"https:\/\/www.ticket-isladelobos.es\/wp-content\/uploads\/2021\/02\/islalobos1_optimized.jpg\" \/>\n\t<meta property=\"og:image:width\" content=\"1200\" \/>\n\t<meta property=\"og:image:height\" content=\"900\" \/>\n\t<meta property=\"og:image:type\" content=\"image\/jpeg\" \/>\n<meta name=\"twitter:card\" content=\"summary_large_image\" \/>\n<meta name=\"twitter:label1\" content=\"Tempo di lettura stimato\" \/>\n\t<meta name=\"twitter:data1\" content=\"1 minuto\" \/>\n<script type=\"application\/ld+json\" class=\"yoast-schema-graph\">{\"@context\":\"https:\/\/schema.org\",\"@graph\":[{\"@type\":\"WebPage\",\"@id\":\"https:\/\/www.ticket-isladelobos.es\/es\/tours\/senderismo-natural\/\",\"url\":\"https:\/\/www.ticket-isladelobos.es\/es\/tours\/senderismo-natural\/\",\"name\":\"Senderismo Natural - \u2705Isla de Lobos Fuerteventura Tickets Ferry WaterTaxi Excursiones Reservas\",\"isPartOf\":{\"@id\":\"https:\/\/www.ticket-isladelobos.es\/es\/#website\"},\"primaryImageOfPage\":{\"@id\":\"https:\/\/www.ticket-isladelobos.es\/es\/tours\/senderismo-natural\/#primaryimage\"},\"image\":{\"@id\":\"https:\/\/www.ticket-isladelobos.es\/es\/tours\/senderismo-natural\/#primaryimage\"},\"thumbnailUrl\":\"https:\/\/www.ticket-isladelobos.es\/wp-content\/uploads\/2021\/02\/islalobos1_optimized.jpg\",\"datePublished\":\"2021-02-03T09:56:29+00:00\",\"dateModified\":\"2023-03-21T18:06:56+00:00\",\"description\":\"Esta caminata te dar\u00e1 la oportunidad de acercarte al mundo del senderismo y descubrir la naturaleza, visitando el Islote de Lobos.\",\"breadcrumb\":{\"@id\":\"https:\/\/www.ticket-isladelobos.es\/es\/tours\/senderismo-natural\/#breadcrumb\"},\"inLanguage\":\"it-IT\",\"potentialAction\":[{\"@type\":\"ReadAction\",\"target\":[\"https:\/\/www.ticket-isladelobos.es\/es\/tours\/senderismo-natural\/\"]}]},{\"@type\":\"ImageObject\",\"inLanguage\":\"it-IT\",\"@id\":\"https:\/\/www.ticket-isladelobos.es\/es\/tours\/senderismo-natural\/#primaryimage\",\"url\":\"https:\/\/www.ticket-isladelobos.es\/wp-content\/uploads\/2021\/02\/islalobos1_optimized.jpg\",\"contentUrl\":\"https:\/\/www.ticket-isladelobos.es\/wp-content\/uploads\/2021\/02\/islalobos1_optimized.jpg\",\"width\":1200,\"height\":900,\"caption\":\"Senderismo Natural\"},{\"@type\":\"BreadcrumbList\",\"@id\":\"https:\/\/www.ticket-isladelobos.es\/es\/tours\/senderismo-natural\/#breadcrumb\",\"itemListElement\":[{\"@type\":\"ListItem\",\"position\":1,\"name\":\"Portada\",\"item\":\"https:\/\/www.ticket-isladelobos.es\/it\/\"},{\"@type\":\"ListItem\",\"position\":2,\"name\":\"Tienda\",\"item\":\"https:\/\/www.ticket-isladelobos.es\/es\/tienda\/\"},{\"@type\":\"ListItem\",\"position\":3,\"name\":\"Senderismo Natural\"}]},{\"@type\":\"WebSite\",\"@id\":\"https:\/\/www.ticket-isladelobos.es\/es\/#website\",\"url\":\"https:\/\/www.ticket-isladelobos.es\/es\/\",\"name\":\"\u2705Isla de Lobos Fuerteventura Tickets Ferry WaterTaxi Excursiones Reservas\",\"description\":\"\u00bfQuieres hacer un viaje completamente inolvidable? Reserva hoy! Todo sobre la Isla de Lobos en un sitio!\",\"publisher\":{\"@id\":\"https:\/\/www.ticket-isladelobos.es\/es\/#organization\"},\"potentialAction\":[{\"@type\":\"SearchAction\",\"target\":{\"@type\":\"EntryPoint\",\"urlTemplate\":\"https:\/\/www.ticket-isladelobos.es\/es\/?s={search_term_string}\"},\"query-input\":{\"@type\":\"PropertyValueSpecification\",\"valueRequired\":true,\"valueName\":\"search_term_string\"}}],\"inLanguage\":\"it-IT\"},{\"@type\":\"Organization\",\"@id\":\"https:\/\/www.ticket-isladelobos.es\/es\/#organization\",\"name\":\"Ticket Isla-de-lobos\",\"url\":\"https:\/\/www.ticket-isladelobos.es\/es\/\",\"logo\":{\"@type\":\"ImageObject\",\"inLanguage\":\"it-IT\",\"@id\":\"https:\/\/www.ticket-isladelobos.es\/es\/#\/schema\/logo\/image\/\",\"url\":\"https:\/\/www.ticket-isladelobos.es\/wp-content\/uploads\/2021\/04\/Photo_1614613341266.jpg\",\"contentUrl\":\"https:\/\/www.ticket-isladelobos.es\/wp-content\/uploads\/2021\/04\/Photo_1614613341266.jpg\",\"width\":720,\"height\":720,\"caption\":\"Ticket Isla-de-lobos\"},\"image\":{\"@id\":\"https:\/\/www.ticket-isladelobos.es\/es\/#\/schema\/logo\/image\/\"},\"sameAs\":[\"https:\/\/www.facebook.com\/ticketisladelobos\"]}]}<\/script>\n<!-- \/ Yoast SEO plugin. -->","yoast_head_json":{"title":"Senderismo Natural - \u2705Isla de Lobos Fuerteventura Tickets Ferry WaterTaxi Excursiones Reservas","description":"Esta caminata te dar\u00e1 la oportunidad de acercarte al mundo del senderismo y descubrir la naturaleza, visitando el Islote de Lobos.","robots":{"index":"index","follow":"follow","max-snippet":"max-snippet:-1","max-image-preview":"max-image-preview:large","max-video-preview":"max-video-preview:-1"},"canonical":"https:\/\/www.ticket-isladelobos.es\/es\/tours\/senderismo-natural\/","og_locale":"it_IT","og_type":"article","og_title":"Senderismo Natural - \u2705Isla de Lobos Fuerteventura Tickets Ferry WaterTaxi Excursiones Reservas","og_description":"Esta caminata te dar\u00e1 la oportunidad de acercarte al mundo del senderismo y descubrir la naturaleza, visitando el Islote de Lobos.","og_url":"https:\/\/www.ticket-isladelobos.es\/es\/tours\/senderismo-natural\/","og_site_name":"\u2705Isla de Lobos Fuerteventura Tickets Ferry WaterTaxi Excursiones Reservas","article_publisher":"https:\/\/www.facebook.com\/ticketisladelobos","article_modified_time":"2023-03-21T18:06:56+00:00","og_image":[{"width":1200,"height":900,"url":"https:\/\/www.ticket-isladelobos.es\/wp-content\/uploads\/2021\/02\/islalobos1_optimized.jpg","type":"image\/jpeg"}],"twitter_card":"summary_large_image","twitter_misc":{"Tempo di lettura stimato":"1 minuto"},"schema":{"@context":"https:\/\/schema.org","@graph":[{"@type":"WebPage","@id":"https:\/\/www.ticket-isladelobos.es\/es\/tours\/senderismo-natural\/","url":"https:\/\/www.ticket-isladelobos.es\/es\/tours\/senderismo-natural\/","name":"Senderismo Natural - \u2705Isla de Lobos Fuerteventura Tickets Ferry WaterTaxi Excursiones Reservas","isPartOf":{"@id":"https:\/\/www.ticket-isladelobos.es\/es\/#website"},"primaryImageOfPage":{"@id":"https:\/\/www.ticket-isladelobos.es\/es\/tours\/senderismo-natural\/#primaryimage"},"image":{"@id":"https:\/\/www.ticket-isladelobos.es\/es\/tours\/senderismo-natural\/#primaryimage"},"thumbnailUrl":"https:\/\/www.ticket-isladelobos.es\/wp-content\/uploads\/2021\/02\/islalobos1_optimized.jpg","datePublished":"2021-02-03T09:56:29+00:00","dateModified":"2023-03-21T18:06:56+00:00","description":"Esta caminata te dar\u00e1 la oportunidad de acercarte al mundo del senderismo y descubrir la naturaleza, visitando el Islote de Lobos.","breadcrumb":{"@id":"https:\/\/www.ticket-isladelobos.es\/es\/tours\/senderismo-natural\/#breadcrumb"},"inLanguage":"it-IT","potentialAction":[{"@type":"ReadAction","target":["https:\/\/www.ticket-isladelobos.es\/es\/tours\/senderismo-natural\/"]}]},{"@type":"ImageObject","inLanguage":"it-IT","@id":"https:\/\/www.ticket-isladelobos.es\/es\/tours\/senderismo-natural\/#primaryimage","url":"https:\/\/www.ticket-isladelobos.es\/wp-content\/uploads\/2021\/02\/islalobos1_optimized.jpg","contentUrl":"https:\/\/www.ticket-isladelobos.es\/wp-content\/uploads\/2021\/02\/islalobos1_optimized.jpg","width":1200,"height":900,"caption":"Senderismo Natural"},{"@type":"BreadcrumbList","@id":"https:\/\/www.ticket-isladelobos.es\/es\/tours\/senderismo-natural\/#breadcrumb","itemListElement":[{"@type":"ListItem","position":1,"name":"Portada","item":"https:\/\/www.ticket-isladelobos.es\/it\/"},{"@type":"ListItem","position":2,"name":"Tienda","item":"https:\/\/www.ticket-isladelobos.es\/es\/tienda\/"},{"@type":"ListItem","position":3,"name":"Senderismo Natural"}]},{"@type":"WebSite","@id":"https:\/\/www.ticket-isladelobos.es\/es\/#website","url":"https:\/\/www.ticket-isladelobos.es\/es\/","name":"\u2705Isla de Lobos Fuerteventura Tickets Ferry WaterTaxi Excursiones Reservas","description":"\u00bfQuieres hacer un viaje completamente inolvidable? Reserva hoy! Todo sobre la Isla de Lobos en un sitio!","publisher":{"@id":"https:\/\/www.ticket-isladelobos.es\/es\/#organization"},"potentialAction":[{"@type":"SearchAction","target":{"@type":"EntryPoint","urlTemplate":"https:\/\/www.ticket-isladelobos.es\/es\/?s={search_term_string}"},"query-input":{"@type":"PropertyValueSpecification","valueRequired":true,"valueName":"search_term_string"}}],"inLanguage":"it-IT"},{"@type":"Organization","@id":"https:\/\/www.ticket-isladelobos.es\/es\/#organization","name":"Ticket Isla-de-lobos","url":"https:\/\/www.ticket-isladelobos.es\/es\/","logo":{"@type":"ImageObject","inLanguage":"it-IT","@id":"https:\/\/www.ticket-isladelobos.es\/es\/#\/schema\/logo\/image\/","url":"https:\/\/www.ticket-isladelobos.es\/wp-content\/uploads\/2021\/04\/Photo_1614613341266.jpg","contentUrl":"https:\/\/www.ticket-isladelobos.es\/wp-content\/uploads\/2021\/04\/Photo_1614613341266.jpg","width":720,"height":720,"caption":"Ticket Isla-de-lobos"},"image":{"@id":"https:\/\/www.ticket-isladelobos.es\/es\/#\/schema\/logo\/image\/"},"sameAs":["https:\/\/www.facebook.com\/ticketisladelobos"]}]}},"jetpack_publicize_connections":[],"jetpack_likes_enabled":true,"jetpack_sharing_enabled":true,"_links":{"self":[{"href":"https:\/\/www.ticket-isladelobos.es\/it\/wp-json\/wp\/v2\/product\/124","targetHints":{"allow":["GET"]}}],"collection":[{"href":"https:\/\/www.ticket-isladelobos.es\/it\/wp-json\/wp\/v2\/product"}],"about":[{"href":"https:\/\/www.ticket-isladelobos.es\/it\/wp-json\/wp\/v2\/types\/product"}],"replies":[{"embeddable":true,"href":"https:\/\/www.ticket-isladelobos.es\/it\/wp-json\/wp\/v2\/comments?post=124"}],"wp:featuredmedia":[{"embeddable":true,"href":"https:\/\/www.ticket-isladelobos.es\/it\/wp-json\/wp\/v2\/media\/2656"}],"wp:attachment":[{"href":"https:\/\/www.ticket-isladelobos.es\/it\/wp-json\/wp\/v2\/media?parent=124"}],"wp:term":[{"taxonomy":"product_brand","embeddable":true,"href":"https:\/\/www.ticket-isladelobos.es\/it\/wp-json\/wp\/v2\/product_brand?post=124"},{"taxonomy":"product_cat","embeddable":true,"href":"https:\/\/www.ticket-isladelobos.es\/it\/wp-json\/wp\/v2\/product_cat?post=124"},{"taxonomy":"product_tag","embeddable":true,"href":"https:\/\/www.ticket-isladelobos.es\/it\/wp-json\/wp\/v2\/product_tag?post=124"}],"curies":[{"name":"wp","href":"https:\/\/api.w.org\/{rel}","templated":true}]}}