{"id":29248,"date":"2024-11-17T18:42:13","date_gmt":"2024-11-17T18:42:13","guid":{"rendered":"https:\/\/www.ticket-isladelobos.es\/?post_type=product&#038;p=29248"},"modified":"2024-11-17T18:45:06","modified_gmt":"2024-11-17T18:45:06","slug":"cetaceos-corralejo-3-horas-privado","status":"publish","type":"product","link":"https:\/\/www.ticket-isladelobos.es\/it\/tours\/cetaceos-corralejo-3-horas-privado\/","title":{"rendered":"Cet\u00e1ceos Corralejo 3 horas Privado"},"content":{"rendered":"<div class=\"elementor-element elementor-element-31a005e3 elementor-widget elementor-widget-heading\" data-id=\"31a005e3\" data-element_type=\"widget\" data-widget_type=\"heading.default\">\n<div class=\"elementor-widget-container\">\n<h3 class=\"elementor-heading-title elementor-size-default\">Cet\u00e1ceos Corralejo Fuerteventura<\/h3>\n<\/div>\n<\/div>\n<div class=\"elementor-element elementor-element-74266d0a elementor-widget elementor-widget-text-editor\" data-id=\"74266d0a\" data-element_type=\"widget\" data-widget_type=\"text-editor.default\">\n<div class=\"elementor-widget-container\">\n<div class=\"elementor-text-editor elementor-clearfix\">\n<p>Fuerteventura es Reserva de la Biosfera porque posee una gran riqueza, tanto de especies como de ecosistemas marinos.<\/p>\n<p>Desde los charcos intermareales hasta los veriles, pasando por las praderas de algas pardas, los blanquizales, los arenales o los cebadales que forman todos ellos unos oasis de vida \u00fanicos en\u00a0 el mundo en nuestra isla.<\/p>\n<p><img loading=\"lazy\" decoding=\"async\" class=\"alignnone size-medium wp-image-12705\" src=\"https:\/\/www.ticket-isladelobos.es\/wp-content\/uploads\/2022\/02\/ROCUAL-768x512-1-300x200.jpg\" alt=\"Cet\u00e1ceos fuerteventura\" width=\"300\" height=\"200\" srcset=\"https:\/\/www.ticket-isladelobos.es\/wp-content\/uploads\/2022\/02\/ROCUAL-768x512-1.jpg 300w, https:\/\/www.ticket-isladelobos.es\/wp-content\/uploads\/2022\/02\/ROCUAL-768x512-1.jpg 531w, https:\/\/www.ticket-isladelobos.es\/wp-content\/uploads\/2022\/02\/ROCUAL-768x512-1.jpg 600w, https:\/\/www.ticket-isladelobos.es\/wp-content\/uploads\/2022\/02\/ROCUAL-768x512-1.jpg 180w, https:\/\/www.ticket-isladelobos.es\/wp-content\/uploads\/2022\/02\/ROCUAL-768x512-1.jpg 768w\" sizes=\"auto, (max-width: 300px) 100vw, 300px\" \/><\/p>\n<p>En el enclave donde nos encontramos (norte de la isla), podemos disfrutar de unos paisajes maravillosos al estar entre 3 islas (Fuerteventura,<br \/>\nLanzarote e isla de Lobos), donde nos encontraremos con muchas especies de cet\u00e1ceos, de los cuales unos viven aqu\u00ed y otros est\u00e1n de paso.<\/p>\n<p>Fuerteventura tiene un litoral de m\u00e1s de 300 kilometros donde habitan numerosas especies, aparte de Lanzarote, la isla de la Graciosa y las islas Salvajes donde hacemos incursiones de varios d\u00edas con nuestros clientes, bi\u00f3logos y colaboradores.<\/p>\n<p><img loading=\"lazy\" decoding=\"async\" class=\"alignnone size-medium wp-image-12709\" src=\"https:\/\/www.ticket-isladelobos.es\/wp-content\/uploads\/2022\/02\/13603752_525855250931451_655993400649301256_o-768x461-1-300x180.jpg\" alt=\"\" width=\"300\" height=\"180\" srcset=\"https:\/\/www.ticket-isladelobos.es\/wp-content\/uploads\/2022\/02\/13603752_525855250931451_655993400649301256_o-768x461-1.jpg 300w, https:\/\/www.ticket-isladelobos.es\/wp-content\/uploads\/2022\/02\/13603752_525855250931451_655993400649301256_o-768x461-1.jpg 600w, https:\/\/www.ticket-isladelobos.es\/wp-content\/uploads\/2022\/02\/13603752_525855250931451_655993400649301256_o-768x461-1.jpg 768w\" sizes=\"auto, (max-width: 300px) 100vw, 300px\" \/><\/p>\n<\/div>\n<\/div>\n<\/div>\n<p>&nbsp;<\/p>\n<div class=\"elementor-element elementor-element-fdda16b elementor-widget elementor-widget-heading\" data-id=\"fdda16b\" data-element_type=\"widget\" data-widget_type=\"heading.default\">\n<div class=\"elementor-widget-container\">\n<h3 class=\"elementor-heading-title elementor-size-default\">AVISTAMIENTO RESPONSABLE<\/h3>\n<\/div>\n<\/div>\n<div class=\"elementor-element elementor-element-2442615 elementor-widget elementor-widget-text-editor\" data-id=\"2442615\" data-element_type=\"widget\" data-widget_type=\"text-editor.default\">\n<div class=\"elementor-widget-container\">\n<div class=\"elementor-text-editor elementor-clearfix\">\n<p>Instituto Canario de Estudios de la Naturaleza y Aplicaciones Industriales fue creada en 2012 por profesionales del sector(marinos, bi\u00f3logos y fot\u00f3grafos), para ejercer la actividad de avistamientos de cet\u00e1ceos en el estrecho de la bocaina Fuerteventura, donde nunca antes se hab\u00eda realizado dicha actividad tur\u00edstica.<\/p>\n<p><img loading=\"lazy\" decoding=\"async\" class=\"alignnone size-medium wp-image-12711\" src=\"https:\/\/www.ticket-isladelobos.es\/wp-content\/uploads\/2022\/02\/TORUGABOB-300x200.jpg\" alt=\"\" width=\"300\" height=\"200\" srcset=\"https:\/\/www.ticket-isladelobos.es\/wp-content\/uploads\/2022\/02\/TORUGABOB.jpg 300w, https:\/\/www.ticket-isladelobos.es\/wp-content\/uploads\/2022\/02\/TORUGABOB.jpg 531w, https:\/\/www.ticket-isladelobos.es\/wp-content\/uploads\/2022\/02\/TORUGABOB.jpg 600w, https:\/\/www.ticket-isladelobos.es\/wp-content\/uploads\/2022\/02\/TORUGABOB.jpg 180w, https:\/\/www.ticket-isladelobos.es\/wp-content\/uploads\/2022\/02\/TORUGABOB.jpg 700w\" sizes=\"auto, (max-width: 300px) 100vw, 300px\" \/><\/p>\n<p>En la actualidad aparte de ejercer nuestros servicios de avistamientos de cet\u00e1ceos, colaboramos con la universidad de Las palmas de Gran Canaria y la de la Laguna en Tenerife as\u00ed como con diversas asociaciones, en defensa de la conservaci\u00f3n e investigaci\u00f3n medioambiental.<\/p>\n<\/div>\n<\/div>\n<\/div>\n<div class=\"elementor-element elementor-element-5a33542c elementor-widget elementor-widget-heading\" data-id=\"5a33542c\" data-element_type=\"widget\" data-widget_type=\"heading.default\">\n<div class=\"elementor-widget-container\">\n<h4 class=\"elementor-heading-title elementor-size-default\">\u00bfPor qu\u00e9 nosotros?<\/h4>\n<\/div>\n<\/div>\n<div class=\"elementor-element elementor-element-2e0c85b elementor-icon-list--layout-traditional elementor-widget elementor-widget-icon-list\" data-id=\"2e0c85b\" data-element_type=\"widget\" data-widget_type=\"icon-list.default\">\n<div class=\"elementor-widget-container\">\n<ul class=\"elementor-icon-list-items\">\n<li class=\"elementor-icon-list-item\"><i class=\"fa fa-check\" aria-hidden=\"true\"><\/i><span class=\"elementor-icon-list-text\">Las mejores ofertas.<\/span><\/li>\n<li class=\"elementor-icon-list-item\"><i class=\"fa fa-check\" aria-hidden=\"true\"><\/i><span class=\"elementor-icon-list-text\">La primer empresa en cetaceos.<\/span><\/li>\n<li class=\"elementor-icon-list-item\"><i class=\"fa fa-check\" aria-hidden=\"true\"><\/i><span class=\"elementor-icon-list-text\">El mejor porcenjate de avistamientos.<\/span><\/li>\n<\/ul>\n<\/div>\n<\/div>\n<p><img loading=\"lazy\" decoding=\"async\" class=\"alignnone wp-image-12714 size-full\" src=\"https:\/\/www.ticket-isladelobos.es\/wp-content\/uploads\/2022\/02\/cetaceos-isla-de-lobos.jpg\" alt=\"\" width=\"1499\" height=\"631\" srcset=\"https:\/\/www.ticket-isladelobos.es\/wp-content\/uploads\/2022\/02\/cetaceos-isla-de-lobos.jpg 1499w, https:\/\/www.ticket-isladelobos.es\/wp-content\/uploads\/2022\/02\/cetaceos-isla-de-lobos.jpg 300w, https:\/\/www.ticket-isladelobos.es\/wp-content\/uploads\/2022\/02\/cetaceos-isla-de-lobos.jpg 1024w, https:\/\/www.ticket-isladelobos.es\/wp-content\/uploads\/2022\/02\/cetaceos-isla-de-lobos.jpg 768w, https:\/\/www.ticket-isladelobos.es\/wp-content\/uploads\/2022\/02\/cetaceos-isla-de-lobos.jpg 600w\" sizes=\"auto, (max-width: 748px) 100vw, 748px\" \/><\/p>\n<p>Nosotros tenemos un barco que se llama \u201cCampus Stelae\u201d de 15 metros de eslora y 4,70 metros de manga,<br \/>\nel cual solo utilizamos para hacer los avistamientos de cet\u00e1ceos.Es un barco de lujo, en el cual solo vamos 12 personas como m\u00e1ximo,<br \/>\npara poder estar c\u00f3modamente en el y tener mucho espacio para todos.<\/p>\n<p>Consta de un interior con sal\u00f3n, cocina, 2 camarotes y 2 ba\u00f1os, una popa bastante ancha donde solemos dar las explicaciones<br \/>\nde la excursi\u00f3n , una proa muy c\u00f3moda con cojines y un fly maravilloso que nos permite avistar los cet\u00e1ceos con bastante asiduidad.<\/p>\n<h3>Tarifa:<\/h3>\n<p>480 Euros<\/p>\n<p>&nbsp;<\/p>\n<table class=\"table table-bordered tours-tabs__table\">\n<tbody>\n<tr>\n<td style=\"width: 327px;\"><strong>LUGAR DE SALIDA\/REGRESO<\/strong><\/td>\n<td style=\"width: 527px;\">Muelle de Corralejo<\/td>\n<\/tr>\n<tr>\n<td style=\"width: 327px;\"><strong><span lang=\"es\">HORAS DE SALIDA<\/span><\/strong><\/td>\n<td style=\"width: 527px;\">10:00<\/td>\n<\/tr>\n<tr>\n<td style=\"width: 327px;\"><strong>INCLUYE<\/strong><\/td>\n<td style=\"width: 527px;\">\n<table class=\"table table-bordered\" style=\"height: 351px; width: 58.819%;\" width=\"300\">\n<tbody>\n<tr style=\"height: 142px;\">\n<td style=\"width: 116px; height: 142px;\"><i class=\"fa fa-check icon-tick icon-tick--on\"><\/i>Patr\u00f3n de embarcaci\u00f3n, marinero<\/td>\n<td style=\"width: 176px; height: 142px;\"><i class=\"fa fa-check icon-tick icon-tick--on\"><\/i>Snack\u00a0 Bebidas est\u00e1n incluidas durante todo el trayecto<\/td>\n<\/tr>\n<\/tbody>\n<\/table>\n<\/td>\n<\/tr>\n<\/tbody>\n<\/table>\n<pre>Tenemos una <strong>probabilidad de \u00e9xito<\/strong> en los avistamientos \r\ndurante todo el a\u00f1o de entre un <strong>90%<\/strong> y un <strong>95%<\/strong>. \r\nTambi\u00e9n garantizamos que si no vemos pueden venir \r\nuna segunda vez pagando la mitad del dinero si lo desean.<\/pre>\n","protected":false},"excerpt":{"rendered":"<p>Vive una experiencia \u00fanica en Fuerteventura\u00a0con nuestra Combo\u00a0C\u00e9taceos.<\/p>\n","protected":false},"featured_media":12707,"comment_status":"open","ping_status":"closed","template":"","meta":{"jetpack_publicize_message":"","jetpack_publicize_feature_enabled":true,"jetpack_social_post_already_shared":true,"jetpack_social_options":{"image_generator_settings":{"template":"highway","default_image_id":0,"font":"","enabled":false},"version":2}},"product_brand":[],"product_cat":[15],"product_tag":[],"class_list":{"0":"post-29248","1":"product","2":"type-product","3":"status-publish","4":"has-post-thumbnail","6":"product_cat-sin-categorizar","8":"first","9":"instock","10":"sale","11":"shipping-taxable","12":"purchasable","13":"product-type-tour"},"yoast_head":"<!-- This site is optimized with the Yoast SEO plugin v23.4 - https:\/\/yoast.com\/wordpress\/plugins\/seo\/ -->\n<title>Cet\u00e1ceos Corralejo 3 horas Privado - \u2705Isla de Lobos Fuerteventura Tickets Ferry WaterTaxi Excursiones Reservas<\/title>\n<meta name=\"description\" content=\"disfrutar del ecosistema y de la compa\u00f1\u00eda de diversos tipos de cet\u00e1ceos que viven en estas aguas como ballenas, delfines, calderones y tortugas marinas\" \/>\n<meta name=\"robots\" content=\"index, follow, max-snippet:-1, max-image-preview:large, max-video-preview:-1\" \/>\n<link rel=\"canonical\" href=\"https:\/\/www.ticket-isladelobos.es\/hu\/kirandulasok-hajojegyek-corralejo-lobos\/cetaceos-corralejo-3-horas-privado\/\" \/>\n<meta property=\"og:locale\" content=\"it_IT\" \/>\n<meta property=\"og:type\" content=\"article\" \/>\n<meta property=\"og:title\" content=\"Cet\u00e1ceos Corralejo 3 horas Privado - \u2705Isla de Lobos Fuerteventura Tickets Ferry WaterTaxi Excursiones Reservas\" \/>\n<meta property=\"og:description\" content=\"disfrutar del ecosistema y de la compa\u00f1\u00eda de diversos tipos de cet\u00e1ceos que viven en estas aguas como ballenas, delfines, calderones y tortugas marinas\" \/>\n<meta property=\"og:url\" content=\"https:\/\/www.ticket-isladelobos.es\/hu\/kirandulasok-hajojegyek-corralejo-lobos\/cetaceos-corralejo-3-horas-privado\/\" \/>\n<meta property=\"og:site_name\" content=\"\u2705Isla de Lobos Fuerteventura Tickets Ferry WaterTaxi Excursiones Reservas\" \/>\n<meta property=\"article:publisher\" content=\"https:\/\/www.facebook.com\/ticketisladelobos\" \/>\n<meta property=\"article:modified_time\" content=\"2024-11-17T18:45:06+00:00\" \/>\n<meta property=\"og:image\" content=\"https:\/\/www.ticket-isladelobos.es\/wp-content\/uploads\/2022\/02\/11312879_386103328239978_9038780402484760569_o-768x512-1.jpg\" \/>\n\t<meta property=\"og:image:width\" content=\"768\" \/>\n\t<meta property=\"og:image:height\" content=\"512\" \/>\n\t<meta property=\"og:image:type\" content=\"image\/jpeg\" \/>\n<meta name=\"twitter:card\" content=\"summary_large_image\" \/>\n<meta name=\"twitter:label1\" content=\"Tempo di lettura stimato\" \/>\n\t<meta name=\"twitter:data1\" content=\"3 minuti\" \/>\n<script type=\"application\/ld+json\" class=\"yoast-schema-graph\">{\"@context\":\"https:\/\/schema.org\",\"@graph\":[{\"@type\":\"WebPage\",\"@id\":\"https:\/\/www.ticket-isladelobos.es\/hu\/kirandulasok-hajojegyek-corralejo-lobos\/cetaceos-corralejo-3-horas-privado\/\",\"url\":\"https:\/\/www.ticket-isladelobos.es\/hu\/kirandulasok-hajojegyek-corralejo-lobos\/cetaceos-corralejo-3-horas-privado\/\",\"name\":\"Cet\u00e1ceos Corralejo 3 horas Privado - \u2705Isla de Lobos Fuerteventura Tickets Ferry WaterTaxi Excursiones Reservas\",\"isPartOf\":{\"@id\":\"https:\/\/www.ticket-isladelobos.es\/es\/#website\"},\"primaryImageOfPage\":{\"@id\":\"https:\/\/www.ticket-isladelobos.es\/hu\/kirandulasok-hajojegyek-corralejo-lobos\/cetaceos-corralejo-3-horas-privado\/#primaryimage\"},\"image\":{\"@id\":\"https:\/\/www.ticket-isladelobos.es\/hu\/kirandulasok-hajojegyek-corralejo-lobos\/cetaceos-corralejo-3-horas-privado\/#primaryimage\"},\"thumbnailUrl\":\"https:\/\/www.ticket-isladelobos.es\/wp-content\/uploads\/2022\/02\/11312879_386103328239978_9038780402484760569_o-768x512-1.jpg\",\"datePublished\":\"2024-11-17T18:42:13+00:00\",\"dateModified\":\"2024-11-17T18:45:06+00:00\",\"description\":\"disfrutar del ecosistema y de la compa\u00f1\u00eda de diversos tipos de cet\u00e1ceos que viven en estas aguas como ballenas, delfines, calderones y tortugas marinas\",\"breadcrumb\":{\"@id\":\"https:\/\/www.ticket-isladelobos.es\/hu\/kirandulasok-hajojegyek-corralejo-lobos\/cetaceos-corralejo-3-horas-privado\/#breadcrumb\"},\"inLanguage\":\"it-IT\",\"potentialAction\":[{\"@type\":\"ReadAction\",\"target\":[\"https:\/\/www.ticket-isladelobos.es\/hu\/kirandulasok-hajojegyek-corralejo-lobos\/cetaceos-corralejo-3-horas-privado\/\"]}]},{\"@type\":\"ImageObject\",\"inLanguage\":\"it-IT\",\"@id\":\"https:\/\/www.ticket-isladelobos.es\/hu\/kirandulasok-hajojegyek-corralejo-lobos\/cetaceos-corralejo-3-horas-privado\/#primaryimage\",\"url\":\"https:\/\/www.ticket-isladelobos.es\/wp-content\/uploads\/2022\/02\/11312879_386103328239978_9038780402484760569_o-768x512-1.jpg\",\"contentUrl\":\"https:\/\/www.ticket-isladelobos.es\/wp-content\/uploads\/2022\/02\/11312879_386103328239978_9038780402484760569_o-768x512-1.jpg\",\"width\":768,\"height\":512,\"caption\":\"Cet\u00e1ceos fuerteventura\"},{\"@type\":\"BreadcrumbList\",\"@id\":\"https:\/\/www.ticket-isladelobos.es\/hu\/kirandulasok-hajojegyek-corralejo-lobos\/cetaceos-corralejo-3-horas-privado\/#breadcrumb\",\"itemListElement\":[{\"@type\":\"ListItem\",\"position\":1,\"name\":\"Portada\",\"item\":\"https:\/\/www.ticket-isladelobos.es\/it\/\"},{\"@type\":\"ListItem\",\"position\":2,\"name\":\"Tienda\",\"item\":\"https:\/\/www.ticket-isladelobos.es\/es\/tienda\/\"},{\"@type\":\"ListItem\",\"position\":3,\"name\":\"Cet\u00e1ceos Corralejo 3 horas Privado\"}]},{\"@type\":\"WebSite\",\"@id\":\"https:\/\/www.ticket-isladelobos.es\/es\/#website\",\"url\":\"https:\/\/www.ticket-isladelobos.es\/es\/\",\"name\":\"\u2705Isla de Lobos Fuerteventura Tickets Ferry WaterTaxi Excursiones Reservas\",\"description\":\"\u00bfQuieres hacer un viaje completamente inolvidable? Reserva hoy! Todo sobre la Isla de Lobos en un sitio!\",\"publisher\":{\"@id\":\"https:\/\/www.ticket-isladelobos.es\/es\/#organization\"},\"potentialAction\":[{\"@type\":\"SearchAction\",\"target\":{\"@type\":\"EntryPoint\",\"urlTemplate\":\"https:\/\/www.ticket-isladelobos.es\/es\/?s={search_term_string}\"},\"query-input\":{\"@type\":\"PropertyValueSpecification\",\"valueRequired\":true,\"valueName\":\"search_term_string\"}}],\"inLanguage\":\"it-IT\"},{\"@type\":\"Organization\",\"@id\":\"https:\/\/www.ticket-isladelobos.es\/es\/#organization\",\"name\":\"Ticket Isla-de-lobos\",\"url\":\"https:\/\/www.ticket-isladelobos.es\/es\/\",\"logo\":{\"@type\":\"ImageObject\",\"inLanguage\":\"it-IT\",\"@id\":\"https:\/\/www.ticket-isladelobos.es\/es\/#\/schema\/logo\/image\/\",\"url\":\"https:\/\/www.ticket-isladelobos.es\/wp-content\/uploads\/2021\/04\/Photo_1614613341266.jpg\",\"contentUrl\":\"https:\/\/www.ticket-isladelobos.es\/wp-content\/uploads\/2021\/04\/Photo_1614613341266.jpg\",\"width\":720,\"height\":720,\"caption\":\"Ticket Isla-de-lobos\"},\"image\":{\"@id\":\"https:\/\/www.ticket-isladelobos.es\/es\/#\/schema\/logo\/image\/\"},\"sameAs\":[\"https:\/\/www.facebook.com\/ticketisladelobos\"]}]}<\/script>\n<!-- \/ Yoast SEO plugin. -->","yoast_head_json":{"title":"Cet\u00e1ceos Corralejo 3 horas Privado - \u2705Isla de Lobos Fuerteventura Tickets Ferry WaterTaxi Excursiones Reservas","description":"disfrutar del ecosistema y de la compa\u00f1\u00eda de diversos tipos de cet\u00e1ceos que viven en estas aguas como ballenas, delfines, calderones y tortugas marinas","robots":{"index":"index","follow":"follow","max-snippet":"max-snippet:-1","max-image-preview":"max-image-preview:large","max-video-preview":"max-video-preview:-1"},"canonical":"https:\/\/www.ticket-isladelobos.es\/hu\/kirandulasok-hajojegyek-corralejo-lobos\/cetaceos-corralejo-3-horas-privado\/","og_locale":"it_IT","og_type":"article","og_title":"Cet\u00e1ceos Corralejo 3 horas Privado - \u2705Isla de Lobos Fuerteventura Tickets Ferry WaterTaxi Excursiones Reservas","og_description":"disfrutar del ecosistema y de la compa\u00f1\u00eda de diversos tipos de cet\u00e1ceos que viven en estas aguas como ballenas, delfines, calderones y tortugas marinas","og_url":"https:\/\/www.ticket-isladelobos.es\/hu\/kirandulasok-hajojegyek-corralejo-lobos\/cetaceos-corralejo-3-horas-privado\/","og_site_name":"\u2705Isla de Lobos Fuerteventura Tickets Ferry WaterTaxi Excursiones Reservas","article_publisher":"https:\/\/www.facebook.com\/ticketisladelobos","article_modified_time":"2024-11-17T18:45:06+00:00","og_image":[{"width":768,"height":512,"url":"https:\/\/www.ticket-isladelobos.es\/wp-content\/uploads\/2022\/02\/11312879_386103328239978_9038780402484760569_o-768x512-1.jpg","type":"image\/jpeg"}],"twitter_card":"summary_large_image","twitter_misc":{"Tempo di lettura stimato":"3 minuti"},"schema":{"@context":"https:\/\/schema.org","@graph":[{"@type":"WebPage","@id":"https:\/\/www.ticket-isladelobos.es\/hu\/kirandulasok-hajojegyek-corralejo-lobos\/cetaceos-corralejo-3-horas-privado\/","url":"https:\/\/www.ticket-isladelobos.es\/hu\/kirandulasok-hajojegyek-corralejo-lobos\/cetaceos-corralejo-3-horas-privado\/","name":"Cet\u00e1ceos Corralejo 3 horas Privado - \u2705Isla de Lobos Fuerteventura Tickets Ferry WaterTaxi Excursiones Reservas","isPartOf":{"@id":"https:\/\/www.ticket-isladelobos.es\/es\/#website"},"primaryImageOfPage":{"@id":"https:\/\/www.ticket-isladelobos.es\/hu\/kirandulasok-hajojegyek-corralejo-lobos\/cetaceos-corralejo-3-horas-privado\/#primaryimage"},"image":{"@id":"https:\/\/www.ticket-isladelobos.es\/hu\/kirandulasok-hajojegyek-corralejo-lobos\/cetaceos-corralejo-3-horas-privado\/#primaryimage"},"thumbnailUrl":"https:\/\/www.ticket-isladelobos.es\/wp-content\/uploads\/2022\/02\/11312879_386103328239978_9038780402484760569_o-768x512-1.jpg","datePublished":"2024-11-17T18:42:13+00:00","dateModified":"2024-11-17T18:45:06+00:00","description":"disfrutar del ecosistema y de la compa\u00f1\u00eda de diversos tipos de cet\u00e1ceos que viven en estas aguas como ballenas, delfines, calderones y tortugas marinas","breadcrumb":{"@id":"https:\/\/www.ticket-isladelobos.es\/hu\/kirandulasok-hajojegyek-corralejo-lobos\/cetaceos-corralejo-3-horas-privado\/#breadcrumb"},"inLanguage":"it-IT","potentialAction":[{"@type":"ReadAction","target":["https:\/\/www.ticket-isladelobos.es\/hu\/kirandulasok-hajojegyek-corralejo-lobos\/cetaceos-corralejo-3-horas-privado\/"]}]},{"@type":"ImageObject","inLanguage":"it-IT","@id":"https:\/\/www.ticket-isladelobos.es\/hu\/kirandulasok-hajojegyek-corralejo-lobos\/cetaceos-corralejo-3-horas-privado\/#primaryimage","url":"https:\/\/www.ticket-isladelobos.es\/wp-content\/uploads\/2022\/02\/11312879_386103328239978_9038780402484760569_o-768x512-1.jpg","contentUrl":"https:\/\/www.ticket-isladelobos.es\/wp-content\/uploads\/2022\/02\/11312879_386103328239978_9038780402484760569_o-768x512-1.jpg","width":768,"height":512,"caption":"Cet\u00e1ceos fuerteventura"},{"@type":"BreadcrumbList","@id":"https:\/\/www.ticket-isladelobos.es\/hu\/kirandulasok-hajojegyek-corralejo-lobos\/cetaceos-corralejo-3-horas-privado\/#breadcrumb","itemListElement":[{"@type":"ListItem","position":1,"name":"Portada","item":"https:\/\/www.ticket-isladelobos.es\/it\/"},{"@type":"ListItem","position":2,"name":"Tienda","item":"https:\/\/www.ticket-isladelobos.es\/es\/tienda\/"},{"@type":"ListItem","position":3,"name":"Cet\u00e1ceos Corralejo 3 horas Privado"}]},{"@type":"WebSite","@id":"https:\/\/www.ticket-isladelobos.es\/es\/#website","url":"https:\/\/www.ticket-isladelobos.es\/es\/","name":"\u2705Isla de Lobos Fuerteventura Tickets Ferry WaterTaxi Excursiones Reservas","description":"\u00bfQuieres hacer un viaje completamente inolvidable? Reserva hoy! Todo sobre la Isla de Lobos en un sitio!","publisher":{"@id":"https:\/\/www.ticket-isladelobos.es\/es\/#organization"},"potentialAction":[{"@type":"SearchAction","target":{"@type":"EntryPoint","urlTemplate":"https:\/\/www.ticket-isladelobos.es\/es\/?s={search_term_string}"},"query-input":{"@type":"PropertyValueSpecification","valueRequired":true,"valueName":"search_term_string"}}],"inLanguage":"it-IT"},{"@type":"Organization","@id":"https:\/\/www.ticket-isladelobos.es\/es\/#organization","name":"Ticket Isla-de-lobos","url":"https:\/\/www.ticket-isladelobos.es\/es\/","logo":{"@type":"ImageObject","inLanguage":"it-IT","@id":"https:\/\/www.ticket-isladelobos.es\/es\/#\/schema\/logo\/image\/","url":"https:\/\/www.ticket-isladelobos.es\/wp-content\/uploads\/2021\/04\/Photo_1614613341266.jpg","contentUrl":"https:\/\/www.ticket-isladelobos.es\/wp-content\/uploads\/2021\/04\/Photo_1614613341266.jpg","width":720,"height":720,"caption":"Ticket Isla-de-lobos"},"image":{"@id":"https:\/\/www.ticket-isladelobos.es\/es\/#\/schema\/logo\/image\/"},"sameAs":["https:\/\/www.facebook.com\/ticketisladelobos"]}]}},"jetpack_publicize_connections":[],"jetpack_likes_enabled":true,"jetpack_sharing_enabled":true,"_links":{"self":[{"href":"https:\/\/www.ticket-isladelobos.es\/it\/wp-json\/wp\/v2\/product\/29248","targetHints":{"allow":["GET"]}}],"collection":[{"href":"https:\/\/www.ticket-isladelobos.es\/it\/wp-json\/wp\/v2\/product"}],"about":[{"href":"https:\/\/www.ticket-isladelobos.es\/it\/wp-json\/wp\/v2\/types\/product"}],"replies":[{"embeddable":true,"href":"https:\/\/www.ticket-isladelobos.es\/it\/wp-json\/wp\/v2\/comments?post=29248"}],"wp:featuredmedia":[{"embeddable":true,"href":"https:\/\/www.ticket-isladelobos.es\/it\/wp-json\/wp\/v2\/media\/12707"}],"wp:attachment":[{"href":"https:\/\/www.ticket-isladelobos.es\/it\/wp-json\/wp\/v2\/media?parent=29248"}],"wp:term":[{"taxonomy":"product_brand","embeddable":true,"href":"https:\/\/www.ticket-isladelobos.es\/it\/wp-json\/wp\/v2\/product_brand?post=29248"},{"taxonomy":"product_cat","embeddable":true,"href":"https:\/\/www.ticket-isladelobos.es\/it\/wp-json\/wp\/v2\/product_cat?post=29248"},{"taxonomy":"product_tag","embeddable":true,"href":"https:\/\/www.ticket-isladelobos.es\/it\/wp-json\/wp\/v2\/product_tag?post=29248"}],"curies":[{"name":"wp","href":"https:\/\/api.w.org\/{rel}","templated":true}]}}