{"id":3303,"date":"2020-04-21T18:02:06","date_gmt":"2020-04-21T18:02:06","guid":{"rendered":"https:\/\/www.ticket-isladelobos.es\/?post_type=product&#038;p=3303"},"modified":"2026-01-01T09:37:32","modified_gmt":"2026-01-01T09:37:32","slug":"lobos-con-delfines","status":"publish","type":"product","link":"https:\/\/www.ticket-isladelobos.es\/it\/tours\/lobos-con-delfines\/","title":{"rendered":"Isla de Lobos desde Lanzarote con Delfines"},"content":{"rendered":"<h1 class=\"item-name\">Isla de Lobos Desde Lanzarote &#8211; La Ruta de los Delfines<\/h1>\n<p>&nbsp;<\/p>\n<p>\u00a1\u00danete a nosotros para descubrir la incre\u00edble Isla de Lobos en esta emocionante excursi\u00f3n a bordo del un barco moderno y r\u00e1pido.<\/p>\n<p>La salida se realiza desde la marina de Puerto del Carmen, desde donde navegar\u00e1s 1,5 horas con destino a la isla de Lobos a trav\u00e9s de la ruta de los delfines, en la que se observan con regularidad diferentes especies de cet\u00e1ceos*, mientras disfrutas de las magn\u00edficas vistas de la costa de Lanzarote y Fuerteventura.<br \/>\nTras el desembarque en Lobos, podr\u00e1s disfrutar de 2,5 horas de tiempo libre para realizar diferentes actividades en este parque natural, como acercarte al peque\u00f1o pueblo pescador y nadar o bucear ** en sus espectaculares piscinas naturales; visitar el centro de visitantes y aprender acerca de su flora, fauna e historia; realizar una ruta de senderismo al volc\u00e1n o al faro de Marti\u00f1o; o simplemente relajarse en la paradis\u00edaca playa de La Concha y disfrutar del almuerzo-picnic incluido.<br \/>\nEl regreso se realiza igualmente con llegada en la marina de Puerto del Carmen.<\/p>\n<p><strong>Tarifas:<\/strong><\/p>\n<p>Adulto: 72\u20ac<\/p>\n<p>Nino (3-12): 47\u20ac<\/p>\n<p><strong>Bebes (0-3 a\u00f1os): Gratis<\/strong><\/p>\n<p><strong><span style=\"color: #0000ff;\">Confirma la disponibilidad por WhatsApp:<\/span> <\/strong><div  data-pre_filled=\"\" data-style=\"2\" style=\"display: inline; cursor: pointer; z-index: 99999999; \" class=\"ht-ctc-sc ht-ctc-sc-chat sc-style-2 ht-ctc-inline\">\r\n<img decoding=\"async\" class=\"img-icon ctc-analytics ctc_cta\" title=\"Envianos un WhatsApp\" style=\"height: 50px;\" src=\"https:\/\/www.ticket-isladelobos.es\/wp-content\/plugins\/click-to-chat-for-whatsapp\/.\/new\/inc\/assets\/img\/whatsapp-icon-square.svg\" alt=\"Envianos un WhatsApp\"\/>\r\n<\/div><p>&nbsp;<\/p>\n<p>*Al tratarse de animales salvajes, no se puede garantizar al 100% el avistamiento.<br \/>\n**La empresa no puede facilitar el equipamiento de buceo\/snorkel por motivos de seguridad frente a la covid-19<\/p>\n<table class=\"table table-bordered tours-tabs__table\">\n<tbody>\n<tr style=\"height: 44px;\">\n<td style=\"height: 44px;\"><strong>LUGAR DE SALIDA\/REGRESO<\/strong><\/td>\n<td style=\"height: 44px;\">Puerto del Carmen<\/td>\n<\/tr>\n<tr style=\"height: 22px;\">\n<td style=\"height: 22px;\"><strong><span lang=\"es\">HORA DE SALIDA<\/span><\/strong><\/td>\n<td style=\"height: 22px;\">\n<div>10:00<\/div>\n<\/td>\n<\/tr>\n<tr style=\"height: 139px;\">\n<td style=\"height: 139px;\"><strong>INCLUYE<\/strong><\/td>\n<td style=\"height: 139px;\">\n<table class=\"table table-bordered\" style=\"height: 99px; width: 84.9802%;\" width=\"300\">\n<tbody>\n<tr style=\"height: 44px;\">\n<td style=\"height: 44px; width: 44.5783%;\"><i class=\"fa fa-check icon-tick icon-tick--on\"><\/i>Traslado de ida y vuelta al hotel<\/td>\n<td style=\"height: 44px; width: 54.0448%;\"><i class=\"fa fa-check icon-tick icon-tick--on\"><\/i>Traves\u00eda a Lobos<\/td>\n<\/tr>\n<tr style=\"height: 66px;\">\n<td style=\"height: 66px; width: 44.5783%;\"><i class=\"fa fa-check icon-tick icon-tick--on\"><\/i>Avistamiento de cet\u00e1ceos\n<p><i class=\"fa fa-check icon-tick icon-tick--on\"><\/i>Almuerzo picnic y bebidas<\/p><\/td>\n<td style=\"height: 66px; width: 54.0448%;\"><i class=\"fa fa-check icon-tick icon-tick--on\"><\/i>Tiempo libre en Lobos\n<p><i class=\"fa fa-check icon-tick icon-tick--on\"><\/i>Comentario ofrecido por un gu\u00eda que viajar\u00e1 a bordo<\/p><\/td>\n<\/tr>\n<\/tbody>\n<\/table>\n<\/td>\n<\/tr>\n<tr style=\"height: 62px;\">\n<td style=\"height: 62px;\"><\/td>\n<td style=\"height: 62px;\"><\/td>\n<\/tr>\n<\/tbody>\n<\/table>\n<p>Importante: No olvide seleccionar el punto de recogida. Las paradas para recoger a viajeros en sus hoteles comienzan antes de las 08:30 en las principales zonas tur\u00edsticas de Lanzarote. Al realizar la reserva se le confirmar\u00e1 la hora y punto de recogida asignado. Se ruega puntualidad.<\/p>\n<h3><\/h3>\n","protected":false},"excerpt":{"rendered":"<p>Isla de Lobos Desde Lanzarote &#8211; La Ruta de los Delfines &nbsp; \u00a1\u00danete a nosotros para descubrir la incre\u00edble Isla de Lobos en esta emocionante excursi\u00f3n a bordo del un barco moderno y r\u00e1pido. La salida se realiza desde la marina de Puerto del Carmen, desde donde navegar\u00e1s 1,5 horas con destino a la isla<\/p>\n<div class=\"padding-top text-center\"><a href=\"https:\/\/www.ticket-isladelobos.es\/it\/tours\/lobos-con-delfines\/\" class=\"atbtn atbtn--medium atbtn--rounded atbtn--transparent\">Lee Mas<i class=\"atbtn__icon atbtn__icon--right fa fa-long-arrow-right\"><\/i><\/a><\/div>\n","protected":false},"featured_media":3305,"comment_status":"open","ping_status":"closed","template":"","meta":{"jetpack_publicize_message":"","jetpack_publicize_feature_enabled":true,"jetpack_social_post_already_shared":true,"jetpack_social_options":{"image_generator_settings":{"template":"highway","default_image_id":0,"font":"","enabled":false},"version":2}},"product_brand":[],"product_cat":[15],"product_tag":[],"class_list":{"0":"post-3303","1":"product","2":"type-product","3":"status-publish","4":"has-post-thumbnail","6":"product_cat-sin-categorizar","7":"tour_category-desde-lanzarote","9":"first","10":"instock","11":"shipping-taxable","12":"purchasable","13":"product-type-tour"},"yoast_head":"<!-- This site is optimized with the Yoast SEO plugin v23.4 - https:\/\/yoast.com\/wordpress\/plugins\/seo\/ -->\n<title>Isla de Lobos desde Lanzarote con Delfines - \u2705Isla de Lobos Fuerteventura Tickets Ferry WaterTaxi Excursiones Reservas<\/title>\n<meta name=\"description\" content=\"\u00a1\u00danete a nosotros para descubrir la incre\u00edble isla de Lobos en esta emocionante excursi\u00f3n a bordo del moderno y r\u00e1pido Biosfera Jet!\" \/>\n<meta name=\"robots\" content=\"index, follow, max-snippet:-1, max-image-preview:large, max-video-preview:-1\" \/>\n<link rel=\"canonical\" href=\"https:\/\/www.ticket-isladelobos.es\/es\/tours\/lobos-con-delfines\/\" \/>\n<meta property=\"og:locale\" content=\"it_IT\" \/>\n<meta property=\"og:type\" content=\"article\" \/>\n<meta property=\"og:title\" content=\"Isla de Lobos desde Lanzarote con Delfines - \u2705Isla de Lobos Fuerteventura Tickets Ferry WaterTaxi Excursiones Reservas\" \/>\n<meta property=\"og:description\" content=\"\u00a1\u00danete a nosotros para descubrir la incre\u00edble isla de Lobos en esta emocionante excursi\u00f3n a bordo del moderno y r\u00e1pido Biosfera Jet!\" \/>\n<meta property=\"og:url\" content=\"https:\/\/www.ticket-isladelobos.es\/es\/tours\/lobos-con-delfines\/\" \/>\n<meta property=\"og:site_name\" content=\"\u2705Isla de Lobos Fuerteventura Tickets Ferry WaterTaxi Excursiones Reservas\" \/>\n<meta property=\"article:publisher\" content=\"https:\/\/www.facebook.com\/ticketisladelobos\" \/>\n<meta property=\"article:modified_time\" content=\"2026-01-01T09:37:32+00:00\" \/>\n<meta property=\"og:image\" content=\"https:\/\/www.ticket-isladelobos.es\/wp-content\/uploads\/2021\/04\/lobos-lanzarote.jpg\" \/>\n\t<meta property=\"og:image:width\" content=\"550\" \/>\n\t<meta property=\"og:image:height\" content=\"366\" \/>\n\t<meta property=\"og:image:type\" content=\"image\/jpeg\" \/>\n<meta name=\"twitter:card\" content=\"summary_large_image\" \/>\n<meta name=\"twitter:label1\" content=\"Tempo di lettura stimato\" \/>\n\t<meta name=\"twitter:data1\" content=\"2 minuti\" \/>\n<script type=\"application\/ld+json\" class=\"yoast-schema-graph\">{\"@context\":\"https:\/\/schema.org\",\"@graph\":[{\"@type\":\"WebPage\",\"@id\":\"https:\/\/www.ticket-isladelobos.es\/es\/tours\/lobos-con-delfines\/\",\"url\":\"https:\/\/www.ticket-isladelobos.es\/es\/tours\/lobos-con-delfines\/\",\"name\":\"Isla de Lobos desde Lanzarote con Delfines - \u2705Isla de Lobos Fuerteventura Tickets Ferry WaterTaxi Excursiones Reservas\",\"isPartOf\":{\"@id\":\"https:\/\/www.ticket-isladelobos.es\/es\/#website\"},\"primaryImageOfPage\":{\"@id\":\"https:\/\/www.ticket-isladelobos.es\/es\/tours\/lobos-con-delfines\/#primaryimage\"},\"image\":{\"@id\":\"https:\/\/www.ticket-isladelobos.es\/es\/tours\/lobos-con-delfines\/#primaryimage\"},\"thumbnailUrl\":\"https:\/\/www.ticket-isladelobos.es\/wp-content\/uploads\/2021\/04\/lobos-lanzarote.jpg\",\"datePublished\":\"2020-04-21T18:02:06+00:00\",\"dateModified\":\"2026-01-01T09:37:32+00:00\",\"description\":\"\u00a1\u00danete a nosotros para descubrir la incre\u00edble isla de Lobos en esta emocionante excursi\u00f3n a bordo del moderno y r\u00e1pido Biosfera Jet!\",\"breadcrumb\":{\"@id\":\"https:\/\/www.ticket-isladelobos.es\/es\/tours\/lobos-con-delfines\/#breadcrumb\"},\"inLanguage\":\"it-IT\",\"potentialAction\":[{\"@type\":\"ReadAction\",\"target\":[\"https:\/\/www.ticket-isladelobos.es\/es\/tours\/lobos-con-delfines\/\"]}]},{\"@type\":\"ImageObject\",\"inLanguage\":\"it-IT\",\"@id\":\"https:\/\/www.ticket-isladelobos.es\/es\/tours\/lobos-con-delfines\/#primaryimage\",\"url\":\"https:\/\/www.ticket-isladelobos.es\/wp-content\/uploads\/2021\/04\/lobos-lanzarote.jpg\",\"contentUrl\":\"https:\/\/www.ticket-isladelobos.es\/wp-content\/uploads\/2021\/04\/lobos-lanzarote.jpg\",\"width\":550,\"height\":366},{\"@type\":\"BreadcrumbList\",\"@id\":\"https:\/\/www.ticket-isladelobos.es\/es\/tours\/lobos-con-delfines\/#breadcrumb\",\"itemListElement\":[{\"@type\":\"ListItem\",\"position\":1,\"name\":\"Portada\",\"item\":\"https:\/\/www.ticket-isladelobos.es\/it\/\"},{\"@type\":\"ListItem\",\"position\":2,\"name\":\"Tienda\",\"item\":\"https:\/\/www.ticket-isladelobos.es\/es\/tienda\/\"},{\"@type\":\"ListItem\",\"position\":3,\"name\":\"Isla de Lobos desde Lanzarote con Delfines\"}]},{\"@type\":\"WebSite\",\"@id\":\"https:\/\/www.ticket-isladelobos.es\/es\/#website\",\"url\":\"https:\/\/www.ticket-isladelobos.es\/es\/\",\"name\":\"\u2705Isla de Lobos Fuerteventura Tickets Ferry WaterTaxi Excursiones Reservas\",\"description\":\"\u00bfQuieres hacer un viaje completamente inolvidable? Reserva hoy! Todo sobre la Isla de Lobos en un sitio!\",\"publisher\":{\"@id\":\"https:\/\/www.ticket-isladelobos.es\/es\/#organization\"},\"potentialAction\":[{\"@type\":\"SearchAction\",\"target\":{\"@type\":\"EntryPoint\",\"urlTemplate\":\"https:\/\/www.ticket-isladelobos.es\/es\/?s={search_term_string}\"},\"query-input\":{\"@type\":\"PropertyValueSpecification\",\"valueRequired\":true,\"valueName\":\"search_term_string\"}}],\"inLanguage\":\"it-IT\"},{\"@type\":\"Organization\",\"@id\":\"https:\/\/www.ticket-isladelobos.es\/es\/#organization\",\"name\":\"Ticket Isla-de-lobos\",\"url\":\"https:\/\/www.ticket-isladelobos.es\/es\/\",\"logo\":{\"@type\":\"ImageObject\",\"inLanguage\":\"it-IT\",\"@id\":\"https:\/\/www.ticket-isladelobos.es\/es\/#\/schema\/logo\/image\/\",\"url\":\"https:\/\/www.ticket-isladelobos.es\/wp-content\/uploads\/2021\/04\/Photo_1614613341266.jpg\",\"contentUrl\":\"https:\/\/www.ticket-isladelobos.es\/wp-content\/uploads\/2021\/04\/Photo_1614613341266.jpg\",\"width\":720,\"height\":720,\"caption\":\"Ticket Isla-de-lobos\"},\"image\":{\"@id\":\"https:\/\/www.ticket-isladelobos.es\/es\/#\/schema\/logo\/image\/\"},\"sameAs\":[\"https:\/\/www.facebook.com\/ticketisladelobos\"]}]}<\/script>\n<!-- \/ Yoast SEO plugin. -->","yoast_head_json":{"title":"Isla de Lobos desde Lanzarote con Delfines - \u2705Isla de Lobos Fuerteventura Tickets Ferry WaterTaxi Excursiones Reservas","description":"\u00a1\u00danete a nosotros para descubrir la incre\u00edble isla de Lobos en esta emocionante excursi\u00f3n a bordo del moderno y r\u00e1pido Biosfera Jet!","robots":{"index":"index","follow":"follow","max-snippet":"max-snippet:-1","max-image-preview":"max-image-preview:large","max-video-preview":"max-video-preview:-1"},"canonical":"https:\/\/www.ticket-isladelobos.es\/es\/tours\/lobos-con-delfines\/","og_locale":"it_IT","og_type":"article","og_title":"Isla de Lobos desde Lanzarote con Delfines - \u2705Isla de Lobos Fuerteventura Tickets Ferry WaterTaxi Excursiones Reservas","og_description":"\u00a1\u00danete a nosotros para descubrir la incre\u00edble isla de Lobos en esta emocionante excursi\u00f3n a bordo del moderno y r\u00e1pido Biosfera Jet!","og_url":"https:\/\/www.ticket-isladelobos.es\/es\/tours\/lobos-con-delfines\/","og_site_name":"\u2705Isla de Lobos Fuerteventura Tickets Ferry WaterTaxi Excursiones Reservas","article_publisher":"https:\/\/www.facebook.com\/ticketisladelobos","article_modified_time":"2026-01-01T09:37:32+00:00","og_image":[{"width":550,"height":366,"url":"https:\/\/www.ticket-isladelobos.es\/wp-content\/uploads\/2021\/04\/lobos-lanzarote.jpg","type":"image\/jpeg"}],"twitter_card":"summary_large_image","twitter_misc":{"Tempo di lettura stimato":"2 minuti"},"schema":{"@context":"https:\/\/schema.org","@graph":[{"@type":"WebPage","@id":"https:\/\/www.ticket-isladelobos.es\/es\/tours\/lobos-con-delfines\/","url":"https:\/\/www.ticket-isladelobos.es\/es\/tours\/lobos-con-delfines\/","name":"Isla de Lobos desde Lanzarote con Delfines - \u2705Isla de Lobos Fuerteventura Tickets Ferry WaterTaxi Excursiones Reservas","isPartOf":{"@id":"https:\/\/www.ticket-isladelobos.es\/es\/#website"},"primaryImageOfPage":{"@id":"https:\/\/www.ticket-isladelobos.es\/es\/tours\/lobos-con-delfines\/#primaryimage"},"image":{"@id":"https:\/\/www.ticket-isladelobos.es\/es\/tours\/lobos-con-delfines\/#primaryimage"},"thumbnailUrl":"https:\/\/www.ticket-isladelobos.es\/wp-content\/uploads\/2021\/04\/lobos-lanzarote.jpg","datePublished":"2020-04-21T18:02:06+00:00","dateModified":"2026-01-01T09:37:32+00:00","description":"\u00a1\u00danete a nosotros para descubrir la incre\u00edble isla de Lobos en esta emocionante excursi\u00f3n a bordo del moderno y r\u00e1pido Biosfera Jet!","breadcrumb":{"@id":"https:\/\/www.ticket-isladelobos.es\/es\/tours\/lobos-con-delfines\/#breadcrumb"},"inLanguage":"it-IT","potentialAction":[{"@type":"ReadAction","target":["https:\/\/www.ticket-isladelobos.es\/es\/tours\/lobos-con-delfines\/"]}]},{"@type":"ImageObject","inLanguage":"it-IT","@id":"https:\/\/www.ticket-isladelobos.es\/es\/tours\/lobos-con-delfines\/#primaryimage","url":"https:\/\/www.ticket-isladelobos.es\/wp-content\/uploads\/2021\/04\/lobos-lanzarote.jpg","contentUrl":"https:\/\/www.ticket-isladelobos.es\/wp-content\/uploads\/2021\/04\/lobos-lanzarote.jpg","width":550,"height":366},{"@type":"BreadcrumbList","@id":"https:\/\/www.ticket-isladelobos.es\/es\/tours\/lobos-con-delfines\/#breadcrumb","itemListElement":[{"@type":"ListItem","position":1,"name":"Portada","item":"https:\/\/www.ticket-isladelobos.es\/it\/"},{"@type":"ListItem","position":2,"name":"Tienda","item":"https:\/\/www.ticket-isladelobos.es\/es\/tienda\/"},{"@type":"ListItem","position":3,"name":"Isla de Lobos desde Lanzarote con Delfines"}]},{"@type":"WebSite","@id":"https:\/\/www.ticket-isladelobos.es\/es\/#website","url":"https:\/\/www.ticket-isladelobos.es\/es\/","name":"\u2705Isla de Lobos Fuerteventura Tickets Ferry WaterTaxi Excursiones Reservas","description":"\u00bfQuieres hacer un viaje completamente inolvidable? Reserva hoy! Todo sobre la Isla de Lobos en un sitio!","publisher":{"@id":"https:\/\/www.ticket-isladelobos.es\/es\/#organization"},"potentialAction":[{"@type":"SearchAction","target":{"@type":"EntryPoint","urlTemplate":"https:\/\/www.ticket-isladelobos.es\/es\/?s={search_term_string}"},"query-input":{"@type":"PropertyValueSpecification","valueRequired":true,"valueName":"search_term_string"}}],"inLanguage":"it-IT"},{"@type":"Organization","@id":"https:\/\/www.ticket-isladelobos.es\/es\/#organization","name":"Ticket Isla-de-lobos","url":"https:\/\/www.ticket-isladelobos.es\/es\/","logo":{"@type":"ImageObject","inLanguage":"it-IT","@id":"https:\/\/www.ticket-isladelobos.es\/es\/#\/schema\/logo\/image\/","url":"https:\/\/www.ticket-isladelobos.es\/wp-content\/uploads\/2021\/04\/Photo_1614613341266.jpg","contentUrl":"https:\/\/www.ticket-isladelobos.es\/wp-content\/uploads\/2021\/04\/Photo_1614613341266.jpg","width":720,"height":720,"caption":"Ticket Isla-de-lobos"},"image":{"@id":"https:\/\/www.ticket-isladelobos.es\/es\/#\/schema\/logo\/image\/"},"sameAs":["https:\/\/www.facebook.com\/ticketisladelobos"]}]}},"jetpack_publicize_connections":[],"jetpack_likes_enabled":true,"jetpack_sharing_enabled":true,"_links":{"self":[{"href":"https:\/\/www.ticket-isladelobos.es\/it\/wp-json\/wp\/v2\/product\/3303","targetHints":{"allow":["GET"]}}],"collection":[{"href":"https:\/\/www.ticket-isladelobos.es\/it\/wp-json\/wp\/v2\/product"}],"about":[{"href":"https:\/\/www.ticket-isladelobos.es\/it\/wp-json\/wp\/v2\/types\/product"}],"replies":[{"embeddable":true,"href":"https:\/\/www.ticket-isladelobos.es\/it\/wp-json\/wp\/v2\/comments?post=3303"}],"wp:featuredmedia":[{"embeddable":true,"href":"https:\/\/www.ticket-isladelobos.es\/it\/wp-json\/wp\/v2\/media\/3305"}],"wp:attachment":[{"href":"https:\/\/www.ticket-isladelobos.es\/it\/wp-json\/wp\/v2\/media?parent=3303"}],"wp:term":[{"taxonomy":"product_brand","embeddable":true,"href":"https:\/\/www.ticket-isladelobos.es\/it\/wp-json\/wp\/v2\/product_brand?post=3303"},{"taxonomy":"product_cat","embeddable":true,"href":"https:\/\/www.ticket-isladelobos.es\/it\/wp-json\/wp\/v2\/product_cat?post=3303"},{"taxonomy":"product_tag","embeddable":true,"href":"https:\/\/www.ticket-isladelobos.es\/it\/wp-json\/wp\/v2\/product_tag?post=3303"}],"curies":[{"name":"wp","href":"https:\/\/api.w.org\/{rel}","templated":true}]}}