{"id":3439,"date":"2021-04-26T13:48:00","date_gmt":"2021-04-26T13:48:00","guid":{"rendered":"https:\/\/www.ticket-isladelobos.es\/?post_type=product&#038;p=3439"},"modified":"2025-12-25T08:07:30","modified_gmt":"2025-12-25T08:07:30","slug":"quad-buggy-safari-corralejo","status":"publish","type":"product","link":"https:\/\/www.ticket-isladelobos.es\/it\/tours\/quad-buggy-safari-corralejo\/","title":{"rendered":"Buggy Safari Corralejo"},"content":{"rendered":"<h1 class=\"atgrid__item__title\">Dune Buggy Safari Corralejo<\/h1>\n<h2><\/h2>\n<h2>Unete a nosotros para un incre\u00edble recorrido tur\u00edstico ideal para amigos y familias.<\/h2>\n<h2>\u00a1Descubre y explora territorios desconocidos,<\/h2>\n<p>Conduce por pistas de tierra cerca de antiguos volcanes, admira y disfruta de la incre\u00edble vista panor\u00e1mica entre el oc\u00e9ano, las dunas de arena y la costa!<\/p>\n<p><img loading=\"lazy\" decoding=\"async\" class=\"alignnone size-medium wp-image-10289\" src=\"https:\/\/www.ticket-isladelobos.es\/wp-content\/uploads\/2022\/06\/dune-buggy-corralejo-tour2-1-300x200.webp\" alt=\"\" width=\"300\" height=\"200\" srcset=\"https:\/\/www.ticket-isladelobos.es\/wp-content\/uploads\/2022\/06\/dune-buggy-corralejo-tour2-1.webp 300w, https:\/\/www.ticket-isladelobos.es\/wp-content\/uploads\/2022\/06\/dune-buggy-corralejo-tour2-1.webp 1024w, https:\/\/www.ticket-isladelobos.es\/wp-content\/uploads\/2022\/06\/dune-buggy-corralejo-tour2-1.webp 768w, https:\/\/www.ticket-isladelobos.es\/wp-content\/uploads\/2022\/06\/dune-buggy-corralejo-tour2-1.webp 1536w, https:\/\/www.ticket-isladelobos.es\/wp-content\/uploads\/2022\/06\/dune-buggy-corralejo-tour2-1.webp 531w, https:\/\/www.ticket-isladelobos.es\/wp-content\/uploads\/2022\/06\/dune-buggy-corralejo-tour2-1.webp 600w, https:\/\/www.ticket-isladelobos.es\/wp-content\/uploads\/2022\/06\/dune-buggy-corralejo-tour2-1.webp 180w, https:\/\/www.ticket-isladelobos.es\/wp-content\/uploads\/2022\/06\/dune-buggy-corralejo-tour2-1.webp 1920w\" sizes=\"auto, (max-width: 300px) 100vw, 300px\" \/><\/p>\n<h1 class=\"atgrid__item__title\"><strong style=\"font-size: 16px;\">ITINERARIO DEL TOUR<\/strong><\/h1>\n<ul>\n<li>Salida desde Corralejo<\/li>\n<li>Visita a las dunas de Corralejo<\/li>\n<li>Conducci\u00f3n off road a trav\u00e9s de la zona volcanica (Villaverde-Parque Holand\u00e9s)<\/li>\n<li>\u00abAdrenaline stop\u00bb parada de descanso despu\u00e9s de un tramo adrenalina<\/li>\n<li>\u00abHappy break\u00bb parada con vista y bebidas incluidas (La Piconera)<\/li>\n<li>Vuelta en Corralejo<\/li>\n<\/ul>\n<figure id=\"attachment_10286\" aria-describedby=\"caption-attachment-10286\" style=\"width: 300px\" class=\"wp-caption alignnone\"><img loading=\"lazy\" decoding=\"async\" class=\"size-medium wp-image-10286\" src=\"https:\/\/www.ticket-isladelobos.es\/wp-content\/uploads\/2022\/06\/1-1024x683-1-300x200.webp\" alt=\"Dune Buggy corralejo\" width=\"300\" height=\"200\" srcset=\"https:\/\/www.ticket-isladelobos.es\/wp-content\/uploads\/2022\/06\/1-1024x683-1.webp 300w, https:\/\/www.ticket-isladelobos.es\/wp-content\/uploads\/2022\/06\/1-1024x683-1.webp 768w, https:\/\/www.ticket-isladelobos.es\/wp-content\/uploads\/2022\/06\/1-1024x683-1.webp 531w, https:\/\/www.ticket-isladelobos.es\/wp-content\/uploads\/2022\/06\/1-1024x683-1.webp 600w, https:\/\/www.ticket-isladelobos.es\/wp-content\/uploads\/2022\/06\/1-1024x683-1.webp 180w, https:\/\/www.ticket-isladelobos.es\/wp-content\/uploads\/2022\/06\/1-1024x683-1.webp 1024w\" sizes=\"auto, (max-width: 300px) 100vw, 300px\" \/><figcaption id=\"caption-attachment-10286\" class=\"wp-caption-text\">Dune Buggy corralejo<\/figcaption><\/figure>\n<p><strong>\u00a1No te lo pierdas!<\/strong><\/p>\n<p>* El recorrido est\u00e1 programado todos los d\u00edas<\/p>\n<p>* Actividad on \/ off road, regulada por el Gobierno Canario en respeto y protecci\u00f3n del medio ambiente y territorio de Fuerteventura.<\/p>\n<p>*Las Dunas de arena de Corralejo son zona protegida. Los veh\u00edculos ser\u00e1n estacionados en el \u00e1rea designada. No conduciremos sobre las dunas.<\/p>\n<p>* Ni\u00f1os bienvenidos como pasajeros, edad m\u00ednima para participar: 4 a\u00f1os<\/p>\n<p>* Qu\u00e9 llevar: permiso de conducir, ropa c\u00f3moda, zapatos cerrados, agua, protector solar y &#8230; un esp\u00edritu de aventura \ud83d\ude42<\/p>\n<h3><span style=\"color: #0000ff;\"><strong>Oferta: 1 Buggy Doble = 139\u20ac<\/strong><\/span><\/h3>\n<h3>\u00a0 \u00a0 \u00a0 \u00a0 \u00a0 \u00a0<strong>\u00a0 \u00a0 \u00a0<span style=\"color: #3366ff;\">1 Buggy Individual = 109\u20ac<\/span><\/strong><\/h3>\n<h3><strong><span style=\"color: #3366ff;\">\u00a0 \u00a0 \u00a0 \u00a0 \u00a0 \u00a0 \u00a0 \u00a0 Solo Pasajero = 49\u20ac<\/span><\/strong><\/h3>\n<p><strong>Confirma la disponibilidad por WhatsApp<\/strong><\/p>\n","protected":false},"excerpt":{"rendered":"<p>Dune Buggy Safari Corralejo Unete a nosotros para un incre\u00edble recorrido tur\u00edstico ideal para amigos y familias. \u00a1Descubre y explora territorios desconocidos, Conduce por pistas de tierra cerca de antiguos volcanes, admira y disfruta de la incre\u00edble vista panor\u00e1mica entre el oc\u00e9ano, las dunas de arena y la costa! ITINERARIO DEL TOUR Salida desde Corralejo<\/p>\n<div class=\"padding-top text-center\"><a href=\"https:\/\/www.ticket-isladelobos.es\/it\/tours\/quad-buggy-safari-corralejo\/\" class=\"atbtn atbtn--medium atbtn--rounded atbtn--transparent\">Lee Mas<i class=\"atbtn__icon atbtn__icon--right fa fa-long-arrow-right\"><\/i><\/a><\/div>\n","protected":false},"featured_media":10291,"comment_status":"open","ping_status":"closed","template":"","meta":{"jetpack_publicize_message":"","jetpack_publicize_feature_enabled":true,"jetpack_social_post_already_shared":true,"jetpack_social_options":{"image_generator_settings":{"template":"highway","default_image_id":0,"font":"","enabled":false},"version":2}},"product_brand":[],"product_cat":[15],"product_tag":[],"class_list":{"0":"post-3439","1":"product","2":"type-product","3":"status-publish","4":"has-post-thumbnail","6":"product_cat-sin-categorizar","7":"tour_category-fuerteventura","9":"first","10":"instock","11":"shipping-taxable","12":"purchasable","13":"product-type-tour","14":"has-default-attributes"},"yoast_head":"<!-- This site is optimized with the Yoast SEO plugin v23.4 - https:\/\/yoast.com\/wordpress\/plugins\/seo\/ -->\n<title>Buggy Safari Corralejo - Un Incre\u00edble Recorrido!<\/title>\n<meta name=\"description\" content=\"Unete a nosotros para un incre\u00edble recorrido tur\u00edstico ideal para amigos y familias.\u00a1Descubre y explora territorios desconocidos,\" \/>\n<meta name=\"robots\" content=\"index, follow, max-snippet:-1, max-image-preview:large, max-video-preview:-1\" \/>\n<link rel=\"canonical\" href=\"https:\/\/www.ticket-isladelobos.es\/es\/tours\/quad-buggy-safari-corralejo\/\" \/>\n<meta property=\"og:locale\" content=\"it_IT\" \/>\n<meta property=\"og:type\" content=\"article\" \/>\n<meta property=\"og:title\" content=\"Buggy Safari Corralejo - Un Incre\u00edble Recorrido!\" \/>\n<meta property=\"og:description\" content=\"Unete a nosotros para un incre\u00edble recorrido tur\u00edstico ideal para amigos y familias.\u00a1Descubre y explora territorios desconocidos,\" \/>\n<meta property=\"og:url\" content=\"https:\/\/www.ticket-isladelobos.es\/es\/tours\/quad-buggy-safari-corralejo\/\" \/>\n<meta property=\"og:site_name\" content=\"\u2705Isla de Lobos Fuerteventura Tickets Ferry WaterTaxi Excursiones Reservas\" \/>\n<meta property=\"article:publisher\" content=\"https:\/\/www.facebook.com\/ticketisladelobos\" \/>\n<meta property=\"article:modified_time\" content=\"2025-12-25T08:07:30+00:00\" \/>\n<meta property=\"og:image\" content=\"https:\/\/www.ticket-isladelobos.es\/wp-content\/uploads\/2022\/06\/1-1024x683-1.webp\" \/>\n\t<meta property=\"og:image:width\" content=\"1024\" \/>\n\t<meta property=\"og:image:height\" content=\"683\" \/>\n\t<meta property=\"og:image:type\" content=\"image\/webp\" \/>\n<meta name=\"twitter:card\" content=\"summary_large_image\" \/>\n<meta name=\"twitter:image\" content=\"https:\/\/www.ticket-isladelobos.es\/wp-content\/uploads\/2022\/06\/IMG-20220603-WA0021.jpg\" \/>\n<meta name=\"twitter:label1\" content=\"Tempo di lettura stimato\" \/>\n\t<meta name=\"twitter:data1\" content=\"2 minuti\" \/>\n<script type=\"application\/ld+json\" class=\"yoast-schema-graph\">{\"@context\":\"https:\/\/schema.org\",\"@graph\":[{\"@type\":\"WebPage\",\"@id\":\"https:\/\/www.ticket-isladelobos.es\/es\/tours\/quad-buggy-safari-corralejo\/\",\"url\":\"https:\/\/www.ticket-isladelobos.es\/es\/tours\/quad-buggy-safari-corralejo\/\",\"name\":\"Buggy Safari Corralejo - Un Incre\u00edble Recorrido!\",\"isPartOf\":{\"@id\":\"https:\/\/www.ticket-isladelobos.es\/es\/#website\"},\"primaryImageOfPage\":{\"@id\":\"https:\/\/www.ticket-isladelobos.es\/es\/tours\/quad-buggy-safari-corralejo\/#primaryimage\"},\"image\":{\"@id\":\"https:\/\/www.ticket-isladelobos.es\/es\/tours\/quad-buggy-safari-corralejo\/#primaryimage\"},\"thumbnailUrl\":\"https:\/\/www.ticket-isladelobos.es\/wp-content\/uploads\/2022\/06\/dunebuggy-tour-vulcano3-scaled-1.webp\",\"datePublished\":\"2021-04-26T13:48:00+00:00\",\"dateModified\":\"2025-12-25T08:07:30+00:00\",\"description\":\"Unete a nosotros para un incre\u00edble recorrido tur\u00edstico ideal para amigos y familias.\u00a1Descubre y explora territorios desconocidos,\",\"breadcrumb\":{\"@id\":\"https:\/\/www.ticket-isladelobos.es\/es\/tours\/quad-buggy-safari-corralejo\/#breadcrumb\"},\"inLanguage\":\"it-IT\",\"potentialAction\":[{\"@type\":\"ReadAction\",\"target\":[\"https:\/\/www.ticket-isladelobos.es\/es\/tours\/quad-buggy-safari-corralejo\/\"]}]},{\"@type\":\"ImageObject\",\"inLanguage\":\"it-IT\",\"@id\":\"https:\/\/www.ticket-isladelobos.es\/es\/tours\/quad-buggy-safari-corralejo\/#primaryimage\",\"url\":\"https:\/\/www.ticket-isladelobos.es\/wp-content\/uploads\/2022\/06\/dunebuggy-tour-vulcano3-scaled-1.webp\",\"contentUrl\":\"https:\/\/www.ticket-isladelobos.es\/wp-content\/uploads\/2022\/06\/dunebuggy-tour-vulcano3-scaled-1.webp\",\"width\":2560,\"height\":1708},{\"@type\":\"BreadcrumbList\",\"@id\":\"https:\/\/www.ticket-isladelobos.es\/es\/tours\/quad-buggy-safari-corralejo\/#breadcrumb\",\"itemListElement\":[{\"@type\":\"ListItem\",\"position\":1,\"name\":\"Portada\",\"item\":\"https:\/\/www.ticket-isladelobos.es\/it\/\"},{\"@type\":\"ListItem\",\"position\":2,\"name\":\"Tienda\",\"item\":\"https:\/\/www.ticket-isladelobos.es\/es\/tienda\/\"},{\"@type\":\"ListItem\",\"position\":3,\"name\":\"Buggy Safari Corralejo\"}]},{\"@type\":\"WebSite\",\"@id\":\"https:\/\/www.ticket-isladelobos.es\/es\/#website\",\"url\":\"https:\/\/www.ticket-isladelobos.es\/es\/\",\"name\":\"\u2705Isla de Lobos Fuerteventura Tickets Ferry WaterTaxi Excursiones Reservas\",\"description\":\"\u00bfQuieres hacer un viaje completamente inolvidable? Reserva hoy! Todo sobre la Isla de Lobos en un sitio!\",\"publisher\":{\"@id\":\"https:\/\/www.ticket-isladelobos.es\/es\/#organization\"},\"potentialAction\":[{\"@type\":\"SearchAction\",\"target\":{\"@type\":\"EntryPoint\",\"urlTemplate\":\"https:\/\/www.ticket-isladelobos.es\/es\/?s={search_term_string}\"},\"query-input\":{\"@type\":\"PropertyValueSpecification\",\"valueRequired\":true,\"valueName\":\"search_term_string\"}}],\"inLanguage\":\"it-IT\"},{\"@type\":\"Organization\",\"@id\":\"https:\/\/www.ticket-isladelobos.es\/es\/#organization\",\"name\":\"Ticket Isla-de-lobos\",\"url\":\"https:\/\/www.ticket-isladelobos.es\/es\/\",\"logo\":{\"@type\":\"ImageObject\",\"inLanguage\":\"it-IT\",\"@id\":\"https:\/\/www.ticket-isladelobos.es\/es\/#\/schema\/logo\/image\/\",\"url\":\"https:\/\/www.ticket-isladelobos.es\/wp-content\/uploads\/2021\/04\/Photo_1614613341266.jpg\",\"contentUrl\":\"https:\/\/www.ticket-isladelobos.es\/wp-content\/uploads\/2021\/04\/Photo_1614613341266.jpg\",\"width\":720,\"height\":720,\"caption\":\"Ticket Isla-de-lobos\"},\"image\":{\"@id\":\"https:\/\/www.ticket-isladelobos.es\/es\/#\/schema\/logo\/image\/\"},\"sameAs\":[\"https:\/\/www.facebook.com\/ticketisladelobos\"]}]}<\/script>\n<!-- \/ Yoast SEO plugin. -->","yoast_head_json":{"title":"Buggy Safari Corralejo - Un Incre\u00edble Recorrido!","description":"Unete a nosotros para un incre\u00edble recorrido tur\u00edstico ideal para amigos y familias.\u00a1Descubre y explora territorios desconocidos,","robots":{"index":"index","follow":"follow","max-snippet":"max-snippet:-1","max-image-preview":"max-image-preview:large","max-video-preview":"max-video-preview:-1"},"canonical":"https:\/\/www.ticket-isladelobos.es\/es\/tours\/quad-buggy-safari-corralejo\/","og_locale":"it_IT","og_type":"article","og_title":"Buggy Safari Corralejo - Un Incre\u00edble Recorrido!","og_description":"Unete a nosotros para un incre\u00edble recorrido tur\u00edstico ideal para amigos y familias.\u00a1Descubre y explora territorios desconocidos,","og_url":"https:\/\/www.ticket-isladelobos.es\/es\/tours\/quad-buggy-safari-corralejo\/","og_site_name":"\u2705Isla de Lobos Fuerteventura Tickets Ferry WaterTaxi Excursiones Reservas","article_publisher":"https:\/\/www.facebook.com\/ticketisladelobos","article_modified_time":"2025-12-25T08:07:30+00:00","og_image":[{"width":1024,"height":683,"url":"https:\/\/www.ticket-isladelobos.es\/wp-content\/uploads\/2022\/06\/1-1024x683-1.webp","type":"image\/webp"}],"twitter_card":"summary_large_image","twitter_image":"https:\/\/www.ticket-isladelobos.es\/wp-content\/uploads\/2022\/06\/IMG-20220603-WA0021.jpg","twitter_misc":{"Tempo di lettura stimato":"2 minuti"},"schema":{"@context":"https:\/\/schema.org","@graph":[{"@type":"WebPage","@id":"https:\/\/www.ticket-isladelobos.es\/es\/tours\/quad-buggy-safari-corralejo\/","url":"https:\/\/www.ticket-isladelobos.es\/es\/tours\/quad-buggy-safari-corralejo\/","name":"Buggy Safari Corralejo - Un Incre\u00edble Recorrido!","isPartOf":{"@id":"https:\/\/www.ticket-isladelobos.es\/es\/#website"},"primaryImageOfPage":{"@id":"https:\/\/www.ticket-isladelobos.es\/es\/tours\/quad-buggy-safari-corralejo\/#primaryimage"},"image":{"@id":"https:\/\/www.ticket-isladelobos.es\/es\/tours\/quad-buggy-safari-corralejo\/#primaryimage"},"thumbnailUrl":"https:\/\/www.ticket-isladelobos.es\/wp-content\/uploads\/2022\/06\/dunebuggy-tour-vulcano3-scaled-1.webp","datePublished":"2021-04-26T13:48:00+00:00","dateModified":"2025-12-25T08:07:30+00:00","description":"Unete a nosotros para un incre\u00edble recorrido tur\u00edstico ideal para amigos y familias.\u00a1Descubre y explora territorios desconocidos,","breadcrumb":{"@id":"https:\/\/www.ticket-isladelobos.es\/es\/tours\/quad-buggy-safari-corralejo\/#breadcrumb"},"inLanguage":"it-IT","potentialAction":[{"@type":"ReadAction","target":["https:\/\/www.ticket-isladelobos.es\/es\/tours\/quad-buggy-safari-corralejo\/"]}]},{"@type":"ImageObject","inLanguage":"it-IT","@id":"https:\/\/www.ticket-isladelobos.es\/es\/tours\/quad-buggy-safari-corralejo\/#primaryimage","url":"https:\/\/www.ticket-isladelobos.es\/wp-content\/uploads\/2022\/06\/dunebuggy-tour-vulcano3-scaled-1.webp","contentUrl":"https:\/\/www.ticket-isladelobos.es\/wp-content\/uploads\/2022\/06\/dunebuggy-tour-vulcano3-scaled-1.webp","width":2560,"height":1708},{"@type":"BreadcrumbList","@id":"https:\/\/www.ticket-isladelobos.es\/es\/tours\/quad-buggy-safari-corralejo\/#breadcrumb","itemListElement":[{"@type":"ListItem","position":1,"name":"Portada","item":"https:\/\/www.ticket-isladelobos.es\/it\/"},{"@type":"ListItem","position":2,"name":"Tienda","item":"https:\/\/www.ticket-isladelobos.es\/es\/tienda\/"},{"@type":"ListItem","position":3,"name":"Buggy Safari Corralejo"}]},{"@type":"WebSite","@id":"https:\/\/www.ticket-isladelobos.es\/es\/#website","url":"https:\/\/www.ticket-isladelobos.es\/es\/","name":"\u2705Isla de Lobos Fuerteventura Tickets Ferry WaterTaxi Excursiones Reservas","description":"\u00bfQuieres hacer un viaje completamente inolvidable? Reserva hoy! Todo sobre la Isla de Lobos en un sitio!","publisher":{"@id":"https:\/\/www.ticket-isladelobos.es\/es\/#organization"},"potentialAction":[{"@type":"SearchAction","target":{"@type":"EntryPoint","urlTemplate":"https:\/\/www.ticket-isladelobos.es\/es\/?s={search_term_string}"},"query-input":{"@type":"PropertyValueSpecification","valueRequired":true,"valueName":"search_term_string"}}],"inLanguage":"it-IT"},{"@type":"Organization","@id":"https:\/\/www.ticket-isladelobos.es\/es\/#organization","name":"Ticket Isla-de-lobos","url":"https:\/\/www.ticket-isladelobos.es\/es\/","logo":{"@type":"ImageObject","inLanguage":"it-IT","@id":"https:\/\/www.ticket-isladelobos.es\/es\/#\/schema\/logo\/image\/","url":"https:\/\/www.ticket-isladelobos.es\/wp-content\/uploads\/2021\/04\/Photo_1614613341266.jpg","contentUrl":"https:\/\/www.ticket-isladelobos.es\/wp-content\/uploads\/2021\/04\/Photo_1614613341266.jpg","width":720,"height":720,"caption":"Ticket Isla-de-lobos"},"image":{"@id":"https:\/\/www.ticket-isladelobos.es\/es\/#\/schema\/logo\/image\/"},"sameAs":["https:\/\/www.facebook.com\/ticketisladelobos"]}]}},"jetpack_publicize_connections":[],"jetpack_likes_enabled":true,"jetpack_sharing_enabled":true,"_links":{"self":[{"href":"https:\/\/www.ticket-isladelobos.es\/it\/wp-json\/wp\/v2\/product\/3439","targetHints":{"allow":["GET"]}}],"collection":[{"href":"https:\/\/www.ticket-isladelobos.es\/it\/wp-json\/wp\/v2\/product"}],"about":[{"href":"https:\/\/www.ticket-isladelobos.es\/it\/wp-json\/wp\/v2\/types\/product"}],"replies":[{"embeddable":true,"href":"https:\/\/www.ticket-isladelobos.es\/it\/wp-json\/wp\/v2\/comments?post=3439"}],"wp:featuredmedia":[{"embeddable":true,"href":"https:\/\/www.ticket-isladelobos.es\/it\/wp-json\/wp\/v2\/media\/10291"}],"wp:attachment":[{"href":"https:\/\/www.ticket-isladelobos.es\/it\/wp-json\/wp\/v2\/media?parent=3439"}],"wp:term":[{"taxonomy":"product_brand","embeddable":true,"href":"https:\/\/www.ticket-isladelobos.es\/it\/wp-json\/wp\/v2\/product_brand?post=3439"},{"taxonomy":"product_cat","embeddable":true,"href":"https:\/\/www.ticket-isladelobos.es\/it\/wp-json\/wp\/v2\/product_cat?post=3439"},{"taxonomy":"product_tag","embeddable":true,"href":"https:\/\/www.ticket-isladelobos.es\/it\/wp-json\/wp\/v2\/product_tag?post=3439"}],"curies":[{"name":"wp","href":"https:\/\/api.w.org\/{rel}","templated":true}]}}